{"id":97,"date":"2023-07-29T07:53:24","date_gmt":"2023-07-29T07:53:24","guid":{"rendered":"https:\/\/purelabchem.com\/?post_type=product&#038;p=97"},"modified":"2023-10-05T02:40:22","modified_gmt":"2023-10-05T02:40:22","slug":"pentylone-bk-mbdp","status":"publish","type":"product","link":"https:\/\/purelabchem.com\/sk\/product\/pentylone-bk-mbdp\/","title":{"rendered":"Pentylone \/ bk-MBDP"},"content":{"rendered":"<h1><strong>Buy Pentylone Online<\/strong><\/h1>\n<p>Pentylone(bk-MBDP\/PV-4)\u00a0\u2013 is a fine\u00a0white powder. Very pure crystalline product<br \/>\nFull chemical name Pentylone: ( -)-1-(1,3-benzodioxol-5-yl)-2-(methylamino)pentan-1-one;<br \/>\nOther names Pentylone: b-Keto-Methylbenzodioxolylpentanamine, bk-Methyl-K, bk-MBDP, Pentylone;<\/p>\n<p>\u03b2-Keto-Methylbenzodioxolylpentanamine (Pentylone, \u03b2k-Methyl-K, which has been reported as a novel designer drug and identified in some samples of powders sold as \u201cNRG-1\u201d, along with varying blends of other substituted cathinone derivatives including flephedrone, MDPBP, MDPV and 4-MePPP. It was also found in combination with 4-MePPP being sold as \u201cNRG-3\u201d. Reports indicate side effects include feelings of paranoia, agitation and inability to sleep, with effects lasting for several days at high doses<\/p>","protected":false},"excerpt":{"rendered":"<p>Buy Pentylone Online Pentylone(bk-MBDP\/PV-4)\u00a0\u2013 is a fine\u00a0white powder. Very pure crystalline product Full chemical name Pentylone: ( -)-1-(1,3-benzodioxol-5-yl)-2-(methylamino)pentan-1-one; Other names Pentylone: b-Keto-Methylbenzodioxolylpentanamine, bk-Methyl-K, bk-MBDP, Pentylone; \u03b2-Keto-Methylbenzodioxolylpentanamine (Pentylone, \u03b2k-Methyl-K, which has been reported as a novel designer drug and identified in some samples of powders sold as \u201cNRG-1\u201d, along with varying blends of other substituted cathinone [&#8230;]\n","protected":false},"featured_media":98,"comment_status":"open","ping_status":"closed","template":"","meta":{"_joinchat":[]},"product_brand":[],"product_cat":[64],"product_tag":[],"class_list":{"0":"post-97","1":"product","2":"type-product","3":"status-publish","4":"has-post-thumbnail","6":"product_cat-research-chemicals","8":"first","9":"instock","10":"shipping-taxable","11":"purchasable","12":"product-type-variable"},"yoast_head":"<!-- This site is optimized with the Yoast SEO Premium plugin v22.5 (Yoast SEO v27.4) - https:\/\/yoast.com\/product\/yoast-seo-premium-wordpress\/ -->\n<title>Pentylone \/ bk-MBDP - Pure Lab Research Chem<\/title>\n<meta name=\"description\" content=\"Buy Pentylone Online Pentylone(bk-MBDP\/PV-4)\u00a0\u2013 is a fine\u00a0white powder. Very pure crystalline product Full chemical name Pentylone: ( Best Online Store To Buy Top Quality Research Chemicals\" \/>\n<meta name=\"robots\" content=\"index, follow, max-snippet:-1, max-image-preview:large, max-video-preview:-1\" \/>\n<link rel=\"canonical\" href=\"https:\/\/purelabchem.com\/sk\/product\/pentylone-bk-mbdp\/\" \/>\n<meta property=\"og:locale\" content=\"sk_SK\" \/>\n<meta property=\"og:type\" content=\"article\" \/>\n<meta property=\"og:title\" content=\"Pentylone \/ bk-MBDP\" \/>\n<meta property=\"og:description\" content=\"Buy Pentylone Online Pentylone(bk-MBDP\/PV-4)\u00a0\u2013 is a fine\u00a0white powder. Very pure crystalline product Full chemical name Pentylone: ( Best Online Store To Buy Top Quality Research Chemicals\" \/>\n<meta property=\"og:url\" content=\"https:\/\/purelabchem.com\/sk\/product\/pentylone-bk-mbdp\/\" \/>\n<meta property=\"og:site_name\" content=\"Pure Lab Research Chem\" \/>\n<meta property=\"article:modified_time\" content=\"2023-10-05T02:40:22+00:00\" \/>\n<meta property=\"og:image\" content=\"https:\/\/purelabchem.com\/wp-content\/uploads\/2023\/07\/photo_2023-07-29_08-52-40.jpg\" \/>\n\t<meta property=\"og:image:width\" content=\"600\" \/>\n\t<meta property=\"og:image:height\" content=\"600\" \/>\n\t<meta property=\"og:image:type\" content=\"image\/jpeg\" \/>\n<meta name=\"twitter:card\" content=\"summary_large_image\" \/>\n<meta name=\"twitter:label1\" content=\"Predpokladan\u00fd \u010das \u010d\u00edtania\" \/>\n\t<meta name=\"twitter:data1\" content=\"1 min\u00fata\" \/>\n<script type=\"application\/ld+json\" class=\"yoast-schema-graph\">{\"@context\":\"https:\\\/\\\/schema.org\",\"@graph\":[{\"@type\":\"WebPage\",\"@id\":\"https:\\\/\\\/purelabchem.com\\\/product\\\/pentylone-bk-mbdp\\\/\",\"url\":\"https:\\\/\\\/purelabchem.com\\\/product\\\/pentylone-bk-mbdp\\\/\",\"name\":\"Pentylone \\\/ bk-MBDP - Pure Lab Research Chem\",\"isPartOf\":{\"@id\":\"https:\\\/\\\/purelabchem.com\\\/#website\"},\"primaryImageOfPage\":{\"@id\":\"https:\\\/\\\/purelabchem.com\\\/product\\\/pentylone-bk-mbdp\\\/#primaryimage\"},\"image\":{\"@id\":\"https:\\\/\\\/purelabchem.com\\\/product\\\/pentylone-bk-mbdp\\\/#primaryimage\"},\"thumbnailUrl\":\"https:\\\/\\\/purelabchem.com\\\/wp-content\\\/uploads\\\/2023\\\/07\\\/photo_2023-07-29_08-52-40.jpg\",\"datePublished\":\"2023-07-29T07:53:24+00:00\",\"dateModified\":\"2023-10-05T02:40:22+00:00\",\"description\":\"Buy Pentylone Online Pentylone(bk-MBDP\\\/PV-4)\u00a0\u2013 is a fine\u00a0white powder. Very pure crystalline product Full chemical name Pentylone: ( Best Online Store To Buy Top Quality Research Chemicals\",\"breadcrumb\":{\"@id\":\"https:\\\/\\\/purelabchem.com\\\/product\\\/pentylone-bk-mbdp\\\/#breadcrumb\"},\"inLanguage\":\"sk-SK\",\"potentialAction\":[{\"@type\":\"ReadAction\",\"target\":[\"https:\\\/\\\/purelabchem.com\\\/product\\\/pentylone-bk-mbdp\\\/\"]}]},{\"@type\":\"ImageObject\",\"inLanguage\":\"sk-SK\",\"@id\":\"https:\\\/\\\/purelabchem.com\\\/product\\\/pentylone-bk-mbdp\\\/#primaryimage\",\"url\":\"https:\\\/\\\/purelabchem.com\\\/wp-content\\\/uploads\\\/2023\\\/07\\\/photo_2023-07-29_08-52-40.jpg\",\"contentUrl\":\"https:\\\/\\\/purelabchem.com\\\/wp-content\\\/uploads\\\/2023\\\/07\\\/photo_2023-07-29_08-52-40.jpg\",\"width\":600,\"height\":600,\"caption\":\"Pentylone \\\/ bk-MBDP\"},{\"@type\":\"BreadcrumbList\",\"@id\":\"https:\\\/\\\/purelabchem.com\\\/product\\\/pentylone-bk-mbdp\\\/#breadcrumb\",\"itemListElement\":[{\"@type\":\"ListItem\",\"position\":1,\"name\":\"Home\",\"item\":\"https:\\\/\\\/purelabchem.com\\\/\"},{\"@type\":\"ListItem\",\"position\":2,\"name\":\"Shop\",\"item\":\"https:\\\/\\\/purelabchem.com\\\/shop\\\/\"},{\"@type\":\"ListItem\",\"position\":3,\"name\":\"Pentylone \\\/ bk-MBDP\"}]},{\"@type\":\"WebSite\",\"@id\":\"https:\\\/\\\/purelabchem.com\\\/#website\",\"url\":\"https:\\\/\\\/purelabchem.com\\\/\",\"name\":\"Pure Lab Research Chem\",\"description\":\"Best Online Store To Buy Top Quality Research Chemicals\",\"potentialAction\":[{\"@type\":\"SearchAction\",\"target\":{\"@type\":\"EntryPoint\",\"urlTemplate\":\"https:\\\/\\\/purelabchem.com\\\/?s={search_term_string}\"},\"query-input\":{\"@type\":\"PropertyValueSpecification\",\"valueRequired\":true,\"valueName\":\"search_term_string\"}}],\"inLanguage\":\"sk-SK\"}]}<\/script>\n<!-- \/ Yoast SEO Premium plugin. -->","yoast_head_json":{"title":"Pentylone \/ bk-MBDP - Pure Lab Research Chem","description":"Buy Pentylone Online Pentylone(bk-MBDP\/PV-4)\u00a0\u2013 is a fine\u00a0white powder. Very pure crystalline product Full chemical name Pentylone: ( Best Online Store To Buy Top Quality Research Chemicals","robots":{"index":"index","follow":"follow","max-snippet":"max-snippet:-1","max-image-preview":"max-image-preview:large","max-video-preview":"max-video-preview:-1"},"canonical":"https:\/\/purelabchem.com\/sk\/product\/pentylone-bk-mbdp\/","og_locale":"sk_SK","og_type":"article","og_title":"Pentylone \/ bk-MBDP","og_description":"Buy Pentylone Online Pentylone(bk-MBDP\/PV-4)\u00a0\u2013 is a fine\u00a0white powder. Very pure crystalline product Full chemical name Pentylone: ( Best Online Store To Buy Top Quality Research Chemicals","og_url":"https:\/\/purelabchem.com\/sk\/product\/pentylone-bk-mbdp\/","og_site_name":"Pure Lab Research Chem","article_modified_time":"2023-10-05T02:40:22+00:00","og_image":[{"width":600,"height":600,"url":"https:\/\/purelabchem.com\/wp-content\/uploads\/2023\/07\/photo_2023-07-29_08-52-40.jpg","type":"image\/jpeg"}],"twitter_card":"summary_large_image","twitter_misc":{"Predpokladan\u00fd \u010das \u010d\u00edtania":"1 min\u00fata"},"schema":{"@context":"https:\/\/schema.org","@graph":[{"@type":"WebPage","@id":"https:\/\/purelabchem.com\/product\/pentylone-bk-mbdp\/","url":"https:\/\/purelabchem.com\/product\/pentylone-bk-mbdp\/","name":"Pentylone \/ bk-MBDP - Pure Lab Research Chem","isPartOf":{"@id":"https:\/\/purelabchem.com\/#website"},"primaryImageOfPage":{"@id":"https:\/\/purelabchem.com\/product\/pentylone-bk-mbdp\/#primaryimage"},"image":{"@id":"https:\/\/purelabchem.com\/product\/pentylone-bk-mbdp\/#primaryimage"},"thumbnailUrl":"https:\/\/purelabchem.com\/wp-content\/uploads\/2023\/07\/photo_2023-07-29_08-52-40.jpg","datePublished":"2023-07-29T07:53:24+00:00","dateModified":"2023-10-05T02:40:22+00:00","description":"Buy Pentylone Online Pentylone(bk-MBDP\/PV-4)\u00a0\u2013 is a fine\u00a0white powder. Very pure crystalline product Full chemical name Pentylone: ( Best Online Store To Buy Top Quality Research Chemicals","breadcrumb":{"@id":"https:\/\/purelabchem.com\/product\/pentylone-bk-mbdp\/#breadcrumb"},"inLanguage":"sk-SK","potentialAction":[{"@type":"ReadAction","target":["https:\/\/purelabchem.com\/product\/pentylone-bk-mbdp\/"]}]},{"@type":"ImageObject","inLanguage":"sk-SK","@id":"https:\/\/purelabchem.com\/product\/pentylone-bk-mbdp\/#primaryimage","url":"https:\/\/purelabchem.com\/wp-content\/uploads\/2023\/07\/photo_2023-07-29_08-52-40.jpg","contentUrl":"https:\/\/purelabchem.com\/wp-content\/uploads\/2023\/07\/photo_2023-07-29_08-52-40.jpg","width":600,"height":600,"caption":"Pentylone \/ bk-MBDP"},{"@type":"BreadcrumbList","@id":"https:\/\/purelabchem.com\/product\/pentylone-bk-mbdp\/#breadcrumb","itemListElement":[{"@type":"ListItem","position":1,"name":"Home","item":"https:\/\/purelabchem.com\/"},{"@type":"ListItem","position":2,"name":"Shop","item":"https:\/\/purelabchem.com\/shop\/"},{"@type":"ListItem","position":3,"name":"Pentylone \/ bk-MBDP"}]},{"@type":"WebSite","@id":"https:\/\/purelabchem.com\/#website","url":"https:\/\/purelabchem.com\/","name":"\u010cist\u00fd laborat\u00f3rny v\u00fdskum Chem","description":"Najlep\u0161\u00ed online obchod na n\u00e1kup najkvalitnej\u0161\u00edch v\u00fdskumn\u00fdch chemik\u00e1li\u00ed","potentialAction":[{"@type":"SearchAction","target":{"@type":"EntryPoint","urlTemplate":"https:\/\/purelabchem.com\/?s={search_term_string}"},"query-input":{"@type":"PropertyValueSpecification","valueRequired":true,"valueName":"search_term_string"}}],"inLanguage":"sk-SK"}]}},"_links":{"self":[{"href":"https:\/\/purelabchem.com\/sk\/wp-json\/wp\/v2\/product\/97","targetHints":{"allow":["GET"]}}],"collection":[{"href":"https:\/\/purelabchem.com\/sk\/wp-json\/wp\/v2\/product"}],"about":[{"href":"https:\/\/purelabchem.com\/sk\/wp-json\/wp\/v2\/types\/product"}],"replies":[{"embeddable":true,"href":"https:\/\/purelabchem.com\/sk\/wp-json\/wp\/v2\/comments?post=97"}],"wp:featuredmedia":[{"embeddable":true,"href":"https:\/\/purelabchem.com\/sk\/wp-json\/wp\/v2\/media\/98"}],"wp:attachment":[{"href":"https:\/\/purelabchem.com\/sk\/wp-json\/wp\/v2\/media?parent=97"}],"wp:term":[{"taxonomy":"product_brand","embeddable":true,"href":"https:\/\/purelabchem.com\/sk\/wp-json\/wp\/v2\/product_brand?post=97"},{"taxonomy":"product_cat","embeddable":true,"href":"https:\/\/purelabchem.com\/sk\/wp-json\/wp\/v2\/product_cat?post=97"},{"taxonomy":"product_tag","embeddable":true,"href":"https:\/\/purelabchem.com\/sk\/wp-json\/wp\/v2\/product_tag?post=97"}],"curies":[{"name":"wp","href":"https:\/\/api.w.org\/{rel}","templated":true}]}}