{"id":71,"date":"2023-07-29T07:15:49","date_gmt":"2023-07-29T07:15:49","guid":{"rendered":"https:\/\/purelabchem.com\/?post_type=product&#038;p=71"},"modified":"2023-10-05T03:21:19","modified_gmt":"2023-10-05T03:21:19","slug":"jwh-073","status":"publish","type":"product","link":"https:\/\/purelabchem.com\/sk\/product\/jwh-073\/","title":{"rendered":"JWH-073"},"content":{"rendered":"<h1><strong>Securely Order JWH-073 Online &#8211; Premium Quality Products Delivered Discreetly<\/strong><\/h1>","protected":false},"excerpt":{"rendered":"<p>Securely Order JWH-073 Online &#8211; Premium Quality Products Delivered Discreetly<\/p>","protected":false},"featured_media":72,"comment_status":"open","ping_status":"closed","template":"","meta":{"_joinchat":[]},"product_brand":[],"product_cat":[64],"product_tag":[],"class_list":{"0":"post-71","1":"product","2":"type-product","3":"status-publish","4":"has-post-thumbnail","6":"product_cat-research-chemicals","8":"first","9":"instock","10":"shipping-taxable","11":"purchasable","12":"product-type-variable"},"yoast_head":"<!-- This site is optimized with the Yoast SEO Premium plugin v22.5 (Yoast SEO v27.4) - https:\/\/yoast.com\/product\/yoast-seo-premium-wordpress\/ -->\n<title>JWH-073 - Pure Lab Research Chem<\/title>\n<meta name=\"description\" content=\"Securely Order JWH-073 Online - Premium Quality Products Delivered Discreetly Best Online Store To Buy Top Quality Research Chemicals\" \/>\n<meta name=\"robots\" content=\"index, follow, max-snippet:-1, max-image-preview:large, max-video-preview:-1\" \/>\n<link rel=\"canonical\" href=\"https:\/\/purelabchem.com\/sk\/product\/jwh-073\/\" \/>\n<meta property=\"og:locale\" content=\"sk_SK\" \/>\n<meta property=\"og:type\" content=\"article\" \/>\n<meta property=\"og:title\" content=\"JWH-073\" \/>\n<meta property=\"og:description\" content=\"Securely Order JWH-073 Online - Premium Quality Products Delivered Discreetly Best Online Store To Buy Top Quality Research Chemicals\" \/>\n<meta property=\"og:url\" content=\"https:\/\/purelabchem.com\/sk\/product\/jwh-073\/\" \/>\n<meta property=\"og:site_name\" content=\"Pure Lab Research Chem\" \/>\n<meta property=\"article:modified_time\" content=\"2023-10-05T03:21:19+00:00\" \/>\n<meta property=\"og:image\" content=\"https:\/\/purelabchem.com\/wp-content\/uploads\/2023\/07\/photo_2023-07-29_08-15-22.jpg\" \/>\n\t<meta property=\"og:image:width\" content=\"259\" \/>\n\t<meta property=\"og:image:height\" content=\"194\" \/>\n\t<meta property=\"og:image:type\" content=\"image\/jpeg\" \/>\n<meta name=\"twitter:card\" content=\"summary_large_image\" \/>\n<script type=\"application\/ld+json\" class=\"yoast-schema-graph\">{\"@context\":\"https:\\\/\\\/schema.org\",\"@graph\":[{\"@type\":\"WebPage\",\"@id\":\"https:\\\/\\\/purelabchem.com\\\/product\\\/jwh-073\\\/\",\"url\":\"https:\\\/\\\/purelabchem.com\\\/product\\\/jwh-073\\\/\",\"name\":\"JWH-073 - Pure Lab Research Chem\",\"isPartOf\":{\"@id\":\"https:\\\/\\\/purelabchem.com\\\/#website\"},\"primaryImageOfPage\":{\"@id\":\"https:\\\/\\\/purelabchem.com\\\/product\\\/jwh-073\\\/#primaryimage\"},\"image\":{\"@id\":\"https:\\\/\\\/purelabchem.com\\\/product\\\/jwh-073\\\/#primaryimage\"},\"thumbnailUrl\":\"https:\\\/\\\/purelabchem.com\\\/wp-content\\\/uploads\\\/2023\\\/07\\\/photo_2023-07-29_08-15-22.jpg\",\"datePublished\":\"2023-07-29T07:15:49+00:00\",\"dateModified\":\"2023-10-05T03:21:19+00:00\",\"description\":\"Securely Order JWH-073 Online - Premium Quality Products Delivered Discreetly Best Online Store To Buy Top Quality Research Chemicals\",\"breadcrumb\":{\"@id\":\"https:\\\/\\\/purelabchem.com\\\/product\\\/jwh-073\\\/#breadcrumb\"},\"inLanguage\":\"sk-SK\",\"potentialAction\":[{\"@type\":\"ReadAction\",\"target\":[\"https:\\\/\\\/purelabchem.com\\\/product\\\/jwh-073\\\/\"]}]},{\"@type\":\"ImageObject\",\"inLanguage\":\"sk-SK\",\"@id\":\"https:\\\/\\\/purelabchem.com\\\/product\\\/jwh-073\\\/#primaryimage\",\"url\":\"https:\\\/\\\/purelabchem.com\\\/wp-content\\\/uploads\\\/2023\\\/07\\\/photo_2023-07-29_08-15-22.jpg\",\"contentUrl\":\"https:\\\/\\\/purelabchem.com\\\/wp-content\\\/uploads\\\/2023\\\/07\\\/photo_2023-07-29_08-15-22.jpg\",\"width\":259,\"height\":194,\"caption\":\"JWH-073\"},{\"@type\":\"BreadcrumbList\",\"@id\":\"https:\\\/\\\/purelabchem.com\\\/product\\\/jwh-073\\\/#breadcrumb\",\"itemListElement\":[{\"@type\":\"ListItem\",\"position\":1,\"name\":\"Home\",\"item\":\"https:\\\/\\\/purelabchem.com\\\/\"},{\"@type\":\"ListItem\",\"position\":2,\"name\":\"Shop\",\"item\":\"https:\\\/\\\/purelabchem.com\\\/shop\\\/\"},{\"@type\":\"ListItem\",\"position\":3,\"name\":\"JWH-073\"}]},{\"@type\":\"WebSite\",\"@id\":\"https:\\\/\\\/purelabchem.com\\\/#website\",\"url\":\"https:\\\/\\\/purelabchem.com\\\/\",\"name\":\"Pure Lab Research Chem\",\"description\":\"Best Online Store To Buy Top Quality Research Chemicals\",\"potentialAction\":[{\"@type\":\"SearchAction\",\"target\":{\"@type\":\"EntryPoint\",\"urlTemplate\":\"https:\\\/\\\/purelabchem.com\\\/?s={search_term_string}\"},\"query-input\":{\"@type\":\"PropertyValueSpecification\",\"valueRequired\":true,\"valueName\":\"search_term_string\"}}],\"inLanguage\":\"sk-SK\"}]}<\/script>\n<!-- \/ Yoast SEO Premium plugin. -->","yoast_head_json":{"title":"JWH-073 - Pure Lab Research Chem","description":"Securely Order JWH-073 Online - Premium Quality Products Delivered Discreetly Best Online Store To Buy Top Quality Research Chemicals","robots":{"index":"index","follow":"follow","max-snippet":"max-snippet:-1","max-image-preview":"max-image-preview:large","max-video-preview":"max-video-preview:-1"},"canonical":"https:\/\/purelabchem.com\/sk\/product\/jwh-073\/","og_locale":"sk_SK","og_type":"article","og_title":"JWH-073","og_description":"Securely Order JWH-073 Online - Premium Quality Products Delivered Discreetly Best Online Store To Buy Top Quality Research Chemicals","og_url":"https:\/\/purelabchem.com\/sk\/product\/jwh-073\/","og_site_name":"Pure Lab Research Chem","article_modified_time":"2023-10-05T03:21:19+00:00","og_image":[{"width":259,"height":194,"url":"https:\/\/purelabchem.com\/wp-content\/uploads\/2023\/07\/photo_2023-07-29_08-15-22.jpg","type":"image\/jpeg"}],"twitter_card":"summary_large_image","schema":{"@context":"https:\/\/schema.org","@graph":[{"@type":"WebPage","@id":"https:\/\/purelabchem.com\/product\/jwh-073\/","url":"https:\/\/purelabchem.com\/product\/jwh-073\/","name":"JWH-073 - Pure Lab Research Chem","isPartOf":{"@id":"https:\/\/purelabchem.com\/#website"},"primaryImageOfPage":{"@id":"https:\/\/purelabchem.com\/product\/jwh-073\/#primaryimage"},"image":{"@id":"https:\/\/purelabchem.com\/product\/jwh-073\/#primaryimage"},"thumbnailUrl":"https:\/\/purelabchem.com\/wp-content\/uploads\/2023\/07\/photo_2023-07-29_08-15-22.jpg","datePublished":"2023-07-29T07:15:49+00:00","dateModified":"2023-10-05T03:21:19+00:00","description":"Securely Order JWH-073 Online - Premium Quality Products Delivered Discreetly Best Online Store To Buy Top Quality Research Chemicals","breadcrumb":{"@id":"https:\/\/purelabchem.com\/product\/jwh-073\/#breadcrumb"},"inLanguage":"sk-SK","potentialAction":[{"@type":"ReadAction","target":["https:\/\/purelabchem.com\/product\/jwh-073\/"]}]},{"@type":"ImageObject","inLanguage":"sk-SK","@id":"https:\/\/purelabchem.com\/product\/jwh-073\/#primaryimage","url":"https:\/\/purelabchem.com\/wp-content\/uploads\/2023\/07\/photo_2023-07-29_08-15-22.jpg","contentUrl":"https:\/\/purelabchem.com\/wp-content\/uploads\/2023\/07\/photo_2023-07-29_08-15-22.jpg","width":259,"height":194,"caption":"JWH-073"},{"@type":"BreadcrumbList","@id":"https:\/\/purelabchem.com\/product\/jwh-073\/#breadcrumb","itemListElement":[{"@type":"ListItem","position":1,"name":"Home","item":"https:\/\/purelabchem.com\/"},{"@type":"ListItem","position":2,"name":"Shop","item":"https:\/\/purelabchem.com\/shop\/"},{"@type":"ListItem","position":3,"name":"JWH-073"}]},{"@type":"WebSite","@id":"https:\/\/purelabchem.com\/#website","url":"https:\/\/purelabchem.com\/","name":"\u010cist\u00fd laborat\u00f3rny v\u00fdskum Chem","description":"Najlep\u0161\u00ed online obchod na n\u00e1kup najkvalitnej\u0161\u00edch v\u00fdskumn\u00fdch chemik\u00e1li\u00ed","potentialAction":[{"@type":"SearchAction","target":{"@type":"EntryPoint","urlTemplate":"https:\/\/purelabchem.com\/?s={search_term_string}"},"query-input":{"@type":"PropertyValueSpecification","valueRequired":true,"valueName":"search_term_string"}}],"inLanguage":"sk-SK"}]}},"_links":{"self":[{"href":"https:\/\/purelabchem.com\/sk\/wp-json\/wp\/v2\/product\/71","targetHints":{"allow":["GET"]}}],"collection":[{"href":"https:\/\/purelabchem.com\/sk\/wp-json\/wp\/v2\/product"}],"about":[{"href":"https:\/\/purelabchem.com\/sk\/wp-json\/wp\/v2\/types\/product"}],"replies":[{"embeddable":true,"href":"https:\/\/purelabchem.com\/sk\/wp-json\/wp\/v2\/comments?post=71"}],"wp:featuredmedia":[{"embeddable":true,"href":"https:\/\/purelabchem.com\/sk\/wp-json\/wp\/v2\/media\/72"}],"wp:attachment":[{"href":"https:\/\/purelabchem.com\/sk\/wp-json\/wp\/v2\/media?parent=71"}],"wp:term":[{"taxonomy":"product_brand","embeddable":true,"href":"https:\/\/purelabchem.com\/sk\/wp-json\/wp\/v2\/product_brand?post=71"},{"taxonomy":"product_cat","embeddable":true,"href":"https:\/\/purelabchem.com\/sk\/wp-json\/wp\/v2\/product_cat?post=71"},{"taxonomy":"product_tag","embeddable":true,"href":"https:\/\/purelabchem.com\/sk\/wp-json\/wp\/v2\/product_tag?post=71"}],"curies":[{"name":"wp","href":"https:\/\/api.w.org\/{rel}","templated":true}]}}