{"id":469,"date":"2023-07-29T16:29:05","date_gmt":"2023-07-29T16:29:05","guid":{"rendered":"https:\/\/purelabchem.com\/?post_type=product&#038;p=469"},"modified":"2025-07-27T20:39:02","modified_gmt":"2025-07-27T20:39:02","slug":"concentrated-ivory-wave-bath-salts-500mg","status":"publish","type":"product","link":"https:\/\/purelabchem.com\/sk\/product\/concentrated-ivory-wave-bath-salts-500mg\/","title":{"rendered":"Koncentrovan\u00e1 so\u013e do k\u00fape\u013ea Ivory Wave 500 mg"},"content":{"rendered":"","protected":false},"excerpt":{"rendered":"","protected":false},"featured_media":470,"comment_status":"open","ping_status":"closed","template":"","meta":{"_joinchat":[]},"product_brand":[],"product_cat":[76],"product_tag":[646,621,632,641,649,645,614,619,628,618,622,616,658,644,630,635,652,626,639,643,656,629,625,642,634,648,659,653,657,666,661,651,613,664,655,662,668,647,667,660,650,615,612,640,638,636,637,665,617,633,623,627,624,654,663,631,620,669],"class_list":{"0":"post-469","1":"product","2":"type-product","3":"status-publish","4":"has-post-thumbnail","6":"product_cat-bath-salts","7":"product_tag-buy-concentrated-ivory-wave-bath-salts-500mg-austria","8":"product_tag-buy-concentrated-ivory-wave-bath-salts-500mg-belarus","9":"product_tag-buy-concentrated-ivory-wave-bath-salts-500mg-belgium","10":"product_tag-buy-concentrated-ivory-wave-bath-salts-500mg-bulgaria","11":"product_tag-buy-concentrated-ivory-wave-bath-salts-500mg-central-bohemian-stredocesky","12":"product_tag-buy-concentrated-ivory-wave-bath-salts-500mg-croatia","13":"product_tag-buy-concentrated-ivory-wave-bath-salts-500mg-czech","14":"product_tag-buy-concentrated-ivory-wave-bath-salts-500mg-ducth","15":"product_tag-buy-concentrated-ivory-wave-bath-salts-500mg-estonia","16":"product_tag-buy-concentrated-ivory-wave-bath-salts-500mg-finland","17":"product_tag-buy-concentrated-ivory-wave-bath-salts-500mg-france","18":"product_tag-buy-concentrated-ivory-wave-bath-salts-500mg-germany","19":"product_tag-buy-concentrated-ivory-wave-bath-salts-500mg-hradec-kralove","20":"product_tag-buy-concentrated-ivory-wave-bath-salts-500mg-hunagry","21":"product_tag-buy-concentrated-ivory-wave-bath-salts-500mg-ireland","22":"product_tag-buy-concentrated-ivory-wave-bath-salts-500mg-italy","23":"product_tag-buy-concentrated-ivory-wave-bath-salts-500mg-karlovy-vary","24":"product_tag-buy-concentrated-ivory-wave-bath-salts-500mg-kiev","25":"product_tag-buy-concentrated-ivory-wave-bath-salts-500mg-kosovo","26":"product_tag-buy-concentrated-ivory-wave-bath-salts-500mg-latvia","27":"product_tag-buy-concentrated-ivory-wave-bath-salts-500mg-liberec","28":"product_tag-buy-concentrated-ivory-wave-bath-salts-500mg-lithuania","29":"product_tag-buy-concentrated-ivory-wave-bath-salts-500mg-london","30":"product_tag-buy-concentrated-ivory-wave-bath-salts-500mg-moldova","31":"product_tag-buy-concentrated-ivory-wave-bath-salts-500mg-monaco","32":"product_tag-buy-concentrated-ivory-wave-bath-salts-500mg-near-central-bohemian-stredocesky","33":"product_tag-buy-concentrated-ivory-wave-bath-salts-500mg-near-hradec-kralove","34":"product_tag-buy-concentrated-ivory-wave-bath-salts-500mg-near-karlovy-vary","35":"product_tag-buy-concentrated-ivory-wave-bath-salts-500mg-near-liberec","36":"product_tag-buy-concentrated-ivory-wave-bath-salts-500mg-near-olomouc","37":"product_tag-buy-concentrated-ivory-wave-bath-salts-500mg-near-pardubice","38":"product_tag-buy-concentrated-ivory-wave-bath-salts-500mg-near-plzen-plzensky","39":"product_tag-buy-concentrated-ivory-wave-bath-salts-500mg-near-prague-praha","40":"product_tag-buy-concentrated-ivory-wave-bath-salts-500mg-near-south-moravian-jihomoravsky","41":"product_tag-buy-concentrated-ivory-wave-bath-salts-500mg-near-usti-nad-labem","42":"product_tag-buy-concentrated-ivory-wave-bath-salts-500mg-near-vysocina","43":"product_tag-buy-concentrated-ivory-wave-bath-salts-500mg-near-zlin","44":"product_tag-buy-concentrated-ivory-wave-bath-salts-500mg-odesa","45":"product_tag-buy-concentrated-ivory-wave-bath-salts-500mg-olomouc","46":"product_tag-buy-concentrated-ivory-wave-bath-salts-500mg-pardubice","47":"product_tag-buy-concentrated-ivory-wave-bath-salts-500mg-plzen-plzensky","48":"product_tag-buy-concentrated-ivory-wave-bath-salts-500mg-poland","49":"product_tag-buy-concentrated-ivory-wave-bath-salts-500mg-prague-praha","50":"product_tag-buy-concentrated-ivory-wave-bath-salts-500mg-romania","51":"product_tag-buy-concentrated-ivory-wave-bath-salts-500mg-serbia","52":"product_tag-buy-concentrated-ivory-wave-bath-salts-500mg-slovakia","53":"product_tag-buy-concentrated-ivory-wave-bath-salts-500mg-slovenia","54":"product_tag-buy-concentrated-ivory-wave-bath-salts-500mg-south-moravian-jihomoravsky","55":"product_tag-buy-concentrated-ivory-wave-bath-salts-500mg-sweden","56":"product_tag-buy-concentrated-ivory-wave-bath-salts-500mg-switzerland","57":"product_tag-buy-concentrated-ivory-wave-bath-salts-500mg-uk","58":"product_tag-buy-concentrated-ivory-wave-bath-salts-500mg-ukraine","59":"product_tag-buy-concentrated-ivory-wave-bath-salts-500mg-us","60":"product_tag-buy-concentrated-ivory-wave-bath-salts-500mg-usti-nad-labem","61":"product_tag-buy-concentrated-ivory-wave-bath-salts-500mg-vysocina","62":"product_tag-buy-concentrated-ivory-wave-bath-salts-500mg-wales","63":"product_tag-buy-concentrated-ivory-wave-bath-salts-500mg-warsaw","64":"product_tag-buy-concentrated-ivory-wave-bath-salts-500mg-zlin","66":"first","67":"instock","68":"shipping-taxable","69":"purchasable","70":"product-type-simple"},"yoast_head":"<!-- This site is optimized with the Yoast SEO Premium plugin v22.5 (Yoast SEO v27.4) - https:\/\/yoast.com\/product\/yoast-seo-premium-wordpress\/ -->\n<title>Concentrated Ivory Wave Bath Salts 500mg - Pure Lab Research Chem<\/title>\n<meta name=\"description\" content=\"Best Online Store To Buy Top Quality Research Chemicals\" \/>\n<meta name=\"robots\" content=\"index, follow, max-snippet:-1, max-image-preview:large, max-video-preview:-1\" \/>\n<link rel=\"canonical\" href=\"https:\/\/purelabchem.com\/sk\/product\/concentrated-ivory-wave-bath-salts-500mg\/\" \/>\n<meta property=\"og:locale\" content=\"sk_SK\" \/>\n<meta property=\"og:type\" content=\"article\" \/>\n<meta property=\"og:title\" content=\"Concentrated Ivory Wave Bath Salts 500mg\" \/>\n<meta property=\"og:description\" content=\"Best Online Store To Buy Top Quality Research Chemicals\" \/>\n<meta property=\"og:url\" content=\"https:\/\/purelabchem.com\/sk\/product\/concentrated-ivory-wave-bath-salts-500mg\/\" \/>\n<meta property=\"og:site_name\" content=\"Pure Lab Research Chem\" \/>\n<meta property=\"article:modified_time\" content=\"2025-07-27T20:39:02+00:00\" \/>\n<meta property=\"og:image\" content=\"https:\/\/purelabchem.com\/wp-content\/uploads\/2023\/07\/photo_2023-07-29_17-28-25.jpg\" \/>\n\t<meta property=\"og:image:width\" content=\"450\" \/>\n\t<meta property=\"og:image:height\" content=\"316\" \/>\n\t<meta property=\"og:image:type\" content=\"image\/jpeg\" \/>\n<meta name=\"twitter:card\" content=\"summary_large_image\" \/>\n<meta name=\"twitter:label1\" content=\"Predpokladan\u00fd \u010das \u010d\u00edtania\" \/>\n\t<meta name=\"twitter:data1\" content=\"1 min\u00fata\" \/>\n<script type=\"application\/ld+json\" class=\"yoast-schema-graph\">{\"@context\":\"https:\\\/\\\/schema.org\",\"@graph\":[{\"@type\":\"WebPage\",\"@id\":\"https:\\\/\\\/purelabchem.com\\\/product\\\/concentrated-ivory-wave-bath-salts-500mg\\\/\",\"url\":\"https:\\\/\\\/purelabchem.com\\\/product\\\/concentrated-ivory-wave-bath-salts-500mg\\\/\",\"name\":\"Concentrated Ivory Wave Bath Salts 500mg - Pure Lab Research Chem\",\"isPartOf\":{\"@id\":\"https:\\\/\\\/purelabchem.com\\\/#website\"},\"primaryImageOfPage\":{\"@id\":\"https:\\\/\\\/purelabchem.com\\\/product\\\/concentrated-ivory-wave-bath-salts-500mg\\\/#primaryimage\"},\"image\":{\"@id\":\"https:\\\/\\\/purelabchem.com\\\/product\\\/concentrated-ivory-wave-bath-salts-500mg\\\/#primaryimage\"},\"thumbnailUrl\":\"https:\\\/\\\/purelabchem.com\\\/wp-content\\\/uploads\\\/2023\\\/07\\\/photo_2023-07-29_17-28-25.jpg\",\"datePublished\":\"2023-07-29T16:29:05+00:00\",\"dateModified\":\"2025-07-27T20:39:02+00:00\",\"description\":\"Best Online Store To Buy Top Quality Research Chemicals\",\"breadcrumb\":{\"@id\":\"https:\\\/\\\/purelabchem.com\\\/product\\\/concentrated-ivory-wave-bath-salts-500mg\\\/#breadcrumb\"},\"inLanguage\":\"sk-SK\",\"potentialAction\":[{\"@type\":\"ReadAction\",\"target\":[\"https:\\\/\\\/purelabchem.com\\\/product\\\/concentrated-ivory-wave-bath-salts-500mg\\\/\"]}]},{\"@type\":\"ImageObject\",\"inLanguage\":\"sk-SK\",\"@id\":\"https:\\\/\\\/purelabchem.com\\\/product\\\/concentrated-ivory-wave-bath-salts-500mg\\\/#primaryimage\",\"url\":\"https:\\\/\\\/purelabchem.com\\\/wp-content\\\/uploads\\\/2023\\\/07\\\/photo_2023-07-29_17-28-25.jpg\",\"contentUrl\":\"https:\\\/\\\/purelabchem.com\\\/wp-content\\\/uploads\\\/2023\\\/07\\\/photo_2023-07-29_17-28-25.jpg\",\"width\":450,\"height\":316,\"caption\":\"Concentrated Ivory Wave Bath Salts 500mg\"},{\"@type\":\"BreadcrumbList\",\"@id\":\"https:\\\/\\\/purelabchem.com\\\/product\\\/concentrated-ivory-wave-bath-salts-500mg\\\/#breadcrumb\",\"itemListElement\":[{\"@type\":\"ListItem\",\"position\":1,\"name\":\"Home\",\"item\":\"https:\\\/\\\/purelabchem.com\\\/\"},{\"@type\":\"ListItem\",\"position\":2,\"name\":\"Shop\",\"item\":\"https:\\\/\\\/purelabchem.com\\\/shop\\\/\"},{\"@type\":\"ListItem\",\"position\":3,\"name\":\"Concentrated Ivory Wave Bath Salts 500mg\"}]},{\"@type\":\"WebSite\",\"@id\":\"https:\\\/\\\/purelabchem.com\\\/#website\",\"url\":\"https:\\\/\\\/purelabchem.com\\\/\",\"name\":\"Pure Lab Research Chem\",\"description\":\"Best Online Store To Buy Top Quality Research Chemicals\",\"potentialAction\":[{\"@type\":\"SearchAction\",\"target\":{\"@type\":\"EntryPoint\",\"urlTemplate\":\"https:\\\/\\\/purelabchem.com\\\/?s={search_term_string}\"},\"query-input\":{\"@type\":\"PropertyValueSpecification\",\"valueRequired\":true,\"valueName\":\"search_term_string\"}}],\"inLanguage\":\"sk-SK\"}]}<\/script>\n<!-- \/ Yoast SEO Premium plugin. -->","yoast_head_json":{"title":"Concentrated Ivory Wave Bath Salts 500mg - Pure Lab Research Chem","description":"Najlep\u0161\u00ed online obchod na n\u00e1kup najkvalitnej\u0161\u00edch v\u00fdskumn\u00fdch chemik\u00e1li\u00ed","robots":{"index":"index","follow":"follow","max-snippet":"max-snippet:-1","max-image-preview":"max-image-preview:large","max-video-preview":"max-video-preview:-1"},"canonical":"https:\/\/purelabchem.com\/sk\/product\/concentrated-ivory-wave-bath-salts-500mg\/","og_locale":"sk_SK","og_type":"article","og_title":"Concentrated Ivory Wave Bath Salts 500mg","og_description":"Best Online Store To Buy Top Quality Research Chemicals","og_url":"https:\/\/purelabchem.com\/sk\/product\/concentrated-ivory-wave-bath-salts-500mg\/","og_site_name":"Pure Lab Research Chem","article_modified_time":"2025-07-27T20:39:02+00:00","og_image":[{"width":450,"height":316,"url":"https:\/\/purelabchem.com\/wp-content\/uploads\/2023\/07\/photo_2023-07-29_17-28-25.jpg","type":"image\/jpeg"}],"twitter_card":"summary_large_image","twitter_misc":{"Predpokladan\u00fd \u010das \u010d\u00edtania":"1 min\u00fata"},"schema":{"@context":"https:\/\/schema.org","@graph":[{"@type":"WebPage","@id":"https:\/\/purelabchem.com\/product\/concentrated-ivory-wave-bath-salts-500mg\/","url":"https:\/\/purelabchem.com\/product\/concentrated-ivory-wave-bath-salts-500mg\/","name":"Concentrated Ivory Wave Bath Salts 500mg - Pure Lab Research Chem","isPartOf":{"@id":"https:\/\/purelabchem.com\/#website"},"primaryImageOfPage":{"@id":"https:\/\/purelabchem.com\/product\/concentrated-ivory-wave-bath-salts-500mg\/#primaryimage"},"image":{"@id":"https:\/\/purelabchem.com\/product\/concentrated-ivory-wave-bath-salts-500mg\/#primaryimage"},"thumbnailUrl":"https:\/\/purelabchem.com\/wp-content\/uploads\/2023\/07\/photo_2023-07-29_17-28-25.jpg","datePublished":"2023-07-29T16:29:05+00:00","dateModified":"2025-07-27T20:39:02+00:00","description":"Najlep\u0161\u00ed online obchod na n\u00e1kup najkvalitnej\u0161\u00edch v\u00fdskumn\u00fdch chemik\u00e1li\u00ed","breadcrumb":{"@id":"https:\/\/purelabchem.com\/product\/concentrated-ivory-wave-bath-salts-500mg\/#breadcrumb"},"inLanguage":"sk-SK","potentialAction":[{"@type":"ReadAction","target":["https:\/\/purelabchem.com\/product\/concentrated-ivory-wave-bath-salts-500mg\/"]}]},{"@type":"ImageObject","inLanguage":"sk-SK","@id":"https:\/\/purelabchem.com\/product\/concentrated-ivory-wave-bath-salts-500mg\/#primaryimage","url":"https:\/\/purelabchem.com\/wp-content\/uploads\/2023\/07\/photo_2023-07-29_17-28-25.jpg","contentUrl":"https:\/\/purelabchem.com\/wp-content\/uploads\/2023\/07\/photo_2023-07-29_17-28-25.jpg","width":450,"height":316,"caption":"Concentrated Ivory Wave Bath Salts 500mg"},{"@type":"BreadcrumbList","@id":"https:\/\/purelabchem.com\/product\/concentrated-ivory-wave-bath-salts-500mg\/#breadcrumb","itemListElement":[{"@type":"ListItem","position":1,"name":"Home","item":"https:\/\/purelabchem.com\/"},{"@type":"ListItem","position":2,"name":"Shop","item":"https:\/\/purelabchem.com\/shop\/"},{"@type":"ListItem","position":3,"name":"Concentrated Ivory Wave Bath Salts 500mg"}]},{"@type":"WebSite","@id":"https:\/\/purelabchem.com\/#website","url":"https:\/\/purelabchem.com\/","name":"\u010cist\u00fd laborat\u00f3rny v\u00fdskum Chem","description":"Najlep\u0161\u00ed online obchod na n\u00e1kup najkvalitnej\u0161\u00edch v\u00fdskumn\u00fdch chemik\u00e1li\u00ed","potentialAction":[{"@type":"SearchAction","target":{"@type":"EntryPoint","urlTemplate":"https:\/\/purelabchem.com\/?s={search_term_string}"},"query-input":{"@type":"PropertyValueSpecification","valueRequired":true,"valueName":"search_term_string"}}],"inLanguage":"sk-SK"}]}},"_links":{"self":[{"href":"https:\/\/purelabchem.com\/sk\/wp-json\/wp\/v2\/product\/469","targetHints":{"allow":["GET"]}}],"collection":[{"href":"https:\/\/purelabchem.com\/sk\/wp-json\/wp\/v2\/product"}],"about":[{"href":"https:\/\/purelabchem.com\/sk\/wp-json\/wp\/v2\/types\/product"}],"replies":[{"embeddable":true,"href":"https:\/\/purelabchem.com\/sk\/wp-json\/wp\/v2\/comments?post=469"}],"wp:featuredmedia":[{"embeddable":true,"href":"https:\/\/purelabchem.com\/sk\/wp-json\/wp\/v2\/media\/470"}],"wp:attachment":[{"href":"https:\/\/purelabchem.com\/sk\/wp-json\/wp\/v2\/media?parent=469"}],"wp:term":[{"taxonomy":"product_brand","embeddable":true,"href":"https:\/\/purelabchem.com\/sk\/wp-json\/wp\/v2\/product_brand?post=469"},{"taxonomy":"product_cat","embeddable":true,"href":"https:\/\/purelabchem.com\/sk\/wp-json\/wp\/v2\/product_cat?post=469"},{"taxonomy":"product_tag","embeddable":true,"href":"https:\/\/purelabchem.com\/sk\/wp-json\/wp\/v2\/product_tag?post=469"}],"curies":[{"name":"wp","href":"https:\/\/api.w.org\/{rel}","templated":true}]}}