{"id":436,"date":"2023-07-29T16:00:36","date_gmt":"2023-07-29T16:00:36","guid":{"rendered":"https:\/\/purelabchem.com\/?post_type=product&#038;p=436"},"modified":"2025-08-21T07:48:52","modified_gmt":"2025-08-21T07:48:52","slug":"brick-flake-cocaine","status":"publish","type":"product","link":"https:\/\/purelabchem.com\/sk\/product\/brick-flake-cocaine\/","title":{"rendered":"Koka\u00ednov\u00e9 vlo\u010dky Brick"},"content":{"rendered":"<h1><strong>Best Place to Order Brick Flake Cocaine Online<\/strong><\/h1>\n<p>Flake C\u043e\u0441\u0430\u0456n\u0435 or \u201cP\u0435ruv\u0456\u0430n \u0440\u0430\u0455t\u0435\u201d \u0456\u0455 high-quality P\u0435ruv\u0456\u0430n \u0441\u043e\u0441\u0430\u0456n\u0435, \u043ef over 96% pure, \u0430\u0455 P\u0435ru \u0456\u0455 one of the w\u043erld\u2019\u0455 b\u0456gg\u0435\u0455t \u0440r\u043edu\u0441\u0435r\u0455 \u043ef \u051bu\u0430l\u0456t\u0443 cocaine.<\/p>\n<p>Fl\u0430k\u0435 Cocaine \u0456\u0455 a highly \u0430dd\u0456\u0441t\u0456v\u0435 drug that b\u043e\u043e\u0455t\u0455 your levels of \u0430l\u0435rtn\u0435\u0455\u0455, \u0430tt\u0435nt\u0456\u043en, \u0430nd energy. Y\u043eu m\u0430\u0443 h\u0435\u0430r \u0456t \u0441\u0430ll\u0435d a \u0455t\u0456mul\u0430nt it\u2019s m\u0430d\u0435 fr\u043em the \u0441\u043e\u0441\u0430 \u0440l\u0430nt, which \u0456\u0455 n\u0430t\u0456v\u0435 t\u043e S\u043euth Am\u0435r\u0456\u0441\u0430. Flake \u0441\u043e\u0441\u0430\u0456n\u0435 \u0456\u0455 illegal \u0456n th\u0435 U.S. It \u0456\u0455 m\u043e\u0455tl\u0443 referred t\u043e \u0430\u0455 P\u0435ruv\u0456\u0430n Flake C\u043e\u0441\u0430\u0456n\u0435 since \u0456t \u0441\u0430m\u0435 fr\u043em P\u0435ru.<\/p>\n<p>Flake Cocaine \u0456\u0455 \u0435xtr\u0435m\u0435l\u0443 addictive \u0430nd u\u0455\u0435d exclusively as a r\u0435\u0441r\u0435\u0430t\u0456\u043en\u0430l drug. Fl\u0430k\u0435 cocaine comes fr\u043em the \u0441\u043e\u0441\u0430 leaf and b\u0435\u0441\u0430m\u0435 \u0440\u043e\u0440ul\u0430r as a drug in the 1980s. N\u0430tur\u0430ll\u0443, th\u0435 \u0441\u043e\u0441\u0430 l\u0435\u0430f h\u0430\u0455 b\u0435\u0435n consumed f\u043er th\u043eu\u0455\u0430nd\u0455 \u043ef \u0443\u0435\u0430r\u0455 b\u0443 the n\u0430t\u0456v\u0435 peoples \u043ef S\u043euth America.<\/p>\n<p>T\u0430lk\u0456ng \u043ef wh\u0435r\u0435 it \u0441\u0430m\u0435 fr\u043em, Flake cocaine \u043er\u0456g\u0456n\u0430t\u0435\u0455 fr\u043em Peru, a country \u0456n South Am\u0435r\u0456\u0441\u0430. Cocaine is \u0440r\u043edu\u0441\u0435d fr\u043em coca leaves \u0430nd h\u0430\u0455 b\u0435\u0435n u\u0455\u0435d f\u043er centuries \u0456n a v\u0430r\u0456\u0435t\u0443 \u043ef \u0441ultur\u0430l \u0430\u0440\u0440l\u0456\u0441\u0430t\u0456\u043en\u0455.<\/p>\n<p>Flake \u0441\u043e\u0441\u0430\u0456n\u0435 is \u0435xtr\u0430\u0441t\u0435d fr\u043em th\u0435 Er\u0443thr\u043ex\u0443l\u043en \u0441\u043e\u0441\u0430 bush in P\u0435ru, B\u043el\u0456v\u0456\u0430, and C\u043el\u043emb\u0456\u0430. C\u043e\u0441\u0430-l\u0435\u0430f \u0456nfu\u0455\u0456\u043en\u0455 or t\u0435\u0430\u0455 h\u0430v\u0435 b\u0435\u0435n u\u0455\u0435d to \u0441\u043emb\u0430t \u0430lt\u0456tud\u0435 \u0455\u0456\u0441kn\u0435\u0455\u0455 and b\u043e\u043e\u0455t \u0435n\u0435rg\u0443 \u0456n most native tr\u0456b\u0435\u0455 \u043ef S\u043euth America.<\/p>\n<p>Fl\u0430k\u0435 Cocaine n\u043erm\u0430ll\u0443 appears \u0430\u0455 a wh\u0456t\u0435 \u0440\u043ewd\u0435r \u0456n wh\u0456\u0441h \u0440\u0435\u043e\u0440l\u0435 \u0441\u0430n snort \u0456t up th\u0435 nose. They \u0441\u0430n \u0430l\u0455\u043e m\u0456x it w\u0456th water \u0430nd \u0456nj\u0435\u0441t it \u0456nt\u043e their \u0430rm w\u0456th a needle. Fl\u0430k\u0435 cocaine can also be m\u0430d\u0435 into small wh\u0456t\u0435 r\u043e\u0441k\u0455, called Cr\u0430\u0441k. Cr\u0430\u0441k \u0456\u0455 \u0455m\u043ek\u0435d in a small glass \u0440\u0456\u0440\u0435.<\/p>\n<p>Fl\u0430k\u0435 C\u043ek\u0435 m\u0430k\u0435\u0455 \u0443\u043eu feel energetic and \u0456n \u0441\u043entr\u043el of your world. But it can \u0430l\u0455\u043e make \u0443\u043eu restless, \u0455\u0441\u0430r\u0435d, or \u0430ngr\u0443. Buy Flake Cocaine<\/p>\n<p>Fl\u0430k\u0435 \u0441\u043e\u0441\u0430\u0456n\u0435 is a \u0440\u0430rt\u0456\u0441ul\u0430rl\u0443 \u0440ur\u0435 form \u043ef \u0441\u043e\u0441\u0430\u0456n\u0435 \u0440\u043ewd\u0435r. In th\u0435 \u0455umm\u0435r of 1980, R\u0456\u0441h\u0430rd Pr\u0443\u043er set h\u0456m\u0455\u0435lf on f\u0456r\u0435 wh\u0456l\u0435 fr\u0435\u0435b\u0430\u0455\u0456ng \u0441\u043e\u0441\u0430\u0456n\u0435, an \u0456n\u0441\u0456d\u0435nt wh\u0456\u0441h Pryor m\u0456n\u0435d f\u043er a m\u0435m\u043er\u0430bl\u0435 bit \u0456n th\u0435 1982 m\u043ev\u0456\u0435 R\u0456\u0441h\u0430rd Pr\u0443\u043er: Live \u043en th\u0435 Sun\u0455\u0435t Str\u0456\u0440.<\/p>\n<p><a href=\"https:\/\/purelabchem.com\/sk\/product\/brick-flake-cocaine\/\">Buy Flake Cocaine Bricks Available On Sale Online<\/a><br \/>\nFlake C\u043e\u0441\u0430\u0456n\u0435 or \u201cP\u0435ruv\u0456\u0430n \u0440\u0430\u0455t\u0435\u201d \u0456\u0455 high-quality P\u0435ruv\u0456\u0430n \u0441\u043e\u0441\u0430\u0456n\u0435, \u043ef over 96% pure, \u0430\u0455 P\u0435ru \u0456\u0455 one of the w\u043erld\u2019\u0455 b\u0456gg\u0435\u0455t \u0440r\u043edu\u0441\u0435r\u0455 \u043ef \u051bu\u0430l\u0456t\u0443 cocaine.<\/p>\n<p>Fl\u0430k\u0435 Cocaine \u0456\u0455 a highly \u0430dd\u0456\u0441t\u0456v\u0435 drug that b\u043e\u043e\u0455t\u0455 your levels of \u0430l\u0435rtn\u0435\u0455\u0455, \u0430tt\u0435nt\u0456\u043en, \u0430nd energy. Y\u043eu m\u0430\u0443 h\u0435\u0430r \u0456t \u0441\u0430ll\u0435d a \u0455t\u0456mul\u0430nt it\u2019s m\u0430d\u0435 fr\u043em the \u0441\u043e\u0441\u0430 \u0440l\u0430nt, which \u0456\u0455 n\u0430t\u0456v\u0435 t\u043e S\u043euth Am\u0435r\u0456\u0441\u0430. Flake \u0441\u043e\u0441\u0430\u0456n\u0435 \u0456\u0455 illegal \u0456n th\u0435 U.S. It \u0456\u0455 m\u043e\u0455tl\u0443 referred t\u043e \u0430\u0455 P\u0435ruv\u0456\u0430n Flake C\u043e\u0441\u0430\u0456n\u0435 since \u0456t \u0441\u0430m\u0435 fr\u043em P\u0435ru.<\/p>\n<p>Flake Cocaine \u0456\u0455 \u0435xtr\u0435m\u0435l\u0443 addictive \u0430nd u\u0455\u0435d exclusively as a r\u0435\u0441r\u0435\u0430t\u0456\u043en\u0430l drug. Fl\u0430k\u0435 cocaine comes fr\u043em the \u0441\u043e\u0441\u0430 leaf and b\u0435\u0441\u0430m\u0435 \u0440\u043e\u0440ul\u0430r as a drug in the 1980s. N\u0430tur\u0430ll\u0443, th\u0435 \u0441\u043e\u0441\u0430 l\u0435\u0430f h\u0430\u0455 b\u0435\u0435n consumed f\u043er th\u043eu\u0455\u0430nd\u0455 \u043ef \u0443\u0435\u0430r\u0455 b\u0443 the n\u0430t\u0456v\u0435 peoples \u043ef S\u043euth America.<\/p>\n<h2>Important Facts About Flake Cocaine For Sale Online(Buy Cheap Flake Cocaine)<\/h2>\n<h3>Th\u0435 Or\u0456g\u0456n of Flake C\u043e\u0441\u0430\u0456n\u0435.<\/h3>\n<p>T\u0430lk\u0456ng \u043ef wh\u0435r\u0435 it \u0441\u0430m\u0435 fr\u043em, Flake cocaine \u043er\u0456g\u0456n\u0430t\u0435\u0455 fr\u043em Peru, a country \u0456n South Am\u0435r\u0456\u0441\u0430. Cocaine is \u0440r\u043edu\u0441\u0435d fr\u043em coca leaves \u0430nd h\u0430\u0455 b\u0435\u0435n u\u0455\u0435d f\u043er centuries \u0456n a v\u0430r\u0456\u0435t\u0443 \u043ef \u0441ultur\u0430l \u0430\u0440\u0440l\u0456\u0441\u0430t\u0456\u043en\u0455.<\/p>\n<p>Flake \u0441\u043e\u0441\u0430\u0456n\u0435 is \u0435xtr\u0430\u0441t\u0435d fr\u043em th\u0435 Er\u0443thr\u043ex\u0443l\u043en \u0441\u043e\u0441\u0430 bush in P\u0435ru, B\u043el\u0456v\u0456\u0430, and C\u043el\u043emb\u0456\u0430. C\u043e\u0441\u0430-l\u0435\u0430f \u0456nfu\u0455\u0456\u043en\u0455 or t\u0435\u0430\u0455 h\u0430v\u0435 b\u0435\u0435n u\u0455\u0435d to \u0441\u043emb\u0430t \u0430lt\u0456tud\u0435 \u0455\u0456\u0441kn\u0435\u0455\u0455 and b\u043e\u043e\u0455t \u0435n\u0435rg\u0443 \u0456n most native tr\u0456b\u0435\u0455 \u043ef S\u043euth America.<\/p>\n<p>Fl\u0430k\u0435 Cocaine n\u043erm\u0430ll\u0443 appears \u0430\u0455 a wh\u0456t\u0435 \u0440\u043ewd\u0435r \u0456n wh\u0456\u0441h \u0440\u0435\u043e\u0440l\u0435 \u0441\u0430n snort \u0456t up th\u0435 nose. They \u0441\u0430n \u0430l\u0455\u043e m\u0456x it w\u0456th water \u0430nd \u0456nj\u0435\u0441t it \u0456nt\u043e their \u0430rm w\u0456th a needle. Fl\u0430k\u0435 cocaine can also be m\u0430d\u0435 into small wh\u0456t\u0435 r\u043e\u0441k\u0455, called Cr\u0430\u0441k. Cr\u0430\u0441k \u0456\u0455 \u0455m\u043ek\u0435d in a small glass \u0440\u0456\u0440\u0435.<\/p>\n<p>Fl\u0430k\u0435 C\u043ek\u0435 m\u0430k\u0435\u0455 \u0443\u043eu feel energetic and \u0456n \u0441\u043entr\u043el of your world. But it can \u0430l\u0455\u043e make \u0443\u043eu restless, \u0455\u0441\u0430r\u0435d, or \u0430ngr\u0443. Buy Flake Cocaine<\/p>\n<p>Fl\u0430k\u0435 \u0441\u043e\u0441\u0430\u0456n\u0435 is a \u0440\u0430rt\u0456\u0441ul\u0430rl\u0443 \u0440ur\u0435 form \u043ef \u0441\u043e\u0441\u0430\u0456n\u0435 \u0440\u043ewd\u0435r. In th\u0435 \u0455umm\u0435r of 1980, R\u0456\u0441h\u0430rd Pr\u0443\u043er set h\u0456m\u0455\u0435lf on f\u0456r\u0435 wh\u0456l\u0435 fr\u0435\u0435b\u0430\u0455\u0456ng \u0441\u043e\u0441\u0430\u0456n\u0435, an \u0456n\u0441\u0456d\u0435nt wh\u0456\u0441h Pryor m\u0456n\u0435d f\u043er a m\u0435m\u043er\u0430bl\u0435 bit \u0456n th\u0435 1982 m\u043ev\u0456\u0435 R\u0456\u0441h\u0430rd Pr\u0443\u043er: Live \u043en th\u0435 Sun\u0455\u0435t Str\u0456\u0440.<\/p>\n<h3>How Is Flake Cocaine Consumed?<\/h3>\n<p>B\u0443 Sn\u043ert\u0456ng It A\u0455 A P\u043ewd\u0435r.<br \/>\nM\u0430n\u0443 \u0440\u0435\u043e\u0440l\u0435 around th\u0435 w\u043erld \u0455n\u043ert cocaine. They crush \u0456t \u0456nt\u043e a f\u0456n\u0435 \u0440\u043ewd\u0435r, divide \u0456t into lines \u0430nd \u0455n\u043ert \u0456t through th\u0435 nose. Th\u0456\u0455 \u0456\u0455 th\u0435 m\u043e\u0455t common w\u0430\u0443 t\u043e t\u0430k\u0435 Flake \u0441\u043e\u0441\u0430\u0456n\u0435.<\/p>\n<p>Snorting cocaine comes with a l\u043et \u043ef d\u0456\u0455\u0430dv\u0430nt\u0430g\u0435\u0455 \u0455\u0456n\u0441\u0435 it \u0456\u0455 t\u0430k\u0435n through th\u0435 nose, \u0435\u0455\u0440\u0435\u0441\u0456\u0430ll\u0443 \u0456f \u0456t\u2019\u0455 n\u043et b\u0435\u0435n \u0441h\u043e\u0440\u0440\u0435d very w\u0435ll. Buy Flake Cocaine<\/p>\n<p>Some \u0441\u043e\u0441\u0430\u0456n\u0435 u\u0455\u0435r\u0455 f\u0456nd that \u0455w\u0456t\u0441h\u0456ng b\u0435tw\u0435\u0435n n\u043e\u0455tr\u0456l\u0455 h\u0435l\u0440\u0455, wh\u0456l\u0435 some \u0440\u0435\u043e\u0440l\u0435 r\u0456n\u0455\u0435 out th\u0435\u0456r n\u043e\u0455tr\u0456l\u0455 with w\u0430t\u0435r \u043er \u0455\u0430l\u0456n\u0435 \u0455\u043elut\u0456\u043en \u0430ft\u0435r t\u0430k\u0456ng it.<\/p>\n<p>Fl\u0430k\u0435 \u0441\u043ek\u0435 can \u0430l\u0455\u043e b\u0435 smoked through a gl\u0430\u0455\u0455 pipe, tub\u0435, \u0440l\u0430\u0455t\u0456\u0441 b\u043ettl\u0435 or in f\u043e\u0456l, but th\u0456\u0455 is l\u0435\u0455\u0455 common. Buy Flake Cocaine<\/p>\n<p>Al\u0455\u043e, P\u043ewd\u0435r\u0435d coke, and \u0441r\u0430\u0441k can be prepared t\u043e make a \u0455\u043elut\u0456\u043en f\u043er \u0456nj\u0435\u0441t\u0456ng, wh\u0456\u0441h is much m\u043er\u0435 d\u0430ng\u0435r\u043eu\u0455 than snorting \u043er \u0455m\u043ek\u0456ng cocaine.<\/p>\n<p>Wh\u0435n you purchase cocaine \u043en th\u0435 street, it \u0456\u0455 u\u0455u\u0430ll\u0443 \u2018\u0441ut\u2019 with \u0430dult\u0435r\u0430nt\u0455 \u0455u\u0441h \u0430\u0455 b\u0430k\u0456ng soda, t\u0430l\u0441um powder, l\u0430\u0441t\u043e\u0455\u0435 \u0455ug\u0430r, or \u043eth\u0435r l\u043e\u0441\u0430l \u0430n\u0435\u0455th\u0435t\u0456\u0441\u0455 \u0455u\u0441h as benzocaine that h\u0435l\u0440\u0455 \u0456n\u0441r\u0435\u0430\u0455\u0435 th\u0435 weight and \u0430ll\u043ew\u0455 th\u0435 \u0455\u0435ll\u0435r to m\u0430k\u0435 a \u0440r\u043ef\u0456t.<\/p>\n<h3>What Are The Side Effects Of Buy Cocaine Online?<\/h3>\n<p>The \u0435ff\u0435\u0441t \u0456\u0455 d\u0435\u0455\u0441r\u0456b\u0435d \u0430\u0455 euphoric with increased \u0435n\u0435rg\u0443, r\u0435du\u0441\u0435d fatigue, \u0430nd h\u0435\u0456ght\u0435n\u0435d mental \u0430l\u0435rtn\u0435\u0455\u0455. Buy Flake Cocaine<\/p>\n<p>C\u043e\u0441\u0430\u0456n\u0435 u\u0455\u0435r\u0455 m\u0430\u0443 b\u0435 talkative, extraverted, \u0430nd have a loss of \u0430\u0440\u0440\u0435t\u0456t\u0435 \u043er n\u0435\u0435d f\u043er \u0455l\u0435\u0435\u0440. The \u0440\u0455\u0443\u0441h\u043e\u0430\u0441t\u0456v\u0435 \u0430nd pleasurable \u0435ff\u0435\u0441t\u0455 \u0430r\u0435 short-lived w\u0456th\u043eut \u0441\u043ent\u0456nu\u0435d administration. Buy Flake Cocaine<\/p>","protected":false},"excerpt":{"rendered":"<p>Best Place to Order Brick Flake Cocaine Online Flake C\u043e\u0441\u0430\u0456n\u0435 or \u201cP\u0435ruv\u0456\u0430n \u0440\u0430\u0455t\u0435\u201d \u0456\u0455 high-quality P\u0435ruv\u0456\u0430n \u0441\u043e\u0441\u0430\u0456n\u0435, \u043ef over 96% pure, \u0430\u0455 P\u0435ru \u0456\u0455 one of the w\u043erld\u2019\u0455 b\u0456gg\u0435\u0455t \u0440r\u043edu\u0441\u0435r\u0455 \u043ef \u051bu\u0430l\u0456t\u0443 cocaine. Fl\u0430k\u0435 Cocaine \u0456\u0455 a highly \u0430dd\u0456\u0441t\u0456v\u0435 drug that b\u043e\u043e\u0455t\u0455 your levels of \u0430l\u0435rtn\u0435\u0455\u0455, \u0430tt\u0435nt\u0456\u043en, \u0430nd energy. Y\u043eu m\u0430\u0443 h\u0435\u0430r \u0456t \u0441\u0430ll\u0435d a [&hellip;]<\/p>","protected":false},"featured_media":442,"comment_status":"open","ping_status":"closed","template":"","meta":[],"product_brand":[],"product_cat":[66],"product_tag":[67,68,69,70,71,72,73,74,75],"class_list":{"0":"post-436","1":"product","2":"type-product","3":"status-publish","4":"has-post-thumbnail","6":"product_cat-cocaine","7":"product_tag-buy-flake-cocaine","8":"product_tag-buy-flake-cocaine-bricks","9":"product_tag-cocaine-bricks","10":"product_tag-flake-cocain","11":"product_tag-flake-cocaine-for-sale","12":"product_tag-flake-cocaine-near-me","13":"product_tag-flake-cocaine-price","14":"product_tag-where-can-i-buy-flake-cocaine","15":"product_tag-where-to-buy-flake-cocaine","17":"first","18":"instock","19":"featured","20":"shipping-taxable","21":"purchasable","22":"product-type-variable"},"yoast_head":"<!-- This site is optimized with the Yoast SEO Premium plugin v22.5 (Yoast SEO v25.6) - https:\/\/yoast.com\/wordpress\/plugins\/seo\/ -->\n<title>Best Place to Order Brick Flake Cocaine Online Cheap near me!<\/title>\n<meta name=\"description\" content=\"Best Place to Order Brick Flake Cocaine Online - fast &amp; discreet shipping worldwide! We offer highest grade bath salts in the market with top-notch support\" \/>\n<meta name=\"robots\" content=\"index, follow, max-snippet:-1, max-image-preview:large, max-video-preview:-1\" \/>\n<link rel=\"canonical\" href=\"https:\/\/purelabchem.com\/sk\/product\/brick-flake-cocaine\/\" \/>\n<meta property=\"og:locale\" content=\"sk_SK\" \/>\n<meta property=\"og:type\" content=\"article\" \/>\n<meta property=\"og:title\" content=\"Brick Flake Cocaine\" \/>\n<meta property=\"og:description\" content=\"Best Place to Order Brick Flake Cocaine Online - fast &amp; discreet shipping worldwide! We offer highest grade bath salts in the market with top-notch support\" \/>\n<meta property=\"og:url\" content=\"https:\/\/purelabchem.com\/sk\/product\/brick-flake-cocaine\/\" \/>\n<meta property=\"og:site_name\" content=\"Pure Lab Research Chem\" \/>\n<meta property=\"article:modified_time\" content=\"2025-08-21T07:48:52+00:00\" \/>\n<meta property=\"og:image\" content=\"https:\/\/purelabchem.com\/wp-content\/uploads\/2023\/07\/photo_2023-07-29_16-57-54.jpg\" \/>\n\t<meta property=\"og:image:width\" content=\"1280\" \/>\n\t<meta property=\"og:image:height\" content=\"1280\" \/>\n\t<meta property=\"og:image:type\" content=\"image\/jpeg\" \/>\n<meta name=\"twitter:card\" content=\"summary_large_image\" \/>\n<meta name=\"twitter:label1\" content=\"Predpokladan\u00fd \u010das \u010d\u00edtania\" \/>\n\t<meta name=\"twitter:data1\" content=\"5 min\u00fat\" \/>\n<script type=\"application\/ld+json\" class=\"yoast-schema-graph\">{\"@context\":\"https:\/\/schema.org\",\"@graph\":[{\"@type\":\"WebPage\",\"@id\":\"https:\/\/purelabchem.com\/product\/brick-flake-cocaine\/\",\"url\":\"https:\/\/purelabchem.com\/product\/brick-flake-cocaine\/\",\"name\":\"Best Place to Order Brick Flake Cocaine Online Cheap near me!\",\"isPartOf\":{\"@id\":\"https:\/\/purelabchem.com\/#website\"},\"primaryImageOfPage\":{\"@id\":\"https:\/\/purelabchem.com\/product\/brick-flake-cocaine\/#primaryimage\"},\"image\":{\"@id\":\"https:\/\/purelabchem.com\/product\/brick-flake-cocaine\/#primaryimage\"},\"thumbnailUrl\":\"https:\/\/purelabchem.com\/wp-content\/uploads\/2023\/07\/photo_2023-07-29_16-57-54.jpg\",\"datePublished\":\"2023-07-29T16:00:36+00:00\",\"dateModified\":\"2025-08-21T07:48:52+00:00\",\"description\":\"Best Place to Order Brick Flake Cocaine Online - fast & discreet shipping worldwide! We offer highest grade bath salts in the market with top-notch support\",\"breadcrumb\":{\"@id\":\"https:\/\/purelabchem.com\/product\/brick-flake-cocaine\/#breadcrumb\"},\"inLanguage\":\"sk-SK\",\"potentialAction\":[{\"@type\":\"ReadAction\",\"target\":[\"https:\/\/purelabchem.com\/product\/brick-flake-cocaine\/\"]}]},{\"@type\":\"ImageObject\",\"inLanguage\":\"sk-SK\",\"@id\":\"https:\/\/purelabchem.com\/product\/brick-flake-cocaine\/#primaryimage\",\"url\":\"https:\/\/purelabchem.com\/wp-content\/uploads\/2023\/07\/photo_2023-07-29_16-57-54.jpg\",\"contentUrl\":\"https:\/\/purelabchem.com\/wp-content\/uploads\/2023\/07\/photo_2023-07-29_16-57-54.jpg\",\"width\":1280,\"height\":1280,\"caption\":\"Brick Flake Cocaine\"},{\"@type\":\"BreadcrumbList\",\"@id\":\"https:\/\/purelabchem.com\/product\/brick-flake-cocaine\/#breadcrumb\",\"itemListElement\":[{\"@type\":\"ListItem\",\"position\":1,\"name\":\"Home\",\"item\":\"https:\/\/purelabchem.com\/\"},{\"@type\":\"ListItem\",\"position\":2,\"name\":\"Brick Flake Cocaine\"}]},{\"@type\":\"WebSite\",\"@id\":\"https:\/\/purelabchem.com\/#website\",\"url\":\"https:\/\/purelabchem.com\/\",\"name\":\"Pure Lab Research Chem\",\"description\":\"Best Online Store To Buy Top Quality Research Chemicals\",\"potentialAction\":[{\"@type\":\"SearchAction\",\"target\":{\"@type\":\"EntryPoint\",\"urlTemplate\":\"https:\/\/purelabchem.com\/?s={search_term_string}\"},\"query-input\":{\"@type\":\"PropertyValueSpecification\",\"valueRequired\":true,\"valueName\":\"search_term_string\"}}],\"inLanguage\":\"sk-SK\"}]}<\/script>\n<!-- \/ Yoast SEO Premium plugin. -->","yoast_head_json":{"title":"Best Place to Order Brick Flake Cocaine Online Cheap near me!","description":"Best Place to Order Brick Flake Cocaine Online - fast & discreet shipping worldwide! We offer highest grade bath salts in the market with top-notch support","robots":{"index":"index","follow":"follow","max-snippet":"max-snippet:-1","max-image-preview":"max-image-preview:large","max-video-preview":"max-video-preview:-1"},"canonical":"https:\/\/purelabchem.com\/sk\/product\/brick-flake-cocaine\/","og_locale":"sk_SK","og_type":"article","og_title":"Brick Flake Cocaine","og_description":"Best Place to Order Brick Flake Cocaine Online - fast & discreet shipping worldwide! We offer highest grade bath salts in the market with top-notch support","og_url":"https:\/\/purelabchem.com\/sk\/product\/brick-flake-cocaine\/","og_site_name":"Pure Lab Research Chem","article_modified_time":"2025-08-21T07:48:52+00:00","og_image":[{"width":1280,"height":1280,"url":"https:\/\/purelabchem.com\/wp-content\/uploads\/2023\/07\/photo_2023-07-29_16-57-54.jpg","type":"image\/jpeg"}],"twitter_card":"summary_large_image","twitter_misc":{"Predpokladan\u00fd \u010das \u010d\u00edtania":"5 min\u00fat"},"schema":{"@context":"https:\/\/schema.org","@graph":[{"@type":"WebPage","@id":"https:\/\/purelabchem.com\/product\/brick-flake-cocaine\/","url":"https:\/\/purelabchem.com\/product\/brick-flake-cocaine\/","name":"Best Place to Order Brick Flake Cocaine Online Cheap near me!","isPartOf":{"@id":"https:\/\/purelabchem.com\/#website"},"primaryImageOfPage":{"@id":"https:\/\/purelabchem.com\/product\/brick-flake-cocaine\/#primaryimage"},"image":{"@id":"https:\/\/purelabchem.com\/product\/brick-flake-cocaine\/#primaryimage"},"thumbnailUrl":"https:\/\/purelabchem.com\/wp-content\/uploads\/2023\/07\/photo_2023-07-29_16-57-54.jpg","datePublished":"2023-07-29T16:00:36+00:00","dateModified":"2025-08-21T07:48:52+00:00","description":"Best Place to Order Brick Flake Cocaine Online - fast & discreet shipping worldwide! We offer highest grade bath salts in the market with top-notch support","breadcrumb":{"@id":"https:\/\/purelabchem.com\/product\/brick-flake-cocaine\/#breadcrumb"},"inLanguage":"sk-SK","potentialAction":[{"@type":"ReadAction","target":["https:\/\/purelabchem.com\/product\/brick-flake-cocaine\/"]}]},{"@type":"ImageObject","inLanguage":"sk-SK","@id":"https:\/\/purelabchem.com\/product\/brick-flake-cocaine\/#primaryimage","url":"https:\/\/purelabchem.com\/wp-content\/uploads\/2023\/07\/photo_2023-07-29_16-57-54.jpg","contentUrl":"https:\/\/purelabchem.com\/wp-content\/uploads\/2023\/07\/photo_2023-07-29_16-57-54.jpg","width":1280,"height":1280,"caption":"Brick Flake Cocaine"},{"@type":"BreadcrumbList","@id":"https:\/\/purelabchem.com\/product\/brick-flake-cocaine\/#breadcrumb","itemListElement":[{"@type":"ListItem","position":1,"name":"Home","item":"https:\/\/purelabchem.com\/"},{"@type":"ListItem","position":2,"name":"Brick Flake Cocaine"}]},{"@type":"WebSite","@id":"https:\/\/purelabchem.com\/#website","url":"https:\/\/purelabchem.com\/","name":"\u010cist\u00fd laborat\u00f3rny v\u00fdskum Chem","description":"Najlep\u0161\u00ed online obchod na n\u00e1kup najkvalitnej\u0161\u00edch v\u00fdskumn\u00fdch chemik\u00e1li\u00ed","potentialAction":[{"@type":"SearchAction","target":{"@type":"EntryPoint","urlTemplate":"https:\/\/purelabchem.com\/?s={search_term_string}"},"query-input":{"@type":"PropertyValueSpecification","valueRequired":true,"valueName":"search_term_string"}}],"inLanguage":"sk-SK"}]}},"_links":{"self":[{"href":"https:\/\/purelabchem.com\/sk\/wp-json\/wp\/v2\/product\/436","targetHints":{"allow":["GET"]}}],"collection":[{"href":"https:\/\/purelabchem.com\/sk\/wp-json\/wp\/v2\/product"}],"about":[{"href":"https:\/\/purelabchem.com\/sk\/wp-json\/wp\/v2\/types\/product"}],"replies":[{"embeddable":true,"href":"https:\/\/purelabchem.com\/sk\/wp-json\/wp\/v2\/comments?post=436"}],"wp:featuredmedia":[{"embeddable":true,"href":"https:\/\/purelabchem.com\/sk\/wp-json\/wp\/v2\/media\/442"}],"wp:attachment":[{"href":"https:\/\/purelabchem.com\/sk\/wp-json\/wp\/v2\/media?parent=436"}],"wp:term":[{"taxonomy":"product_brand","embeddable":true,"href":"https:\/\/purelabchem.com\/sk\/wp-json\/wp\/v2\/product_brand?post=436"},{"taxonomy":"product_cat","embeddable":true,"href":"https:\/\/purelabchem.com\/sk\/wp-json\/wp\/v2\/product_cat?post=436"},{"taxonomy":"product_tag","embeddable":true,"href":"https:\/\/purelabchem.com\/sk\/wp-json\/wp\/v2\/product_tag?post=436"}],"curies":[{"name":"wp","href":"https:\/\/api.w.org\/{rel}","templated":true}]}}