{"id":29,"date":"2023-07-29T06:59:17","date_gmt":"2023-07-29T06:59:17","guid":{"rendered":"https:\/\/purelabchem.com\/?post_type=product&#038;p=29"},"modified":"2024-04-19T20:34:56","modified_gmt":"2024-04-19T20:34:56","slug":"3-meo-pcp","status":"publish","type":"product","link":"https:\/\/purelabchem.com\/sk\/product\/3-meo-pcp\/","title":{"rendered":"3-MEO-PCP"},"content":{"rendered":"<h1><strong>Order 3-MEO-PCP Powder Online &#8211; Best Research Chemical Supplier!<\/strong><\/h1>\n<p>3-methoxy PCP is an analog of PCP which binds the NMDA receptor (Ki = 20 nM) and serotonin transporter (Ki = 216 nM) with greater affinity than does PCP (Ki = 59 and 2,234 nM, respectively).1 (https:\/\/www.caymanchem.com\/product\/11137\/3-methoxy-pcp-(hydrochloride)#reference22308) The toxicological properties of this compound have not been reported. This product is intended for forensic and research purposes.<\/p>\n<p>4-Methoxyphencyclidine (methoxydine, 4-MeO-PCP) is a dissociative anesthetic drug that has been sold online as a research chemical. The synthesis of 4-MeO-PCP was first reported in 1965 by the Parke-Davis medicinal chemist Victor Maddox. A 1999 review published by a chemist using the pseudonym John Q. Beagle suggested the potency of 4-MeO-PCP in man was reduced relative to PCP, two years later Beagle published a detailed description of the synthesis and qualitative effects of 4-MeO-PCP, which he said possessed 70% the potency of PCP. 4-MeO-PCP was the first arylcyclohexylamine research chemical to be sold online, it was introduced in late 2008 by a company trading under the name CBAY and was followed by several related compounds such as 3-MeO-PCP and methoxetamine.<br \/>\n4-MeO-PCP has lower affinity for the NMDA receptor than PCP, but higher affinity than ketamine, it is orally active in a dosage range similar to ketamine, with some users requiring doses in excess of 100 mg for desired effects. Users have reported substantial differences in active dose, these discrepancies can be partially explained by the presence of unreacted PCC and other impurities in samples sold on the grey market. 4-MeO-PCP has Ki values of 404 nM for the NMDA receptor, 713 nM for the norepinephrine transporter, 844 nM for the serotonin transporter, 296 nM for the ?1 receptor and 143 nM for the ?2 receptor.<br \/>\n4-MeO-PCP hydrochloride is a white crystalline solid with a melting point of 181-182 \u00b0C<br \/>\nShipping &amp; Storage Information<br \/>\nStorage: -20\u00b0C<br \/>\nShipping: Room Temperature in continental US; may vary elsewhere<br \/>\nStability: ? 2 years<\/p>","protected":false},"excerpt":{"rendered":"<p>Order 3-MEO-PCP Powder Online &#8211; Best Research Chemical Supplier! 3-methoxy PCP is an analog of PCP which binds the NMDA receptor (Ki = 20 nM) and serotonin transporter (Ki = 216 nM) with greater affinity than does PCP (Ki = 59 and 2,234 nM, respectively).1 (https:\/\/www.caymanchem.com\/product\/11137\/3-methoxy-pcp-(hydrochloride)#reference22308) The toxicological properties of this compound have not been [&hellip;]<\/p>","protected":false},"featured_media":30,"comment_status":"open","ping_status":"closed","template":"","meta":[],"product_brand":[],"product_cat":[64],"product_tag":[],"class_list":{"0":"post-29","1":"product","2":"type-product","3":"status-publish","4":"has-post-thumbnail","6":"product_cat-research-chemicals","8":"first","9":"instock","10":"shipping-taxable","11":"purchasable","12":"product-type-variable"},"yoast_head":"<!-- This site is optimized with the Yoast SEO Premium plugin v22.5 (Yoast SEO v25.6) - https:\/\/yoast.com\/wordpress\/plugins\/seo\/ -->\n<title>3-MEO-PCP - Pure Lab Research Chem<\/title>\n<meta name=\"description\" content=\"Order 3-MEO-PCP Powder Online - Best Research Chemical Supplier! 3-methoxy PCP is an analog of PCP which binds the NMDA receptor (Ki = 20 nM) and Best Online Store To Buy Top Quality Research Chemicals\" \/>\n<meta name=\"robots\" content=\"index, follow, max-snippet:-1, max-image-preview:large, max-video-preview:-1\" \/>\n<link rel=\"canonical\" href=\"https:\/\/purelabchem.com\/sk\/product\/3-meo-pcp\/\" \/>\n<meta property=\"og:locale\" content=\"sk_SK\" \/>\n<meta property=\"og:type\" content=\"article\" \/>\n<meta property=\"og:title\" content=\"3-MEO-PCP\" \/>\n<meta property=\"og:description\" content=\"Order 3-MEO-PCP Powder Online - Best Research Chemical Supplier! 3-methoxy PCP is an analog of PCP which binds the NMDA receptor (Ki = 20 nM) and Best Online Store To Buy Top Quality Research Chemicals\" \/>\n<meta property=\"og:url\" content=\"https:\/\/purelabchem.com\/sk\/product\/3-meo-pcp\/\" \/>\n<meta property=\"og:site_name\" content=\"Pure Lab Research Chem\" \/>\n<meta property=\"article:modified_time\" content=\"2024-04-19T20:34:56+00:00\" \/>\n<meta property=\"og:image\" content=\"https:\/\/purelabchem.com\/wp-content\/uploads\/2023\/07\/photo_2023-07-29_07-58-53.jpg\" \/>\n\t<meta property=\"og:image:width\" content=\"700\" \/>\n\t<meta property=\"og:image:height\" content=\"500\" \/>\n\t<meta property=\"og:image:type\" content=\"image\/jpeg\" \/>\n<meta name=\"twitter:card\" content=\"summary_large_image\" \/>\n<meta name=\"twitter:label1\" content=\"Predpokladan\u00fd \u010das \u010d\u00edtania\" \/>\n\t<meta name=\"twitter:data1\" content=\"2 min\u00faty\" \/>\n<script type=\"application\/ld+json\" class=\"yoast-schema-graph\">{\"@context\":\"https:\/\/schema.org\",\"@graph\":[{\"@type\":\"WebPage\",\"@id\":\"https:\/\/purelabchem.com\/product\/3-meo-pcp\/\",\"url\":\"https:\/\/purelabchem.com\/product\/3-meo-pcp\/\",\"name\":\"3-MEO-PCP - Pure Lab Research Chem\",\"isPartOf\":{\"@id\":\"https:\/\/purelabchem.com\/#website\"},\"primaryImageOfPage\":{\"@id\":\"https:\/\/purelabchem.com\/product\/3-meo-pcp\/#primaryimage\"},\"image\":{\"@id\":\"https:\/\/purelabchem.com\/product\/3-meo-pcp\/#primaryimage\"},\"thumbnailUrl\":\"https:\/\/purelabchem.com\/wp-content\/uploads\/2023\/07\/photo_2023-07-29_07-58-53.jpg\",\"datePublished\":\"2023-07-29T06:59:17+00:00\",\"dateModified\":\"2024-04-19T20:34:56+00:00\",\"description\":\"Order 3-MEO-PCP Powder Online - Best Research Chemical Supplier! 3-methoxy PCP is an analog of PCP which binds the NMDA receptor (Ki = 20 nM) and Best Online Store To Buy Top Quality Research Chemicals\",\"breadcrumb\":{\"@id\":\"https:\/\/purelabchem.com\/product\/3-meo-pcp\/#breadcrumb\"},\"inLanguage\":\"sk-SK\",\"potentialAction\":[{\"@type\":\"ReadAction\",\"target\":[\"https:\/\/purelabchem.com\/product\/3-meo-pcp\/\"]}]},{\"@type\":\"ImageObject\",\"inLanguage\":\"sk-SK\",\"@id\":\"https:\/\/purelabchem.com\/product\/3-meo-pcp\/#primaryimage\",\"url\":\"https:\/\/purelabchem.com\/wp-content\/uploads\/2023\/07\/photo_2023-07-29_07-58-53.jpg\",\"contentUrl\":\"https:\/\/purelabchem.com\/wp-content\/uploads\/2023\/07\/photo_2023-07-29_07-58-53.jpg\",\"width\":700,\"height\":500,\"caption\":\"3-MEO-PCP\"},{\"@type\":\"BreadcrumbList\",\"@id\":\"https:\/\/purelabchem.com\/product\/3-meo-pcp\/#breadcrumb\",\"itemListElement\":[{\"@type\":\"ListItem\",\"position\":1,\"name\":\"Home\",\"item\":\"https:\/\/purelabchem.com\/\"},{\"@type\":\"ListItem\",\"position\":2,\"name\":\"3-MEO-PCP\"}]},{\"@type\":\"WebSite\",\"@id\":\"https:\/\/purelabchem.com\/#website\",\"url\":\"https:\/\/purelabchem.com\/\",\"name\":\"Pure Lab Research Chem\",\"description\":\"Best Online Store To Buy Top Quality Research Chemicals\",\"potentialAction\":[{\"@type\":\"SearchAction\",\"target\":{\"@type\":\"EntryPoint\",\"urlTemplate\":\"https:\/\/purelabchem.com\/?s={search_term_string}\"},\"query-input\":{\"@type\":\"PropertyValueSpecification\",\"valueRequired\":true,\"valueName\":\"search_term_string\"}}],\"inLanguage\":\"sk-SK\"}]}<\/script>\n<!-- \/ Yoast SEO Premium plugin. -->","yoast_head_json":{"title":"3-MEO-PCP - Pure Lab Research Chem","description":"Order 3-MEO-PCP Powder Online - Best Research Chemical Supplier! 3-methoxy PCP is an analog of PCP which binds the NMDA receptor (Ki = 20 nM) and Best Online Store To Buy Top Quality Research Chemicals","robots":{"index":"index","follow":"follow","max-snippet":"max-snippet:-1","max-image-preview":"max-image-preview:large","max-video-preview":"max-video-preview:-1"},"canonical":"https:\/\/purelabchem.com\/sk\/product\/3-meo-pcp\/","og_locale":"sk_SK","og_type":"article","og_title":"3-MEO-PCP","og_description":"Order 3-MEO-PCP Powder Online - Best Research Chemical Supplier! 3-methoxy PCP is an analog of PCP which binds the NMDA receptor (Ki = 20 nM) and Best Online Store To Buy Top Quality Research Chemicals","og_url":"https:\/\/purelabchem.com\/sk\/product\/3-meo-pcp\/","og_site_name":"Pure Lab Research Chem","article_modified_time":"2024-04-19T20:34:56+00:00","og_image":[{"width":700,"height":500,"url":"https:\/\/purelabchem.com\/wp-content\/uploads\/2023\/07\/photo_2023-07-29_07-58-53.jpg","type":"image\/jpeg"}],"twitter_card":"summary_large_image","twitter_misc":{"Predpokladan\u00fd \u010das \u010d\u00edtania":"2 min\u00faty"},"schema":{"@context":"https:\/\/schema.org","@graph":[{"@type":"WebPage","@id":"https:\/\/purelabchem.com\/product\/3-meo-pcp\/","url":"https:\/\/purelabchem.com\/product\/3-meo-pcp\/","name":"3-MEO-PCP - Pure Lab Research Chem","isPartOf":{"@id":"https:\/\/purelabchem.com\/#website"},"primaryImageOfPage":{"@id":"https:\/\/purelabchem.com\/product\/3-meo-pcp\/#primaryimage"},"image":{"@id":"https:\/\/purelabchem.com\/product\/3-meo-pcp\/#primaryimage"},"thumbnailUrl":"https:\/\/purelabchem.com\/wp-content\/uploads\/2023\/07\/photo_2023-07-29_07-58-53.jpg","datePublished":"2023-07-29T06:59:17+00:00","dateModified":"2024-04-19T20:34:56+00:00","description":"Order 3-MEO-PCP Powder Online - Best Research Chemical Supplier! 3-methoxy PCP is an analog of PCP which binds the NMDA receptor (Ki = 20 nM) and Best Online Store To Buy Top Quality Research Chemicals","breadcrumb":{"@id":"https:\/\/purelabchem.com\/product\/3-meo-pcp\/#breadcrumb"},"inLanguage":"sk-SK","potentialAction":[{"@type":"ReadAction","target":["https:\/\/purelabchem.com\/product\/3-meo-pcp\/"]}]},{"@type":"ImageObject","inLanguage":"sk-SK","@id":"https:\/\/purelabchem.com\/product\/3-meo-pcp\/#primaryimage","url":"https:\/\/purelabchem.com\/wp-content\/uploads\/2023\/07\/photo_2023-07-29_07-58-53.jpg","contentUrl":"https:\/\/purelabchem.com\/wp-content\/uploads\/2023\/07\/photo_2023-07-29_07-58-53.jpg","width":700,"height":500,"caption":"3-MEO-PCP"},{"@type":"BreadcrumbList","@id":"https:\/\/purelabchem.com\/product\/3-meo-pcp\/#breadcrumb","itemListElement":[{"@type":"ListItem","position":1,"name":"Home","item":"https:\/\/purelabchem.com\/"},{"@type":"ListItem","position":2,"name":"3-MEO-PCP"}]},{"@type":"WebSite","@id":"https:\/\/purelabchem.com\/#website","url":"https:\/\/purelabchem.com\/","name":"\u010cist\u00fd laborat\u00f3rny v\u00fdskum Chem","description":"Najlep\u0161\u00ed online obchod na n\u00e1kup najkvalitnej\u0161\u00edch v\u00fdskumn\u00fdch chemik\u00e1li\u00ed","potentialAction":[{"@type":"SearchAction","target":{"@type":"EntryPoint","urlTemplate":"https:\/\/purelabchem.com\/?s={search_term_string}"},"query-input":{"@type":"PropertyValueSpecification","valueRequired":true,"valueName":"search_term_string"}}],"inLanguage":"sk-SK"}]}},"_links":{"self":[{"href":"https:\/\/purelabchem.com\/sk\/wp-json\/wp\/v2\/product\/29","targetHints":{"allow":["GET"]}}],"collection":[{"href":"https:\/\/purelabchem.com\/sk\/wp-json\/wp\/v2\/product"}],"about":[{"href":"https:\/\/purelabchem.com\/sk\/wp-json\/wp\/v2\/types\/product"}],"replies":[{"embeddable":true,"href":"https:\/\/purelabchem.com\/sk\/wp-json\/wp\/v2\/comments?post=29"}],"wp:featuredmedia":[{"embeddable":true,"href":"https:\/\/purelabchem.com\/sk\/wp-json\/wp\/v2\/media\/30"}],"wp:attachment":[{"href":"https:\/\/purelabchem.com\/sk\/wp-json\/wp\/v2\/media?parent=29"}],"wp:term":[{"taxonomy":"product_brand","embeddable":true,"href":"https:\/\/purelabchem.com\/sk\/wp-json\/wp\/v2\/product_brand?post=29"},{"taxonomy":"product_cat","embeddable":true,"href":"https:\/\/purelabchem.com\/sk\/wp-json\/wp\/v2\/product_cat?post=29"},{"taxonomy":"product_tag","embeddable":true,"href":"https:\/\/purelabchem.com\/sk\/wp-json\/wp\/v2\/product_tag?post=29"}],"curies":[{"name":"wp","href":"https:\/\/api.w.org\/{rel}","templated":true}]}}