{"id":23,"date":"2023-07-29T06:55:46","date_gmt":"2023-07-29T06:55:46","guid":{"rendered":"https:\/\/purelabchem.com\/?post_type=product&#038;p=23"},"modified":"2023-10-18T00:12:46","modified_gmt":"2023-10-18T00:12:46","slug":"2c-h","status":"publish","type":"product","link":"https:\/\/purelabchem.com\/sk\/product\/2c-h\/","title":{"rendered":"2C-H"},"content":{"rendered":"<h1><strong>Order 2C-H Powder Online<\/strong><\/h1>\n<p>2C-H (2,5-dimethoxyphenethylamine) is a new designer psychedelic synthesized from\u00a0phenethylamine\u00a0, an analogue of the 2C-class psychedelic preparations described in Alexander Shulgin\u2019s book PiHKAL. 2C-H has similar properties and has a similar effect as 2C-B, 2C-I, 2C-N. 2C-H has the property of acting on the 5-HT2C and 5-HT2A receptors. At high dosages it can cause changes in consciousness, the toxicological properties of the drug are not fully understood.<br \/>\nYou can buy 2C-H online right now at purelabchem.com<br \/>\n2C-H is a designer drug intended for research and forensic analysis. 2C-H is produced in modern pharmaceutical laboratory in compliance with all quality standards.<br \/>\nStorage conditions: in a cool and dry place,<br \/>\nstorage for up to 2 years.<\/p>","protected":false},"excerpt":{"rendered":"<p>Order 2C-H Powder Online 2C-H (2,5-dimethoxyphenethylamine) is a new designer psychedelic synthesized from\u00a0phenethylamine\u00a0, an analogue of the 2C-class psychedelic preparations described in Alexander Shulgin\u2019s book PiHKAL. 2C-H has similar properties and has a similar effect as 2C-B, 2C-I, 2C-N. 2C-H has the property of acting on the 5-HT2C and 5-HT2A receptors. At high dosages it [&hellip;]<\/p>","protected":false},"featured_media":24,"comment_status":"open","ping_status":"closed","template":"","meta":[],"product_brand":[],"product_cat":[64],"product_tag":[],"class_list":{"0":"post-23","1":"product","2":"type-product","3":"status-publish","4":"has-post-thumbnail","6":"product_cat-research-chemicals","8":"first","9":"instock","10":"shipping-taxable","11":"purchasable","12":"product-type-variable"},"yoast_head":"<!-- This site is optimized with the Yoast SEO Premium plugin v22.5 (Yoast SEO v25.6) - https:\/\/yoast.com\/wordpress\/plugins\/seo\/ -->\n<title>2C-H - Pure Lab Research Chem<\/title>\n<meta name=\"description\" content=\"Order 2C-H Powder Online 2C-H (2,5-dimethoxyphenethylamine) is a new designer psychedelic synthesized from\u00a0phenethylamine\u00a0, an analogue of the 2C-class Best Online Store To Buy Top Quality Research Chemicals\" \/>\n<meta name=\"robots\" content=\"index, follow, max-snippet:-1, max-image-preview:large, max-video-preview:-1\" \/>\n<link rel=\"canonical\" href=\"https:\/\/purelabchem.com\/sk\/product\/2c-h\/\" \/>\n<meta property=\"og:locale\" content=\"sk_SK\" \/>\n<meta property=\"og:type\" content=\"article\" \/>\n<meta property=\"og:title\" content=\"2C-H\" \/>\n<meta property=\"og:description\" content=\"Order 2C-H Powder Online 2C-H (2,5-dimethoxyphenethylamine) is a new designer psychedelic synthesized from\u00a0phenethylamine\u00a0, an analogue of the 2C-class Best Online Store To Buy Top Quality Research Chemicals\" \/>\n<meta property=\"og:url\" content=\"https:\/\/purelabchem.com\/sk\/product\/2c-h\/\" \/>\n<meta property=\"og:site_name\" content=\"Pure Lab Research Chem\" \/>\n<meta property=\"article:modified_time\" content=\"2023-10-18T00:12:46+00:00\" \/>\n<meta property=\"og:image\" content=\"https:\/\/purelabchem.com\/wp-content\/uploads\/2023\/07\/photo_2023-07-29_07-55-25.jpg\" \/>\n\t<meta property=\"og:image:width\" content=\"450\" \/>\n\t<meta property=\"og:image:height\" content=\"480\" \/>\n\t<meta property=\"og:image:type\" content=\"image\/jpeg\" \/>\n<meta name=\"twitter:card\" content=\"summary_large_image\" \/>\n<meta name=\"twitter:label1\" content=\"Predpokladan\u00fd \u010das \u010d\u00edtania\" \/>\n\t<meta name=\"twitter:data1\" content=\"1 min\u00fata\" \/>\n<script type=\"application\/ld+json\" class=\"yoast-schema-graph\">{\"@context\":\"https:\/\/schema.org\",\"@graph\":[{\"@type\":\"WebPage\",\"@id\":\"https:\/\/purelabchem.com\/product\/2c-h\/\",\"url\":\"https:\/\/purelabchem.com\/product\/2c-h\/\",\"name\":\"2C-H - Pure Lab Research Chem\",\"isPartOf\":{\"@id\":\"https:\/\/purelabchem.com\/#website\"},\"primaryImageOfPage\":{\"@id\":\"https:\/\/purelabchem.com\/product\/2c-h\/#primaryimage\"},\"image\":{\"@id\":\"https:\/\/purelabchem.com\/product\/2c-h\/#primaryimage\"},\"thumbnailUrl\":\"https:\/\/purelabchem.com\/wp-content\/uploads\/2023\/07\/photo_2023-07-29_07-55-25.jpg\",\"datePublished\":\"2023-07-29T06:55:46+00:00\",\"dateModified\":\"2023-10-18T00:12:46+00:00\",\"description\":\"Order 2C-H Powder Online 2C-H (2,5-dimethoxyphenethylamine) is a new designer psychedelic synthesized from\u00a0phenethylamine\u00a0, an analogue of the 2C-class Best Online Store To Buy Top Quality Research Chemicals\",\"breadcrumb\":{\"@id\":\"https:\/\/purelabchem.com\/product\/2c-h\/#breadcrumb\"},\"inLanguage\":\"sk-SK\",\"potentialAction\":[{\"@type\":\"ReadAction\",\"target\":[\"https:\/\/purelabchem.com\/product\/2c-h\/\"]}]},{\"@type\":\"ImageObject\",\"inLanguage\":\"sk-SK\",\"@id\":\"https:\/\/purelabchem.com\/product\/2c-h\/#primaryimage\",\"url\":\"https:\/\/purelabchem.com\/wp-content\/uploads\/2023\/07\/photo_2023-07-29_07-55-25.jpg\",\"contentUrl\":\"https:\/\/purelabchem.com\/wp-content\/uploads\/2023\/07\/photo_2023-07-29_07-55-25.jpg\",\"width\":450,\"height\":480,\"caption\":\"2C-H\"},{\"@type\":\"BreadcrumbList\",\"@id\":\"https:\/\/purelabchem.com\/product\/2c-h\/#breadcrumb\",\"itemListElement\":[{\"@type\":\"ListItem\",\"position\":1,\"name\":\"Home\",\"item\":\"https:\/\/purelabchem.com\/\"},{\"@type\":\"ListItem\",\"position\":2,\"name\":\"2C-H\"}]},{\"@type\":\"WebSite\",\"@id\":\"https:\/\/purelabchem.com\/#website\",\"url\":\"https:\/\/purelabchem.com\/\",\"name\":\"Pure Lab Research Chem\",\"description\":\"Best Online Store To Buy Top Quality Research Chemicals\",\"potentialAction\":[{\"@type\":\"SearchAction\",\"target\":{\"@type\":\"EntryPoint\",\"urlTemplate\":\"https:\/\/purelabchem.com\/?s={search_term_string}\"},\"query-input\":{\"@type\":\"PropertyValueSpecification\",\"valueRequired\":true,\"valueName\":\"search_term_string\"}}],\"inLanguage\":\"sk-SK\"}]}<\/script>\n<!-- \/ Yoast SEO Premium plugin. -->","yoast_head_json":{"title":"2C-H - Pure Lab Research Chem","description":"Order 2C-H Powder Online 2C-H (2,5-dimethoxyphenethylamine) is a new designer psychedelic synthesized from\u00a0phenethylamine\u00a0, an analogue of the 2C-class Best Online Store To Buy Top Quality Research Chemicals","robots":{"index":"index","follow":"follow","max-snippet":"max-snippet:-1","max-image-preview":"max-image-preview:large","max-video-preview":"max-video-preview:-1"},"canonical":"https:\/\/purelabchem.com\/sk\/product\/2c-h\/","og_locale":"sk_SK","og_type":"article","og_title":"2C-H","og_description":"Order 2C-H Powder Online 2C-H (2,5-dimethoxyphenethylamine) is a new designer psychedelic synthesized from\u00a0phenethylamine\u00a0, an analogue of the 2C-class Best Online Store To Buy Top Quality Research Chemicals","og_url":"https:\/\/purelabchem.com\/sk\/product\/2c-h\/","og_site_name":"Pure Lab Research Chem","article_modified_time":"2023-10-18T00:12:46+00:00","og_image":[{"width":450,"height":480,"url":"https:\/\/purelabchem.com\/wp-content\/uploads\/2023\/07\/photo_2023-07-29_07-55-25.jpg","type":"image\/jpeg"}],"twitter_card":"summary_large_image","twitter_misc":{"Predpokladan\u00fd \u010das \u010d\u00edtania":"1 min\u00fata"},"schema":{"@context":"https:\/\/schema.org","@graph":[{"@type":"WebPage","@id":"https:\/\/purelabchem.com\/product\/2c-h\/","url":"https:\/\/purelabchem.com\/product\/2c-h\/","name":"2C-H - Pure Lab Research Chem","isPartOf":{"@id":"https:\/\/purelabchem.com\/#website"},"primaryImageOfPage":{"@id":"https:\/\/purelabchem.com\/product\/2c-h\/#primaryimage"},"image":{"@id":"https:\/\/purelabchem.com\/product\/2c-h\/#primaryimage"},"thumbnailUrl":"https:\/\/purelabchem.com\/wp-content\/uploads\/2023\/07\/photo_2023-07-29_07-55-25.jpg","datePublished":"2023-07-29T06:55:46+00:00","dateModified":"2023-10-18T00:12:46+00:00","description":"Order 2C-H Powder Online 2C-H (2,5-dimethoxyphenethylamine) is a new designer psychedelic synthesized from\u00a0phenethylamine\u00a0, an analogue of the 2C-class Best Online Store To Buy Top Quality Research Chemicals","breadcrumb":{"@id":"https:\/\/purelabchem.com\/product\/2c-h\/#breadcrumb"},"inLanguage":"sk-SK","potentialAction":[{"@type":"ReadAction","target":["https:\/\/purelabchem.com\/product\/2c-h\/"]}]},{"@type":"ImageObject","inLanguage":"sk-SK","@id":"https:\/\/purelabchem.com\/product\/2c-h\/#primaryimage","url":"https:\/\/purelabchem.com\/wp-content\/uploads\/2023\/07\/photo_2023-07-29_07-55-25.jpg","contentUrl":"https:\/\/purelabchem.com\/wp-content\/uploads\/2023\/07\/photo_2023-07-29_07-55-25.jpg","width":450,"height":480,"caption":"2C-H"},{"@type":"BreadcrumbList","@id":"https:\/\/purelabchem.com\/product\/2c-h\/#breadcrumb","itemListElement":[{"@type":"ListItem","position":1,"name":"Home","item":"https:\/\/purelabchem.com\/"},{"@type":"ListItem","position":2,"name":"2C-H"}]},{"@type":"WebSite","@id":"https:\/\/purelabchem.com\/#website","url":"https:\/\/purelabchem.com\/","name":"\u010cist\u00fd laborat\u00f3rny v\u00fdskum Chem","description":"Najlep\u0161\u00ed online obchod na n\u00e1kup najkvalitnej\u0161\u00edch v\u00fdskumn\u00fdch chemik\u00e1li\u00ed","potentialAction":[{"@type":"SearchAction","target":{"@type":"EntryPoint","urlTemplate":"https:\/\/purelabchem.com\/?s={search_term_string}"},"query-input":{"@type":"PropertyValueSpecification","valueRequired":true,"valueName":"search_term_string"}}],"inLanguage":"sk-SK"}]}},"_links":{"self":[{"href":"https:\/\/purelabchem.com\/sk\/wp-json\/wp\/v2\/product\/23","targetHints":{"allow":["GET"]}}],"collection":[{"href":"https:\/\/purelabchem.com\/sk\/wp-json\/wp\/v2\/product"}],"about":[{"href":"https:\/\/purelabchem.com\/sk\/wp-json\/wp\/v2\/types\/product"}],"replies":[{"embeddable":true,"href":"https:\/\/purelabchem.com\/sk\/wp-json\/wp\/v2\/comments?post=23"}],"wp:featuredmedia":[{"embeddable":true,"href":"https:\/\/purelabchem.com\/sk\/wp-json\/wp\/v2\/media\/24"}],"wp:attachment":[{"href":"https:\/\/purelabchem.com\/sk\/wp-json\/wp\/v2\/media?parent=23"}],"wp:term":[{"taxonomy":"product_brand","embeddable":true,"href":"https:\/\/purelabchem.com\/sk\/wp-json\/wp\/v2\/product_brand?post=23"},{"taxonomy":"product_cat","embeddable":true,"href":"https:\/\/purelabchem.com\/sk\/wp-json\/wp\/v2\/product_cat?post=23"},{"taxonomy":"product_tag","embeddable":true,"href":"https:\/\/purelabchem.com\/sk\/wp-json\/wp\/v2\/product_tag?post=23"}],"curies":[{"name":"wp","href":"https:\/\/api.w.org\/{rel}","templated":true}]}}