{"id":568,"date":"2013-08-11T19:06:15","date_gmt":"2013-08-11T19:06:15","guid":{"rendered":"http:\/\/localhost:8888\/test\/?page_id=520"},"modified":"2023-08-29T16:45:36","modified_gmt":"2023-08-29T16:45:36","slug":"about","status":"publish","type":"page","link":"https:\/\/purelabchem.com\/sk\/about\/","title":{"rendered":"O n\u00e1s"},"content":{"rendered":"[ux_banner height=&#8221;507px&#8221; bg=&#8221;495&#8243; bg_overlay=&#8221;rgba(0, 0, 0, 0.49)&#8221; parallax=&#8221;3&#8243;]\n\n[text_box position_x=&#8221;50&#8243; position_y=&#8221;100&#8243;]\n\n<h1 class=\"lead\">O n\u00e1s<\/h1>\n<p>We are a leader in delivering research chemicals and medications through out the world. Our goal is to provide research chemicals and medications at discount rates to everyone who is affected by expensive local prices. Our company is a professionally managed distributor of generic drugs, research chemicals and medications. We provide high-quality services.<\/p>\n<p>We are aimed at supplying customers all over the world with <a href=\"http:\/\/purelabchem.com\/sk\/\">v\u00fdskumn\u00e9 chemik\u00e1lie<\/a> and medications of high quality at lowest prices thus helping to save their money and time. The most important element of any successful company is a high quality product. That is why we pay attention to the quality of the medications. Pure Lab Chem deals with the most reliable and professional manufactures and all the drugs are dispensed by licensed pharmacists.<\/p>\n\n[\/text_box]\n\n[\/ux_banner]\n[row]\n\n[col span__sm=&#8221;12&#8243;]\n\n<p class=\"lead text-center\">You can order a product very quickly and easily. You can place an order by filling it in online. That is the most easy way for people who prefer the convenience of online ordering. Our delivery service will provide you with your order in the shortest possible time! Our customer service is opened to everyone and requires no signup. We are happy to help you!<\/p>\n[divider align=&#8221;center&#8221;]\n\n\n[\/col]\n[col span=&#8221;3&#8243; span__sm=&#8221;12&#8243;]\n\n\n[\/col]\n[col span=&#8221;3&#8243; span__sm=&#8221;12&#8243;]\n\n\n[\/col]\n[col span=&#8221;3&#8243; span__sm=&#8221;12&#8243;]\n\n\n[\/col]\n[col span=&#8221;3&#8243; span__sm=&#8221;12&#8243;]\n\n\n[\/col]\n\n[\/row]","protected":false},"excerpt":{"rendered":"","protected":false},"author":1,"featured_media":494,"parent":0,"menu_order":0,"comment_status":"closed","ping_status":"closed","template":"page-transparent-header-light.php","meta":{"_joinchat":[],"footnotes":""},"class_list":["post-568","page","type-page","status-publish","has-post-thumbnail","hentry"],"yoast_head":"<!-- This site is optimized with the Yoast SEO Premium plugin v22.5 (Yoast SEO v25.6) - https:\/\/yoast.com\/wordpress\/plugins\/seo\/ -->\n<title>About Us - Pure Lab Research Chem<\/title>\n<meta name=\"robots\" content=\"index, follow, max-snippet:-1, max-image-preview:large, max-video-preview:-1\" \/>\n<link rel=\"canonical\" href=\"https:\/\/purelabchem.com\/sk\/about\/\" \/>\n<meta property=\"og:locale\" content=\"sk_SK\" \/>\n<meta property=\"og:type\" content=\"article\" \/>\n<meta property=\"og:title\" content=\"About Us\" \/>\n<meta property=\"og:url\" content=\"https:\/\/purelabchem.com\/sk\/about\/\" \/>\n<meta property=\"og:site_name\" content=\"Pure Lab Research Chem\" \/>\n<meta property=\"article:modified_time\" content=\"2023-08-29T16:45:36+00:00\" \/>\n<meta property=\"og:image\" content=\"https:\/\/purelabchem.com\/wp-content\/uploads\/2016\/08\/dummy-1.jpg\" \/>\n\t<meta property=\"og:image:width\" content=\"400\" \/>\n\t<meta property=\"og:image:height\" content=\"260\" \/>\n\t<meta property=\"og:image:type\" content=\"image\/jpeg\" \/>\n<meta name=\"twitter:card\" content=\"summary_large_image\" \/>\n<meta name=\"twitter:label1\" content=\"Predpokladan\u00fd \u010das \u010d\u00edtania\" \/>\n\t<meta name=\"twitter:data1\" content=\"1 min\u00fata\" \/>\n<script type=\"application\/ld+json\" class=\"yoast-schema-graph\">{\"@context\":\"https:\/\/schema.org\",\"@graph\":[{\"@type\":\"WebPage\",\"@id\":\"https:\/\/purelabchem.com\/about\/\",\"url\":\"https:\/\/purelabchem.com\/about\/\",\"name\":\"About Us - Pure Lab Research Chem\",\"isPartOf\":{\"@id\":\"https:\/\/purelabchem.com\/#website\"},\"primaryImageOfPage\":{\"@id\":\"https:\/\/purelabchem.com\/about\/#primaryimage\"},\"image\":{\"@id\":\"https:\/\/purelabchem.com\/about\/#primaryimage\"},\"thumbnailUrl\":\"https:\/\/purelabchem.com\/wp-content\/uploads\/2016\/08\/dummy-1.jpg\",\"datePublished\":\"2013-08-11T19:06:15+00:00\",\"dateModified\":\"2023-08-29T16:45:36+00:00\",\"breadcrumb\":{\"@id\":\"https:\/\/purelabchem.com\/about\/#breadcrumb\"},\"inLanguage\":\"sk-SK\",\"potentialAction\":[{\"@type\":\"ReadAction\",\"target\":[\"https:\/\/purelabchem.com\/about\/\"]}]},{\"@type\":\"ImageObject\",\"inLanguage\":\"sk-SK\",\"@id\":\"https:\/\/purelabchem.com\/about\/#primaryimage\",\"url\":\"https:\/\/purelabchem.com\/wp-content\/uploads\/2016\/08\/dummy-1.jpg\",\"contentUrl\":\"https:\/\/purelabchem.com\/wp-content\/uploads\/2016\/08\/dummy-1.jpg\",\"width\":400,\"height\":260},{\"@type\":\"BreadcrumbList\",\"@id\":\"https:\/\/purelabchem.com\/about\/#breadcrumb\",\"itemListElement\":[{\"@type\":\"ListItem\",\"position\":1,\"name\":\"Home\",\"item\":\"https:\/\/purelabchem.com\/\"},{\"@type\":\"ListItem\",\"position\":2,\"name\":\"About Us\"}]},{\"@type\":\"WebSite\",\"@id\":\"https:\/\/purelabchem.com\/#website\",\"url\":\"https:\/\/purelabchem.com\/\",\"name\":\"Pure Lab Research Chem\",\"description\":\"Best Online Store To Buy Top Quality Research Chemicals\",\"potentialAction\":[{\"@type\":\"SearchAction\",\"target\":{\"@type\":\"EntryPoint\",\"urlTemplate\":\"https:\/\/purelabchem.com\/?s={search_term_string}\"},\"query-input\":{\"@type\":\"PropertyValueSpecification\",\"valueRequired\":true,\"valueName\":\"search_term_string\"}}],\"inLanguage\":\"sk-SK\"}]}<\/script>\n<!-- \/ Yoast SEO Premium plugin. -->","yoast_head_json":{"title":"About Us - Pure Lab Research Chem","robots":{"index":"index","follow":"follow","max-snippet":"max-snippet:-1","max-image-preview":"max-image-preview:large","max-video-preview":"max-video-preview:-1"},"canonical":"https:\/\/purelabchem.com\/sk\/about\/","og_locale":"sk_SK","og_type":"article","og_title":"About Us","og_url":"https:\/\/purelabchem.com\/sk\/about\/","og_site_name":"Pure Lab Research Chem","article_modified_time":"2023-08-29T16:45:36+00:00","og_image":[{"width":400,"height":260,"url":"https:\/\/purelabchem.com\/wp-content\/uploads\/2016\/08\/dummy-1.jpg","type":"image\/jpeg"}],"twitter_card":"summary_large_image","twitter_misc":{"Predpokladan\u00fd \u010das \u010d\u00edtania":"1 min\u00fata"},"schema":{"@context":"https:\/\/schema.org","@graph":[{"@type":"WebPage","@id":"https:\/\/purelabchem.com\/about\/","url":"https:\/\/purelabchem.com\/about\/","name":"About Us - Pure Lab Research Chem","isPartOf":{"@id":"https:\/\/purelabchem.com\/#website"},"primaryImageOfPage":{"@id":"https:\/\/purelabchem.com\/about\/#primaryimage"},"image":{"@id":"https:\/\/purelabchem.com\/about\/#primaryimage"},"thumbnailUrl":"https:\/\/purelabchem.com\/wp-content\/uploads\/2016\/08\/dummy-1.jpg","datePublished":"2013-08-11T19:06:15+00:00","dateModified":"2023-08-29T16:45:36+00:00","breadcrumb":{"@id":"https:\/\/purelabchem.com\/about\/#breadcrumb"},"inLanguage":"sk-SK","potentialAction":[{"@type":"ReadAction","target":["https:\/\/purelabchem.com\/about\/"]}]},{"@type":"ImageObject","inLanguage":"sk-SK","@id":"https:\/\/purelabchem.com\/about\/#primaryimage","url":"https:\/\/purelabchem.com\/wp-content\/uploads\/2016\/08\/dummy-1.jpg","contentUrl":"https:\/\/purelabchem.com\/wp-content\/uploads\/2016\/08\/dummy-1.jpg","width":400,"height":260},{"@type":"BreadcrumbList","@id":"https:\/\/purelabchem.com\/about\/#breadcrumb","itemListElement":[{"@type":"ListItem","position":1,"name":"Home","item":"https:\/\/purelabchem.com\/"},{"@type":"ListItem","position":2,"name":"About Us"}]},{"@type":"WebSite","@id":"https:\/\/purelabchem.com\/#website","url":"https:\/\/purelabchem.com\/","name":"\u010cist\u00fd laborat\u00f3rny v\u00fdskum Chem","description":"Najlep\u0161\u00ed online obchod na n\u00e1kup najkvalitnej\u0161\u00edch v\u00fdskumn\u00fdch chemik\u00e1li\u00ed","potentialAction":[{"@type":"SearchAction","target":{"@type":"EntryPoint","urlTemplate":"https:\/\/purelabchem.com\/?s={search_term_string}"},"query-input":{"@type":"PropertyValueSpecification","valueRequired":true,"valueName":"search_term_string"}}],"inLanguage":"sk-SK"}]}},"_links":{"self":[{"href":"https:\/\/purelabchem.com\/sk\/wp-json\/wp\/v2\/pages\/568","targetHints":{"allow":["GET"]}}],"collection":[{"href":"https:\/\/purelabchem.com\/sk\/wp-json\/wp\/v2\/pages"}],"about":[{"href":"https:\/\/purelabchem.com\/sk\/wp-json\/wp\/v2\/types\/page"}],"author":[{"embeddable":true,"href":"https:\/\/purelabchem.com\/sk\/wp-json\/wp\/v2\/users\/1"}],"replies":[{"embeddable":true,"href":"https:\/\/purelabchem.com\/sk\/wp-json\/wp\/v2\/comments?post=568"}],"version-history":[{"count":0,"href":"https:\/\/purelabchem.com\/sk\/wp-json\/wp\/v2\/pages\/568\/revisions"}],"wp:featuredmedia":[{"embeddable":true,"href":"https:\/\/purelabchem.com\/sk\/wp-json\/wp\/v2\/media\/494"}],"wp:attachment":[{"href":"https:\/\/purelabchem.com\/sk\/wp-json\/wp\/v2\/media?parent=568"}],"curies":[{"name":"wp","href":"https:\/\/api.w.org\/{rel}","templated":true}]}}