{"id":55,"date":"2023-07-29T07:08:31","date_gmt":"2023-07-29T07:08:31","guid":{"rendered":"https:\/\/purelabchem.com\/?post_type=product&#038;p=55"},"modified":"2023-10-17T23:36:40","modified_gmt":"2023-10-17T23:36:40","slug":"am-2201","status":"publish","type":"product","link":"https:\/\/purelabchem.com\/pt\/product\/am-2201\/","title":{"rendered":"AM-2201"},"content":{"rendered":"<h1>AM-2201 For Sale | Research Chem Best Online Shop<\/h1>\n<p>AM-2201 is a recreational designer drug that acts as a potent but nonselective full agonist for the\u00a0cannabinoid (https:\/\/bestresearchchemicalvendor.com\/product\/am-2201\/)\u00a0receptor. It is part of the AM series of cannabinoids discovered by Alexandros Makriyannis at Northeastern University<\/p>","protected":false},"excerpt":{"rendered":"<p>AM-2201 For Sale | Research Chem Best Online Shop AM-2201 is a recreational designer drug that acts as a potent but nonselective full agonist for the\u00a0cannabinoid (https:\/\/bestresearchchemicalvendor.com\/product\/am-2201\/)\u00a0receptor. It is part of the AM series of cannabinoids discovered by Alexandros Makriyannis at Northeastern University<\/p>","protected":false},"featured_media":56,"comment_status":"open","ping_status":"closed","template":"","meta":[],"product_brand":[],"product_cat":[64],"product_tag":[],"class_list":{"0":"post-55","1":"product","2":"type-product","3":"status-publish","4":"has-post-thumbnail","6":"product_cat-research-chemicals","8":"first","9":"instock","10":"shipping-taxable","11":"purchasable","12":"product-type-variable"},"yoast_head":"<!-- This site is optimized with the Yoast SEO Premium plugin v22.5 (Yoast SEO v25.6) - https:\/\/yoast.com\/wordpress\/plugins\/seo\/ -->\n<title>AM-2201 - Pure Lab Research Chem<\/title>\n<meta name=\"description\" content=\"AM-2201 For Sale | Research Chem Best Online Shop AM-2201 is a recreational designer drug that acts as a potent but nonselective full agonist for Best Online Store To Buy Top Quality Research Chemicals\" \/>\n<meta name=\"robots\" content=\"index, follow, max-snippet:-1, max-image-preview:large, max-video-preview:-1\" \/>\n<link rel=\"canonical\" href=\"https:\/\/purelabchem.com\/pt\/product\/am-2201\/\" \/>\n<meta property=\"og:locale\" content=\"pt_PT\" \/>\n<meta property=\"og:type\" content=\"article\" \/>\n<meta property=\"og:title\" content=\"AM-2201\" \/>\n<meta property=\"og:description\" content=\"AM-2201 For Sale | Research Chem Best Online Shop AM-2201 is a recreational designer drug that acts as a potent but nonselective full agonist for Best Online Store To Buy Top Quality Research Chemicals\" \/>\n<meta property=\"og:url\" content=\"https:\/\/purelabchem.com\/pt\/product\/am-2201\/\" \/>\n<meta property=\"og:site_name\" content=\"Pure Lab Research Chem\" \/>\n<meta property=\"article:modified_time\" content=\"2023-10-17T23:36:40+00:00\" \/>\n<meta property=\"og:image\" content=\"https:\/\/purelabchem.com\/wp-content\/uploads\/2023\/07\/photo_2023-07-29_08-08-04.jpg\" \/>\n\t<meta property=\"og:image:width\" content=\"450\" \/>\n\t<meta property=\"og:image:height\" content=\"450\" \/>\n\t<meta property=\"og:image:type\" content=\"image\/jpeg\" \/>\n<meta name=\"twitter:card\" content=\"summary_large_image\" \/>\n<script type=\"application\/ld+json\" class=\"yoast-schema-graph\">{\"@context\":\"https:\/\/schema.org\",\"@graph\":[{\"@type\":\"WebPage\",\"@id\":\"https:\/\/purelabchem.com\/product\/am-2201\/\",\"url\":\"https:\/\/purelabchem.com\/product\/am-2201\/\",\"name\":\"AM-2201 - Pure Lab Research Chem\",\"isPartOf\":{\"@id\":\"https:\/\/purelabchem.com\/#website\"},\"primaryImageOfPage\":{\"@id\":\"https:\/\/purelabchem.com\/product\/am-2201\/#primaryimage\"},\"image\":{\"@id\":\"https:\/\/purelabchem.com\/product\/am-2201\/#primaryimage\"},\"thumbnailUrl\":\"https:\/\/purelabchem.com\/wp-content\/uploads\/2023\/07\/photo_2023-07-29_08-08-04.jpg\",\"datePublished\":\"2023-07-29T07:08:31+00:00\",\"dateModified\":\"2023-10-17T23:36:40+00:00\",\"description\":\"AM-2201 For Sale | Research Chem Best Online Shop AM-2201 is a recreational designer drug that acts as a potent but nonselective full agonist for Best Online Store To Buy Top Quality Research Chemicals\",\"breadcrumb\":{\"@id\":\"https:\/\/purelabchem.com\/product\/am-2201\/#breadcrumb\"},\"inLanguage\":\"pt-PT\",\"potentialAction\":[{\"@type\":\"ReadAction\",\"target\":[\"https:\/\/purelabchem.com\/product\/am-2201\/\"]}]},{\"@type\":\"ImageObject\",\"inLanguage\":\"pt-PT\",\"@id\":\"https:\/\/purelabchem.com\/product\/am-2201\/#primaryimage\",\"url\":\"https:\/\/purelabchem.com\/wp-content\/uploads\/2023\/07\/photo_2023-07-29_08-08-04.jpg\",\"contentUrl\":\"https:\/\/purelabchem.com\/wp-content\/uploads\/2023\/07\/photo_2023-07-29_08-08-04.jpg\",\"width\":450,\"height\":450,\"caption\":\"AM-2201\"},{\"@type\":\"BreadcrumbList\",\"@id\":\"https:\/\/purelabchem.com\/product\/am-2201\/#breadcrumb\",\"itemListElement\":[{\"@type\":\"ListItem\",\"position\":1,\"name\":\"Home\",\"item\":\"https:\/\/purelabchem.com\/\"},{\"@type\":\"ListItem\",\"position\":2,\"name\":\"AM-2201\"}]},{\"@type\":\"WebSite\",\"@id\":\"https:\/\/purelabchem.com\/#website\",\"url\":\"https:\/\/purelabchem.com\/\",\"name\":\"Pure Lab Research Chem\",\"description\":\"Best Online Store To Buy Top Quality Research Chemicals\",\"potentialAction\":[{\"@type\":\"SearchAction\",\"target\":{\"@type\":\"EntryPoint\",\"urlTemplate\":\"https:\/\/purelabchem.com\/?s={search_term_string}\"},\"query-input\":{\"@type\":\"PropertyValueSpecification\",\"valueRequired\":true,\"valueName\":\"search_term_string\"}}],\"inLanguage\":\"pt-PT\"}]}<\/script>\n<!-- \/ Yoast SEO Premium plugin. -->","yoast_head_json":{"title":"AM-2201 - Pure Lab Research Chem","description":"AM-2201 For Sale | Research Chem Best Online Shop AM-2201 is a recreational designer drug that acts as a potent but nonselective full agonist for Best Online Store To Buy Top Quality Research Chemicals","robots":{"index":"index","follow":"follow","max-snippet":"max-snippet:-1","max-image-preview":"max-image-preview:large","max-video-preview":"max-video-preview:-1"},"canonical":"https:\/\/purelabchem.com\/pt\/product\/am-2201\/","og_locale":"pt_PT","og_type":"article","og_title":"AM-2201","og_description":"AM-2201 For Sale | Research Chem Best Online Shop AM-2201 is a recreational designer drug that acts as a potent but nonselective full agonist for Best Online Store To Buy Top Quality Research Chemicals","og_url":"https:\/\/purelabchem.com\/pt\/product\/am-2201\/","og_site_name":"Pure Lab Research Chem","article_modified_time":"2023-10-17T23:36:40+00:00","og_image":[{"width":450,"height":450,"url":"https:\/\/purelabchem.com\/wp-content\/uploads\/2023\/07\/photo_2023-07-29_08-08-04.jpg","type":"image\/jpeg"}],"twitter_card":"summary_large_image","schema":{"@context":"https:\/\/schema.org","@graph":[{"@type":"WebPage","@id":"https:\/\/purelabchem.com\/product\/am-2201\/","url":"https:\/\/purelabchem.com\/product\/am-2201\/","name":"AM-2201 - Pure Lab Research Chem","isPartOf":{"@id":"https:\/\/purelabchem.com\/#website"},"primaryImageOfPage":{"@id":"https:\/\/purelabchem.com\/product\/am-2201\/#primaryimage"},"image":{"@id":"https:\/\/purelabchem.com\/product\/am-2201\/#primaryimage"},"thumbnailUrl":"https:\/\/purelabchem.com\/wp-content\/uploads\/2023\/07\/photo_2023-07-29_08-08-04.jpg","datePublished":"2023-07-29T07:08:31+00:00","dateModified":"2023-10-17T23:36:40+00:00","description":"AM-2201 For Sale | Research Chem Best Online Shop AM-2201 is a recreational designer drug that acts as a potent but nonselective full agonist for Best Online Store To Buy Top Quality Research Chemicals","breadcrumb":{"@id":"https:\/\/purelabchem.com\/product\/am-2201\/#breadcrumb"},"inLanguage":"pt-PT","potentialAction":[{"@type":"ReadAction","target":["https:\/\/purelabchem.com\/product\/am-2201\/"]}]},{"@type":"ImageObject","inLanguage":"pt-PT","@id":"https:\/\/purelabchem.com\/product\/am-2201\/#primaryimage","url":"https:\/\/purelabchem.com\/wp-content\/uploads\/2023\/07\/photo_2023-07-29_08-08-04.jpg","contentUrl":"https:\/\/purelabchem.com\/wp-content\/uploads\/2023\/07\/photo_2023-07-29_08-08-04.jpg","width":450,"height":450,"caption":"AM-2201"},{"@type":"BreadcrumbList","@id":"https:\/\/purelabchem.com\/product\/am-2201\/#breadcrumb","itemListElement":[{"@type":"ListItem","position":1,"name":"Home","item":"https:\/\/purelabchem.com\/"},{"@type":"ListItem","position":2,"name":"AM-2201"}]},{"@type":"WebSite","@id":"https:\/\/purelabchem.com\/#website","url":"https:\/\/purelabchem.com\/","name":"Pure Lab Research Chem","description":"A melhor loja online para comprar produtos qu\u00edmicos de investiga\u00e7\u00e3o de alta qualidade","potentialAction":[{"@type":"SearchAction","target":{"@type":"EntryPoint","urlTemplate":"https:\/\/purelabchem.com\/?s={search_term_string}"},"query-input":{"@type":"PropertyValueSpecification","valueRequired":true,"valueName":"search_term_string"}}],"inLanguage":"pt-PT"}]}},"_links":{"self":[{"href":"https:\/\/purelabchem.com\/pt\/wp-json\/wp\/v2\/product\/55","targetHints":{"allow":["GET"]}}],"collection":[{"href":"https:\/\/purelabchem.com\/pt\/wp-json\/wp\/v2\/product"}],"about":[{"href":"https:\/\/purelabchem.com\/pt\/wp-json\/wp\/v2\/types\/product"}],"replies":[{"embeddable":true,"href":"https:\/\/purelabchem.com\/pt\/wp-json\/wp\/v2\/comments?post=55"}],"wp:featuredmedia":[{"embeddable":true,"href":"https:\/\/purelabchem.com\/pt\/wp-json\/wp\/v2\/media\/56"}],"wp:attachment":[{"href":"https:\/\/purelabchem.com\/pt\/wp-json\/wp\/v2\/media?parent=55"}],"wp:term":[{"taxonomy":"product_brand","embeddable":true,"href":"https:\/\/purelabchem.com\/pt\/wp-json\/wp\/v2\/product_brand?post=55"},{"taxonomy":"product_cat","embeddable":true,"href":"https:\/\/purelabchem.com\/pt\/wp-json\/wp\/v2\/product_cat?post=55"},{"taxonomy":"product_tag","embeddable":true,"href":"https:\/\/purelabchem.com\/pt\/wp-json\/wp\/v2\/product_tag?post=55"}],"curies":[{"name":"wp","href":"https:\/\/api.w.org\/{rel}","templated":true}]}}