{"id":479,"date":"2023-07-29T16:32:53","date_gmt":"2023-07-29T16:32:53","guid":{"rendered":"https:\/\/purelabchem.com\/?post_type=product&#038;p=479"},"modified":"2025-08-20T23:45:17","modified_gmt":"2025-08-20T23:45:17","slug":"concentrated-sextacy-bath-salts","status":"publish","type":"product","link":"https:\/\/purelabchem.com\/pt\/product\/concentrated-sextacy-bath-salts\/","title":{"rendered":"Concentrated Sextacy Bath Salts"},"content":{"rendered":"<h1><strong>Elevate Your Sexual Experience with Concentrated Sextacy Bath Salts for Sale<\/strong><\/h1>\n<p><span class=\"wordai-block rewrite-block enable-highlight\" data-id=\"8\">This is the more powerful version of a top quality and premium product that is very like Ivory Wave but with additional ingredients added, so it has become a great Aphrodisiac.<\/span>\u00a0<span class=\"wordai-block rewrite-block enable-highlight\" data-id=\"6\">However, it can make you extremely horny and will put you in wonderland in the middle of your bath.<\/span>\u00a0<span class=\"wordai-block rewrite-block enable-highlight active\" data-id=\"7\">Don&#8217;t be shocked when you end up lasting 6+ hours on your loved one. We advice you to take precaution and start small, it&#8217;s extremely powerful and will cause your bath to be very rapid.<\/span>\u00a0<span class=\"wordai-block rewrite-block enable-highlight\" data-id=\"2\">Start with a tiny amounts.<\/span>\u00a0<span class=\"wordai-block rewrite-block enable-highlight\" data-id=\"3\">The process takes around 10 minutes and will last between 6 and 9 hours.<\/span>\u00a0<span class=\"wordai-block rewrite-block enable-highlight\" data-id=\"5\">However, Sextacy bath salt is quite like Ivory Ultra but it still retains its own unique flavor.<\/span>\u00a0<span class=\"wordai-block rewrite-block enable-highlight\" data-id=\"4\">But, it&#8217;s a great product highly recommended, but with caution and please be sure to keep submitting feedback!<\/span>\u00a0<span class=\"wordai-block rewrite-block enable-highlight\" data-id=\"1\">A MUST TRY!<\/span><\/p>","protected":false},"excerpt":{"rendered":"<p>Elevate Your Sexual Experience with Concentrated Sextacy Bath Salts for Sale This is the more powerful version of a top quality and premium product that is very like Ivory Wave but with additional ingredients added, so it has become a great Aphrodisiac.\u00a0However, it can make you extremely horny and will put you in wonderland in [&#8230;]\n","protected":false},"featured_media":480,"comment_status":"open","ping_status":"closed","template":"","meta":{"_joinchat":[]},"product_brand":[],"product_cat":[76],"product_tag":[162,164,271,281,310,308,168,298,291,283,312,301,306,304,293,277,314,295,279,297,272,284,274,269,318,316,302,320,166,165,286,288,163,167,321,270,280,311,309,290,282,313,300,305,292,276,315,278,296,273,268,319,317,287,275,307,294,285,303,299,289],"class_list":{"0":"post-479","1":"product","2":"type-product","3":"status-publish","4":"has-post-thumbnail","6":"product_cat-bath-salts","7":"product_tag-buy-concentrated-sextacy-bath-salts","8":"product_tag-buy-concentrated-sextacy-bath-salts-anywhere","9":"product_tag-buy-concentrated-sextacy-bath-salts-in-brno","10":"product_tag-buy-concentrated-sextacy-bath-salts-in-ceske-budejovice","11":"product_tag-buy-concentrated-sextacy-bath-salts-in-chomutov","12":"product_tag-buy-concentrated-sextacy-bath-salts-in-decin","13":"product_tag-buy-concentrated-sextacy-bath-salts-in-europe","14":"product_tag-buy-concentrated-sextacy-bath-salts-in-frydek-mistek","15":"product_tag-buy-concentrated-sextacy-bath-salts-in-havirov","16":"product_tag-buy-concentrated-sextacy-bath-salts-in-hradec-kralove","17":"product_tag-buy-concentrated-sextacy-bath-salts-in-jablonec-nad-nisou","18":"product_tag-buy-concentrated-sextacy-bath-salts-in-jihlava","19":"product_tag-buy-concentrated-sextacy-bath-salts-in-karlovy-vary","20":"product_tag-buy-concentrated-sextacy-bath-salts-in-karvina","21":"product_tag-buy-concentrated-sextacy-bath-salts-in-kladno","22":"product_tag-buy-concentrated-sextacy-bath-salts-in-liberec","23":"product_tag-buy-concentrated-sextacy-bath-salts-in-mlada-boleslav","24":"product_tag-buy-concentrated-sextacy-bath-salts-in-most","25":"product_tag-buy-concentrated-sextacy-bath-salts-in-olomouc","26":"product_tag-buy-concentrated-sextacy-bath-salts-in-opava","27":"product_tag-buy-concentrated-sextacy-bath-salts-in-ostrava","28":"product_tag-buy-concentrated-sextacy-bath-salts-in-pardubice","29":"product_tag-buy-concentrated-sextacy-bath-salts-in-plzen","30":"product_tag-buy-concentrated-sextacy-bath-salts-in-prague","31":"product_tag-buy-concentrated-sextacy-bath-salts-in-prerov","32":"product_tag-buy-concentrated-sextacy-bath-salts-in-prostejov","33":"product_tag-buy-concentrated-sextacy-bath-salts-in-teplice","34":"product_tag-buy-concentrated-sextacy-bath-salts-in-trinec","35":"product_tag-buy-concentrated-sextacy-bath-salts-in-uk","36":"product_tag-buy-concentrated-sextacy-bath-salts-in-us","37":"product_tag-buy-concentrated-sextacy-bath-salts-in-usti-nad-labem","38":"product_tag-buy-concentrated-sextacy-bath-salts-in-zlin","39":"product_tag-buy-concentrated-sextacy-bath-salts-online","40":"product_tag-buy-concentrated-sextacy-bath-salts-worldwide","41":"product_tag-koupit-koncentrovane-soli-do-koupele-sextacy-v-trinci","42":"product_tag-kupte-si-koncentrovane-soli-do-koupele-sextacy-v-brne","43":"product_tag-kupte-si-koncentrovane-soli-do-koupele-sextacy-v-ceskych-budejovicich","44":"product_tag-kupte-si-koncentrovane-soli-do-koupele-sextacy-v-chomutove","45":"product_tag-kupte-si-koncentrovane-soli-do-koupele-sextacy-v-decine","46":"product_tag-kupte-si-koncentrovane-soli-do-koupele-sextacy-v-havirove","47":"product_tag-kupte-si-koncentrovane-soli-do-koupele-sextacy-v-hradci-kralove","48":"product_tag-kupte-si-koncentrovane-soli-do-koupele-sextacy-v-jablonci-nad-nisou","49":"product_tag-kupte-si-koncentrovane-soli-do-koupele-sextacy-v-jihlave","50":"product_tag-kupte-si-koncentrovane-soli-do-koupele-sextacy-v-karvine","51":"product_tag-kupte-si-koncentrovane-soli-do-koupele-sextacy-v-kladne","52":"product_tag-kupte-si-koncentrovane-soli-do-koupele-sextacy-v-liberci","53":"product_tag-kupte-si-koncentrovane-soli-do-koupele-sextacy-v-mlade-boleslavi","54":"product_tag-kupte-si-koncentrovane-soli-do-koupele-sextacy-v-olomouci","55":"product_tag-kupte-si-koncentrovane-soli-do-koupele-sextacy-v-opave","56":"product_tag-kupte-si-koncentrovane-soli-do-koupele-sextacy-v-ostrave","57":"product_tag-kupte-si-koncentrovane-soli-do-koupele-sextacy-v-praze","58":"product_tag-kupte-si-koncentrovane-soli-do-koupele-sextacy-v-prerove","59":"product_tag-kupte-si-koncentrovane-soli-do-koupele-sextacy-v-prostejove","60":"product_tag-kupte-si-koncentrovane-soli-do-koupele-sextacy-v-usti-nad-labem","61":"product_tag-kupte-si-koncentrovanou-sextacni-koupelovou-sul-v-plzni","62":"product_tag-kupte-si-v-karlovych-varech-koncentrovanou-koupelovou-sul-sextacy","63":"product_tag-kupte-si-v-moste-koncentrovanou-koupelovou-sul-sextacy","64":"product_tag-kupte-si-v-pardubicich-koncentrovane-soli-do-koupele-sextacy","65":"product_tag-kupte-si-v-teplicich-koncentrovanou-koupelovou-sul-sextacy","66":"product_tag-kupte-si-ve-frydku-mistku-koncentrovane-soli-do-koupele-sextacy","67":"product_tag-kupte-si-ve-zline-koncentrovane-soli-do-koupele-sextacy","69":"first","70":"instock","71":"shipping-taxable","72":"purchasable","73":"product-type-simple"},"yoast_head":"<!-- This site is optimized with the Yoast SEO Premium plugin v22.5 (Yoast SEO v27.4) - https:\/\/yoast.com\/product\/yoast-seo-premium-wordpress\/ -->\n<title>Concentrated Sextacy Bath Salts for sale online - Buy with Crypto!<\/title>\n<meta name=\"description\" content=\"Concentrated Sextacy Bath Salts for sale online near me. Buy cheap bath salts online with BTC and receive your order via 24 hours fast &amp; discreet delivery.\" \/>\n<meta name=\"robots\" content=\"index, follow, max-snippet:-1, max-image-preview:large, max-video-preview:-1\" \/>\n<link rel=\"canonical\" href=\"https:\/\/purelabchem.com\/pt\/product\/concentrated-sextacy-bath-salts\/\" \/>\n<meta property=\"og:locale\" content=\"pt_PT\" \/>\n<meta property=\"og:type\" content=\"article\" \/>\n<meta property=\"og:title\" content=\"Concentrated Sextacy Bath Salts\" \/>\n<meta property=\"og:description\" content=\"Concentrated Sextacy Bath Salts for sale online near me. Buy cheap bath salts online with BTC and receive your order via 24 hours fast &amp; discreet delivery.\" \/>\n<meta property=\"og:url\" content=\"https:\/\/purelabchem.com\/pt\/product\/concentrated-sextacy-bath-salts\/\" \/>\n<meta property=\"og:site_name\" content=\"Pure Lab Research Chem\" \/>\n<meta property=\"article:modified_time\" content=\"2025-08-20T23:45:17+00:00\" \/>\n<meta property=\"og:image\" content=\"https:\/\/purelabchem.com\/wp-content\/uploads\/2023\/07\/photo_2023-07-29_17-32-19.jpg\" \/>\n\t<meta property=\"og:image:width\" content=\"319\" \/>\n\t<meta property=\"og:image:height\" content=\"445\" \/>\n\t<meta property=\"og:image:type\" content=\"image\/jpeg\" \/>\n<meta name=\"twitter:card\" content=\"summary_large_image\" \/>\n<meta name=\"twitter:label1\" content=\"Tempo estimado de leitura\" \/>\n\t<meta name=\"twitter:data1\" content=\"1 minuto\" \/>\n<script type=\"application\/ld+json\" class=\"yoast-schema-graph\">{\"@context\":\"https:\\\/\\\/schema.org\",\"@graph\":[{\"@type\":\"WebPage\",\"@id\":\"https:\\\/\\\/purelabchem.com\\\/product\\\/concentrated-sextacy-bath-salts\\\/\",\"url\":\"https:\\\/\\\/purelabchem.com\\\/product\\\/concentrated-sextacy-bath-salts\\\/\",\"name\":\"Concentrated Sextacy Bath Salts for sale online - Buy with Crypto!\",\"isPartOf\":{\"@id\":\"https:\\\/\\\/purelabchem.com\\\/#website\"},\"primaryImageOfPage\":{\"@id\":\"https:\\\/\\\/purelabchem.com\\\/product\\\/concentrated-sextacy-bath-salts\\\/#primaryimage\"},\"image\":{\"@id\":\"https:\\\/\\\/purelabchem.com\\\/product\\\/concentrated-sextacy-bath-salts\\\/#primaryimage\"},\"thumbnailUrl\":\"https:\\\/\\\/purelabchem.com\\\/wp-content\\\/uploads\\\/2023\\\/07\\\/photo_2023-07-29_17-32-19.jpg\",\"datePublished\":\"2023-07-29T16:32:53+00:00\",\"dateModified\":\"2025-08-20T23:45:17+00:00\",\"description\":\"Concentrated Sextacy Bath Salts for sale online near me. Buy cheap bath salts online with BTC and receive your order via 24 hours fast & discreet delivery.\",\"breadcrumb\":{\"@id\":\"https:\\\/\\\/purelabchem.com\\\/product\\\/concentrated-sextacy-bath-salts\\\/#breadcrumb\"},\"inLanguage\":\"pt-PT\",\"potentialAction\":[{\"@type\":\"ReadAction\",\"target\":[\"https:\\\/\\\/purelabchem.com\\\/product\\\/concentrated-sextacy-bath-salts\\\/\"]}]},{\"@type\":\"ImageObject\",\"inLanguage\":\"pt-PT\",\"@id\":\"https:\\\/\\\/purelabchem.com\\\/product\\\/concentrated-sextacy-bath-salts\\\/#primaryimage\",\"url\":\"https:\\\/\\\/purelabchem.com\\\/wp-content\\\/uploads\\\/2023\\\/07\\\/photo_2023-07-29_17-32-19.jpg\",\"contentUrl\":\"https:\\\/\\\/purelabchem.com\\\/wp-content\\\/uploads\\\/2023\\\/07\\\/photo_2023-07-29_17-32-19.jpg\",\"width\":319,\"height\":445,\"caption\":\"Concentrated Sextacy Bath Salts\"},{\"@type\":\"BreadcrumbList\",\"@id\":\"https:\\\/\\\/purelabchem.com\\\/product\\\/concentrated-sextacy-bath-salts\\\/#breadcrumb\",\"itemListElement\":[{\"@type\":\"ListItem\",\"position\":1,\"name\":\"Home\",\"item\":\"https:\\\/\\\/purelabchem.com\\\/\"},{\"@type\":\"ListItem\",\"position\":2,\"name\":\"Shop\",\"item\":\"https:\\\/\\\/purelabchem.com\\\/shop\\\/\"},{\"@type\":\"ListItem\",\"position\":3,\"name\":\"Concentrated Sextacy Bath Salts\"}]},{\"@type\":\"WebSite\",\"@id\":\"https:\\\/\\\/purelabchem.com\\\/#website\",\"url\":\"https:\\\/\\\/purelabchem.com\\\/\",\"name\":\"Pure Lab Research Chem\",\"description\":\"Best Online Store To Buy Top Quality Research Chemicals\",\"potentialAction\":[{\"@type\":\"SearchAction\",\"target\":{\"@type\":\"EntryPoint\",\"urlTemplate\":\"https:\\\/\\\/purelabchem.com\\\/?s={search_term_string}\"},\"query-input\":{\"@type\":\"PropertyValueSpecification\",\"valueRequired\":true,\"valueName\":\"search_term_string\"}}],\"inLanguage\":\"pt-PT\"}]}<\/script>\n<!-- \/ Yoast SEO Premium plugin. -->","yoast_head_json":{"title":"Concentrated Sextacy Bath Salts for sale online - Buy with Crypto!","description":"Concentrated Sextacy Bath Salts for sale online near me. Buy cheap bath salts online with BTC and receive your order via 24 hours fast & discreet delivery.","robots":{"index":"index","follow":"follow","max-snippet":"max-snippet:-1","max-image-preview":"max-image-preview:large","max-video-preview":"max-video-preview:-1"},"canonical":"https:\/\/purelabchem.com\/pt\/product\/concentrated-sextacy-bath-salts\/","og_locale":"pt_PT","og_type":"article","og_title":"Concentrated Sextacy Bath Salts","og_description":"Concentrated Sextacy Bath Salts for sale online near me. Buy cheap bath salts online with BTC and receive your order via 24 hours fast & discreet delivery.","og_url":"https:\/\/purelabchem.com\/pt\/product\/concentrated-sextacy-bath-salts\/","og_site_name":"Pure Lab Research Chem","article_modified_time":"2025-08-20T23:45:17+00:00","og_image":[{"width":319,"height":445,"url":"https:\/\/purelabchem.com\/wp-content\/uploads\/2023\/07\/photo_2023-07-29_17-32-19.jpg","type":"image\/jpeg"}],"twitter_card":"summary_large_image","twitter_misc":{"Tempo estimado de leitura":"1 minuto"},"schema":{"@context":"https:\/\/schema.org","@graph":[{"@type":"WebPage","@id":"https:\/\/purelabchem.com\/product\/concentrated-sextacy-bath-salts\/","url":"https:\/\/purelabchem.com\/product\/concentrated-sextacy-bath-salts\/","name":"Concentrated Sextacy Bath Salts for sale online - Buy with Crypto!","isPartOf":{"@id":"https:\/\/purelabchem.com\/#website"},"primaryImageOfPage":{"@id":"https:\/\/purelabchem.com\/product\/concentrated-sextacy-bath-salts\/#primaryimage"},"image":{"@id":"https:\/\/purelabchem.com\/product\/concentrated-sextacy-bath-salts\/#primaryimage"},"thumbnailUrl":"https:\/\/purelabchem.com\/wp-content\/uploads\/2023\/07\/photo_2023-07-29_17-32-19.jpg","datePublished":"2023-07-29T16:32:53+00:00","dateModified":"2025-08-20T23:45:17+00:00","description":"Concentrated Sextacy Bath Salts for sale online near me. Buy cheap bath salts online with BTC and receive your order via 24 hours fast & discreet delivery.","breadcrumb":{"@id":"https:\/\/purelabchem.com\/product\/concentrated-sextacy-bath-salts\/#breadcrumb"},"inLanguage":"pt-PT","potentialAction":[{"@type":"ReadAction","target":["https:\/\/purelabchem.com\/product\/concentrated-sextacy-bath-salts\/"]}]},{"@type":"ImageObject","inLanguage":"pt-PT","@id":"https:\/\/purelabchem.com\/product\/concentrated-sextacy-bath-salts\/#primaryimage","url":"https:\/\/purelabchem.com\/wp-content\/uploads\/2023\/07\/photo_2023-07-29_17-32-19.jpg","contentUrl":"https:\/\/purelabchem.com\/wp-content\/uploads\/2023\/07\/photo_2023-07-29_17-32-19.jpg","width":319,"height":445,"caption":"Concentrated Sextacy Bath Salts"},{"@type":"BreadcrumbList","@id":"https:\/\/purelabchem.com\/product\/concentrated-sextacy-bath-salts\/#breadcrumb","itemListElement":[{"@type":"ListItem","position":1,"name":"Home","item":"https:\/\/purelabchem.com\/"},{"@type":"ListItem","position":2,"name":"Shop","item":"https:\/\/purelabchem.com\/shop\/"},{"@type":"ListItem","position":3,"name":"Concentrated Sextacy Bath Salts"}]},{"@type":"WebSite","@id":"https:\/\/purelabchem.com\/#website","url":"https:\/\/purelabchem.com\/","name":"Pure Lab Research Chem","description":"A melhor loja online para comprar produtos qu\u00edmicos de investiga\u00e7\u00e3o de alta qualidade","potentialAction":[{"@type":"SearchAction","target":{"@type":"EntryPoint","urlTemplate":"https:\/\/purelabchem.com\/?s={search_term_string}"},"query-input":{"@type":"PropertyValueSpecification","valueRequired":true,"valueName":"search_term_string"}}],"inLanguage":"pt-PT"}]}},"_links":{"self":[{"href":"https:\/\/purelabchem.com\/pt\/wp-json\/wp\/v2\/product\/479","targetHints":{"allow":["GET"]}}],"collection":[{"href":"https:\/\/purelabchem.com\/pt\/wp-json\/wp\/v2\/product"}],"about":[{"href":"https:\/\/purelabchem.com\/pt\/wp-json\/wp\/v2\/types\/product"}],"replies":[{"embeddable":true,"href":"https:\/\/purelabchem.com\/pt\/wp-json\/wp\/v2\/comments?post=479"}],"wp:featuredmedia":[{"embeddable":true,"href":"https:\/\/purelabchem.com\/pt\/wp-json\/wp\/v2\/media\/480"}],"wp:attachment":[{"href":"https:\/\/purelabchem.com\/pt\/wp-json\/wp\/v2\/media?parent=479"}],"wp:term":[{"taxonomy":"product_brand","embeddable":true,"href":"https:\/\/purelabchem.com\/pt\/wp-json\/wp\/v2\/product_brand?post=479"},{"taxonomy":"product_cat","embeddable":true,"href":"https:\/\/purelabchem.com\/pt\/wp-json\/wp\/v2\/product_cat?post=479"},{"taxonomy":"product_tag","embeddable":true,"href":"https:\/\/purelabchem.com\/pt\/wp-json\/wp\/v2\/product_tag?post=479"}],"curies":[{"name":"wp","href":"https:\/\/api.w.org\/{rel}","templated":true}]}}