{"id":47,"date":"2023-07-29T07:05:22","date_gmt":"2023-07-29T07:05:22","guid":{"rendered":"https:\/\/purelabchem.com\/?post_type=product&#038;p=47"},"modified":"2023-10-17T23:46:44","modified_gmt":"2023-10-17T23:46:44","slug":"ab-pinaca","status":"publish","type":"product","link":"https:\/\/purelabchem.com\/pt\/product\/ab-pinaca\/","title":{"rendered":"AB-PINACA"},"content":{"rendered":"<h1><strong>AB-PINACA Chemical For Sale Online<\/strong><\/h1>\n[CAS Number 1445752-09-9] AB-PINACA is a synthetic cannabinoid.\u00a0After the DEA scheduled synthetic cannabinoids, AB-PINACA became very popular.\u00a0AB-PINACA is available as reference material (bulk powder and\/or solution) and as calibrated, Ready-to-Use, certified reference material (CRM).\u00a0This product is designed for qualitative and quantitative protocols and can be used for forensic, toxicology, research, and other chemical\/biochemical analytical applications.\u00a0AB-PINACA is not a Schedule I within the US.<\/p>\n","protected":false},"excerpt":{"rendered":"<p>AB-PINACA Chemical For Sale Online [CAS Number 1445752-09-9] AB-PINACA is a synthetic cannabinoid.\u00a0After the DEA scheduled synthetic cannabinoids, AB-PINACA became very popular.\u00a0AB-PINACA is available as reference material (bulk powder and\/or solution) and as calibrated, Ready-to-Use, certified reference material (CRM).\u00a0This product is designed for qualitative and quantitative protocols and can be used for forensic, toxicology, research, [&#8230;]\n","protected":false},"featured_media":48,"comment_status":"open","ping_status":"closed","template":"","meta":{"_joinchat":[]},"product_brand":[],"product_cat":[64],"product_tag":[],"class_list":{"0":"post-47","1":"product","2":"type-product","3":"status-publish","4":"has-post-thumbnail","6":"product_cat-research-chemicals","8":"first","9":"instock","10":"shipping-taxable","11":"purchasable","12":"product-type-variable"},"yoast_head":"<!-- This site is optimized with the Yoast SEO Premium plugin v22.5 (Yoast SEO v27.4) - https:\/\/yoast.com\/product\/yoast-seo-premium-wordpress\/ -->\n<title>AB-PINACA - Pure Lab Research Chem<\/title>\n<meta name=\"description\" content=\"AB-PINACA Chemical For Sale Online AB-PINACA is a synthetic cannabinoid.\u00a0After the DEA scheduled synthetic cannabinoids, AB-PINACA became very Best Online Store To Buy Top Quality Research Chemicals\" \/>\n<meta name=\"robots\" content=\"index, follow, max-snippet:-1, max-image-preview:large, max-video-preview:-1\" \/>\n<link rel=\"canonical\" href=\"https:\/\/purelabchem.com\/pt\/product\/ab-pinaca\/\" \/>\n<meta property=\"og:locale\" content=\"pt_PT\" \/>\n<meta property=\"og:type\" content=\"article\" \/>\n<meta property=\"og:title\" content=\"AB-PINACA\" \/>\n<meta property=\"og:description\" content=\"AB-PINACA Chemical For Sale Online AB-PINACA is a synthetic cannabinoid.\u00a0After the DEA scheduled synthetic cannabinoids, AB-PINACA became very Best Online Store To Buy Top Quality Research Chemicals\" \/>\n<meta property=\"og:url\" content=\"https:\/\/purelabchem.com\/pt\/product\/ab-pinaca\/\" \/>\n<meta property=\"og:site_name\" content=\"Pure Lab Research Chem\" \/>\n<meta property=\"article:modified_time\" content=\"2023-10-17T23:46:44+00:00\" \/>\n<meta property=\"og:image\" content=\"https:\/\/purelabchem.com\/wp-content\/uploads\/2023\/07\/photo_2023-07-29_08-04-52.jpg\" \/>\n\t<meta property=\"og:image:width\" content=\"800\" \/>\n\t<meta property=\"og:image:height\" content=\"600\" \/>\n\t<meta property=\"og:image:type\" content=\"image\/jpeg\" \/>\n<meta name=\"twitter:card\" content=\"summary_large_image\" \/>\n<script type=\"application\/ld+json\" class=\"yoast-schema-graph\">{\"@context\":\"https:\\\/\\\/schema.org\",\"@graph\":[{\"@type\":\"WebPage\",\"@id\":\"https:\\\/\\\/purelabchem.com\\\/product\\\/ab-pinaca\\\/\",\"url\":\"https:\\\/\\\/purelabchem.com\\\/product\\\/ab-pinaca\\\/\",\"name\":\"AB-PINACA - Pure Lab Research Chem\",\"isPartOf\":{\"@id\":\"https:\\\/\\\/purelabchem.com\\\/#website\"},\"primaryImageOfPage\":{\"@id\":\"https:\\\/\\\/purelabchem.com\\\/product\\\/ab-pinaca\\\/#primaryimage\"},\"image\":{\"@id\":\"https:\\\/\\\/purelabchem.com\\\/product\\\/ab-pinaca\\\/#primaryimage\"},\"thumbnailUrl\":\"https:\\\/\\\/purelabchem.com\\\/wp-content\\\/uploads\\\/2023\\\/07\\\/photo_2023-07-29_08-04-52.jpg\",\"datePublished\":\"2023-07-29T07:05:22+00:00\",\"dateModified\":\"2023-10-17T23:46:44+00:00\",\"description\":\"AB-PINACA Chemical For Sale Online AB-PINACA is a synthetic cannabinoid.\u00a0After the DEA scheduled synthetic cannabinoids, AB-PINACA became very Best Online Store To Buy Top Quality Research Chemicals\",\"breadcrumb\":{\"@id\":\"https:\\\/\\\/purelabchem.com\\\/product\\\/ab-pinaca\\\/#breadcrumb\"},\"inLanguage\":\"pt-PT\",\"potentialAction\":[{\"@type\":\"ReadAction\",\"target\":[\"https:\\\/\\\/purelabchem.com\\\/product\\\/ab-pinaca\\\/\"]}]},{\"@type\":\"ImageObject\",\"inLanguage\":\"pt-PT\",\"@id\":\"https:\\\/\\\/purelabchem.com\\\/product\\\/ab-pinaca\\\/#primaryimage\",\"url\":\"https:\\\/\\\/purelabchem.com\\\/wp-content\\\/uploads\\\/2023\\\/07\\\/photo_2023-07-29_08-04-52.jpg\",\"contentUrl\":\"https:\\\/\\\/purelabchem.com\\\/wp-content\\\/uploads\\\/2023\\\/07\\\/photo_2023-07-29_08-04-52.jpg\",\"width\":800,\"height\":600,\"caption\":\"AB-PINACA\"},{\"@type\":\"BreadcrumbList\",\"@id\":\"https:\\\/\\\/purelabchem.com\\\/product\\\/ab-pinaca\\\/#breadcrumb\",\"itemListElement\":[{\"@type\":\"ListItem\",\"position\":1,\"name\":\"Home\",\"item\":\"https:\\\/\\\/purelabchem.com\\\/\"},{\"@type\":\"ListItem\",\"position\":2,\"name\":\"Shop\",\"item\":\"https:\\\/\\\/purelabchem.com\\\/shop\\\/\"},{\"@type\":\"ListItem\",\"position\":3,\"name\":\"AB-PINACA\"}]},{\"@type\":\"WebSite\",\"@id\":\"https:\\\/\\\/purelabchem.com\\\/#website\",\"url\":\"https:\\\/\\\/purelabchem.com\\\/\",\"name\":\"Pure Lab Research Chem\",\"description\":\"Best Online Store To Buy Top Quality Research Chemicals\",\"potentialAction\":[{\"@type\":\"SearchAction\",\"target\":{\"@type\":\"EntryPoint\",\"urlTemplate\":\"https:\\\/\\\/purelabchem.com\\\/?s={search_term_string}\"},\"query-input\":{\"@type\":\"PropertyValueSpecification\",\"valueRequired\":true,\"valueName\":\"search_term_string\"}}],\"inLanguage\":\"pt-PT\"}]}<\/script>\n<!-- \/ Yoast SEO Premium plugin. -->","yoast_head_json":{"title":"AB-PINACA - Pure Lab Research Chem","description":"AB-PINACA Chemical For Sale Online AB-PINACA is a synthetic cannabinoid.\u00a0After the DEA scheduled synthetic cannabinoids, AB-PINACA became very Best Online Store To Buy Top Quality Research Chemicals","robots":{"index":"index","follow":"follow","max-snippet":"max-snippet:-1","max-image-preview":"max-image-preview:large","max-video-preview":"max-video-preview:-1"},"canonical":"https:\/\/purelabchem.com\/pt\/product\/ab-pinaca\/","og_locale":"pt_PT","og_type":"article","og_title":"AB-PINACA","og_description":"AB-PINACA Chemical For Sale Online AB-PINACA is a synthetic cannabinoid.\u00a0After the DEA scheduled synthetic cannabinoids, AB-PINACA became very Best Online Store To Buy Top Quality Research Chemicals","og_url":"https:\/\/purelabchem.com\/pt\/product\/ab-pinaca\/","og_site_name":"Pure Lab Research Chem","article_modified_time":"2023-10-17T23:46:44+00:00","og_image":[{"width":800,"height":600,"url":"https:\/\/purelabchem.com\/wp-content\/uploads\/2023\/07\/photo_2023-07-29_08-04-52.jpg","type":"image\/jpeg"}],"twitter_card":"summary_large_image","schema":{"@context":"https:\/\/schema.org","@graph":[{"@type":"WebPage","@id":"https:\/\/purelabchem.com\/product\/ab-pinaca\/","url":"https:\/\/purelabchem.com\/product\/ab-pinaca\/","name":"AB-PINACA - Pure Lab Research Chem","isPartOf":{"@id":"https:\/\/purelabchem.com\/#website"},"primaryImageOfPage":{"@id":"https:\/\/purelabchem.com\/product\/ab-pinaca\/#primaryimage"},"image":{"@id":"https:\/\/purelabchem.com\/product\/ab-pinaca\/#primaryimage"},"thumbnailUrl":"https:\/\/purelabchem.com\/wp-content\/uploads\/2023\/07\/photo_2023-07-29_08-04-52.jpg","datePublished":"2023-07-29T07:05:22+00:00","dateModified":"2023-10-17T23:46:44+00:00","description":"AB-PINACA Chemical For Sale Online AB-PINACA is a synthetic cannabinoid.\u00a0After the DEA scheduled synthetic cannabinoids, AB-PINACA became very Best Online Store To Buy Top Quality Research Chemicals","breadcrumb":{"@id":"https:\/\/purelabchem.com\/product\/ab-pinaca\/#breadcrumb"},"inLanguage":"pt-PT","potentialAction":[{"@type":"ReadAction","target":["https:\/\/purelabchem.com\/product\/ab-pinaca\/"]}]},{"@type":"ImageObject","inLanguage":"pt-PT","@id":"https:\/\/purelabchem.com\/product\/ab-pinaca\/#primaryimage","url":"https:\/\/purelabchem.com\/wp-content\/uploads\/2023\/07\/photo_2023-07-29_08-04-52.jpg","contentUrl":"https:\/\/purelabchem.com\/wp-content\/uploads\/2023\/07\/photo_2023-07-29_08-04-52.jpg","width":800,"height":600,"caption":"AB-PINACA"},{"@type":"BreadcrumbList","@id":"https:\/\/purelabchem.com\/product\/ab-pinaca\/#breadcrumb","itemListElement":[{"@type":"ListItem","position":1,"name":"Home","item":"https:\/\/purelabchem.com\/"},{"@type":"ListItem","position":2,"name":"Shop","item":"https:\/\/purelabchem.com\/shop\/"},{"@type":"ListItem","position":3,"name":"AB-PINACA"}]},{"@type":"WebSite","@id":"https:\/\/purelabchem.com\/#website","url":"https:\/\/purelabchem.com\/","name":"Pure Lab Research Chem","description":"A melhor loja online para comprar produtos qu\u00edmicos de investiga\u00e7\u00e3o de alta qualidade","potentialAction":[{"@type":"SearchAction","target":{"@type":"EntryPoint","urlTemplate":"https:\/\/purelabchem.com\/?s={search_term_string}"},"query-input":{"@type":"PropertyValueSpecification","valueRequired":true,"valueName":"search_term_string"}}],"inLanguage":"pt-PT"}]}},"_links":{"self":[{"href":"https:\/\/purelabchem.com\/pt\/wp-json\/wp\/v2\/product\/47","targetHints":{"allow":["GET"]}}],"collection":[{"href":"https:\/\/purelabchem.com\/pt\/wp-json\/wp\/v2\/product"}],"about":[{"href":"https:\/\/purelabchem.com\/pt\/wp-json\/wp\/v2\/types\/product"}],"replies":[{"embeddable":true,"href":"https:\/\/purelabchem.com\/pt\/wp-json\/wp\/v2\/comments?post=47"}],"wp:featuredmedia":[{"embeddable":true,"href":"https:\/\/purelabchem.com\/pt\/wp-json\/wp\/v2\/media\/48"}],"wp:attachment":[{"href":"https:\/\/purelabchem.com\/pt\/wp-json\/wp\/v2\/media?parent=47"}],"wp:term":[{"taxonomy":"product_brand","embeddable":true,"href":"https:\/\/purelabchem.com\/pt\/wp-json\/wp\/v2\/product_brand?post=47"},{"taxonomy":"product_cat","embeddable":true,"href":"https:\/\/purelabchem.com\/pt\/wp-json\/wp\/v2\/product_cat?post=47"},{"taxonomy":"product_tag","embeddable":true,"href":"https:\/\/purelabchem.com\/pt\/wp-json\/wp\/v2\/product_tag?post=47"}],"curies":[{"name":"wp","href":"https:\/\/api.w.org\/{rel}","templated":true}]}}