{"id":467,"date":"2023-07-29T16:28:05","date_gmt":"2023-07-29T16:28:05","guid":{"rendered":"https:\/\/purelabchem.com\/?post_type=product&#038;p=467"},"modified":"2025-08-20T23:59:12","modified_gmt":"2025-08-20T23:59:12","slug":"concentrated-ivory-dove-bath-salts","status":"publish","type":"product","link":"https:\/\/purelabchem.com\/pt\/product\/concentrated-ivory-dove-bath-salts\/","title":{"rendered":"Sais de banho concentrados Ivory Dove"},"content":{"rendered":"<h1 data-start=\"256\" data-end=\"592\"><strong data-start=\"260\" data-end=\"314\">Concentrated Ivory Dove Bath Salts for Sale Online<\/strong><\/h1>","protected":false},"excerpt":{"rendered":"<p>Concentrated Ivory Dove Bath Salts for Sale Online<\/p>","protected":false},"featured_media":468,"comment_status":"open","ping_status":"closed","template":"","meta":{"_joinchat":[]},"product_brand":[],"product_cat":[76],"product_tag":[670],"class_list":{"0":"post-467","1":"product","2":"type-product","3":"status-publish","4":"has-post-thumbnail","6":"product_cat-bath-salts","7":"product_tag-buy-concentrated-ivory-dove-bath-salts-near-me","9":"first","10":"instock","11":"shipping-taxable","12":"purchasable","13":"product-type-simple"},"yoast_head":"<!-- This site is optimized with the Yoast SEO Premium plugin v22.5 (Yoast SEO v27.4) - https:\/\/yoast.com\/product\/yoast-seo-premium-wordpress\/ -->\n<title>Concentrated Ivory Dove Bath Salts for Sale Online - Discount Sale!<\/title>\n<meta name=\"description\" content=\"Concentrated Ivory Dove Bath Salts for Sale Online cheap with fast and discreet delivery. Shop Concentrated Ivory Dove Bath Salts online with BTC today!\" \/>\n<meta name=\"robots\" content=\"index, follow, max-snippet:-1, max-image-preview:large, max-video-preview:-1\" \/>\n<link rel=\"canonical\" href=\"https:\/\/purelabchem.com\/pt\/product\/concentrated-ivory-dove-bath-salts\/\" \/>\n<meta property=\"og:locale\" content=\"pt_PT\" \/>\n<meta property=\"og:type\" content=\"article\" \/>\n<meta property=\"og:title\" content=\"Concentrated Ivory Dove Bath Salts\" \/>\n<meta property=\"og:description\" content=\"Concentrated Ivory Dove Bath Salts for Sale Online cheap with fast and discreet delivery. Shop Concentrated Ivory Dove Bath Salts online with BTC today!\" \/>\n<meta property=\"og:url\" content=\"https:\/\/purelabchem.com\/pt\/product\/concentrated-ivory-dove-bath-salts\/\" \/>\n<meta property=\"og:site_name\" content=\"Pure Lab Research Chem\" \/>\n<meta property=\"article:modified_time\" content=\"2025-08-20T23:59:12+00:00\" \/>\n<meta property=\"og:image\" content=\"https:\/\/purelabchem.com\/wp-content\/uploads\/2023\/07\/photo_2023-07-29_17-27-39.jpg\" \/>\n\t<meta property=\"og:image:width\" content=\"1152\" \/>\n\t<meta property=\"og:image:height\" content=\"869\" \/>\n\t<meta property=\"og:image:type\" content=\"image\/jpeg\" \/>\n<meta name=\"twitter:card\" content=\"summary_large_image\" \/>\n<meta name=\"twitter:label1\" content=\"Tempo estimado de leitura\" \/>\n\t<meta name=\"twitter:data1\" content=\"1 minuto\" \/>\n<script type=\"application\/ld+json\" class=\"yoast-schema-graph\">{\"@context\":\"https:\\\/\\\/schema.org\",\"@graph\":[{\"@type\":\"WebPage\",\"@id\":\"https:\\\/\\\/purelabchem.com\\\/product\\\/concentrated-ivory-dove-bath-salts\\\/\",\"url\":\"https:\\\/\\\/purelabchem.com\\\/product\\\/concentrated-ivory-dove-bath-salts\\\/\",\"name\":\"Concentrated Ivory Dove Bath Salts for Sale Online - Discount Sale!\",\"isPartOf\":{\"@id\":\"https:\\\/\\\/purelabchem.com\\\/#website\"},\"primaryImageOfPage\":{\"@id\":\"https:\\\/\\\/purelabchem.com\\\/product\\\/concentrated-ivory-dove-bath-salts\\\/#primaryimage\"},\"image\":{\"@id\":\"https:\\\/\\\/purelabchem.com\\\/product\\\/concentrated-ivory-dove-bath-salts\\\/#primaryimage\"},\"thumbnailUrl\":\"https:\\\/\\\/purelabchem.com\\\/wp-content\\\/uploads\\\/2023\\\/07\\\/photo_2023-07-29_17-27-39.jpg\",\"datePublished\":\"2023-07-29T16:28:05+00:00\",\"dateModified\":\"2025-08-20T23:59:12+00:00\",\"description\":\"Concentrated Ivory Dove Bath Salts for Sale Online cheap with fast and discreet delivery. Shop Concentrated Ivory Dove Bath Salts online with BTC today!\",\"breadcrumb\":{\"@id\":\"https:\\\/\\\/purelabchem.com\\\/product\\\/concentrated-ivory-dove-bath-salts\\\/#breadcrumb\"},\"inLanguage\":\"pt-PT\",\"potentialAction\":[{\"@type\":\"ReadAction\",\"target\":[\"https:\\\/\\\/purelabchem.com\\\/product\\\/concentrated-ivory-dove-bath-salts\\\/\"]}]},{\"@type\":\"ImageObject\",\"inLanguage\":\"pt-PT\",\"@id\":\"https:\\\/\\\/purelabchem.com\\\/product\\\/concentrated-ivory-dove-bath-salts\\\/#primaryimage\",\"url\":\"https:\\\/\\\/purelabchem.com\\\/wp-content\\\/uploads\\\/2023\\\/07\\\/photo_2023-07-29_17-27-39.jpg\",\"contentUrl\":\"https:\\\/\\\/purelabchem.com\\\/wp-content\\\/uploads\\\/2023\\\/07\\\/photo_2023-07-29_17-27-39.jpg\",\"width\":1152,\"height\":869,\"caption\":\"Concentrated Ivory Dove Bath Salts\"},{\"@type\":\"BreadcrumbList\",\"@id\":\"https:\\\/\\\/purelabchem.com\\\/product\\\/concentrated-ivory-dove-bath-salts\\\/#breadcrumb\",\"itemListElement\":[{\"@type\":\"ListItem\",\"position\":1,\"name\":\"Home\",\"item\":\"https:\\\/\\\/purelabchem.com\\\/\"},{\"@type\":\"ListItem\",\"position\":2,\"name\":\"Shop\",\"item\":\"https:\\\/\\\/purelabchem.com\\\/shop\\\/\"},{\"@type\":\"ListItem\",\"position\":3,\"name\":\"Concentrated Ivory Dove Bath Salts\"}]},{\"@type\":\"WebSite\",\"@id\":\"https:\\\/\\\/purelabchem.com\\\/#website\",\"url\":\"https:\\\/\\\/purelabchem.com\\\/\",\"name\":\"Pure Lab Research Chem\",\"description\":\"Best Online Store To Buy Top Quality Research Chemicals\",\"potentialAction\":[{\"@type\":\"SearchAction\",\"target\":{\"@type\":\"EntryPoint\",\"urlTemplate\":\"https:\\\/\\\/purelabchem.com\\\/?s={search_term_string}\"},\"query-input\":{\"@type\":\"PropertyValueSpecification\",\"valueRequired\":true,\"valueName\":\"search_term_string\"}}],\"inLanguage\":\"pt-PT\"}]}<\/script>\n<!-- \/ Yoast SEO Premium plugin. -->","yoast_head_json":{"title":"Concentrated Ivory Dove Bath Salts for Sale Online - Discount Sale!","description":"Concentrated Ivory Dove Bath Salts for Sale Online cheap with fast and discreet delivery. Shop Concentrated Ivory Dove Bath Salts online with BTC today!","robots":{"index":"index","follow":"follow","max-snippet":"max-snippet:-1","max-image-preview":"max-image-preview:large","max-video-preview":"max-video-preview:-1"},"canonical":"https:\/\/purelabchem.com\/pt\/product\/concentrated-ivory-dove-bath-salts\/","og_locale":"pt_PT","og_type":"article","og_title":"Concentrated Ivory Dove Bath Salts","og_description":"Concentrated Ivory Dove Bath Salts for Sale Online cheap with fast and discreet delivery. Shop Concentrated Ivory Dove Bath Salts online with BTC today!","og_url":"https:\/\/purelabchem.com\/pt\/product\/concentrated-ivory-dove-bath-salts\/","og_site_name":"Pure Lab Research Chem","article_modified_time":"2025-08-20T23:59:12+00:00","og_image":[{"width":1152,"height":869,"url":"https:\/\/purelabchem.com\/wp-content\/uploads\/2023\/07\/photo_2023-07-29_17-27-39.jpg","type":"image\/jpeg"}],"twitter_card":"summary_large_image","twitter_misc":{"Tempo estimado de leitura":"1 minuto"},"schema":{"@context":"https:\/\/schema.org","@graph":[{"@type":"WebPage","@id":"https:\/\/purelabchem.com\/product\/concentrated-ivory-dove-bath-salts\/","url":"https:\/\/purelabchem.com\/product\/concentrated-ivory-dove-bath-salts\/","name":"Concentrated Ivory Dove Bath Salts for Sale Online - Discount Sale!","isPartOf":{"@id":"https:\/\/purelabchem.com\/#website"},"primaryImageOfPage":{"@id":"https:\/\/purelabchem.com\/product\/concentrated-ivory-dove-bath-salts\/#primaryimage"},"image":{"@id":"https:\/\/purelabchem.com\/product\/concentrated-ivory-dove-bath-salts\/#primaryimage"},"thumbnailUrl":"https:\/\/purelabchem.com\/wp-content\/uploads\/2023\/07\/photo_2023-07-29_17-27-39.jpg","datePublished":"2023-07-29T16:28:05+00:00","dateModified":"2025-08-20T23:59:12+00:00","description":"Concentrated Ivory Dove Bath Salts for Sale Online cheap with fast and discreet delivery. Shop Concentrated Ivory Dove Bath Salts online with BTC today!","breadcrumb":{"@id":"https:\/\/purelabchem.com\/product\/concentrated-ivory-dove-bath-salts\/#breadcrumb"},"inLanguage":"pt-PT","potentialAction":[{"@type":"ReadAction","target":["https:\/\/purelabchem.com\/product\/concentrated-ivory-dove-bath-salts\/"]}]},{"@type":"ImageObject","inLanguage":"pt-PT","@id":"https:\/\/purelabchem.com\/product\/concentrated-ivory-dove-bath-salts\/#primaryimage","url":"https:\/\/purelabchem.com\/wp-content\/uploads\/2023\/07\/photo_2023-07-29_17-27-39.jpg","contentUrl":"https:\/\/purelabchem.com\/wp-content\/uploads\/2023\/07\/photo_2023-07-29_17-27-39.jpg","width":1152,"height":869,"caption":"Concentrated Ivory Dove Bath Salts"},{"@type":"BreadcrumbList","@id":"https:\/\/purelabchem.com\/product\/concentrated-ivory-dove-bath-salts\/#breadcrumb","itemListElement":[{"@type":"ListItem","position":1,"name":"Home","item":"https:\/\/purelabchem.com\/"},{"@type":"ListItem","position":2,"name":"Shop","item":"https:\/\/purelabchem.com\/shop\/"},{"@type":"ListItem","position":3,"name":"Concentrated Ivory Dove Bath Salts"}]},{"@type":"WebSite","@id":"https:\/\/purelabchem.com\/#website","url":"https:\/\/purelabchem.com\/","name":"Pure Lab Research Chem","description":"A melhor loja online para comprar produtos qu\u00edmicos de investiga\u00e7\u00e3o de alta qualidade","potentialAction":[{"@type":"SearchAction","target":{"@type":"EntryPoint","urlTemplate":"https:\/\/purelabchem.com\/?s={search_term_string}"},"query-input":{"@type":"PropertyValueSpecification","valueRequired":true,"valueName":"search_term_string"}}],"inLanguage":"pt-PT"}]}},"_links":{"self":[{"href":"https:\/\/purelabchem.com\/pt\/wp-json\/wp\/v2\/product\/467","targetHints":{"allow":["GET"]}}],"collection":[{"href":"https:\/\/purelabchem.com\/pt\/wp-json\/wp\/v2\/product"}],"about":[{"href":"https:\/\/purelabchem.com\/pt\/wp-json\/wp\/v2\/types\/product"}],"replies":[{"embeddable":true,"href":"https:\/\/purelabchem.com\/pt\/wp-json\/wp\/v2\/comments?post=467"}],"wp:featuredmedia":[{"embeddable":true,"href":"https:\/\/purelabchem.com\/pt\/wp-json\/wp\/v2\/media\/468"}],"wp:attachment":[{"href":"https:\/\/purelabchem.com\/pt\/wp-json\/wp\/v2\/media?parent=467"}],"wp:term":[{"taxonomy":"product_brand","embeddable":true,"href":"https:\/\/purelabchem.com\/pt\/wp-json\/wp\/v2\/product_brand?post=467"},{"taxonomy":"product_cat","embeddable":true,"href":"https:\/\/purelabchem.com\/pt\/wp-json\/wp\/v2\/product_cat?post=467"},{"taxonomy":"product_tag","embeddable":true,"href":"https:\/\/purelabchem.com\/pt\/wp-json\/wp\/v2\/product_tag?post=467"}],"curies":[{"name":"wp","href":"https:\/\/api.w.org\/{rel}","templated":true}]}}