{"id":458,"date":"2023-07-29T16:23:59","date_gmt":"2023-07-29T16:23:59","guid":{"rendered":"https:\/\/purelabchem.com\/?post_type=product&#038;p=458"},"modified":"2025-08-21T00:07:35","modified_gmt":"2025-08-21T00:07:35","slug":"concentrated-disco-multipurpose","status":"publish","type":"product","link":"https:\/\/purelabchem.com\/pt\/product\/concentrated-disco-multipurpose\/","title":{"rendered":"Concentrated Disco Multipurpose"},"content":{"rendered":"<h1><strong>Order Concentrated Disco Multipurpose Bath Salts Online<\/strong><\/h1>\n<p>As a principle objective, we strive to build a good long term business relationship with our clients worldwide, so we treat our customers with maximum respect and supply them with the best quality concentrated Bath Salts.<\/p>\n<p>Below are the brands of our concentrated Bath Salts we have available for sale:..<\/p>\n<p>Ivory Wave concentrated Bath Salts<br \/>\nOcean snow concentrated Bath Salts<br \/>\nConcentrated eight ballz bath salt<br \/>\nWhite girl bath salt<br \/>\ncrazy train bath salt<br \/>\nsextacy bath salts<br \/>\nConcentrated white dove bath salt<br \/>\nConcentrated white dove bath salt<br \/>\ntranquility bath salt<br \/>\nBliss bath salt concentrated<br \/>\ncandy land and candy blue magic<br \/>\nAvalanche bath salt<br \/>\nCloud 9 original bath salt<br \/>\npump it up bath salt<br \/>\ndisco bath salt<br \/>\nConcentrated hollywood bath salt<br \/>\nMack on bath salts<br \/>\nconcentrated mega seller bath salts<br \/>\nmexxy bath salt<br \/>\nnatural energy bath salt<br \/>\nconcentrated no bull powder cleaner<br \/>\nno speed limit bath salt<br \/>\nQuick silver bath salts<br \/>\nRave on bath salt<br \/>\nRecharge bath salt<br \/>\nRehab bath salt<br \/>\nRock mountain Bath salt<br \/>\nRock on mountain high bath salt<br \/>\nrock on powder bath salt<br \/>\nvanilla premium salt<br \/>\nWhite burn premium salt<br \/>\nWhite sand premium salt<br \/>\nWhite grand premium salt<br \/>\nWhite Horse Legal bath salts<br \/>\nLegal bath salts<br \/>\nCrazy Train Bath Salts<br \/>\nConcentrated Drone VI Bath Salts<\/p>\n<p>We are 100% legit and supply the highest quality concentrated Bath Salts. We ship worldwide and offer shipment tracking information\/numbers for all orders once packages are shipped.<\/p>","protected":false},"excerpt":{"rendered":"<p>Order Concentrated Disco Multipurpose Bath Salts Online As a principle objective, we strive to build a good long term business relationship with our clients worldwide, so we treat our customers with maximum respect and supply them with the best quality concentrated Bath Salts. Below are the brands of our concentrated Bath Salts we have available [&hellip;]<\/p>","protected":false},"featured_media":459,"comment_status":"open","ping_status":"closed","template":"","meta":[],"product_brand":[],"product_cat":[76],"product_tag":[],"class_list":{"0":"post-458","1":"product","2":"type-product","3":"status-publish","4":"has-post-thumbnail","6":"product_cat-bath-salts","8":"first","9":"instock","10":"shipping-taxable","11":"purchasable","12":"product-type-simple"},"yoast_head":"<!-- This site is optimized with the Yoast SEO Premium plugin v22.5 (Yoast SEO v25.6) - https:\/\/yoast.com\/wordpress\/plugins\/seo\/ -->\n<title>Concentrated Disco Multipurpose Bath Salts: Buy Online Today!<\/title>\n<meta name=\"description\" content=\"Discover our premium Concentrated Disco Multipurpose Bath Salts for sale online. Shipping to every location fast and secure. Place your discreet orders now1\" \/>\n<meta name=\"robots\" content=\"index, follow, max-snippet:-1, max-image-preview:large, max-video-preview:-1\" \/>\n<link rel=\"canonical\" href=\"https:\/\/purelabchem.com\/pt\/product\/concentrated-disco-multipurpose\/\" \/>\n<meta property=\"og:locale\" content=\"pt_PT\" \/>\n<meta property=\"og:type\" content=\"article\" \/>\n<meta property=\"og:title\" content=\"Concentrated Disco Multipurpose\" \/>\n<meta property=\"og:description\" content=\"Discover our premium Concentrated Disco Multipurpose Bath Salts for sale online. Shipping to every location fast and secure. Place your discreet orders now1\" \/>\n<meta property=\"og:url\" content=\"https:\/\/purelabchem.com\/pt\/product\/concentrated-disco-multipurpose\/\" \/>\n<meta property=\"og:site_name\" content=\"Pure Lab Research Chem\" \/>\n<meta property=\"article:modified_time\" content=\"2025-08-21T00:07:35+00:00\" \/>\n<meta property=\"og:image\" content=\"https:\/\/purelabchem.com\/wp-content\/uploads\/2023\/07\/photo_2023-07-29_17-22-54.jpg\" \/>\n\t<meta property=\"og:image:width\" content=\"1152\" \/>\n\t<meta property=\"og:image:height\" content=\"983\" \/>\n\t<meta property=\"og:image:type\" content=\"image\/jpeg\" \/>\n<meta name=\"twitter:card\" content=\"summary_large_image\" \/>\n<meta name=\"twitter:label1\" content=\"Tempo estimado de leitura\" \/>\n\t<meta name=\"twitter:data1\" content=\"2 minutos\" \/>\n<script type=\"application\/ld+json\" class=\"yoast-schema-graph\">{\"@context\":\"https:\/\/schema.org\",\"@graph\":[{\"@type\":\"WebPage\",\"@id\":\"https:\/\/purelabchem.com\/product\/concentrated-disco-multipurpose\/\",\"url\":\"https:\/\/purelabchem.com\/product\/concentrated-disco-multipurpose\/\",\"name\":\"Concentrated Disco Multipurpose Bath Salts: Buy Online Today!\",\"isPartOf\":{\"@id\":\"https:\/\/purelabchem.com\/#website\"},\"primaryImageOfPage\":{\"@id\":\"https:\/\/purelabchem.com\/product\/concentrated-disco-multipurpose\/#primaryimage\"},\"image\":{\"@id\":\"https:\/\/purelabchem.com\/product\/concentrated-disco-multipurpose\/#primaryimage\"},\"thumbnailUrl\":\"https:\/\/purelabchem.com\/wp-content\/uploads\/2023\/07\/photo_2023-07-29_17-22-54.jpg\",\"datePublished\":\"2023-07-29T16:23:59+00:00\",\"dateModified\":\"2025-08-21T00:07:35+00:00\",\"description\":\"Discover our premium Concentrated Disco Multipurpose Bath Salts for sale online. Shipping to every location fast and secure. Place your discreet orders now1\",\"breadcrumb\":{\"@id\":\"https:\/\/purelabchem.com\/product\/concentrated-disco-multipurpose\/#breadcrumb\"},\"inLanguage\":\"pt-PT\",\"potentialAction\":[{\"@type\":\"ReadAction\",\"target\":[\"https:\/\/purelabchem.com\/product\/concentrated-disco-multipurpose\/\"]}]},{\"@type\":\"ImageObject\",\"inLanguage\":\"pt-PT\",\"@id\":\"https:\/\/purelabchem.com\/product\/concentrated-disco-multipurpose\/#primaryimage\",\"url\":\"https:\/\/purelabchem.com\/wp-content\/uploads\/2023\/07\/photo_2023-07-29_17-22-54.jpg\",\"contentUrl\":\"https:\/\/purelabchem.com\/wp-content\/uploads\/2023\/07\/photo_2023-07-29_17-22-54.jpg\",\"width\":1152,\"height\":983,\"caption\":\"Concentrated Disco Multipurpose\"},{\"@type\":\"BreadcrumbList\",\"@id\":\"https:\/\/purelabchem.com\/product\/concentrated-disco-multipurpose\/#breadcrumb\",\"itemListElement\":[{\"@type\":\"ListItem\",\"position\":1,\"name\":\"Home\",\"item\":\"https:\/\/purelabchem.com\/\"},{\"@type\":\"ListItem\",\"position\":2,\"name\":\"Concentrated Disco Multipurpose\"}]},{\"@type\":\"WebSite\",\"@id\":\"https:\/\/purelabchem.com\/#website\",\"url\":\"https:\/\/purelabchem.com\/\",\"name\":\"Pure Lab Research Chem\",\"description\":\"Best Online Store To Buy Top Quality Research Chemicals\",\"potentialAction\":[{\"@type\":\"SearchAction\",\"target\":{\"@type\":\"EntryPoint\",\"urlTemplate\":\"https:\/\/purelabchem.com\/?s={search_term_string}\"},\"query-input\":{\"@type\":\"PropertyValueSpecification\",\"valueRequired\":true,\"valueName\":\"search_term_string\"}}],\"inLanguage\":\"pt-PT\"}]}<\/script>\n<!-- \/ Yoast SEO Premium plugin. -->","yoast_head_json":{"title":"Concentrated Disco Multipurpose Bath Salts: Buy Online Today!","description":"Discover our premium Concentrated Disco Multipurpose Bath Salts for sale online. Shipping to every location fast and secure. Place your discreet orders now1","robots":{"index":"index","follow":"follow","max-snippet":"max-snippet:-1","max-image-preview":"max-image-preview:large","max-video-preview":"max-video-preview:-1"},"canonical":"https:\/\/purelabchem.com\/pt\/product\/concentrated-disco-multipurpose\/","og_locale":"pt_PT","og_type":"article","og_title":"Concentrated Disco Multipurpose","og_description":"Discover our premium Concentrated Disco Multipurpose Bath Salts for sale online. Shipping to every location fast and secure. Place your discreet orders now1","og_url":"https:\/\/purelabchem.com\/pt\/product\/concentrated-disco-multipurpose\/","og_site_name":"Pure Lab Research Chem","article_modified_time":"2025-08-21T00:07:35+00:00","og_image":[{"width":1152,"height":983,"url":"https:\/\/purelabchem.com\/wp-content\/uploads\/2023\/07\/photo_2023-07-29_17-22-54.jpg","type":"image\/jpeg"}],"twitter_card":"summary_large_image","twitter_misc":{"Tempo estimado de leitura":"2 minutos"},"schema":{"@context":"https:\/\/schema.org","@graph":[{"@type":"WebPage","@id":"https:\/\/purelabchem.com\/product\/concentrated-disco-multipurpose\/","url":"https:\/\/purelabchem.com\/product\/concentrated-disco-multipurpose\/","name":"Concentrated Disco Multipurpose Bath Salts: Buy Online Today!","isPartOf":{"@id":"https:\/\/purelabchem.com\/#website"},"primaryImageOfPage":{"@id":"https:\/\/purelabchem.com\/product\/concentrated-disco-multipurpose\/#primaryimage"},"image":{"@id":"https:\/\/purelabchem.com\/product\/concentrated-disco-multipurpose\/#primaryimage"},"thumbnailUrl":"https:\/\/purelabchem.com\/wp-content\/uploads\/2023\/07\/photo_2023-07-29_17-22-54.jpg","datePublished":"2023-07-29T16:23:59+00:00","dateModified":"2025-08-21T00:07:35+00:00","description":"Discover our premium Concentrated Disco Multipurpose Bath Salts for sale online. Shipping to every location fast and secure. Place your discreet orders now1","breadcrumb":{"@id":"https:\/\/purelabchem.com\/product\/concentrated-disco-multipurpose\/#breadcrumb"},"inLanguage":"pt-PT","potentialAction":[{"@type":"ReadAction","target":["https:\/\/purelabchem.com\/product\/concentrated-disco-multipurpose\/"]}]},{"@type":"ImageObject","inLanguage":"pt-PT","@id":"https:\/\/purelabchem.com\/product\/concentrated-disco-multipurpose\/#primaryimage","url":"https:\/\/purelabchem.com\/wp-content\/uploads\/2023\/07\/photo_2023-07-29_17-22-54.jpg","contentUrl":"https:\/\/purelabchem.com\/wp-content\/uploads\/2023\/07\/photo_2023-07-29_17-22-54.jpg","width":1152,"height":983,"caption":"Concentrated Disco Multipurpose"},{"@type":"BreadcrumbList","@id":"https:\/\/purelabchem.com\/product\/concentrated-disco-multipurpose\/#breadcrumb","itemListElement":[{"@type":"ListItem","position":1,"name":"Home","item":"https:\/\/purelabchem.com\/"},{"@type":"ListItem","position":2,"name":"Concentrated Disco Multipurpose"}]},{"@type":"WebSite","@id":"https:\/\/purelabchem.com\/#website","url":"https:\/\/purelabchem.com\/","name":"Pure Lab Research Chem","description":"A melhor loja online para comprar produtos qu\u00edmicos de investiga\u00e7\u00e3o de alta qualidade","potentialAction":[{"@type":"SearchAction","target":{"@type":"EntryPoint","urlTemplate":"https:\/\/purelabchem.com\/?s={search_term_string}"},"query-input":{"@type":"PropertyValueSpecification","valueRequired":true,"valueName":"search_term_string"}}],"inLanguage":"pt-PT"}]}},"_links":{"self":[{"href":"https:\/\/purelabchem.com\/pt\/wp-json\/wp\/v2\/product\/458","targetHints":{"allow":["GET"]}}],"collection":[{"href":"https:\/\/purelabchem.com\/pt\/wp-json\/wp\/v2\/product"}],"about":[{"href":"https:\/\/purelabchem.com\/pt\/wp-json\/wp\/v2\/types\/product"}],"replies":[{"embeddable":true,"href":"https:\/\/purelabchem.com\/pt\/wp-json\/wp\/v2\/comments?post=458"}],"wp:featuredmedia":[{"embeddable":true,"href":"https:\/\/purelabchem.com\/pt\/wp-json\/wp\/v2\/media\/459"}],"wp:attachment":[{"href":"https:\/\/purelabchem.com\/pt\/wp-json\/wp\/v2\/media?parent=458"}],"wp:term":[{"taxonomy":"product_brand","embeddable":true,"href":"https:\/\/purelabchem.com\/pt\/wp-json\/wp\/v2\/product_brand?post=458"},{"taxonomy":"product_cat","embeddable":true,"href":"https:\/\/purelabchem.com\/pt\/wp-json\/wp\/v2\/product_cat?post=458"},{"taxonomy":"product_tag","embeddable":true,"href":"https:\/\/purelabchem.com\/pt\/wp-json\/wp\/v2\/product_tag?post=458"}],"curies":[{"name":"wp","href":"https:\/\/api.w.org\/{rel}","templated":true}]}}