{"id":452,"date":"2023-07-29T16:20:39","date_gmt":"2023-07-29T16:20:39","guid":{"rendered":"https:\/\/purelabchem.com\/?post_type=product&#038;p=452"},"modified":"2025-08-21T07:38:14","modified_gmt":"2025-08-21T07:38:14","slug":"concentrated-bliss-500mg","status":"publish","type":"product","link":"https:\/\/purelabchem.com\/pt\/product\/concentrated-bliss-500mg\/","title":{"rendered":"Concentrated Bliss 500mg"},"content":{"rendered":"<h1><strong>Order Concentrated Bliss 500mg Bath Salts Online<\/strong><\/h1>\n<p>Bliss Bath Salts is designed to take your bathing experience to the next level of stimulation,\u00a0energy (https:\/\/k2researchchems.com\/product\/pump-it-powder-bath-salts\/)\u00a0and euphoria. Just a small amount is necessary for profound effects. However, just add a small amount to a hot bath to naturally soften the water which will leave you feeling very energized and euphoric. Nevertheless, it is used to mimic the natural hot springs of the greek sea. ake note: Bliss is a powerful meditative bath salt \u2013 use sparingly at first, as too much will muddy up your bath water and leave you unhappy. Notwithstanding, Used properly, Bliss\u00a0 can help you reach summits thought unreachable.<\/p>","protected":false},"excerpt":{"rendered":"<p>Order Concentrated Bliss 500mg Bath Salts Online Bliss Bath Salts is designed to take your bathing experience to the next level of stimulation,\u00a0energy (https:\/\/k2researchchems.com\/product\/pump-it-powder-bath-salts\/)\u00a0and euphoria. Just a small amount is necessary for profound effects. However, just add a small amount to a hot bath to naturally soften the water which will leave you feeling very [&#8230;]\n","protected":false},"featured_media":453,"comment_status":"open","ping_status":"closed","template":"","meta":{"_joinchat":[]},"product_brand":[],"product_cat":[76],"product_tag":[],"class_list":{"0":"post-452","1":"product","2":"type-product","3":"status-publish","4":"has-post-thumbnail","6":"product_cat-bath-salts","8":"first","9":"instock","10":"shipping-taxable","11":"purchasable","12":"product-type-simple"},"yoast_head":"<!-- This site is optimized with the Yoast SEO Premium plugin v22.5 (Yoast SEO v27.4) - https:\/\/yoast.com\/product\/yoast-seo-premium-wordpress\/ -->\n<title>Order Concentrated Bliss 500mg Bath Salts Online Today Discreetly<\/title>\n<meta name=\"description\" content=\"Order Concentrated Bliss 500mg Bath Salts Online. Most trusted shop to buy bath salts online offering discreet and supersonic deliveries worldwide no hassle\" \/>\n<meta name=\"robots\" content=\"index, follow, max-snippet:-1, max-image-preview:large, max-video-preview:-1\" \/>\n<link rel=\"canonical\" href=\"https:\/\/purelabchem.com\/pt\/product\/concentrated-bliss-500mg\/\" \/>\n<meta property=\"og:locale\" content=\"pt_PT\" \/>\n<meta property=\"og:type\" content=\"article\" \/>\n<meta property=\"og:title\" content=\"Concentrated Bliss 500mg\" \/>\n<meta property=\"og:description\" content=\"Order Concentrated Bliss 500mg Bath Salts Online. Most trusted shop to buy bath salts online offering discreet and supersonic deliveries worldwide no hassle\" \/>\n<meta property=\"og:url\" content=\"https:\/\/purelabchem.com\/pt\/product\/concentrated-bliss-500mg\/\" \/>\n<meta property=\"og:site_name\" content=\"Pure Lab Research Chem\" \/>\n<meta property=\"article:modified_time\" content=\"2025-08-21T07:38:14+00:00\" \/>\n<meta property=\"og:image\" content=\"https:\/\/purelabchem.com\/wp-content\/uploads\/2023\/07\/photo_2023-07-29_17-19-45.jpg\" \/>\n\t<meta property=\"og:image:width\" content=\"600\" \/>\n\t<meta property=\"og:image:height\" content=\"600\" \/>\n\t<meta property=\"og:image:type\" content=\"image\/jpeg\" \/>\n<meta name=\"twitter:card\" content=\"summary_large_image\" \/>\n<meta name=\"twitter:label1\" content=\"Tempo estimado de leitura\" \/>\n\t<meta name=\"twitter:data1\" content=\"1 minuto\" \/>\n<script type=\"application\/ld+json\" class=\"yoast-schema-graph\">{\"@context\":\"https:\\\/\\\/schema.org\",\"@graph\":[{\"@type\":\"WebPage\",\"@id\":\"https:\\\/\\\/purelabchem.com\\\/product\\\/concentrated-bliss-500mg\\\/\",\"url\":\"https:\\\/\\\/purelabchem.com\\\/product\\\/concentrated-bliss-500mg\\\/\",\"name\":\"Order Concentrated Bliss 500mg Bath Salts Online Today Discreetly\",\"isPartOf\":{\"@id\":\"https:\\\/\\\/purelabchem.com\\\/#website\"},\"primaryImageOfPage\":{\"@id\":\"https:\\\/\\\/purelabchem.com\\\/product\\\/concentrated-bliss-500mg\\\/#primaryimage\"},\"image\":{\"@id\":\"https:\\\/\\\/purelabchem.com\\\/product\\\/concentrated-bliss-500mg\\\/#primaryimage\"},\"thumbnailUrl\":\"https:\\\/\\\/purelabchem.com\\\/wp-content\\\/uploads\\\/2023\\\/07\\\/photo_2023-07-29_17-19-45.jpg\",\"datePublished\":\"2023-07-29T16:20:39+00:00\",\"dateModified\":\"2025-08-21T07:38:14+00:00\",\"description\":\"Order Concentrated Bliss 500mg Bath Salts Online. Most trusted shop to buy bath salts online offering discreet and supersonic deliveries worldwide no hassle\",\"breadcrumb\":{\"@id\":\"https:\\\/\\\/purelabchem.com\\\/product\\\/concentrated-bliss-500mg\\\/#breadcrumb\"},\"inLanguage\":\"pt-PT\",\"potentialAction\":[{\"@type\":\"ReadAction\",\"target\":[\"https:\\\/\\\/purelabchem.com\\\/product\\\/concentrated-bliss-500mg\\\/\"]}]},{\"@type\":\"ImageObject\",\"inLanguage\":\"pt-PT\",\"@id\":\"https:\\\/\\\/purelabchem.com\\\/product\\\/concentrated-bliss-500mg\\\/#primaryimage\",\"url\":\"https:\\\/\\\/purelabchem.com\\\/wp-content\\\/uploads\\\/2023\\\/07\\\/photo_2023-07-29_17-19-45.jpg\",\"contentUrl\":\"https:\\\/\\\/purelabchem.com\\\/wp-content\\\/uploads\\\/2023\\\/07\\\/photo_2023-07-29_17-19-45.jpg\",\"width\":600,\"height\":600,\"caption\":\"Concentrated Bliss 500mg\"},{\"@type\":\"BreadcrumbList\",\"@id\":\"https:\\\/\\\/purelabchem.com\\\/product\\\/concentrated-bliss-500mg\\\/#breadcrumb\",\"itemListElement\":[{\"@type\":\"ListItem\",\"position\":1,\"name\":\"Home\",\"item\":\"https:\\\/\\\/purelabchem.com\\\/\"},{\"@type\":\"ListItem\",\"position\":2,\"name\":\"Shop\",\"item\":\"https:\\\/\\\/purelabchem.com\\\/shop\\\/\"},{\"@type\":\"ListItem\",\"position\":3,\"name\":\"Concentrated Bliss 500mg\"}]},{\"@type\":\"WebSite\",\"@id\":\"https:\\\/\\\/purelabchem.com\\\/#website\",\"url\":\"https:\\\/\\\/purelabchem.com\\\/\",\"name\":\"Pure Lab Research Chem\",\"description\":\"Best Online Store To Buy Top Quality Research Chemicals\",\"potentialAction\":[{\"@type\":\"SearchAction\",\"target\":{\"@type\":\"EntryPoint\",\"urlTemplate\":\"https:\\\/\\\/purelabchem.com\\\/?s={search_term_string}\"},\"query-input\":{\"@type\":\"PropertyValueSpecification\",\"valueRequired\":true,\"valueName\":\"search_term_string\"}}],\"inLanguage\":\"pt-PT\"}]}<\/script>\n<!-- \/ Yoast SEO Premium plugin. -->","yoast_head_json":{"title":"Order Concentrated Bliss 500mg Bath Salts Online Today Discreetly","description":"Order Concentrated Bliss 500mg Bath Salts Online. Most trusted shop to buy bath salts online offering discreet and supersonic deliveries worldwide no hassle","robots":{"index":"index","follow":"follow","max-snippet":"max-snippet:-1","max-image-preview":"max-image-preview:large","max-video-preview":"max-video-preview:-1"},"canonical":"https:\/\/purelabchem.com\/pt\/product\/concentrated-bliss-500mg\/","og_locale":"pt_PT","og_type":"article","og_title":"Concentrated Bliss 500mg","og_description":"Order Concentrated Bliss 500mg Bath Salts Online. Most trusted shop to buy bath salts online offering discreet and supersonic deliveries worldwide no hassle","og_url":"https:\/\/purelabchem.com\/pt\/product\/concentrated-bliss-500mg\/","og_site_name":"Pure Lab Research Chem","article_modified_time":"2025-08-21T07:38:14+00:00","og_image":[{"width":600,"height":600,"url":"https:\/\/purelabchem.com\/wp-content\/uploads\/2023\/07\/photo_2023-07-29_17-19-45.jpg","type":"image\/jpeg"}],"twitter_card":"summary_large_image","twitter_misc":{"Tempo estimado de leitura":"1 minuto"},"schema":{"@context":"https:\/\/schema.org","@graph":[{"@type":"WebPage","@id":"https:\/\/purelabchem.com\/product\/concentrated-bliss-500mg\/","url":"https:\/\/purelabchem.com\/product\/concentrated-bliss-500mg\/","name":"Order Concentrated Bliss 500mg Bath Salts Online Today Discreetly","isPartOf":{"@id":"https:\/\/purelabchem.com\/#website"},"primaryImageOfPage":{"@id":"https:\/\/purelabchem.com\/product\/concentrated-bliss-500mg\/#primaryimage"},"image":{"@id":"https:\/\/purelabchem.com\/product\/concentrated-bliss-500mg\/#primaryimage"},"thumbnailUrl":"https:\/\/purelabchem.com\/wp-content\/uploads\/2023\/07\/photo_2023-07-29_17-19-45.jpg","datePublished":"2023-07-29T16:20:39+00:00","dateModified":"2025-08-21T07:38:14+00:00","description":"Order Concentrated Bliss 500mg Bath Salts Online. Most trusted shop to buy bath salts online offering discreet and supersonic deliveries worldwide no hassle","breadcrumb":{"@id":"https:\/\/purelabchem.com\/product\/concentrated-bliss-500mg\/#breadcrumb"},"inLanguage":"pt-PT","potentialAction":[{"@type":"ReadAction","target":["https:\/\/purelabchem.com\/product\/concentrated-bliss-500mg\/"]}]},{"@type":"ImageObject","inLanguage":"pt-PT","@id":"https:\/\/purelabchem.com\/product\/concentrated-bliss-500mg\/#primaryimage","url":"https:\/\/purelabchem.com\/wp-content\/uploads\/2023\/07\/photo_2023-07-29_17-19-45.jpg","contentUrl":"https:\/\/purelabchem.com\/wp-content\/uploads\/2023\/07\/photo_2023-07-29_17-19-45.jpg","width":600,"height":600,"caption":"Concentrated Bliss 500mg"},{"@type":"BreadcrumbList","@id":"https:\/\/purelabchem.com\/product\/concentrated-bliss-500mg\/#breadcrumb","itemListElement":[{"@type":"ListItem","position":1,"name":"Home","item":"https:\/\/purelabchem.com\/"},{"@type":"ListItem","position":2,"name":"Shop","item":"https:\/\/purelabchem.com\/shop\/"},{"@type":"ListItem","position":3,"name":"Concentrated Bliss 500mg"}]},{"@type":"WebSite","@id":"https:\/\/purelabchem.com\/#website","url":"https:\/\/purelabchem.com\/","name":"Pure Lab Research Chem","description":"A melhor loja online para comprar produtos qu\u00edmicos de investiga\u00e7\u00e3o de alta qualidade","potentialAction":[{"@type":"SearchAction","target":{"@type":"EntryPoint","urlTemplate":"https:\/\/purelabchem.com\/?s={search_term_string}"},"query-input":{"@type":"PropertyValueSpecification","valueRequired":true,"valueName":"search_term_string"}}],"inLanguage":"pt-PT"}]}},"_links":{"self":[{"href":"https:\/\/purelabchem.com\/pt\/wp-json\/wp\/v2\/product\/452","targetHints":{"allow":["GET"]}}],"collection":[{"href":"https:\/\/purelabchem.com\/pt\/wp-json\/wp\/v2\/product"}],"about":[{"href":"https:\/\/purelabchem.com\/pt\/wp-json\/wp\/v2\/types\/product"}],"replies":[{"embeddable":true,"href":"https:\/\/purelabchem.com\/pt\/wp-json\/wp\/v2\/comments?post=452"}],"wp:featuredmedia":[{"embeddable":true,"href":"https:\/\/purelabchem.com\/pt\/wp-json\/wp\/v2\/media\/453"}],"wp:attachment":[{"href":"https:\/\/purelabchem.com\/pt\/wp-json\/wp\/v2\/media?parent=452"}],"wp:term":[{"taxonomy":"product_brand","embeddable":true,"href":"https:\/\/purelabchem.com\/pt\/wp-json\/wp\/v2\/product_brand?post=452"},{"taxonomy":"product_cat","embeddable":true,"href":"https:\/\/purelabchem.com\/pt\/wp-json\/wp\/v2\/product_cat?post=452"},{"taxonomy":"product_tag","embeddable":true,"href":"https:\/\/purelabchem.com\/pt\/wp-json\/wp\/v2\/product_tag?post=452"}],"curies":[{"name":"wp","href":"https:\/\/api.w.org\/{rel}","templated":true}]}}