{"id":415,"date":"2023-07-29T15:50:06","date_gmt":"2023-07-29T15:50:06","guid":{"rendered":"https:\/\/purelabchem.com\/?post_type=product&#038;p=415"},"modified":"2023-09-25T01:06:20","modified_gmt":"2023-09-25T01:06:20","slug":"colombian-pure-cocaine","status":"publish","type":"product","link":"https:\/\/purelabchem.com\/pt\/product\/colombian-pure-cocaine\/","title":{"rendered":"Coca\u00edna colombiana pura"},"content":{"rendered":"<h1><strong>Premium Colombian Pure Cocaine for Sale Online<\/strong><\/h1>\n<p>Colombian Cocaine is one of the most famous and useful products of Cocaine throughout the world. Colombia is one of those countries that are providing the highest amount of pure Cocaine in the world.<br \/>\nThe production of Cocaine in Colombia was started between the years 1960 to 1970. There was no proper way to produce Cocaine in the United States at that time. The Colombians started to fertilize those plants from which they can get Cocaine in the purest form.<br \/>\nThey started to sell Cocaine in different parts of the world at very reasonable prices. People purchased that Cocaine at a large scale because of its purity and multiple uses.<br \/>\nColombian Cocaine-96 pure is one of the purest forms of the Cocaine found in the entire World. Due to its purity, it has a high potential of doing work on the human body. Like other forms of Cocaine, it also works on Central nervous system to get the desired results.<br \/>\nBut it works in very quick manner than other forms of Cocaine. It allows the human body to get relaxed by forgetting the troubles of life. It allows the human body to get proper sleep to relax the mind.<br \/>\nColombian Cocaine-96 pure is also used by doctors by mixing it with different ingredients that are useful for human health. People are using this to get cured of many diseases like depression, anxiety, etc.<br \/>\nIt is also used to get relief from any type of pain. This means the pain that may either caused by instant accidents or the pain from long-term diseases. The doctors are prescribing this drug in the form of medicine to get a cure. These features are responsible for such a huge use of Colombian Cocaine-96.<br \/>\nOur online store is dealing with all types of pro-drugs, drugs, and medicines. Our sore is also providing Colombian Cocaine-96 pure at very reasonable prices. Also, our store is offering quick delivery of the product.<\/p>","protected":false},"excerpt":{"rendered":"<p>Premium Colombian Pure Cocaine for Sale Online Colombian Cocaine is one of the most famous and useful products of Cocaine throughout the world. Colombia is one of those countries that are providing the highest amount of pure Cocaine in the world. The production of Cocaine in Colombia was started between the years 1960 to 1970. [&hellip;]<\/p>","protected":false},"featured_media":416,"comment_status":"open","ping_status":"closed","template":"","meta":[],"product_brand":[],"product_cat":[66],"product_tag":[],"class_list":{"0":"post-415","1":"product","2":"type-product","3":"status-publish","4":"has-post-thumbnail","6":"product_cat-cocaine","8":"first","9":"instock","10":"shipping-taxable","11":"purchasable","12":"product-type-variable"},"yoast_head":"<!-- This site is optimized with the Yoast SEO Premium plugin v22.5 (Yoast SEO v25.6) - https:\/\/yoast.com\/wordpress\/plugins\/seo\/ -->\n<title>Colombian Pure Cocaine - Pure Lab Research Chem<\/title>\n<meta name=\"description\" content=\"Premium Colombian Pure Cocaine for Sale Online Colombian Cocaine is one of the most famous and useful products of Cocaine throughout the world. Colombia Best Online Store To Buy Top Quality Research Chemicals\" \/>\n<meta name=\"robots\" content=\"index, follow, max-snippet:-1, max-image-preview:large, max-video-preview:-1\" \/>\n<link rel=\"canonical\" href=\"https:\/\/purelabchem.com\/pt\/product\/colombian-pure-cocaine\/\" \/>\n<meta property=\"og:locale\" content=\"pt_PT\" \/>\n<meta property=\"og:type\" content=\"article\" \/>\n<meta property=\"og:title\" content=\"Colombian Pure Cocaine\" \/>\n<meta property=\"og:description\" content=\"Premium Colombian Pure Cocaine for Sale Online Colombian Cocaine is one of the most famous and useful products of Cocaine throughout the world. Colombia Best Online Store To Buy Top Quality Research Chemicals\" \/>\n<meta property=\"og:url\" content=\"https:\/\/purelabchem.com\/pt\/product\/colombian-pure-cocaine\/\" \/>\n<meta property=\"og:site_name\" content=\"Pure Lab Research Chem\" \/>\n<meta property=\"article:modified_time\" content=\"2023-09-25T01:06:20+00:00\" \/>\n<meta property=\"og:image\" content=\"https:\/\/purelabchem.com\/wp-content\/uploads\/2023\/07\/photo_2023-07-29_16-49-00.jpg\" \/>\n\t<meta property=\"og:image:width\" content=\"719\" \/>\n\t<meta property=\"og:image:height\" content=\"1280\" \/>\n\t<meta property=\"og:image:type\" content=\"image\/jpeg\" \/>\n<meta name=\"twitter:card\" content=\"summary_large_image\" \/>\n<meta name=\"twitter:label1\" content=\"Tempo estimado de leitura\" \/>\n\t<meta name=\"twitter:data1\" content=\"2 minutos\" \/>\n<script type=\"application\/ld+json\" class=\"yoast-schema-graph\">{\"@context\":\"https:\/\/schema.org\",\"@graph\":[{\"@type\":\"WebPage\",\"@id\":\"https:\/\/purelabchem.com\/product\/colombian-pure-cocaine\/\",\"url\":\"https:\/\/purelabchem.com\/product\/colombian-pure-cocaine\/\",\"name\":\"Colombian Pure Cocaine - Pure Lab Research Chem\",\"isPartOf\":{\"@id\":\"https:\/\/purelabchem.com\/#website\"},\"primaryImageOfPage\":{\"@id\":\"https:\/\/purelabchem.com\/product\/colombian-pure-cocaine\/#primaryimage\"},\"image\":{\"@id\":\"https:\/\/purelabchem.com\/product\/colombian-pure-cocaine\/#primaryimage\"},\"thumbnailUrl\":\"https:\/\/purelabchem.com\/wp-content\/uploads\/2023\/07\/photo_2023-07-29_16-49-00.jpg\",\"datePublished\":\"2023-07-29T15:50:06+00:00\",\"dateModified\":\"2023-09-25T01:06:20+00:00\",\"description\":\"Premium Colombian Pure Cocaine for Sale Online Colombian Cocaine is one of the most famous and useful products of Cocaine throughout the world. Colombia Best Online Store To Buy Top Quality Research Chemicals\",\"breadcrumb\":{\"@id\":\"https:\/\/purelabchem.com\/product\/colombian-pure-cocaine\/#breadcrumb\"},\"inLanguage\":\"pt-PT\",\"potentialAction\":[{\"@type\":\"ReadAction\",\"target\":[\"https:\/\/purelabchem.com\/product\/colombian-pure-cocaine\/\"]}]},{\"@type\":\"ImageObject\",\"inLanguage\":\"pt-PT\",\"@id\":\"https:\/\/purelabchem.com\/product\/colombian-pure-cocaine\/#primaryimage\",\"url\":\"https:\/\/purelabchem.com\/wp-content\/uploads\/2023\/07\/photo_2023-07-29_16-49-00.jpg\",\"contentUrl\":\"https:\/\/purelabchem.com\/wp-content\/uploads\/2023\/07\/photo_2023-07-29_16-49-00.jpg\",\"width\":719,\"height\":1280,\"caption\":\"Colombian Pure Cocaine\"},{\"@type\":\"BreadcrumbList\",\"@id\":\"https:\/\/purelabchem.com\/product\/colombian-pure-cocaine\/#breadcrumb\",\"itemListElement\":[{\"@type\":\"ListItem\",\"position\":1,\"name\":\"Home\",\"item\":\"https:\/\/purelabchem.com\/\"},{\"@type\":\"ListItem\",\"position\":2,\"name\":\"Colombian Pure Cocaine\"}]},{\"@type\":\"WebSite\",\"@id\":\"https:\/\/purelabchem.com\/#website\",\"url\":\"https:\/\/purelabchem.com\/\",\"name\":\"Pure Lab Research Chem\",\"description\":\"Best Online Store To Buy Top Quality Research Chemicals\",\"potentialAction\":[{\"@type\":\"SearchAction\",\"target\":{\"@type\":\"EntryPoint\",\"urlTemplate\":\"https:\/\/purelabchem.com\/?s={search_term_string}\"},\"query-input\":{\"@type\":\"PropertyValueSpecification\",\"valueRequired\":true,\"valueName\":\"search_term_string\"}}],\"inLanguage\":\"pt-PT\"}]}<\/script>\n<!-- \/ Yoast SEO Premium plugin. -->","yoast_head_json":{"title":"Colombian Pure Cocaine - Pure Lab Research Chem","description":"Premium Colombian Pure Cocaine for Sale Online Colombian Cocaine is one of the most famous and useful products of Cocaine throughout the world. Colombia Best Online Store To Buy Top Quality Research Chemicals","robots":{"index":"index","follow":"follow","max-snippet":"max-snippet:-1","max-image-preview":"max-image-preview:large","max-video-preview":"max-video-preview:-1"},"canonical":"https:\/\/purelabchem.com\/pt\/product\/colombian-pure-cocaine\/","og_locale":"pt_PT","og_type":"article","og_title":"Colombian Pure Cocaine","og_description":"Premium Colombian Pure Cocaine for Sale Online Colombian Cocaine is one of the most famous and useful products of Cocaine throughout the world. Colombia Best Online Store To Buy Top Quality Research Chemicals","og_url":"https:\/\/purelabchem.com\/pt\/product\/colombian-pure-cocaine\/","og_site_name":"Pure Lab Research Chem","article_modified_time":"2023-09-25T01:06:20+00:00","og_image":[{"width":719,"height":1280,"url":"https:\/\/purelabchem.com\/wp-content\/uploads\/2023\/07\/photo_2023-07-29_16-49-00.jpg","type":"image\/jpeg"}],"twitter_card":"summary_large_image","twitter_misc":{"Tempo estimado de leitura":"2 minutos"},"schema":{"@context":"https:\/\/schema.org","@graph":[{"@type":"WebPage","@id":"https:\/\/purelabchem.com\/product\/colombian-pure-cocaine\/","url":"https:\/\/purelabchem.com\/product\/colombian-pure-cocaine\/","name":"Colombian Pure Cocaine - Pure Lab Research Chem","isPartOf":{"@id":"https:\/\/purelabchem.com\/#website"},"primaryImageOfPage":{"@id":"https:\/\/purelabchem.com\/product\/colombian-pure-cocaine\/#primaryimage"},"image":{"@id":"https:\/\/purelabchem.com\/product\/colombian-pure-cocaine\/#primaryimage"},"thumbnailUrl":"https:\/\/purelabchem.com\/wp-content\/uploads\/2023\/07\/photo_2023-07-29_16-49-00.jpg","datePublished":"2023-07-29T15:50:06+00:00","dateModified":"2023-09-25T01:06:20+00:00","description":"Premium Colombian Pure Cocaine for Sale Online Colombian Cocaine is one of the most famous and useful products of Cocaine throughout the world. Colombia Best Online Store To Buy Top Quality Research Chemicals","breadcrumb":{"@id":"https:\/\/purelabchem.com\/product\/colombian-pure-cocaine\/#breadcrumb"},"inLanguage":"pt-PT","potentialAction":[{"@type":"ReadAction","target":["https:\/\/purelabchem.com\/product\/colombian-pure-cocaine\/"]}]},{"@type":"ImageObject","inLanguage":"pt-PT","@id":"https:\/\/purelabchem.com\/product\/colombian-pure-cocaine\/#primaryimage","url":"https:\/\/purelabchem.com\/wp-content\/uploads\/2023\/07\/photo_2023-07-29_16-49-00.jpg","contentUrl":"https:\/\/purelabchem.com\/wp-content\/uploads\/2023\/07\/photo_2023-07-29_16-49-00.jpg","width":719,"height":1280,"caption":"Colombian Pure Cocaine"},{"@type":"BreadcrumbList","@id":"https:\/\/purelabchem.com\/product\/colombian-pure-cocaine\/#breadcrumb","itemListElement":[{"@type":"ListItem","position":1,"name":"Home","item":"https:\/\/purelabchem.com\/"},{"@type":"ListItem","position":2,"name":"Colombian Pure Cocaine"}]},{"@type":"WebSite","@id":"https:\/\/purelabchem.com\/#website","url":"https:\/\/purelabchem.com\/","name":"Pure Lab Research Chem","description":"A melhor loja online para comprar produtos qu\u00edmicos de investiga\u00e7\u00e3o de alta qualidade","potentialAction":[{"@type":"SearchAction","target":{"@type":"EntryPoint","urlTemplate":"https:\/\/purelabchem.com\/?s={search_term_string}"},"query-input":{"@type":"PropertyValueSpecification","valueRequired":true,"valueName":"search_term_string"}}],"inLanguage":"pt-PT"}]}},"_links":{"self":[{"href":"https:\/\/purelabchem.com\/pt\/wp-json\/wp\/v2\/product\/415","targetHints":{"allow":["GET"]}}],"collection":[{"href":"https:\/\/purelabchem.com\/pt\/wp-json\/wp\/v2\/product"}],"about":[{"href":"https:\/\/purelabchem.com\/pt\/wp-json\/wp\/v2\/types\/product"}],"replies":[{"embeddable":true,"href":"https:\/\/purelabchem.com\/pt\/wp-json\/wp\/v2\/comments?post=415"}],"wp:featuredmedia":[{"embeddable":true,"href":"https:\/\/purelabchem.com\/pt\/wp-json\/wp\/v2\/media\/416"}],"wp:attachment":[{"href":"https:\/\/purelabchem.com\/pt\/wp-json\/wp\/v2\/media?parent=415"}],"wp:term":[{"taxonomy":"product_brand","embeddable":true,"href":"https:\/\/purelabchem.com\/pt\/wp-json\/wp\/v2\/product_brand?post=415"},{"taxonomy":"product_cat","embeddable":true,"href":"https:\/\/purelabchem.com\/pt\/wp-json\/wp\/v2\/product_cat?post=415"},{"taxonomy":"product_tag","embeddable":true,"href":"https:\/\/purelabchem.com\/pt\/wp-json\/wp\/v2\/product_tag?post=415"}],"curies":[{"name":"wp","href":"https:\/\/api.w.org\/{rel}","templated":true}]}}