{"id":401,"date":"2023-07-29T15:41:52","date_gmt":"2023-07-29T15:41:52","guid":{"rendered":"https:\/\/purelabchem.com\/?post_type=product&#038;p=401"},"modified":"2023-09-25T01:27:42","modified_gmt":"2023-09-25T01:27:42","slug":"methamphetamine-crystal-meth","status":"publish","type":"product","link":"https:\/\/purelabchem.com\/pt\/product\/methamphetamine-crystal-meth\/","title":{"rendered":"Metanfetamina (Crystal Meth)"},"content":{"rendered":"<h1><strong>Buy Crystal Meth Online<\/strong><\/h1>\n<p>The abbreviation for crystal meth is methamphetamine. It is merely one type of methamphetamine.<\/p>\n<p>Methamphetamine is a white, crystalline substance that can be smoked, injected with a needle, or snorted (inhaled through the nose). All users experience a tremendous need to keep using the substance because it gives them a false sense of satisfaction and well-being\u2014a rush (strong feeling) of confidence, hyperactivity, and energy. Some even take it orally. A decrease in appetite is another side effect. The typical half-life of these side effects is six to eight hours, although they can last up to twenty-four hours.<\/p>\n<p>Although the initial high may be enjoyable, methamphetamine immediately starts to ruin the user&#8217;s life.<\/p>\n<h3><strong>WHAT IS METHAMPHETAMINE?<\/strong><\/h3>\n<p>Methamphetamine is a drug in the same class as cocaine and other powerful street drugs. It has many nicknames\u2014meth, crank, chalk or speed being the most common. (See the list of street names.)<\/p>\n<p>People of all ages use crystal meth, but it is most frequently used as a &#8220;club drug,&#8221; which is consumed while having a good time at rave or nightclub events. The most popular street names there are glass or ice.<\/p>\n<p>It is a poisonous and hazardous molecule that, like all drugs, acts at first as a stimulant before gradually destroying the body. As a result, it is linked to major health issues like memory loss, violence, psychotic behavior, and the possibility of heart and brain damage.<\/p>\n<p>Highly addictive, meth burns up the body\u2019s resources, creating a devastating dependence that can only be relieved by taking more of the drug.<\/p>\n<p>Crystal meth\u2019s effect is highly concentrated, and many users report getting hooked (addicted) from the first time they use it.<\/p>","protected":false},"excerpt":{"rendered":"<p>Buy Crystal Meth Online The abbreviation for crystal meth is methamphetamine. It is merely one type of methamphetamine. Methamphetamine is a white, crystalline substance that can be smoked, injected with a needle, or snorted (inhaled through the nose). All users experience a tremendous need to keep using the substance because it gives them a false [&hellip;]<\/p>","protected":false},"featured_media":402,"comment_status":"open","ping_status":"closed","template":"","meta":[],"product_brand":[],"product_cat":[65],"product_tag":[],"class_list":{"0":"post-401","1":"product","2":"type-product","3":"status-publish","4":"has-post-thumbnail","6":"product_cat-psychedelics","8":"first","9":"instock","10":"shipping-taxable","11":"purchasable","12":"product-type-variable"},"yoast_head":"<!-- This site is optimized with the Yoast SEO Premium plugin v22.5 (Yoast SEO v25.6) - https:\/\/yoast.com\/wordpress\/plugins\/seo\/ -->\n<title>Methamphetamine (Crystal Meth) - Pure Lab Research Chem<\/title>\n<meta name=\"description\" content=\"Buy Crystal Meth Online The abbreviation for crystal meth is methamphetamine. It is merely one type of methamphetamine. Methamphetamine is a white, Best Online Store To Buy Top Quality Research Chemicals\" \/>\n<meta name=\"robots\" content=\"index, follow, max-snippet:-1, max-image-preview:large, max-video-preview:-1\" \/>\n<link rel=\"canonical\" href=\"https:\/\/purelabchem.com\/pt\/product\/methamphetamine-crystal-meth\/\" \/>\n<meta property=\"og:locale\" content=\"pt_PT\" \/>\n<meta property=\"og:type\" content=\"article\" \/>\n<meta property=\"og:title\" content=\"Methamphetamine (Crystal Meth)\" \/>\n<meta property=\"og:description\" content=\"Buy Crystal Meth Online The abbreviation for crystal meth is methamphetamine. It is merely one type of methamphetamine. Methamphetamine is a white, Best Online Store To Buy Top Quality Research Chemicals\" \/>\n<meta property=\"og:url\" content=\"https:\/\/purelabchem.com\/pt\/product\/methamphetamine-crystal-meth\/\" \/>\n<meta property=\"og:site_name\" content=\"Pure Lab Research Chem\" \/>\n<meta property=\"article:modified_time\" content=\"2023-09-25T01:27:42+00:00\" \/>\n<meta property=\"og:image\" content=\"https:\/\/purelabchem.com\/wp-content\/uploads\/2023\/07\/photo_2023-07-29_16-40-00.jpg\" \/>\n\t<meta property=\"og:image:width\" content=\"960\" \/>\n\t<meta property=\"og:image:height\" content=\"1280\" \/>\n\t<meta property=\"og:image:type\" content=\"image\/jpeg\" \/>\n<meta name=\"twitter:card\" content=\"summary_large_image\" \/>\n<meta name=\"twitter:label1\" content=\"Tempo estimado de leitura\" \/>\n\t<meta name=\"twitter:data1\" content=\"1 minuto\" \/>\n<script type=\"application\/ld+json\" class=\"yoast-schema-graph\">{\"@context\":\"https:\/\/schema.org\",\"@graph\":[{\"@type\":\"WebPage\",\"@id\":\"https:\/\/purelabchem.com\/product\/methamphetamine-crystal-meth\/\",\"url\":\"https:\/\/purelabchem.com\/product\/methamphetamine-crystal-meth\/\",\"name\":\"Methamphetamine (Crystal Meth) - Pure Lab Research Chem\",\"isPartOf\":{\"@id\":\"https:\/\/purelabchem.com\/#website\"},\"primaryImageOfPage\":{\"@id\":\"https:\/\/purelabchem.com\/product\/methamphetamine-crystal-meth\/#primaryimage\"},\"image\":{\"@id\":\"https:\/\/purelabchem.com\/product\/methamphetamine-crystal-meth\/#primaryimage\"},\"thumbnailUrl\":\"https:\/\/purelabchem.com\/wp-content\/uploads\/2023\/07\/photo_2023-07-29_16-40-00.jpg\",\"datePublished\":\"2023-07-29T15:41:52+00:00\",\"dateModified\":\"2023-09-25T01:27:42+00:00\",\"description\":\"Buy Crystal Meth Online The abbreviation for crystal meth is methamphetamine. It is merely one type of methamphetamine. Methamphetamine is a white, Best Online Store To Buy Top Quality Research Chemicals\",\"breadcrumb\":{\"@id\":\"https:\/\/purelabchem.com\/product\/methamphetamine-crystal-meth\/#breadcrumb\"},\"inLanguage\":\"pt-PT\",\"potentialAction\":[{\"@type\":\"ReadAction\",\"target\":[\"https:\/\/purelabchem.com\/product\/methamphetamine-crystal-meth\/\"]}]},{\"@type\":\"ImageObject\",\"inLanguage\":\"pt-PT\",\"@id\":\"https:\/\/purelabchem.com\/product\/methamphetamine-crystal-meth\/#primaryimage\",\"url\":\"https:\/\/purelabchem.com\/wp-content\/uploads\/2023\/07\/photo_2023-07-29_16-40-00.jpg\",\"contentUrl\":\"https:\/\/purelabchem.com\/wp-content\/uploads\/2023\/07\/photo_2023-07-29_16-40-00.jpg\",\"width\":960,\"height\":1280,\"caption\":\"Methamphetamine (Crystal Meth)\"},{\"@type\":\"BreadcrumbList\",\"@id\":\"https:\/\/purelabchem.com\/product\/methamphetamine-crystal-meth\/#breadcrumb\",\"itemListElement\":[{\"@type\":\"ListItem\",\"position\":1,\"name\":\"Home\",\"item\":\"https:\/\/purelabchem.com\/\"},{\"@type\":\"ListItem\",\"position\":2,\"name\":\"Methamphetamine (Crystal Meth)\"}]},{\"@type\":\"WebSite\",\"@id\":\"https:\/\/purelabchem.com\/#website\",\"url\":\"https:\/\/purelabchem.com\/\",\"name\":\"Pure Lab Research Chem\",\"description\":\"Best Online Store To Buy Top Quality Research Chemicals\",\"potentialAction\":[{\"@type\":\"SearchAction\",\"target\":{\"@type\":\"EntryPoint\",\"urlTemplate\":\"https:\/\/purelabchem.com\/?s={search_term_string}\"},\"query-input\":{\"@type\":\"PropertyValueSpecification\",\"valueRequired\":true,\"valueName\":\"search_term_string\"}}],\"inLanguage\":\"pt-PT\"}]}<\/script>\n<!-- \/ Yoast SEO Premium plugin. -->","yoast_head_json":{"title":"Methamphetamine (Crystal Meth) - Pure Lab Research Chem","description":"Buy Crystal Meth Online The abbreviation for crystal meth is methamphetamine. It is merely one type of methamphetamine. Methamphetamine is a white, Best Online Store To Buy Top Quality Research Chemicals","robots":{"index":"index","follow":"follow","max-snippet":"max-snippet:-1","max-image-preview":"max-image-preview:large","max-video-preview":"max-video-preview:-1"},"canonical":"https:\/\/purelabchem.com\/pt\/product\/methamphetamine-crystal-meth\/","og_locale":"pt_PT","og_type":"article","og_title":"Methamphetamine (Crystal Meth)","og_description":"Buy Crystal Meth Online The abbreviation for crystal meth is methamphetamine. It is merely one type of methamphetamine. Methamphetamine is a white, Best Online Store To Buy Top Quality Research Chemicals","og_url":"https:\/\/purelabchem.com\/pt\/product\/methamphetamine-crystal-meth\/","og_site_name":"Pure Lab Research Chem","article_modified_time":"2023-09-25T01:27:42+00:00","og_image":[{"width":960,"height":1280,"url":"https:\/\/purelabchem.com\/wp-content\/uploads\/2023\/07\/photo_2023-07-29_16-40-00.jpg","type":"image\/jpeg"}],"twitter_card":"summary_large_image","twitter_misc":{"Tempo estimado de leitura":"1 minuto"},"schema":{"@context":"https:\/\/schema.org","@graph":[{"@type":"WebPage","@id":"https:\/\/purelabchem.com\/product\/methamphetamine-crystal-meth\/","url":"https:\/\/purelabchem.com\/product\/methamphetamine-crystal-meth\/","name":"Methamphetamine (Crystal Meth) - Pure Lab Research Chem","isPartOf":{"@id":"https:\/\/purelabchem.com\/#website"},"primaryImageOfPage":{"@id":"https:\/\/purelabchem.com\/product\/methamphetamine-crystal-meth\/#primaryimage"},"image":{"@id":"https:\/\/purelabchem.com\/product\/methamphetamine-crystal-meth\/#primaryimage"},"thumbnailUrl":"https:\/\/purelabchem.com\/wp-content\/uploads\/2023\/07\/photo_2023-07-29_16-40-00.jpg","datePublished":"2023-07-29T15:41:52+00:00","dateModified":"2023-09-25T01:27:42+00:00","description":"Buy Crystal Meth Online The abbreviation for crystal meth is methamphetamine. It is merely one type of methamphetamine. Methamphetamine is a white, Best Online Store To Buy Top Quality Research Chemicals","breadcrumb":{"@id":"https:\/\/purelabchem.com\/product\/methamphetamine-crystal-meth\/#breadcrumb"},"inLanguage":"pt-PT","potentialAction":[{"@type":"ReadAction","target":["https:\/\/purelabchem.com\/product\/methamphetamine-crystal-meth\/"]}]},{"@type":"ImageObject","inLanguage":"pt-PT","@id":"https:\/\/purelabchem.com\/product\/methamphetamine-crystal-meth\/#primaryimage","url":"https:\/\/purelabchem.com\/wp-content\/uploads\/2023\/07\/photo_2023-07-29_16-40-00.jpg","contentUrl":"https:\/\/purelabchem.com\/wp-content\/uploads\/2023\/07\/photo_2023-07-29_16-40-00.jpg","width":960,"height":1280,"caption":"Methamphetamine (Crystal Meth)"},{"@type":"BreadcrumbList","@id":"https:\/\/purelabchem.com\/product\/methamphetamine-crystal-meth\/#breadcrumb","itemListElement":[{"@type":"ListItem","position":1,"name":"Home","item":"https:\/\/purelabchem.com\/"},{"@type":"ListItem","position":2,"name":"Methamphetamine (Crystal Meth)"}]},{"@type":"WebSite","@id":"https:\/\/purelabchem.com\/#website","url":"https:\/\/purelabchem.com\/","name":"Pure Lab Research Chem","description":"A melhor loja online para comprar produtos qu\u00edmicos de investiga\u00e7\u00e3o de alta qualidade","potentialAction":[{"@type":"SearchAction","target":{"@type":"EntryPoint","urlTemplate":"https:\/\/purelabchem.com\/?s={search_term_string}"},"query-input":{"@type":"PropertyValueSpecification","valueRequired":true,"valueName":"search_term_string"}}],"inLanguage":"pt-PT"}]}},"_links":{"self":[{"href":"https:\/\/purelabchem.com\/pt\/wp-json\/wp\/v2\/product\/401","targetHints":{"allow":["GET"]}}],"collection":[{"href":"https:\/\/purelabchem.com\/pt\/wp-json\/wp\/v2\/product"}],"about":[{"href":"https:\/\/purelabchem.com\/pt\/wp-json\/wp\/v2\/types\/product"}],"replies":[{"embeddable":true,"href":"https:\/\/purelabchem.com\/pt\/wp-json\/wp\/v2\/comments?post=401"}],"wp:featuredmedia":[{"embeddable":true,"href":"https:\/\/purelabchem.com\/pt\/wp-json\/wp\/v2\/media\/402"}],"wp:attachment":[{"href":"https:\/\/purelabchem.com\/pt\/wp-json\/wp\/v2\/media?parent=401"}],"wp:term":[{"taxonomy":"product_brand","embeddable":true,"href":"https:\/\/purelabchem.com\/pt\/wp-json\/wp\/v2\/product_brand?post=401"},{"taxonomy":"product_cat","embeddable":true,"href":"https:\/\/purelabchem.com\/pt\/wp-json\/wp\/v2\/product_cat?post=401"},{"taxonomy":"product_tag","embeddable":true,"href":"https:\/\/purelabchem.com\/pt\/wp-json\/wp\/v2\/product_tag?post=401"}],"curies":[{"name":"wp","href":"https:\/\/api.w.org\/{rel}","templated":true}]}}