{"id":33,"date":"2023-07-29T07:00:44","date_gmt":"2023-07-29T07:00:44","guid":{"rendered":"https:\/\/purelabchem.com\/?post_type=product&#038;p=33"},"modified":"2023-10-17T23:59:53","modified_gmt":"2023-10-17T23:59:53","slug":"4-mec","status":"publish","type":"product","link":"https:\/\/purelabchem.com\/pt\/product\/4-mec\/","title":{"rendered":"4-MEC"},"content":{"rendered":"<h1><strong>4-MEC Research Chem For Sale &#8211; Best Place To Buy Premium Research Chemicals Online!<\/strong><\/h1>\n<p>4-MEC is a chemical that has a chemical similarity to mephedrone. Due to its resemblance to mephedrone, it is considered a stimulant and entactogenic drug of the chemical class phenethylamine, amphetamine and cathinone. It is sold under the name \u201cNRG-2\u201d alone or in mixtures with other substituted cathinones, although other blends such as \u201cNRG-1\u201d may be more ambiguous with the ingredients.<\/p>\n<p>4-MEC is reported to have been used as the active ingredient in fake \u201cEcstasy\u201d pills in some countries such as New Zealand.<br \/>\nRecreational use<br \/>\nSome users have injected the drug intravenously. This requires heating the water\/4-MEC solution in order for 4-MEC to dissolve. Injecting 4-MEC appears to be rough on veins and is sometimes accompanied by a burning sensation; for this reason 4-MEC should be diluted as much as possible. Intravenous dosages are comparable to oral ones, although more care should be given to safety (with regard to possibility of overdose and long-term effects).<br \/>\nChemical and physical data<br \/>\nFormula: C12H17NO<br \/>\nMolar mass: 191.274 g\u00b7mol?1<br \/>\nClinical data<br \/>\nSynonyms: 4-Methyl-N-ethylcathinone; 2-Ethylamino-1-p-tolylpropan-1-one<\/p>","protected":false},"excerpt":{"rendered":"<p>4-MEC Research Chem For Sale &#8211; Best Place To Buy Premium Research Chemicals Online! 4-MEC is a chemical that has a chemical similarity to mephedrone. Due to its resemblance to mephedrone, it is considered a stimulant and entactogenic drug of the chemical class phenethylamine, amphetamine and cathinone. It is sold under the name \u201cNRG-2\u201d alone [&hellip;]<\/p>","protected":false},"featured_media":34,"comment_status":"open","ping_status":"closed","template":"","meta":[],"product_brand":[],"product_cat":[64],"product_tag":[42,43,29,39,38,44,48,27,40,49,50,47,30,32,31,28,26,41,45,46],"class_list":{"0":"post-33","1":"product","2":"type-product","3":"status-publish","4":"has-post-thumbnail","6":"product_cat-research-chemicals","7":"product_tag-4-emc-4-ethylmethcathinone-powder-for-sale","8":"product_tag-4-emc-4-ethylmethcathinone-powder-for-sale-in-usa","9":"product_tag-buy","10":"product_tag-buy-4-emc-4-ethylmethcathinone-powder-near-me","11":"product_tag-buy-4-emc-4-ethylmethcathinone-powder-online-buy-4-emc","12":"product_tag-buy-4-emc-4-ethylmethcathinone-powder-online-now","13":"product_tag-buy-4-emc-4-ethylmethcathinone-powder-online-usa","14":"product_tag-canada","15":"product_tag-how-to-buy-4-emc-4-ethylmethcathinone-powder-online","16":"product_tag-how-to-order-4-emc-4-ethylmethcathinone-powder","17":"product_tag-is-4-emc-4-ethylmethcathinone-powder-in-canada","18":"product_tag-is-4-emc-4-ethylmethcathinone-powder-legal-in-usa","19":"product_tag-online","20":"product_tag-safe-delivery","21":"product_tag-suppliers","22":"product_tag-uk","23":"product_tag-usa","24":"product_tag-where-to-buy-4-emc-4-ethylmethcathinone-powder","25":"product_tag-where-to-buy-4-emc-4-ethylmethcathinone-powder-online","26":"product_tag-you-can-still-get-4-emc-4-ethylmethcathinone-powder","28":"first","29":"instock","30":"shipping-taxable","31":"purchasable","32":"product-type-variable"},"yoast_head":"<!-- This site is optimized with the Yoast SEO Premium plugin v22.5 (Yoast SEO v25.6) - https:\/\/yoast.com\/wordpress\/plugins\/seo\/ -->\n<title>4-MEC - Pure Lab Research Chem<\/title>\n<meta name=\"description\" content=\"4-MEC Research Chem For Sale - Best Place To Buy Premium Research Chemicals Online! 4-MEC is a chemical that has a chemical similarity to mephedrone. Due Best Online Store To Buy Top Quality Research Chemicals\" \/>\n<meta name=\"robots\" content=\"index, follow, max-snippet:-1, max-image-preview:large, max-video-preview:-1\" \/>\n<link rel=\"canonical\" href=\"https:\/\/purelabchem.com\/pt\/product\/4-mec\/\" \/>\n<meta property=\"og:locale\" content=\"pt_PT\" \/>\n<meta property=\"og:type\" content=\"article\" \/>\n<meta property=\"og:title\" content=\"4-MEC\" \/>\n<meta property=\"og:description\" content=\"4-MEC Research Chem For Sale - Best Place To Buy Premium Research Chemicals Online! 4-MEC is a chemical that has a chemical similarity to mephedrone. Due Best Online Store To Buy Top Quality Research Chemicals\" \/>\n<meta property=\"og:url\" content=\"https:\/\/purelabchem.com\/pt\/product\/4-mec\/\" \/>\n<meta property=\"og:site_name\" content=\"Pure Lab Research Chem\" \/>\n<meta property=\"article:modified_time\" content=\"2023-10-17T23:59:53+00:00\" \/>\n<meta property=\"og:image\" content=\"https:\/\/purelabchem.com\/wp-content\/uploads\/2023\/07\/photo_2023-07-29_08-00-25.jpg\" \/>\n\t<meta property=\"og:image:width\" content=\"600\" \/>\n\t<meta property=\"og:image:height\" content=\"600\" \/>\n\t<meta property=\"og:image:type\" content=\"image\/jpeg\" \/>\n<meta name=\"twitter:card\" content=\"summary_large_image\" \/>\n<meta name=\"twitter:label1\" content=\"Tempo estimado de leitura\" \/>\n\t<meta name=\"twitter:data1\" content=\"1 minuto\" \/>\n<script type=\"application\/ld+json\" class=\"yoast-schema-graph\">{\"@context\":\"https:\/\/schema.org\",\"@graph\":[{\"@type\":\"WebPage\",\"@id\":\"https:\/\/purelabchem.com\/product\/4-mec\/\",\"url\":\"https:\/\/purelabchem.com\/product\/4-mec\/\",\"name\":\"4-MEC - Pure Lab Research Chem\",\"isPartOf\":{\"@id\":\"https:\/\/purelabchem.com\/#website\"},\"primaryImageOfPage\":{\"@id\":\"https:\/\/purelabchem.com\/product\/4-mec\/#primaryimage\"},\"image\":{\"@id\":\"https:\/\/purelabchem.com\/product\/4-mec\/#primaryimage\"},\"thumbnailUrl\":\"https:\/\/purelabchem.com\/wp-content\/uploads\/2023\/07\/photo_2023-07-29_08-00-25.jpg\",\"datePublished\":\"2023-07-29T07:00:44+00:00\",\"dateModified\":\"2023-10-17T23:59:53+00:00\",\"description\":\"4-MEC Research Chem For Sale - Best Place To Buy Premium Research Chemicals Online! 4-MEC is a chemical that has a chemical similarity to mephedrone. Due Best Online Store To Buy Top Quality Research Chemicals\",\"breadcrumb\":{\"@id\":\"https:\/\/purelabchem.com\/product\/4-mec\/#breadcrumb\"},\"inLanguage\":\"pt-PT\",\"potentialAction\":[{\"@type\":\"ReadAction\",\"target\":[\"https:\/\/purelabchem.com\/product\/4-mec\/\"]}]},{\"@type\":\"ImageObject\",\"inLanguage\":\"pt-PT\",\"@id\":\"https:\/\/purelabchem.com\/product\/4-mec\/#primaryimage\",\"url\":\"https:\/\/purelabchem.com\/wp-content\/uploads\/2023\/07\/photo_2023-07-29_08-00-25.jpg\",\"contentUrl\":\"https:\/\/purelabchem.com\/wp-content\/uploads\/2023\/07\/photo_2023-07-29_08-00-25.jpg\",\"width\":600,\"height\":600,\"caption\":\"4-MEC\"},{\"@type\":\"BreadcrumbList\",\"@id\":\"https:\/\/purelabchem.com\/product\/4-mec\/#breadcrumb\",\"itemListElement\":[{\"@type\":\"ListItem\",\"position\":1,\"name\":\"Home\",\"item\":\"https:\/\/purelabchem.com\/\"},{\"@type\":\"ListItem\",\"position\":2,\"name\":\"4-MEC\"}]},{\"@type\":\"WebSite\",\"@id\":\"https:\/\/purelabchem.com\/#website\",\"url\":\"https:\/\/purelabchem.com\/\",\"name\":\"Pure Lab Research Chem\",\"description\":\"Best Online Store To Buy Top Quality Research Chemicals\",\"potentialAction\":[{\"@type\":\"SearchAction\",\"target\":{\"@type\":\"EntryPoint\",\"urlTemplate\":\"https:\/\/purelabchem.com\/?s={search_term_string}\"},\"query-input\":{\"@type\":\"PropertyValueSpecification\",\"valueRequired\":true,\"valueName\":\"search_term_string\"}}],\"inLanguage\":\"pt-PT\"}]}<\/script>\n<!-- \/ Yoast SEO Premium plugin. -->","yoast_head_json":{"title":"4-MEC - Pure Lab Research Chem","description":"4-MEC Research Chem For Sale - Best Place To Buy Premium Research Chemicals Online! 4-MEC is a chemical that has a chemical similarity to mephedrone. Due Best Online Store To Buy Top Quality Research Chemicals","robots":{"index":"index","follow":"follow","max-snippet":"max-snippet:-1","max-image-preview":"max-image-preview:large","max-video-preview":"max-video-preview:-1"},"canonical":"https:\/\/purelabchem.com\/pt\/product\/4-mec\/","og_locale":"pt_PT","og_type":"article","og_title":"4-MEC","og_description":"4-MEC Research Chem For Sale - Best Place To Buy Premium Research Chemicals Online! 4-MEC is a chemical that has a chemical similarity to mephedrone. Due Best Online Store To Buy Top Quality Research Chemicals","og_url":"https:\/\/purelabchem.com\/pt\/product\/4-mec\/","og_site_name":"Pure Lab Research Chem","article_modified_time":"2023-10-17T23:59:53+00:00","og_image":[{"width":600,"height":600,"url":"https:\/\/purelabchem.com\/wp-content\/uploads\/2023\/07\/photo_2023-07-29_08-00-25.jpg","type":"image\/jpeg"}],"twitter_card":"summary_large_image","twitter_misc":{"Tempo estimado de leitura":"1 minuto"},"schema":{"@context":"https:\/\/schema.org","@graph":[{"@type":"WebPage","@id":"https:\/\/purelabchem.com\/product\/4-mec\/","url":"https:\/\/purelabchem.com\/product\/4-mec\/","name":"4-MEC - Pure Lab Research Chem","isPartOf":{"@id":"https:\/\/purelabchem.com\/#website"},"primaryImageOfPage":{"@id":"https:\/\/purelabchem.com\/product\/4-mec\/#primaryimage"},"image":{"@id":"https:\/\/purelabchem.com\/product\/4-mec\/#primaryimage"},"thumbnailUrl":"https:\/\/purelabchem.com\/wp-content\/uploads\/2023\/07\/photo_2023-07-29_08-00-25.jpg","datePublished":"2023-07-29T07:00:44+00:00","dateModified":"2023-10-17T23:59:53+00:00","description":"4-MEC Research Chem For Sale - Best Place To Buy Premium Research Chemicals Online! 4-MEC is a chemical that has a chemical similarity to mephedrone. Due Best Online Store To Buy Top Quality Research Chemicals","breadcrumb":{"@id":"https:\/\/purelabchem.com\/product\/4-mec\/#breadcrumb"},"inLanguage":"pt-PT","potentialAction":[{"@type":"ReadAction","target":["https:\/\/purelabchem.com\/product\/4-mec\/"]}]},{"@type":"ImageObject","inLanguage":"pt-PT","@id":"https:\/\/purelabchem.com\/product\/4-mec\/#primaryimage","url":"https:\/\/purelabchem.com\/wp-content\/uploads\/2023\/07\/photo_2023-07-29_08-00-25.jpg","contentUrl":"https:\/\/purelabchem.com\/wp-content\/uploads\/2023\/07\/photo_2023-07-29_08-00-25.jpg","width":600,"height":600,"caption":"4-MEC"},{"@type":"BreadcrumbList","@id":"https:\/\/purelabchem.com\/product\/4-mec\/#breadcrumb","itemListElement":[{"@type":"ListItem","position":1,"name":"Home","item":"https:\/\/purelabchem.com\/"},{"@type":"ListItem","position":2,"name":"4-MEC"}]},{"@type":"WebSite","@id":"https:\/\/purelabchem.com\/#website","url":"https:\/\/purelabchem.com\/","name":"Pure Lab Research Chem","description":"A melhor loja online para comprar produtos qu\u00edmicos de investiga\u00e7\u00e3o de alta qualidade","potentialAction":[{"@type":"SearchAction","target":{"@type":"EntryPoint","urlTemplate":"https:\/\/purelabchem.com\/?s={search_term_string}"},"query-input":{"@type":"PropertyValueSpecification","valueRequired":true,"valueName":"search_term_string"}}],"inLanguage":"pt-PT"}]}},"_links":{"self":[{"href":"https:\/\/purelabchem.com\/pt\/wp-json\/wp\/v2\/product\/33","targetHints":{"allow":["GET"]}}],"collection":[{"href":"https:\/\/purelabchem.com\/pt\/wp-json\/wp\/v2\/product"}],"about":[{"href":"https:\/\/purelabchem.com\/pt\/wp-json\/wp\/v2\/types\/product"}],"replies":[{"embeddable":true,"href":"https:\/\/purelabchem.com\/pt\/wp-json\/wp\/v2\/comments?post=33"}],"wp:featuredmedia":[{"embeddable":true,"href":"https:\/\/purelabchem.com\/pt\/wp-json\/wp\/v2\/media\/34"}],"wp:attachment":[{"href":"https:\/\/purelabchem.com\/pt\/wp-json\/wp\/v2\/media?parent=33"}],"wp:term":[{"taxonomy":"product_brand","embeddable":true,"href":"https:\/\/purelabchem.com\/pt\/wp-json\/wp\/v2\/product_brand?post=33"},{"taxonomy":"product_cat","embeddable":true,"href":"https:\/\/purelabchem.com\/pt\/wp-json\/wp\/v2\/product_cat?post=33"},{"taxonomy":"product_tag","embeddable":true,"href":"https:\/\/purelabchem.com\/pt\/wp-json\/wp\/v2\/product_tag?post=33"}],"curies":[{"name":"wp","href":"https:\/\/api.w.org\/{rel}","templated":true}]}}