{"id":25,"date":"2023-07-29T06:56:31","date_gmt":"2023-07-29T06:56:31","guid":{"rendered":"https:\/\/purelabchem.com\/?post_type=product&#038;p=25"},"modified":"2024-04-19T20:34:25","modified_gmt":"2024-04-19T20:34:25","slug":"2c-i","status":"publish","type":"product","link":"https:\/\/purelabchem.com\/pt\/product\/2c-i\/","title":{"rendered":"2C-I"},"content":{"rendered":"<h1><strong>2C-I Research Chem For Sale<\/strong><\/h1>\n<p>A series of 2,5-phenethylamines, collectively referred to as 2Cs, have psychoactive effects; many are scheduled as illegal substances. 2C-I (hydrochloride) is described formally as 2,5-dimethoxy-4-iodophenethylamine. Like other 2Cs, 2C-I (hydrochloride) is a monoamine oxidase inhibitor, blocking the breakdown of serotonin and norepinephrine (IC50\u00a0values of 79 and 37 \u03bcM, respectively), but not dopamine.\u00a0Its metabolism has been described. This product is intended for research and forensic applications<\/p>","protected":false},"excerpt":{"rendered":"<p>2C-I Research Chem For Sale A series of 2,5-phenethylamines, collectively referred to as 2Cs, have psychoactive effects; many are scheduled as illegal substances. 2C-I (hydrochloride) is described formally as 2,5-dimethoxy-4-iodophenethylamine. Like other 2Cs, 2C-I (hydrochloride) is a monoamine oxidase inhibitor, blocking the breakdown of serotonin and norepinephrine (IC50\u00a0values of 79 and 37 \u03bcM, respectively), but [&hellip;]<\/p>","protected":false},"featured_media":26,"comment_status":"open","ping_status":"closed","template":"","meta":[],"product_brand":[],"product_cat":[64],"product_tag":[],"class_list":{"0":"post-25","1":"product","2":"type-product","3":"status-publish","4":"has-post-thumbnail","6":"product_cat-research-chemicals","8":"first","9":"instock","10":"shipping-taxable","11":"purchasable","12":"product-type-variable"},"yoast_head":"<!-- This site is optimized with the Yoast SEO Premium plugin v22.5 (Yoast SEO v25.6) - https:\/\/yoast.com\/wordpress\/plugins\/seo\/ -->\n<title>2C-I - Pure Lab Research Chem<\/title>\n<meta name=\"description\" content=\"2C-I Research Chem For Sale A series of 2,5-phenethylamines, collectively referred to as 2Cs, have psychoactive effects; many are scheduled as illegal Best Online Store To Buy Top Quality Research Chemicals\" \/>\n<meta name=\"robots\" content=\"index, follow, max-snippet:-1, max-image-preview:large, max-video-preview:-1\" \/>\n<link rel=\"canonical\" href=\"https:\/\/purelabchem.com\/pt\/product\/2c-i\/\" \/>\n<meta property=\"og:locale\" content=\"pt_PT\" \/>\n<meta property=\"og:type\" content=\"article\" \/>\n<meta property=\"og:title\" content=\"2C-I\" \/>\n<meta property=\"og:description\" content=\"2C-I Research Chem For Sale A series of 2,5-phenethylamines, collectively referred to as 2Cs, have psychoactive effects; many are scheduled as illegal Best Online Store To Buy Top Quality Research Chemicals\" \/>\n<meta property=\"og:url\" content=\"https:\/\/purelabchem.com\/pt\/product\/2c-i\/\" \/>\n<meta property=\"og:site_name\" content=\"Pure Lab Research Chem\" \/>\n<meta property=\"article:modified_time\" content=\"2024-04-19T20:34:25+00:00\" \/>\n<meta property=\"og:image\" content=\"https:\/\/purelabchem.com\/wp-content\/uploads\/2023\/07\/photo_2023-07-29_07-56-00.jpg\" \/>\n\t<meta property=\"og:image:width\" content=\"250\" \/>\n\t<meta property=\"og:image:height\" content=\"141\" \/>\n\t<meta property=\"og:image:type\" content=\"image\/jpeg\" \/>\n<meta name=\"twitter:card\" content=\"summary_large_image\" \/>\n<script type=\"application\/ld+json\" class=\"yoast-schema-graph\">{\"@context\":\"https:\/\/schema.org\",\"@graph\":[{\"@type\":\"WebPage\",\"@id\":\"https:\/\/purelabchem.com\/product\/2c-i\/\",\"url\":\"https:\/\/purelabchem.com\/product\/2c-i\/\",\"name\":\"2C-I - Pure Lab Research Chem\",\"isPartOf\":{\"@id\":\"https:\/\/purelabchem.com\/#website\"},\"primaryImageOfPage\":{\"@id\":\"https:\/\/purelabchem.com\/product\/2c-i\/#primaryimage\"},\"image\":{\"@id\":\"https:\/\/purelabchem.com\/product\/2c-i\/#primaryimage\"},\"thumbnailUrl\":\"https:\/\/purelabchem.com\/wp-content\/uploads\/2023\/07\/photo_2023-07-29_07-56-00.jpg\",\"datePublished\":\"2023-07-29T06:56:31+00:00\",\"dateModified\":\"2024-04-19T20:34:25+00:00\",\"description\":\"2C-I Research Chem For Sale A series of 2,5-phenethylamines, collectively referred to as 2Cs, have psychoactive effects; many are scheduled as illegal Best Online Store To Buy Top Quality Research Chemicals\",\"breadcrumb\":{\"@id\":\"https:\/\/purelabchem.com\/product\/2c-i\/#breadcrumb\"},\"inLanguage\":\"pt-PT\",\"potentialAction\":[{\"@type\":\"ReadAction\",\"target\":[\"https:\/\/purelabchem.com\/product\/2c-i\/\"]}]},{\"@type\":\"ImageObject\",\"inLanguage\":\"pt-PT\",\"@id\":\"https:\/\/purelabchem.com\/product\/2c-i\/#primaryimage\",\"url\":\"https:\/\/purelabchem.com\/wp-content\/uploads\/2023\/07\/photo_2023-07-29_07-56-00.jpg\",\"contentUrl\":\"https:\/\/purelabchem.com\/wp-content\/uploads\/2023\/07\/photo_2023-07-29_07-56-00.jpg\",\"width\":250,\"height\":141,\"caption\":\"2C-I\"},{\"@type\":\"BreadcrumbList\",\"@id\":\"https:\/\/purelabchem.com\/product\/2c-i\/#breadcrumb\",\"itemListElement\":[{\"@type\":\"ListItem\",\"position\":1,\"name\":\"Home\",\"item\":\"https:\/\/purelabchem.com\/\"},{\"@type\":\"ListItem\",\"position\":2,\"name\":\"2C-I\"}]},{\"@type\":\"WebSite\",\"@id\":\"https:\/\/purelabchem.com\/#website\",\"url\":\"https:\/\/purelabchem.com\/\",\"name\":\"Pure Lab Research Chem\",\"description\":\"Best Online Store To Buy Top Quality Research Chemicals\",\"potentialAction\":[{\"@type\":\"SearchAction\",\"target\":{\"@type\":\"EntryPoint\",\"urlTemplate\":\"https:\/\/purelabchem.com\/?s={search_term_string}\"},\"query-input\":{\"@type\":\"PropertyValueSpecification\",\"valueRequired\":true,\"valueName\":\"search_term_string\"}}],\"inLanguage\":\"pt-PT\"}]}<\/script>\n<!-- \/ Yoast SEO Premium plugin. -->","yoast_head_json":{"title":"2C-I - Pure Lab Research Chem","description":"2C-I Research Chem For Sale A series of 2,5-phenethylamines, collectively referred to as 2Cs, have psychoactive effects; many are scheduled as illegal Best Online Store To Buy Top Quality Research Chemicals","robots":{"index":"index","follow":"follow","max-snippet":"max-snippet:-1","max-image-preview":"max-image-preview:large","max-video-preview":"max-video-preview:-1"},"canonical":"https:\/\/purelabchem.com\/pt\/product\/2c-i\/","og_locale":"pt_PT","og_type":"article","og_title":"2C-I","og_description":"2C-I Research Chem For Sale A series of 2,5-phenethylamines, collectively referred to as 2Cs, have psychoactive effects; many are scheduled as illegal Best Online Store To Buy Top Quality Research Chemicals","og_url":"https:\/\/purelabchem.com\/pt\/product\/2c-i\/","og_site_name":"Pure Lab Research Chem","article_modified_time":"2024-04-19T20:34:25+00:00","og_image":[{"width":250,"height":141,"url":"https:\/\/purelabchem.com\/wp-content\/uploads\/2023\/07\/photo_2023-07-29_07-56-00.jpg","type":"image\/jpeg"}],"twitter_card":"summary_large_image","schema":{"@context":"https:\/\/schema.org","@graph":[{"@type":"WebPage","@id":"https:\/\/purelabchem.com\/product\/2c-i\/","url":"https:\/\/purelabchem.com\/product\/2c-i\/","name":"2C-I - Pure Lab Research Chem","isPartOf":{"@id":"https:\/\/purelabchem.com\/#website"},"primaryImageOfPage":{"@id":"https:\/\/purelabchem.com\/product\/2c-i\/#primaryimage"},"image":{"@id":"https:\/\/purelabchem.com\/product\/2c-i\/#primaryimage"},"thumbnailUrl":"https:\/\/purelabchem.com\/wp-content\/uploads\/2023\/07\/photo_2023-07-29_07-56-00.jpg","datePublished":"2023-07-29T06:56:31+00:00","dateModified":"2024-04-19T20:34:25+00:00","description":"2C-I Research Chem For Sale A series of 2,5-phenethylamines, collectively referred to as 2Cs, have psychoactive effects; many are scheduled as illegal Best Online Store To Buy Top Quality Research Chemicals","breadcrumb":{"@id":"https:\/\/purelabchem.com\/product\/2c-i\/#breadcrumb"},"inLanguage":"pt-PT","potentialAction":[{"@type":"ReadAction","target":["https:\/\/purelabchem.com\/product\/2c-i\/"]}]},{"@type":"ImageObject","inLanguage":"pt-PT","@id":"https:\/\/purelabchem.com\/product\/2c-i\/#primaryimage","url":"https:\/\/purelabchem.com\/wp-content\/uploads\/2023\/07\/photo_2023-07-29_07-56-00.jpg","contentUrl":"https:\/\/purelabchem.com\/wp-content\/uploads\/2023\/07\/photo_2023-07-29_07-56-00.jpg","width":250,"height":141,"caption":"2C-I"},{"@type":"BreadcrumbList","@id":"https:\/\/purelabchem.com\/product\/2c-i\/#breadcrumb","itemListElement":[{"@type":"ListItem","position":1,"name":"Home","item":"https:\/\/purelabchem.com\/"},{"@type":"ListItem","position":2,"name":"2C-I"}]},{"@type":"WebSite","@id":"https:\/\/purelabchem.com\/#website","url":"https:\/\/purelabchem.com\/","name":"Pure Lab Research Chem","description":"A melhor loja online para comprar produtos qu\u00edmicos de investiga\u00e7\u00e3o de alta qualidade","potentialAction":[{"@type":"SearchAction","target":{"@type":"EntryPoint","urlTemplate":"https:\/\/purelabchem.com\/?s={search_term_string}"},"query-input":{"@type":"PropertyValueSpecification","valueRequired":true,"valueName":"search_term_string"}}],"inLanguage":"pt-PT"}]}},"_links":{"self":[{"href":"https:\/\/purelabchem.com\/pt\/wp-json\/wp\/v2\/product\/25","targetHints":{"allow":["GET"]}}],"collection":[{"href":"https:\/\/purelabchem.com\/pt\/wp-json\/wp\/v2\/product"}],"about":[{"href":"https:\/\/purelabchem.com\/pt\/wp-json\/wp\/v2\/types\/product"}],"replies":[{"embeddable":true,"href":"https:\/\/purelabchem.com\/pt\/wp-json\/wp\/v2\/comments?post=25"}],"wp:featuredmedia":[{"embeddable":true,"href":"https:\/\/purelabchem.com\/pt\/wp-json\/wp\/v2\/media\/26"}],"wp:attachment":[{"href":"https:\/\/purelabchem.com\/pt\/wp-json\/wp\/v2\/media?parent=25"}],"wp:term":[{"taxonomy":"product_brand","embeddable":true,"href":"https:\/\/purelabchem.com\/pt\/wp-json\/wp\/v2\/product_brand?post=25"},{"taxonomy":"product_cat","embeddable":true,"href":"https:\/\/purelabchem.com\/pt\/wp-json\/wp\/v2\/product_cat?post=25"},{"taxonomy":"product_tag","embeddable":true,"href":"https:\/\/purelabchem.com\/pt\/wp-json\/wp\/v2\/product_tag?post=25"}],"curies":[{"name":"wp","href":"https:\/\/api.w.org\/{rel}","templated":true}]}}