{"id":566,"date":"2013-08-11T19:22:53","date_gmt":"2013-08-11T19:22:53","guid":{"rendered":"http:\/\/localhost:8888\/test\/?page_id=532"},"modified":"2025-07-14T17:16:39","modified_gmt":"2025-07-14T17:16:39","slug":"contacto","status":"publish","type":"page","link":"https:\/\/purelabchem.com\/pt\/contacto\/","title":{"rendered":"Contactar-nos"},"content":{"rendered":"[map]\n\n<h3>Sesam Street 323b, 4010, Noruega<\/h3>\n<p>Estamos abertos de segunda a sexta-feira, das 8:00 \u00e0s 19:30 EST<\/p>\n\n[\/map]\n[section label=&#8221;Simple Center&#8221; bg_color=&#8221;rgb(245, 245, 245)&#8221; padding=&#8221;60px&#8221; height=&#8221;300px&#8221;]\n\n[row h_align=&#8221;center&#8221;]\n\n[col span=&#8221;10&#8243; span__sm=&#8221;12&#8243; align=&#8221;center&#8221;]\n\n\n<div class=\"wpcf7 no-js\" id=\"wpcf7-f490-o1\" lang=\"en-US\" dir=\"ltr\" data-wpcf7-id=\"490\">\n<div class=\"screen-reader-response\"><p role=\"status\" aria-live=\"polite\" aria-atomic=\"true\"><\/p> <ul><\/ul><\/div>\n<form action=\"\/pt\/wp-json\/wp\/v2\/pages\/566#wpcf7-f490-o1\" method=\"post\" class=\"wpcf7-form init\" aria-label=\"Contact form\" novalidate=\"novalidate\" data-status=\"init\" data-trp-original-action=\"\/pt\/wp-json\/wp\/v2\/pages\/566#wpcf7-f490-o1\">\n<fieldset class=\"hidden-fields-container\"><input type=\"hidden\" name=\"_wpcf7\" value=\"490\" \/><input type=\"hidden\" name=\"_wpcf7_version\" value=\"6.1\" \/><input type=\"hidden\" name=\"_wpcf7_locale\" value=\"en_US\" \/><input type=\"hidden\" name=\"_wpcf7_unit_tag\" value=\"wpcf7-f490-o1\" \/><input type=\"hidden\" name=\"_wpcf7_container_post\" value=\"0\" \/><input type=\"hidden\" name=\"_wpcf7_posted_data_hash\" value=\"\" \/>\n<\/fieldset>\n<div class=\"form-flat\">\n\t<p><span class=\"wpcf7-form-control-wrap\" data-name=\"your-name\"><input size=\"40\" maxlength=\"400\" class=\"wpcf7-form-control wpcf7-text wpcf7-validates-as-required\" aria-required=\"true\" aria-invalid=\"false\" placeholder=\"O seu nome (obrigat\u00f3rio)\" value=\"\" type=\"text\" name=\"your-name\" \/><\/span>\n\t<\/p>\n\t<p><span class=\"wpcf7-form-control-wrap\" data-name=\"your-email\"><input size=\"40\" maxlength=\"400\" class=\"wpcf7-form-control wpcf7-email wpcf7-validates-as-required wpcf7-text wpcf7-validates-as-email\" aria-required=\"true\" aria-invalid=\"false\" placeholder=\"O seu e-mail (obrigat\u00f3rio)\" value=\"\" type=\"email\" name=\"your-email\" \/><\/span>\n\t<\/p>\n\t<p><span class=\"wpcf7-form-control-wrap\" data-name=\"your-phone\"><input size=\"40\" maxlength=\"400\" class=\"wpcf7-form-control wpcf7-tel wpcf7-validates-as-required wpcf7-text wpcf7-validates-as-tel\" aria-required=\"true\" aria-invalid=\"false\" placeholder=\"O seu telefone (obrigat\u00f3rio)\" value=\"\" type=\"tel\" name=\"your-phone\" \/><\/span>\n\t<\/p>\n\t<p><span class=\"wpcf7-form-control-wrap\" data-name=\"your-subject\"><input size=\"40\" maxlength=\"400\" class=\"wpcf7-form-control wpcf7-text wpcf7-validates-as-required\" aria-required=\"true\" aria-invalid=\"false\" placeholder=\"O seu assunto (obrigat\u00f3rio)\" value=\"\" type=\"text\" name=\"your-subject\" \/><\/span>\n\t<\/p>\n\t<p><span class=\"wpcf7-form-control-wrap\" data-name=\"your-message\"><textarea cols=\"40\" rows=\"10\" maxlength=\"2000\" class=\"wpcf7-form-control wpcf7-textarea wpcf7-validates-as-required\" aria-required=\"true\" aria-invalid=\"false\" placeholder=\"A sua mensagem (obrigat\u00f3rio)\" name=\"your-message\"><\/textarea><\/span>\n\t<\/p>\n\t<p><input class=\"wpcf7-form-control wpcf7-submit has-spinner button\" type=\"submit\" value=\"Enviar\" \/>\n\t<\/p>\n<\/div><div class=\"wpcf7-response-output\" aria-hidden=\"true\"><\/div>\n<input type=\"hidden\" name=\"trp-form-language\" value=\"pt\"\/><\/form>\n<\/div>\n\n\n\n[\/col]\n\n[\/row]\n\n[\/section]\n[row]\n\n[col span=&#8221;6&#8243;]\n\n[title text=&#8221;Frequently Asked Questions&#8221;]\n\n<p class=\"lead\">Leia as nossas FAQ antes de nos enviar uma mensagem.<\/p>\n[accordion]\n\n[accordion-item title=&#8221;What are the delivery charges for orders from your Online Shop?&#8221;]\n\n<p>Os custos de envio variam consoante a sua localiza\u00e7\u00e3o. Por isso, efectue a sua encomenda e, na p\u00e1gina de finaliza\u00e7\u00e3o da compra, a taxa de envio ser\u00e1 calculada automaticamente e adicionada ao seu saldo final.<\/p>\n\n[\/accordion-item]\n[accordion-item title=&#8221;Which payment methods are accepted in the Online Shop?&#8221;]\n\n<p>Aceitamos v\u00e1rios m\u00e9todos de pagamento como Crypto (BTC, ETH, USDT), transfer\u00eancias banc\u00e1rias e muitos outros.<\/p>\n\n[\/accordion-item]\n[accordion-item title=&#8221;How long will delivery take?&#8221;]\n\n<p>As entregas demoram entre 1 a 2 dias (no caso de envio expresso) e cerca de 5 a 9 dias. <\/p>\n\n[\/accordion-item]\n[accordion-item title=&#8221;How secure is shopping in the Online Shop? Is my data protected?&#8221;]\n\n<p>Damos extrema prioridade \u00e0 prote\u00e7\u00e3o das informa\u00e7\u00f5es dos nossos clientes e, como tal, os seus dados est\u00e3o protegidos e n\u00e3o s\u00e3o partilhados com terceiros.<\/p>\n\n[\/accordion-item]\n[accordion-item title=&#8221;What exactly happens after ordering?&#8221;]\n\n<p>Assim que fizer a sua encomenda, processaremos o pagamento, embalaremos e prepararemos a sua encomenda para envio e, assim que tudo estiver pronto, fornecer-lhe-emos as informa\u00e7\u00f5es de seguimento e prestaremos assist\u00eancia em todas as etapas do processo de envio da sua encomenda. <\/p>\n\n[\/accordion-item]\n[accordion-item title=&#8221;Do I receive an invoice for my order?&#8221;]\n\n<p>Uma vez efectuada a sua encomenda, receber\u00e1 uma encomenda autom\u00e1tica enviada para o seu endere\u00e7o de correio eletr\u00f3nico, que fornecer\u00e1 na p\u00e1gina de finaliza\u00e7\u00e3o da compra. <\/p>\n\n[\/accordion-item]\n\n[\/accordion]\n\n[\/col]\n[col span=&#8221;6&#8243;]\n\n[title text=&#8221;Send us an email&#8221;]\n\n<p>Tel: +1 (646) 504-7248<br \/>Correio eletr\u00f3nico: contact@purelabchem.com<\/p>\n\n\n[\/col]\n\n[\/row]\n<p>&nbsp;<\/p>","protected":false},"excerpt":{"rendered":"","protected":false},"author":1,"featured_media":494,"parent":0,"menu_order":0,"comment_status":"closed","ping_status":"closed","template":"page-blank.php","meta":{"_joinchat":[],"footnotes":""},"class_list":["post-566","page","type-page","status-publish","has-post-thumbnail","hentry"],"yoast_head":"<!-- This site is optimized with the Yoast SEO Premium plugin v22.5 (Yoast SEO v25.6) - https:\/\/yoast.com\/wordpress\/plugins\/seo\/ -->\n<title>Contact Us - Pure Lab Research Chem<\/title>\n<meta name=\"robots\" content=\"index, follow, max-snippet:-1, max-image-preview:large, max-video-preview:-1\" \/>\n<link rel=\"canonical\" href=\"https:\/\/purelabchem.com\/pt\/contacto\/\" \/>\n<meta property=\"og:locale\" content=\"pt_PT\" \/>\n<meta property=\"og:type\" content=\"article\" \/>\n<meta property=\"og:title\" content=\"Contact Us\" \/>\n<meta property=\"og:url\" content=\"https:\/\/purelabchem.com\/pt\/contacto\/\" \/>\n<meta property=\"og:site_name\" content=\"Pure Lab Research Chem\" \/>\n<meta property=\"article:modified_time\" content=\"2025-07-14T17:16:39+00:00\" \/>\n<meta property=\"og:image\" content=\"https:\/\/purelabchem.com\/wp-content\/uploads\/2016\/08\/dummy-1.jpg\" \/>\n\t<meta property=\"og:image:width\" content=\"400\" \/>\n\t<meta property=\"og:image:height\" content=\"260\" \/>\n\t<meta property=\"og:image:type\" content=\"image\/jpeg\" \/>\n<meta name=\"twitter:card\" content=\"summary_large_image\" \/>\n<meta name=\"twitter:label1\" content=\"Tempo estimado de leitura\" \/>\n\t<meta name=\"twitter:data1\" content=\"2 minutos\" \/>\n<script type=\"application\/ld+json\" class=\"yoast-schema-graph\">{\"@context\":\"https:\/\/schema.org\",\"@graph\":[{\"@type\":\"WebPage\",\"@id\":\"https:\/\/purelabchem.com\/contact\/\",\"url\":\"https:\/\/purelabchem.com\/contact\/\",\"name\":\"Contact Us - Pure Lab Research Chem\",\"isPartOf\":{\"@id\":\"https:\/\/purelabchem.com\/#website\"},\"primaryImageOfPage\":{\"@id\":\"https:\/\/purelabchem.com\/contact\/#primaryimage\"},\"image\":{\"@id\":\"https:\/\/purelabchem.com\/contact\/#primaryimage\"},\"thumbnailUrl\":\"https:\/\/purelabchem.com\/wp-content\/uploads\/2016\/08\/dummy-1.jpg\",\"datePublished\":\"2013-08-11T19:22:53+00:00\",\"dateModified\":\"2025-07-14T17:16:39+00:00\",\"breadcrumb\":{\"@id\":\"https:\/\/purelabchem.com\/contact\/#breadcrumb\"},\"inLanguage\":\"pt-PT\",\"potentialAction\":[{\"@type\":\"ReadAction\",\"target\":[\"https:\/\/purelabchem.com\/contact\/\"]}]},{\"@type\":\"ImageObject\",\"inLanguage\":\"pt-PT\",\"@id\":\"https:\/\/purelabchem.com\/contact\/#primaryimage\",\"url\":\"https:\/\/purelabchem.com\/wp-content\/uploads\/2016\/08\/dummy-1.jpg\",\"contentUrl\":\"https:\/\/purelabchem.com\/wp-content\/uploads\/2016\/08\/dummy-1.jpg\",\"width\":400,\"height\":260},{\"@type\":\"BreadcrumbList\",\"@id\":\"https:\/\/purelabchem.com\/contact\/#breadcrumb\",\"itemListElement\":[{\"@type\":\"ListItem\",\"position\":1,\"name\":\"Home\",\"item\":\"https:\/\/purelabchem.com\/\"},{\"@type\":\"ListItem\",\"position\":2,\"name\":\"Contact Us\"}]},{\"@type\":\"WebSite\",\"@id\":\"https:\/\/purelabchem.com\/#website\",\"url\":\"https:\/\/purelabchem.com\/\",\"name\":\"Pure Lab Research Chem\",\"description\":\"Best Online Store To Buy Top Quality Research Chemicals\",\"potentialAction\":[{\"@type\":\"SearchAction\",\"target\":{\"@type\":\"EntryPoint\",\"urlTemplate\":\"https:\/\/purelabchem.com\/?s={search_term_string}\"},\"query-input\":{\"@type\":\"PropertyValueSpecification\",\"valueRequired\":true,\"valueName\":\"search_term_string\"}}],\"inLanguage\":\"pt-PT\"}]}<\/script>\n<!-- \/ Yoast SEO Premium plugin. -->","yoast_head_json":{"title":"Contacte-nos - Pure Lab Research Chem","robots":{"index":"index","follow":"follow","max-snippet":"max-snippet:-1","max-image-preview":"max-image-preview:large","max-video-preview":"max-video-preview:-1"},"canonical":"https:\/\/purelabchem.com\/pt\/contacto\/","og_locale":"pt_PT","og_type":"article","og_title":"Contact Us","og_url":"https:\/\/purelabchem.com\/pt\/contacto\/","og_site_name":"Pure Lab Research Chem","article_modified_time":"2025-07-14T17:16:39+00:00","og_image":[{"width":400,"height":260,"url":"https:\/\/purelabchem.com\/wp-content\/uploads\/2016\/08\/dummy-1.jpg","type":"image\/jpeg"}],"twitter_card":"summary_large_image","twitter_misc":{"Tempo estimado de leitura":"2 minutos"},"schema":{"@context":"https:\/\/schema.org","@graph":[{"@type":"WebPage","@id":"https:\/\/purelabchem.com\/contact\/","url":"https:\/\/purelabchem.com\/contact\/","name":"Contacte-nos - Pure Lab Research Chem","isPartOf":{"@id":"https:\/\/purelabchem.com\/#website"},"primaryImageOfPage":{"@id":"https:\/\/purelabchem.com\/contact\/#primaryimage"},"image":{"@id":"https:\/\/purelabchem.com\/contact\/#primaryimage"},"thumbnailUrl":"https:\/\/purelabchem.com\/wp-content\/uploads\/2016\/08\/dummy-1.jpg","datePublished":"2013-08-11T19:22:53+00:00","dateModified":"2025-07-14T17:16:39+00:00","breadcrumb":{"@id":"https:\/\/purelabchem.com\/contact\/#breadcrumb"},"inLanguage":"pt-PT","potentialAction":[{"@type":"ReadAction","target":["https:\/\/purelabchem.com\/contact\/"]}]},{"@type":"ImageObject","inLanguage":"pt-PT","@id":"https:\/\/purelabchem.com\/contact\/#primaryimage","url":"https:\/\/purelabchem.com\/wp-content\/uploads\/2016\/08\/dummy-1.jpg","contentUrl":"https:\/\/purelabchem.com\/wp-content\/uploads\/2016\/08\/dummy-1.jpg","width":400,"height":260},{"@type":"BreadcrumbList","@id":"https:\/\/purelabchem.com\/contact\/#breadcrumb","itemListElement":[{"@type":"ListItem","position":1,"name":"Home","item":"https:\/\/purelabchem.com\/"},{"@type":"ListItem","position":2,"name":"Contact Us"}]},{"@type":"WebSite","@id":"https:\/\/purelabchem.com\/#website","url":"https:\/\/purelabchem.com\/","name":"Pure Lab Research Chem","description":"A melhor loja online para comprar produtos qu\u00edmicos de investiga\u00e7\u00e3o de alta qualidade","potentialAction":[{"@type":"SearchAction","target":{"@type":"EntryPoint","urlTemplate":"https:\/\/purelabchem.com\/?s={search_term_string}"},"query-input":{"@type":"PropertyValueSpecification","valueRequired":true,"valueName":"search_term_string"}}],"inLanguage":"pt-PT"}]}},"_links":{"self":[{"href":"https:\/\/purelabchem.com\/pt\/wp-json\/wp\/v2\/pages\/566","targetHints":{"allow":["GET"]}}],"collection":[{"href":"https:\/\/purelabchem.com\/pt\/wp-json\/wp\/v2\/pages"}],"about":[{"href":"https:\/\/purelabchem.com\/pt\/wp-json\/wp\/v2\/types\/page"}],"author":[{"embeddable":true,"href":"https:\/\/purelabchem.com\/pt\/wp-json\/wp\/v2\/users\/1"}],"replies":[{"embeddable":true,"href":"https:\/\/purelabchem.com\/pt\/wp-json\/wp\/v2\/comments?post=566"}],"version-history":[{"count":0,"href":"https:\/\/purelabchem.com\/pt\/wp-json\/wp\/v2\/pages\/566\/revisions"}],"wp:featuredmedia":[{"embeddable":true,"href":"https:\/\/purelabchem.com\/pt\/wp-json\/wp\/v2\/media\/494"}],"wp:attachment":[{"href":"https:\/\/purelabchem.com\/pt\/wp-json\/wp\/v2\/media?parent=566"}],"curies":[{"name":"wp","href":"https:\/\/api.w.org\/{rel}","templated":true}]}}