{"id":99,"date":"2023-07-29T07:54:45","date_gmt":"2023-07-29T07:54:45","guid":{"rendered":"https:\/\/purelabchem.com\/?post_type=product&#038;p=99"},"modified":"2023-10-05T02:37:44","modified_gmt":"2023-10-05T02:37:44","slug":"phenazepam-powder","status":"publish","type":"product","link":"https:\/\/purelabchem.com\/pl\/product\/phenazepam-powder\/","title":{"rendered":"Phenazepam Powder"},"content":{"rendered":"<h1><strong>Buy Phenazepam Powder Online<\/strong><\/h1>\n<p>Phenazepam Powder is a powerful benzodiazepine, which are drugs referred to as minor tranquilizers because they relieve tension and anxiety, and help the user feel calm and relaxed.<br \/>\nPhenazepam Powder (also known in Russia as bromdihydrochlorphenylbenzodiazepine) is a benzodiazepine drug, which was developed in the Soviet Union in 1975, and now produced in Russia and some CIS countries. Phenazepam is used in the treatment of various psychiatric and neurological disorders.<br \/>\nPhenazepam is a powerful benzodiazepine, which are drugs referred to as minor tranquilizers because they relieve tension and anxiety, and help the user feel calm and relaxed.<\/p>","protected":false},"excerpt":{"rendered":"<p>Buy Phenazepam Powder Online Phenazepam Powder is a powerful benzodiazepine, which are drugs referred to as minor tranquilizers because they relieve tension and anxiety, and help the user feel calm and relaxed. Phenazepam Powder (also known in Russia as bromdihydrochlorphenylbenzodiazepine) is a benzodiazepine drug, which was developed in the Soviet Union in 1975, and now [&hellip;]<\/p>","protected":false},"featured_media":100,"comment_status":"open","ping_status":"closed","template":"","meta":[],"product_brand":[],"product_cat":[64],"product_tag":[],"class_list":{"0":"post-99","1":"product","2":"type-product","3":"status-publish","4":"has-post-thumbnail","6":"product_cat-research-chemicals","8":"first","9":"instock","10":"shipping-taxable","11":"purchasable","12":"product-type-variable"},"yoast_head":"<!-- This site is optimized with the Yoast SEO Premium plugin v22.5 (Yoast SEO v25.6) - https:\/\/yoast.com\/wordpress\/plugins\/seo\/ -->\n<title>Phenazepam Powder - Pure Lab Research Chem<\/title>\n<meta name=\"description\" content=\"Buy Phenazepam Powder Online Phenazepam Powder is a powerful benzodiazepine, which are drugs referred to as minor tranquilizers because they relieve Best Online Store To Buy Top Quality Research Chemicals\" \/>\n<meta name=\"robots\" content=\"index, follow, max-snippet:-1, max-image-preview:large, max-video-preview:-1\" \/>\n<link rel=\"canonical\" href=\"https:\/\/purelabchem.com\/pl\/product\/phenazepam-powder\/\" \/>\n<meta property=\"og:locale\" content=\"pl_PL\" \/>\n<meta property=\"og:type\" content=\"article\" \/>\n<meta property=\"og:title\" content=\"Phenazepam Powder\" \/>\n<meta property=\"og:description\" content=\"Buy Phenazepam Powder Online Phenazepam Powder is a powerful benzodiazepine, which are drugs referred to as minor tranquilizers because they relieve Best Online Store To Buy Top Quality Research Chemicals\" \/>\n<meta property=\"og:url\" content=\"https:\/\/purelabchem.com\/pl\/product\/phenazepam-powder\/\" \/>\n<meta property=\"og:site_name\" content=\"Pure Lab Research Chem\" \/>\n<meta property=\"article:modified_time\" content=\"2023-10-05T02:37:44+00:00\" \/>\n<meta property=\"og:image\" content=\"https:\/\/purelabchem.com\/wp-content\/uploads\/2023\/07\/photo_2023-07-29_08-53-56.jpg\" \/>\n\t<meta property=\"og:image:width\" content=\"300\" \/>\n\t<meta property=\"og:image:height\" content=\"300\" \/>\n\t<meta property=\"og:image:type\" content=\"image\/jpeg\" \/>\n<meta name=\"twitter:card\" content=\"summary_large_image\" \/>\n<meta name=\"twitter:label1\" content=\"Szacowany czas czytania\" \/>\n\t<meta name=\"twitter:data1\" content=\"1 minuta\" \/>\n<script type=\"application\/ld+json\" class=\"yoast-schema-graph\">{\"@context\":\"https:\/\/schema.org\",\"@graph\":[{\"@type\":\"WebPage\",\"@id\":\"https:\/\/purelabchem.com\/product\/phenazepam-powder\/\",\"url\":\"https:\/\/purelabchem.com\/product\/phenazepam-powder\/\",\"name\":\"Phenazepam Powder - Pure Lab Research Chem\",\"isPartOf\":{\"@id\":\"https:\/\/purelabchem.com\/#website\"},\"primaryImageOfPage\":{\"@id\":\"https:\/\/purelabchem.com\/product\/phenazepam-powder\/#primaryimage\"},\"image\":{\"@id\":\"https:\/\/purelabchem.com\/product\/phenazepam-powder\/#primaryimage\"},\"thumbnailUrl\":\"https:\/\/purelabchem.com\/wp-content\/uploads\/2023\/07\/photo_2023-07-29_08-53-56.jpg\",\"datePublished\":\"2023-07-29T07:54:45+00:00\",\"dateModified\":\"2023-10-05T02:37:44+00:00\",\"description\":\"Buy Phenazepam Powder Online Phenazepam Powder is a powerful benzodiazepine, which are drugs referred to as minor tranquilizers because they relieve Best Online Store To Buy Top Quality Research Chemicals\",\"breadcrumb\":{\"@id\":\"https:\/\/purelabchem.com\/product\/phenazepam-powder\/#breadcrumb\"},\"inLanguage\":\"pl-PL\",\"potentialAction\":[{\"@type\":\"ReadAction\",\"target\":[\"https:\/\/purelabchem.com\/product\/phenazepam-powder\/\"]}]},{\"@type\":\"ImageObject\",\"inLanguage\":\"pl-PL\",\"@id\":\"https:\/\/purelabchem.com\/product\/phenazepam-powder\/#primaryimage\",\"url\":\"https:\/\/purelabchem.com\/wp-content\/uploads\/2023\/07\/photo_2023-07-29_08-53-56.jpg\",\"contentUrl\":\"https:\/\/purelabchem.com\/wp-content\/uploads\/2023\/07\/photo_2023-07-29_08-53-56.jpg\",\"width\":300,\"height\":300,\"caption\":\"Phenazepam Powder\"},{\"@type\":\"BreadcrumbList\",\"@id\":\"https:\/\/purelabchem.com\/product\/phenazepam-powder\/#breadcrumb\",\"itemListElement\":[{\"@type\":\"ListItem\",\"position\":1,\"name\":\"Home\",\"item\":\"https:\/\/purelabchem.com\/\"},{\"@type\":\"ListItem\",\"position\":2,\"name\":\"Phenazepam Powder\"}]},{\"@type\":\"WebSite\",\"@id\":\"https:\/\/purelabchem.com\/#website\",\"url\":\"https:\/\/purelabchem.com\/\",\"name\":\"Pure Lab Research Chem\",\"description\":\"Best Online Store To Buy Top Quality Research Chemicals\",\"potentialAction\":[{\"@type\":\"SearchAction\",\"target\":{\"@type\":\"EntryPoint\",\"urlTemplate\":\"https:\/\/purelabchem.com\/?s={search_term_string}\"},\"query-input\":{\"@type\":\"PropertyValueSpecification\",\"valueRequired\":true,\"valueName\":\"search_term_string\"}}],\"inLanguage\":\"pl-PL\"}]}<\/script>\n<!-- \/ Yoast SEO Premium plugin. -->","yoast_head_json":{"title":"Phenazepam Powder - Pure Lab Research Chem","description":"Buy Phenazepam Powder Online Phenazepam Powder is a powerful benzodiazepine, which are drugs referred to as minor tranquilizers because they relieve Best Online Store To Buy Top Quality Research Chemicals","robots":{"index":"index","follow":"follow","max-snippet":"max-snippet:-1","max-image-preview":"max-image-preview:large","max-video-preview":"max-video-preview:-1"},"canonical":"https:\/\/purelabchem.com\/pl\/product\/phenazepam-powder\/","og_locale":"pl_PL","og_type":"article","og_title":"Phenazepam Powder","og_description":"Buy Phenazepam Powder Online Phenazepam Powder is a powerful benzodiazepine, which are drugs referred to as minor tranquilizers because they relieve Best Online Store To Buy Top Quality Research Chemicals","og_url":"https:\/\/purelabchem.com\/pl\/product\/phenazepam-powder\/","og_site_name":"Pure Lab Research Chem","article_modified_time":"2023-10-05T02:37:44+00:00","og_image":[{"width":300,"height":300,"url":"https:\/\/purelabchem.com\/wp-content\/uploads\/2023\/07\/photo_2023-07-29_08-53-56.jpg","type":"image\/jpeg"}],"twitter_card":"summary_large_image","twitter_misc":{"Szacowany czas czytania":"1 minuta"},"schema":{"@context":"https:\/\/schema.org","@graph":[{"@type":"WebPage","@id":"https:\/\/purelabchem.com\/product\/phenazepam-powder\/","url":"https:\/\/purelabchem.com\/product\/phenazepam-powder\/","name":"Phenazepam Powder - Pure Lab Research Chem","isPartOf":{"@id":"https:\/\/purelabchem.com\/#website"},"primaryImageOfPage":{"@id":"https:\/\/purelabchem.com\/product\/phenazepam-powder\/#primaryimage"},"image":{"@id":"https:\/\/purelabchem.com\/product\/phenazepam-powder\/#primaryimage"},"thumbnailUrl":"https:\/\/purelabchem.com\/wp-content\/uploads\/2023\/07\/photo_2023-07-29_08-53-56.jpg","datePublished":"2023-07-29T07:54:45+00:00","dateModified":"2023-10-05T02:37:44+00:00","description":"Buy Phenazepam Powder Online Phenazepam Powder is a powerful benzodiazepine, which are drugs referred to as minor tranquilizers because they relieve Best Online Store To Buy Top Quality Research Chemicals","breadcrumb":{"@id":"https:\/\/purelabchem.com\/product\/phenazepam-powder\/#breadcrumb"},"inLanguage":"pl-PL","potentialAction":[{"@type":"ReadAction","target":["https:\/\/purelabchem.com\/product\/phenazepam-powder\/"]}]},{"@type":"ImageObject","inLanguage":"pl-PL","@id":"https:\/\/purelabchem.com\/product\/phenazepam-powder\/#primaryimage","url":"https:\/\/purelabchem.com\/wp-content\/uploads\/2023\/07\/photo_2023-07-29_08-53-56.jpg","contentUrl":"https:\/\/purelabchem.com\/wp-content\/uploads\/2023\/07\/photo_2023-07-29_08-53-56.jpg","width":300,"height":300,"caption":"Phenazepam Powder"},{"@type":"BreadcrumbList","@id":"https:\/\/purelabchem.com\/product\/phenazepam-powder\/#breadcrumb","itemListElement":[{"@type":"ListItem","position":1,"name":"Home","item":"https:\/\/purelabchem.com\/"},{"@type":"ListItem","position":2,"name":"Phenazepam Powder"}]},{"@type":"WebSite","@id":"https:\/\/purelabchem.com\/#website","url":"https:\/\/purelabchem.com\/","name":"Pure Lab Research Chem","description":"Najlepszy sklep internetowy do zakupu najwy\u017cszej jako\u015bci chemikali\u00f3w badawczych","potentialAction":[{"@type":"SearchAction","target":{"@type":"EntryPoint","urlTemplate":"https:\/\/purelabchem.com\/?s={search_term_string}"},"query-input":{"@type":"PropertyValueSpecification","valueRequired":true,"valueName":"search_term_string"}}],"inLanguage":"pl-PL"}]}},"_links":{"self":[{"href":"https:\/\/purelabchem.com\/pl\/wp-json\/wp\/v2\/product\/99","targetHints":{"allow":["GET"]}}],"collection":[{"href":"https:\/\/purelabchem.com\/pl\/wp-json\/wp\/v2\/product"}],"about":[{"href":"https:\/\/purelabchem.com\/pl\/wp-json\/wp\/v2\/types\/product"}],"replies":[{"embeddable":true,"href":"https:\/\/purelabchem.com\/pl\/wp-json\/wp\/v2\/comments?post=99"}],"wp:featuredmedia":[{"embeddable":true,"href":"https:\/\/purelabchem.com\/pl\/wp-json\/wp\/v2\/media\/100"}],"wp:attachment":[{"href":"https:\/\/purelabchem.com\/pl\/wp-json\/wp\/v2\/media?parent=99"}],"wp:term":[{"taxonomy":"product_brand","embeddable":true,"href":"https:\/\/purelabchem.com\/pl\/wp-json\/wp\/v2\/product_brand?post=99"},{"taxonomy":"product_cat","embeddable":true,"href":"https:\/\/purelabchem.com\/pl\/wp-json\/wp\/v2\/product_cat?post=99"},{"taxonomy":"product_tag","embeddable":true,"href":"https:\/\/purelabchem.com\/pl\/wp-json\/wp\/v2\/product_tag?post=99"}],"curies":[{"name":"wp","href":"https:\/\/api.w.org\/{rel}","templated":true}]}}