{"id":57,"date":"2023-07-29T07:09:16","date_gmt":"2023-07-29T07:09:16","guid":{"rendered":"https:\/\/purelabchem.com\/?post_type=product&#038;p=57"},"modified":"2023-10-17T23:33:37","modified_gmt":"2023-10-17T23:33:37","slug":"am-2202","status":"publish","type":"product","link":"https:\/\/purelabchem.com\/pl\/product\/am-2202\/","title":{"rendered":"AM-2202"},"content":{"rendered":"<h1><strong>Order AM-2202 Online &#8211; Seamlessly Order Research Chemicals From our Trusted Online Shop<\/strong><\/h1>\n<p>This product has been manufactured and tested to meet ISO17025:2005 and Guide 34:2009 guidelines<br \/>\nBulk material is available for academic research at qualified institutions; please contact our sales department for pricing<br \/>\nBuy AM-2202 Online USA.<br \/>\nThe referenced substitution can prompt 2-amino-3-methylbutanoic corrosive \u2013 a moiety primary based of amino corrosive.<br \/>\nWe supply high grade research synthetic compounds,and\u00a0 sell at awesome and markdown on mass requests.<br \/>\nWe have a large portion of the top vendor synthetic compounds available if not all and we boat to the USA, South America, Australia and to European nations. This product is available for purchase.<br \/>\nContact with messages for exchange and subtleties on any item accessible or not in our class Reach us for more itemized data.<br \/>\nAuthoritative, dissimilar and confided in provider of unadulterated quality Peptides prescriptions around the world. Transportation and conveyance is 100% safe and advantageous. I supply in little and huge amounts.<br \/>\nThere is first class transporting with a following number accommodated your shipment(Fast,safe and solid conveyance),We transport Around the world,<br \/>\nOur conveyance is exceptionally cautious safe,reliable and have consistently been fruitful.<br \/>\nam2201 available to be purchased<br \/>\n2201 purchase<br \/>\nAMM2201 compound available for\u00a0 purchase.<\/p>","protected":false},"excerpt":{"rendered":"<p>Order AM-2202 Online &#8211; Seamlessly Order Research Chemicals From our Trusted Online Shop This product has been manufactured and tested to meet ISO17025:2005 and Guide 34:2009 guidelines Bulk material is available for academic research at qualified institutions; please contact our sales department for pricing Buy AM-2202 Online USA. The referenced substitution can prompt 2-amino-3-methylbutanoic corrosive [&#8230;]\n","protected":false},"featured_media":60,"comment_status":"open","ping_status":"closed","template":"","meta":{"_joinchat":[]},"product_brand":[],"product_cat":[64],"product_tag":[],"class_list":{"0":"post-57","1":"product","2":"type-product","3":"status-publish","4":"has-post-thumbnail","6":"product_cat-research-chemicals","8":"first","9":"instock","10":"shipping-taxable","11":"purchasable","12":"product-type-variable"},"yoast_head":"<!-- This site is optimized with the Yoast SEO Premium plugin v22.5 (Yoast SEO v27.4) - https:\/\/yoast.com\/product\/yoast-seo-premium-wordpress\/ -->\n<title>AM-2202 - Pure Lab Research Chem<\/title>\n<meta name=\"description\" content=\"Order AM-2202 Online - Seamlessly Order Research Chemicals From our Trusted Online Shop This product has been manufactured and tested to meet Best Online Store To Buy Top Quality Research Chemicals\" \/>\n<meta name=\"robots\" content=\"index, follow, max-snippet:-1, max-image-preview:large, max-video-preview:-1\" \/>\n<link rel=\"canonical\" href=\"https:\/\/purelabchem.com\/pl\/product\/am-2202\/\" \/>\n<meta property=\"og:locale\" content=\"pl_PL\" \/>\n<meta property=\"og:type\" content=\"article\" \/>\n<meta property=\"og:title\" content=\"AM-2202\" \/>\n<meta property=\"og:description\" content=\"Order AM-2202 Online - Seamlessly Order Research Chemicals From our Trusted Online Shop This product has been manufactured and tested to meet Best Online Store To Buy Top Quality Research Chemicals\" \/>\n<meta property=\"og:url\" content=\"https:\/\/purelabchem.com\/pl\/product\/am-2202\/\" \/>\n<meta property=\"og:site_name\" content=\"Pure Lab Research Chem\" \/>\n<meta property=\"article:modified_time\" content=\"2023-10-17T23:33:37+00:00\" \/>\n<meta property=\"og:image\" content=\"https:\/\/purelabchem.com\/wp-content\/uploads\/2023\/07\/photo_2023-07-29_08-10-23.jpg\" \/>\n\t<meta property=\"og:image:width\" content=\"500\" \/>\n\t<meta property=\"og:image:height\" content=\"375\" \/>\n\t<meta property=\"og:image:type\" content=\"image\/jpeg\" \/>\n<meta name=\"twitter:card\" content=\"summary_large_image\" \/>\n<meta name=\"twitter:label1\" content=\"Szacowany czas czytania\" \/>\n\t<meta name=\"twitter:data1\" content=\"1 minuta\" \/>\n<script type=\"application\/ld+json\" class=\"yoast-schema-graph\">{\"@context\":\"https:\\\/\\\/schema.org\",\"@graph\":[{\"@type\":\"WebPage\",\"@id\":\"https:\\\/\\\/purelabchem.com\\\/product\\\/am-2202\\\/\",\"url\":\"https:\\\/\\\/purelabchem.com\\\/product\\\/am-2202\\\/\",\"name\":\"AM-2202 - Pure Lab Research Chem\",\"isPartOf\":{\"@id\":\"https:\\\/\\\/purelabchem.com\\\/#website\"},\"primaryImageOfPage\":{\"@id\":\"https:\\\/\\\/purelabchem.com\\\/product\\\/am-2202\\\/#primaryimage\"},\"image\":{\"@id\":\"https:\\\/\\\/purelabchem.com\\\/product\\\/am-2202\\\/#primaryimage\"},\"thumbnailUrl\":\"https:\\\/\\\/purelabchem.com\\\/wp-content\\\/uploads\\\/2023\\\/07\\\/photo_2023-07-29_08-10-23.jpg\",\"datePublished\":\"2023-07-29T07:09:16+00:00\",\"dateModified\":\"2023-10-17T23:33:37+00:00\",\"description\":\"Order AM-2202 Online - Seamlessly Order Research Chemicals From our Trusted Online Shop This product has been manufactured and tested to meet Best Online Store To Buy Top Quality Research Chemicals\",\"breadcrumb\":{\"@id\":\"https:\\\/\\\/purelabchem.com\\\/product\\\/am-2202\\\/#breadcrumb\"},\"inLanguage\":\"pl-PL\",\"potentialAction\":[{\"@type\":\"ReadAction\",\"target\":[\"https:\\\/\\\/purelabchem.com\\\/product\\\/am-2202\\\/\"]}]},{\"@type\":\"ImageObject\",\"inLanguage\":\"pl-PL\",\"@id\":\"https:\\\/\\\/purelabchem.com\\\/product\\\/am-2202\\\/#primaryimage\",\"url\":\"https:\\\/\\\/purelabchem.com\\\/wp-content\\\/uploads\\\/2023\\\/07\\\/photo_2023-07-29_08-10-23.jpg\",\"contentUrl\":\"https:\\\/\\\/purelabchem.com\\\/wp-content\\\/uploads\\\/2023\\\/07\\\/photo_2023-07-29_08-10-23.jpg\",\"width\":500,\"height\":375,\"caption\":\"AM-2202\"},{\"@type\":\"BreadcrumbList\",\"@id\":\"https:\\\/\\\/purelabchem.com\\\/product\\\/am-2202\\\/#breadcrumb\",\"itemListElement\":[{\"@type\":\"ListItem\",\"position\":1,\"name\":\"Home\",\"item\":\"https:\\\/\\\/purelabchem.com\\\/\"},{\"@type\":\"ListItem\",\"position\":2,\"name\":\"Shop\",\"item\":\"https:\\\/\\\/purelabchem.com\\\/shop\\\/\"},{\"@type\":\"ListItem\",\"position\":3,\"name\":\"AM-2202\"}]},{\"@type\":\"WebSite\",\"@id\":\"https:\\\/\\\/purelabchem.com\\\/#website\",\"url\":\"https:\\\/\\\/purelabchem.com\\\/\",\"name\":\"Pure Lab Research Chem\",\"description\":\"Best Online Store To Buy Top Quality Research Chemicals\",\"potentialAction\":[{\"@type\":\"SearchAction\",\"target\":{\"@type\":\"EntryPoint\",\"urlTemplate\":\"https:\\\/\\\/purelabchem.com\\\/?s={search_term_string}\"},\"query-input\":{\"@type\":\"PropertyValueSpecification\",\"valueRequired\":true,\"valueName\":\"search_term_string\"}}],\"inLanguage\":\"pl-PL\"}]}<\/script>\n<!-- \/ Yoast SEO Premium plugin. -->","yoast_head_json":{"title":"AM-2202 - Pure Lab Research Chem","description":"Order AM-2202 Online - Seamlessly Order Research Chemicals From our Trusted Online Shop This product has been manufactured and tested to meet Best Online Store To Buy Top Quality Research Chemicals","robots":{"index":"index","follow":"follow","max-snippet":"max-snippet:-1","max-image-preview":"max-image-preview:large","max-video-preview":"max-video-preview:-1"},"canonical":"https:\/\/purelabchem.com\/pl\/product\/am-2202\/","og_locale":"pl_PL","og_type":"article","og_title":"AM-2202","og_description":"Order AM-2202 Online - Seamlessly Order Research Chemicals From our Trusted Online Shop This product has been manufactured and tested to meet Best Online Store To Buy Top Quality Research Chemicals","og_url":"https:\/\/purelabchem.com\/pl\/product\/am-2202\/","og_site_name":"Pure Lab Research Chem","article_modified_time":"2023-10-17T23:33:37+00:00","og_image":[{"width":500,"height":375,"url":"https:\/\/purelabchem.com\/wp-content\/uploads\/2023\/07\/photo_2023-07-29_08-10-23.jpg","type":"image\/jpeg"}],"twitter_card":"summary_large_image","twitter_misc":{"Szacowany czas czytania":"1 minuta"},"schema":{"@context":"https:\/\/schema.org","@graph":[{"@type":"WebPage","@id":"https:\/\/purelabchem.com\/product\/am-2202\/","url":"https:\/\/purelabchem.com\/product\/am-2202\/","name":"AM-2202 - Pure Lab Research Chem","isPartOf":{"@id":"https:\/\/purelabchem.com\/#website"},"primaryImageOfPage":{"@id":"https:\/\/purelabchem.com\/product\/am-2202\/#primaryimage"},"image":{"@id":"https:\/\/purelabchem.com\/product\/am-2202\/#primaryimage"},"thumbnailUrl":"https:\/\/purelabchem.com\/wp-content\/uploads\/2023\/07\/photo_2023-07-29_08-10-23.jpg","datePublished":"2023-07-29T07:09:16+00:00","dateModified":"2023-10-17T23:33:37+00:00","description":"Order AM-2202 Online - Seamlessly Order Research Chemicals From our Trusted Online Shop This product has been manufactured and tested to meet Best Online Store To Buy Top Quality Research Chemicals","breadcrumb":{"@id":"https:\/\/purelabchem.com\/product\/am-2202\/#breadcrumb"},"inLanguage":"pl-PL","potentialAction":[{"@type":"ReadAction","target":["https:\/\/purelabchem.com\/product\/am-2202\/"]}]},{"@type":"ImageObject","inLanguage":"pl-PL","@id":"https:\/\/purelabchem.com\/product\/am-2202\/#primaryimage","url":"https:\/\/purelabchem.com\/wp-content\/uploads\/2023\/07\/photo_2023-07-29_08-10-23.jpg","contentUrl":"https:\/\/purelabchem.com\/wp-content\/uploads\/2023\/07\/photo_2023-07-29_08-10-23.jpg","width":500,"height":375,"caption":"AM-2202"},{"@type":"BreadcrumbList","@id":"https:\/\/purelabchem.com\/product\/am-2202\/#breadcrumb","itemListElement":[{"@type":"ListItem","position":1,"name":"Home","item":"https:\/\/purelabchem.com\/"},{"@type":"ListItem","position":2,"name":"Shop","item":"https:\/\/purelabchem.com\/shop\/"},{"@type":"ListItem","position":3,"name":"AM-2202"}]},{"@type":"WebSite","@id":"https:\/\/purelabchem.com\/#website","url":"https:\/\/purelabchem.com\/","name":"Pure Lab Research Chem","description":"Najlepszy sklep internetowy do zakupu najwy\u017cszej jako\u015bci chemikali\u00f3w badawczych","potentialAction":[{"@type":"SearchAction","target":{"@type":"EntryPoint","urlTemplate":"https:\/\/purelabchem.com\/?s={search_term_string}"},"query-input":{"@type":"PropertyValueSpecification","valueRequired":true,"valueName":"search_term_string"}}],"inLanguage":"pl-PL"}]}},"_links":{"self":[{"href":"https:\/\/purelabchem.com\/pl\/wp-json\/wp\/v2\/product\/57","targetHints":{"allow":["GET"]}}],"collection":[{"href":"https:\/\/purelabchem.com\/pl\/wp-json\/wp\/v2\/product"}],"about":[{"href":"https:\/\/purelabchem.com\/pl\/wp-json\/wp\/v2\/types\/product"}],"replies":[{"embeddable":true,"href":"https:\/\/purelabchem.com\/pl\/wp-json\/wp\/v2\/comments?post=57"}],"wp:featuredmedia":[{"embeddable":true,"href":"https:\/\/purelabchem.com\/pl\/wp-json\/wp\/v2\/media\/60"}],"wp:attachment":[{"href":"https:\/\/purelabchem.com\/pl\/wp-json\/wp\/v2\/media?parent=57"}],"wp:term":[{"taxonomy":"product_brand","embeddable":true,"href":"https:\/\/purelabchem.com\/pl\/wp-json\/wp\/v2\/product_brand?post=57"},{"taxonomy":"product_cat","embeddable":true,"href":"https:\/\/purelabchem.com\/pl\/wp-json\/wp\/v2\/product_cat?post=57"},{"taxonomy":"product_tag","embeddable":true,"href":"https:\/\/purelabchem.com\/pl\/wp-json\/wp\/v2\/product_tag?post=57"}],"curies":[{"name":"wp","href":"https:\/\/api.w.org\/{rel}","templated":true}]}}