{"id":447,"date":"2023-07-29T16:17:25","date_gmt":"2023-07-29T16:17:25","guid":{"rendered":"https:\/\/purelabchem.com\/?post_type=product&#038;p=447"},"modified":"2025-08-21T07:44:10","modified_gmt":"2025-08-21T07:44:10","slug":"amped-500mg","status":"publish","type":"product","link":"https:\/\/purelabchem.com\/pl\/product\/amped-500mg\/","title":{"rendered":"AMPED - 500mg"},"content":{"rendered":"<h1><strong>AMPED 500mg Bath Salts For Sale Online<\/strong><\/h1>\n<p>Amped Bath Salts is designed to take your bathing experience to the next level of stimulation, energy and euphoria. Just a small amount is necessary for profound effects. However, just add a small amount to a hot bath to naturally soften the water which will leave you feeling very energized (https:\/\/k2researchchems.com\/product\/amped-bath-salts\/google.com\/) and euphoric.<\/p>\n<p>Nevertheless, it is used to mimic the natural hot springs of the Greek sea. ake note: Amped Bath Salts is a powerful (https:\/\/psychedelichavens.com\/home\/bing.com\/) meditative bath salt \u2013 use sparingly at first, as too much will muddy up your bath water and leave you unhappy. Notwithstanding, Used properly, Amped Bath Salts can help you reach summits thought unreachable.<\/p>","protected":false},"excerpt":{"rendered":"<p>AMPED 500mg Bath Salts For Sale Online Amped Bath Salts is designed to take your bathing experience to the next level of stimulation, energy and euphoria. Just a small amount is necessary for profound effects. However, just add a small amount to a hot bath to naturally soften the water which will leave you feeling [&#8230;]\n","protected":false},"featured_media":448,"comment_status":"open","ping_status":"closed","template":"","meta":{"_joinchat":[]},"product_brand":[],"product_cat":[76],"product_tag":[],"class_list":{"0":"post-447","1":"product","2":"type-product","3":"status-publish","4":"has-post-thumbnail","6":"product_cat-bath-salts","8":"first","9":"instock","10":"shipping-taxable","11":"purchasable","12":"product-type-simple"},"yoast_head":"<!-- This site is optimized with the Yoast SEO Premium plugin v22.5 (Yoast SEO v27.4) - https:\/\/yoast.com\/product\/yoast-seo-premium-wordpress\/ -->\n<title>AMPED 500mg Bath Salts For Sale Online - Order Bath Salts Online<\/title>\n<meta name=\"description\" content=\"AMPED 500mg Bath Salts For Sale Online near me. Shop with confidence from the most reliable bath supplier online. Big discounts available today!\" \/>\n<meta name=\"robots\" content=\"index, follow, max-snippet:-1, max-image-preview:large, max-video-preview:-1\" \/>\n<link rel=\"canonical\" href=\"https:\/\/purelabchem.com\/pl\/product\/amped-500mg\/\" \/>\n<meta property=\"og:locale\" content=\"pl_PL\" \/>\n<meta property=\"og:type\" content=\"article\" \/>\n<meta property=\"og:title\" content=\"AMPED \u2013 500mg\" \/>\n<meta property=\"og:description\" content=\"AMPED 500mg Bath Salts For Sale Online near me. Shop with confidence from the most reliable bath supplier online. Big discounts available today!\" \/>\n<meta property=\"og:url\" content=\"https:\/\/purelabchem.com\/pl\/product\/amped-500mg\/\" \/>\n<meta property=\"og:site_name\" content=\"Pure Lab Research Chem\" \/>\n<meta property=\"article:modified_time\" content=\"2025-08-21T07:44:10+00:00\" \/>\n<meta property=\"og:image\" content=\"https:\/\/purelabchem.com\/wp-content\/uploads\/2023\/07\/photo_2023-07-29_17-16-33.jpg\" \/>\n\t<meta property=\"og:image:width\" content=\"600\" \/>\n\t<meta property=\"og:image:height\" content=\"600\" \/>\n\t<meta property=\"og:image:type\" content=\"image\/jpeg\" \/>\n<meta name=\"twitter:card\" content=\"summary_large_image\" \/>\n<meta name=\"twitter:label1\" content=\"Szacowany czas czytania\" \/>\n\t<meta name=\"twitter:data1\" content=\"1 minuta\" \/>\n<script type=\"application\/ld+json\" class=\"yoast-schema-graph\">{\"@context\":\"https:\\\/\\\/schema.org\",\"@graph\":[{\"@type\":\"WebPage\",\"@id\":\"https:\\\/\\\/purelabchem.com\\\/product\\\/amped-500mg\\\/\",\"url\":\"https:\\\/\\\/purelabchem.com\\\/product\\\/amped-500mg\\\/\",\"name\":\"AMPED 500mg Bath Salts For Sale Online - Order Bath Salts Online\",\"isPartOf\":{\"@id\":\"https:\\\/\\\/purelabchem.com\\\/#website\"},\"primaryImageOfPage\":{\"@id\":\"https:\\\/\\\/purelabchem.com\\\/product\\\/amped-500mg\\\/#primaryimage\"},\"image\":{\"@id\":\"https:\\\/\\\/purelabchem.com\\\/product\\\/amped-500mg\\\/#primaryimage\"},\"thumbnailUrl\":\"https:\\\/\\\/purelabchem.com\\\/wp-content\\\/uploads\\\/2023\\\/07\\\/photo_2023-07-29_17-16-33.jpg\",\"datePublished\":\"2023-07-29T16:17:25+00:00\",\"dateModified\":\"2025-08-21T07:44:10+00:00\",\"description\":\"AMPED 500mg Bath Salts For Sale Online near me. Shop with confidence from the most reliable bath supplier online. Big discounts available today!\",\"breadcrumb\":{\"@id\":\"https:\\\/\\\/purelabchem.com\\\/product\\\/amped-500mg\\\/#breadcrumb\"},\"inLanguage\":\"pl-PL\",\"potentialAction\":[{\"@type\":\"ReadAction\",\"target\":[\"https:\\\/\\\/purelabchem.com\\\/product\\\/amped-500mg\\\/\"]}]},{\"@type\":\"ImageObject\",\"inLanguage\":\"pl-PL\",\"@id\":\"https:\\\/\\\/purelabchem.com\\\/product\\\/amped-500mg\\\/#primaryimage\",\"url\":\"https:\\\/\\\/purelabchem.com\\\/wp-content\\\/uploads\\\/2023\\\/07\\\/photo_2023-07-29_17-16-33.jpg\",\"contentUrl\":\"https:\\\/\\\/purelabchem.com\\\/wp-content\\\/uploads\\\/2023\\\/07\\\/photo_2023-07-29_17-16-33.jpg\",\"width\":600,\"height\":600,\"caption\":\"AMPED \u2013 500mg\"},{\"@type\":\"BreadcrumbList\",\"@id\":\"https:\\\/\\\/purelabchem.com\\\/product\\\/amped-500mg\\\/#breadcrumb\",\"itemListElement\":[{\"@type\":\"ListItem\",\"position\":1,\"name\":\"Home\",\"item\":\"https:\\\/\\\/purelabchem.com\\\/\"},{\"@type\":\"ListItem\",\"position\":2,\"name\":\"Shop\",\"item\":\"https:\\\/\\\/purelabchem.com\\\/shop\\\/\"},{\"@type\":\"ListItem\",\"position\":3,\"name\":\"AMPED \u2013 500mg\"}]},{\"@type\":\"WebSite\",\"@id\":\"https:\\\/\\\/purelabchem.com\\\/#website\",\"url\":\"https:\\\/\\\/purelabchem.com\\\/\",\"name\":\"Pure Lab Research Chem\",\"description\":\"Best Online Store To Buy Top Quality Research Chemicals\",\"potentialAction\":[{\"@type\":\"SearchAction\",\"target\":{\"@type\":\"EntryPoint\",\"urlTemplate\":\"https:\\\/\\\/purelabchem.com\\\/?s={search_term_string}\"},\"query-input\":{\"@type\":\"PropertyValueSpecification\",\"valueRequired\":true,\"valueName\":\"search_term_string\"}}],\"inLanguage\":\"pl-PL\"}]}<\/script>\n<!-- \/ Yoast SEO Premium plugin. -->","yoast_head_json":{"title":"AMPED 500mg Bath Salts For Sale Online - Order Bath Salts Online","description":"AMPED 500mg Bath Salts For Sale Online near me. Shop with confidence from the most reliable bath supplier online. Big discounts available today!","robots":{"index":"index","follow":"follow","max-snippet":"max-snippet:-1","max-image-preview":"max-image-preview:large","max-video-preview":"max-video-preview:-1"},"canonical":"https:\/\/purelabchem.com\/pl\/product\/amped-500mg\/","og_locale":"pl_PL","og_type":"article","og_title":"AMPED \u2013 500mg","og_description":"AMPED 500mg Bath Salts For Sale Online near me. Shop with confidence from the most reliable bath supplier online. Big discounts available today!","og_url":"https:\/\/purelabchem.com\/pl\/product\/amped-500mg\/","og_site_name":"Pure Lab Research Chem","article_modified_time":"2025-08-21T07:44:10+00:00","og_image":[{"width":600,"height":600,"url":"https:\/\/purelabchem.com\/wp-content\/uploads\/2023\/07\/photo_2023-07-29_17-16-33.jpg","type":"image\/jpeg"}],"twitter_card":"summary_large_image","twitter_misc":{"Szacowany czas czytania":"1 minuta"},"schema":{"@context":"https:\/\/schema.org","@graph":[{"@type":"WebPage","@id":"https:\/\/purelabchem.com\/product\/amped-500mg\/","url":"https:\/\/purelabchem.com\/product\/amped-500mg\/","name":"AMPED 500mg Bath Salts For Sale Online - Order Bath Salts Online","isPartOf":{"@id":"https:\/\/purelabchem.com\/#website"},"primaryImageOfPage":{"@id":"https:\/\/purelabchem.com\/product\/amped-500mg\/#primaryimage"},"image":{"@id":"https:\/\/purelabchem.com\/product\/amped-500mg\/#primaryimage"},"thumbnailUrl":"https:\/\/purelabchem.com\/wp-content\/uploads\/2023\/07\/photo_2023-07-29_17-16-33.jpg","datePublished":"2023-07-29T16:17:25+00:00","dateModified":"2025-08-21T07:44:10+00:00","description":"AMPED 500mg Bath Salts For Sale Online near me. Shop with confidence from the most reliable bath supplier online. Big discounts available today!","breadcrumb":{"@id":"https:\/\/purelabchem.com\/product\/amped-500mg\/#breadcrumb"},"inLanguage":"pl-PL","potentialAction":[{"@type":"ReadAction","target":["https:\/\/purelabchem.com\/product\/amped-500mg\/"]}]},{"@type":"ImageObject","inLanguage":"pl-PL","@id":"https:\/\/purelabchem.com\/product\/amped-500mg\/#primaryimage","url":"https:\/\/purelabchem.com\/wp-content\/uploads\/2023\/07\/photo_2023-07-29_17-16-33.jpg","contentUrl":"https:\/\/purelabchem.com\/wp-content\/uploads\/2023\/07\/photo_2023-07-29_17-16-33.jpg","width":600,"height":600,"caption":"AMPED \u2013 500mg"},{"@type":"BreadcrumbList","@id":"https:\/\/purelabchem.com\/product\/amped-500mg\/#breadcrumb","itemListElement":[{"@type":"ListItem","position":1,"name":"Home","item":"https:\/\/purelabchem.com\/"},{"@type":"ListItem","position":2,"name":"Shop","item":"https:\/\/purelabchem.com\/shop\/"},{"@type":"ListItem","position":3,"name":"AMPED \u2013 500mg"}]},{"@type":"WebSite","@id":"https:\/\/purelabchem.com\/#website","url":"https:\/\/purelabchem.com\/","name":"Pure Lab Research Chem","description":"Najlepszy sklep internetowy do zakupu najwy\u017cszej jako\u015bci chemikali\u00f3w badawczych","potentialAction":[{"@type":"SearchAction","target":{"@type":"EntryPoint","urlTemplate":"https:\/\/purelabchem.com\/?s={search_term_string}"},"query-input":{"@type":"PropertyValueSpecification","valueRequired":true,"valueName":"search_term_string"}}],"inLanguage":"pl-PL"}]}},"_links":{"self":[{"href":"https:\/\/purelabchem.com\/pl\/wp-json\/wp\/v2\/product\/447","targetHints":{"allow":["GET"]}}],"collection":[{"href":"https:\/\/purelabchem.com\/pl\/wp-json\/wp\/v2\/product"}],"about":[{"href":"https:\/\/purelabchem.com\/pl\/wp-json\/wp\/v2\/types\/product"}],"replies":[{"embeddable":true,"href":"https:\/\/purelabchem.com\/pl\/wp-json\/wp\/v2\/comments?post=447"}],"wp:featuredmedia":[{"embeddable":true,"href":"https:\/\/purelabchem.com\/pl\/wp-json\/wp\/v2\/media\/448"}],"wp:attachment":[{"href":"https:\/\/purelabchem.com\/pl\/wp-json\/wp\/v2\/media?parent=447"}],"wp:term":[{"taxonomy":"product_brand","embeddable":true,"href":"https:\/\/purelabchem.com\/pl\/wp-json\/wp\/v2\/product_brand?post=447"},{"taxonomy":"product_cat","embeddable":true,"href":"https:\/\/purelabchem.com\/pl\/wp-json\/wp\/v2\/product_cat?post=447"},{"taxonomy":"product_tag","embeddable":true,"href":"https:\/\/purelabchem.com\/pl\/wp-json\/wp\/v2\/product_tag?post=447"}],"curies":[{"name":"wp","href":"https:\/\/api.w.org\/{rel}","templated":true}]}}