{"id":41,"date":"2023-07-29T07:02:53","date_gmt":"2023-07-29T07:02:53","guid":{"rendered":"https:\/\/purelabchem.com\/?post_type=product&#038;p=41"},"modified":"2023-10-17T23:53:40","modified_gmt":"2023-10-17T23:53:40","slug":"6-apb","status":"publish","type":"product","link":"https:\/\/purelabchem.com\/pl\/product\/6-apb\/","title":{"rendered":"6-APB"},"content":{"rendered":"<h1><strong>Best Place To Order 6-APB Online<\/strong><\/h1>\n<p>Buy 6-APDB Powder, also call (6-(2-Aminopropyl)-2,3-dihydrobenzofuran or (6-APDB, 4-Desoxy-MDA, EMA-3)) is a stimulant and entactogen drug of the phenethylamine and amphetamine classes. It is an analogue of MDA where the heterocyclic 4-position oxygen from the 3,4-methylenedioxy ring has been replaced with a methylene bridge. 5-APDB (3-Desoxy-MDA) is an analogue of 6-APDB where the 3-position oxygen has been replaced with a methylene instead. 6-APDB, along with 5-APDB, was first synthesized by David E. Nichols in the early 1990s while investigating non-neurotoxic MDMA analogues.<br \/>\nIn animal studies, 6-APDB fully substitutes for MBDB and MMAI but not for amphetamine or LSD. In vitro, 6-APDB has been shown to inhibit the reuptake of serotonin, dopamine, and norepinephrine with IC50 values of 322 nM, 1,997 nM, and 980 nM, respectively. These values are very similar to those of MDA, but with those for the catecholamines slightly lower in comparison, perhaps more similarly to MDMA. In contrast, 5-APDB is highly selective for serotonin. Though 6-APDB does not substitute for amphetamine in rats at the doses used in referenced study, based on its in vitro profile it can be suggested that it may have amphetamine-like effects at higher doses.<br \/>\nThe unsaturated benzofuran derivative 6-APB, or 6-(2-aminopropyl)benzofuran is also known, but the difference in pharmacological effects between 6-APB and 6-APDB is unclear.<br \/>\n6-APDB is a class B drug in the UK since June 10, 2013. It is banned by a blanket law on benzofurans and related compounds.<br \/>\n6-APB is similar in structure to MDA, and is part of the phenethylamine and amphetamine classes. Its pharmacological action is an agonist to the three main serotonin receptors (5-HTP2A\/B\/C), with effects said to range from euphoria through to increased energy and empathy towards others.<br \/>\nSynonyms<br \/>\n6-(2-Aminopropyl)Benzofuran<br \/>\nBenzo Fury<br \/>\nTechnical Information<br \/>\nFormal Name: ?-methyl-6-benzofuranethanamine, monohydrochloride<br \/>\nCAS Number: 286834-84-2<br \/>\nMolecular Formula: C11H13NO \u2022 HCl<br \/>\nFormula Weight: 211.7<br \/>\nPurity: ?98%<br \/>\nFormulation: A crystalline solid<br \/>\n?max: 207, 246, 276, 285 nm<br \/>\nSMILES: CC(N)CC1=CC2=C(C=C1)C=CO2.Cl<br \/>\nInChi CodeInChI=1S\/C11H13NO.ClH\/c1-8(12)6-9-2-3-10-4-5-13-11(10)7-9;\/h2-5,7-8H,6,12H2,1H3;1H<br \/>\nInChi Key: APEWOTOLPKNSPE-UHFFFAOYSA-N<br \/>\nShipping &amp; Storage Information<br \/>\nStorage: -20\u00b0C<br \/>\nShipping: Room Temperature in continental US; may vary elsewhere<br \/>\nStability: ? 2 years<br \/>\nWARNING This product is not for human or veterinary use.<\/p>","protected":false},"excerpt":{"rendered":"<p>Best Place To Order 6-APB Online Buy 6-APDB Powder, also call (6-(2-Aminopropyl)-2,3-dihydrobenzofuran or (6-APDB, 4-Desoxy-MDA, EMA-3)) is a stimulant and entactogen drug of the phenethylamine and amphetamine classes. It is an analogue of MDA where the heterocyclic 4-position oxygen from the 3,4-methylenedioxy ring has been replaced with a methylene bridge. 5-APDB (3-Desoxy-MDA) is an analogue [&hellip;]<\/p>\n","protected":false},"featured_media":42,"comment_status":"open","ping_status":"closed","template":"","meta":[],"product_brand":[],"product_cat":[64],"product_tag":[],"class_list":{"0":"post-41","1":"product","2":"type-product","3":"status-publish","4":"has-post-thumbnail","6":"product_cat-research-chemicals","8":"first","9":"instock","10":"featured","11":"shipping-taxable","12":"purchasable","13":"product-type-variable"},"yoast_head":"<!-- This site is optimized with the Yoast SEO Premium plugin v22.5 (Yoast SEO v27.4) - https:\/\/yoast.com\/product\/yoast-seo-premium-wordpress\/ -->\n<title>6-APB - Pure Lab Research Chem<\/title>\n<meta name=\"description\" content=\"Best Place To Order 6-APB Online Buy 6-APDB Powder, also call (6-(2-Aminopropyl)-2,3-dihydrobenzofuran or (6-APDB, 4-Desoxy-MDA, EMA-3)) is a stimulant Best Online Store To Buy Top Quality Research Chemicals\" \/>\n<meta name=\"robots\" content=\"index, follow, max-snippet:-1, max-image-preview:large, max-video-preview:-1\" \/>\n<link rel=\"canonical\" href=\"https:\/\/purelabchem.com\/pl\/product\/6-apb\/\" \/>\n<meta property=\"og:locale\" content=\"pl_PL\" \/>\n<meta property=\"og:type\" content=\"article\" \/>\n<meta property=\"og:title\" content=\"6-APB\" \/>\n<meta property=\"og:description\" content=\"Best Place To Order 6-APB Online Buy 6-APDB Powder, also call (6-(2-Aminopropyl)-2,3-dihydrobenzofuran or (6-APDB, 4-Desoxy-MDA, EMA-3)) is a stimulant Best Online Store To Buy Top Quality Research Chemicals\" \/>\n<meta property=\"og:url\" content=\"https:\/\/purelabchem.com\/pl\/product\/6-apb\/\" \/>\n<meta property=\"og:site_name\" content=\"Pure Lab Research Chem\" \/>\n<meta property=\"article:modified_time\" content=\"2023-10-17T23:53:40+00:00\" \/>\n<meta property=\"og:image\" content=\"https:\/\/purelabchem.com\/wp-content\/uploads\/2023\/07\/photo_2023-07-29_08-02-32.jpg\" \/>\n\t<meta property=\"og:image:width\" content=\"600\" \/>\n\t<meta property=\"og:image:height\" content=\"600\" \/>\n\t<meta property=\"og:image:type\" content=\"image\/jpeg\" \/>\n<meta name=\"twitter:card\" content=\"summary_large_image\" \/>\n<meta name=\"twitter:label1\" content=\"Szacowany czas czytania\" \/>\n\t<meta name=\"twitter:data1\" content=\"2 minuty\" \/>\n<script type=\"application\/ld+json\" class=\"yoast-schema-graph\">{\"@context\":\"https:\\\/\\\/schema.org\",\"@graph\":[{\"@type\":\"WebPage\",\"@id\":\"https:\\\/\\\/purelabchem.com\\\/product\\\/6-apb\\\/\",\"url\":\"https:\\\/\\\/purelabchem.com\\\/product\\\/6-apb\\\/\",\"name\":\"6-APB - Pure Lab Research Chem\",\"isPartOf\":{\"@id\":\"https:\\\/\\\/purelabchem.com\\\/#website\"},\"primaryImageOfPage\":{\"@id\":\"https:\\\/\\\/purelabchem.com\\\/product\\\/6-apb\\\/#primaryimage\"},\"image\":{\"@id\":\"https:\\\/\\\/purelabchem.com\\\/product\\\/6-apb\\\/#primaryimage\"},\"thumbnailUrl\":\"https:\\\/\\\/purelabchem.com\\\/wp-content\\\/uploads\\\/2023\\\/07\\\/photo_2023-07-29_08-02-32.jpg\",\"datePublished\":\"2023-07-29T07:02:53+00:00\",\"dateModified\":\"2023-10-17T23:53:40+00:00\",\"description\":\"Best Place To Order 6-APB Online Buy 6-APDB Powder, also call (6-(2-Aminopropyl)-2,3-dihydrobenzofuran or (6-APDB, 4-Desoxy-MDA, EMA-3)) is a stimulant Best Online Store To Buy Top Quality Research Chemicals\",\"breadcrumb\":{\"@id\":\"https:\\\/\\\/purelabchem.com\\\/product\\\/6-apb\\\/#breadcrumb\"},\"inLanguage\":\"pl-PL\",\"potentialAction\":[{\"@type\":\"ReadAction\",\"target\":[\"https:\\\/\\\/purelabchem.com\\\/product\\\/6-apb\\\/\"]}]},{\"@type\":\"ImageObject\",\"inLanguage\":\"pl-PL\",\"@id\":\"https:\\\/\\\/purelabchem.com\\\/product\\\/6-apb\\\/#primaryimage\",\"url\":\"https:\\\/\\\/purelabchem.com\\\/wp-content\\\/uploads\\\/2023\\\/07\\\/photo_2023-07-29_08-02-32.jpg\",\"contentUrl\":\"https:\\\/\\\/purelabchem.com\\\/wp-content\\\/uploads\\\/2023\\\/07\\\/photo_2023-07-29_08-02-32.jpg\",\"width\":600,\"height\":600,\"caption\":\"6-APB\"},{\"@type\":\"BreadcrumbList\",\"@id\":\"https:\\\/\\\/purelabchem.com\\\/product\\\/6-apb\\\/#breadcrumb\",\"itemListElement\":[{\"@type\":\"ListItem\",\"position\":1,\"name\":\"Home\",\"item\":\"https:\\\/\\\/purelabchem.com\\\/\"},{\"@type\":\"ListItem\",\"position\":2,\"name\":\"6-APB\"}]},{\"@type\":\"WebSite\",\"@id\":\"https:\\\/\\\/purelabchem.com\\\/#website\",\"url\":\"https:\\\/\\\/purelabchem.com\\\/\",\"name\":\"Pure Lab Research Chem\",\"description\":\"Best Online Store To Buy Top Quality Research Chemicals\",\"potentialAction\":[{\"@type\":\"SearchAction\",\"target\":{\"@type\":\"EntryPoint\",\"urlTemplate\":\"https:\\\/\\\/purelabchem.com\\\/?s={search_term_string}\"},\"query-input\":{\"@type\":\"PropertyValueSpecification\",\"valueRequired\":true,\"valueName\":\"search_term_string\"}}],\"inLanguage\":\"pl-PL\"}]}<\/script>\n<!-- \/ Yoast SEO Premium plugin. -->","yoast_head_json":{"title":"6-APB - Pure Lab Research Chem","description":"Best Place To Order 6-APB Online Buy 6-APDB Powder, also call (6-(2-Aminopropyl)-2,3-dihydrobenzofuran or (6-APDB, 4-Desoxy-MDA, EMA-3)) is a stimulant Best Online Store To Buy Top Quality Research Chemicals","robots":{"index":"index","follow":"follow","max-snippet":"max-snippet:-1","max-image-preview":"max-image-preview:large","max-video-preview":"max-video-preview:-1"},"canonical":"https:\/\/purelabchem.com\/pl\/product\/6-apb\/","og_locale":"pl_PL","og_type":"article","og_title":"6-APB","og_description":"Best Place To Order 6-APB Online Buy 6-APDB Powder, also call (6-(2-Aminopropyl)-2,3-dihydrobenzofuran or (6-APDB, 4-Desoxy-MDA, EMA-3)) is a stimulant Best Online Store To Buy Top Quality Research Chemicals","og_url":"https:\/\/purelabchem.com\/pl\/product\/6-apb\/","og_site_name":"Pure Lab Research Chem","article_modified_time":"2023-10-17T23:53:40+00:00","og_image":[{"width":600,"height":600,"url":"https:\/\/purelabchem.com\/wp-content\/uploads\/2023\/07\/photo_2023-07-29_08-02-32.jpg","type":"image\/jpeg"}],"twitter_card":"summary_large_image","twitter_misc":{"Szacowany czas czytania":"2 minuty"},"schema":{"@context":"https:\/\/schema.org","@graph":[{"@type":"WebPage","@id":"https:\/\/purelabchem.com\/product\/6-apb\/","url":"https:\/\/purelabchem.com\/product\/6-apb\/","name":"6-APB - Pure Lab Research Chem","isPartOf":{"@id":"https:\/\/purelabchem.com\/#website"},"primaryImageOfPage":{"@id":"https:\/\/purelabchem.com\/product\/6-apb\/#primaryimage"},"image":{"@id":"https:\/\/purelabchem.com\/product\/6-apb\/#primaryimage"},"thumbnailUrl":"https:\/\/purelabchem.com\/wp-content\/uploads\/2023\/07\/photo_2023-07-29_08-02-32.jpg","datePublished":"2023-07-29T07:02:53+00:00","dateModified":"2023-10-17T23:53:40+00:00","description":"Best Place To Order 6-APB Online Buy 6-APDB Powder, also call (6-(2-Aminopropyl)-2,3-dihydrobenzofuran or (6-APDB, 4-Desoxy-MDA, EMA-3)) is a stimulant Best Online Store To Buy Top Quality Research Chemicals","breadcrumb":{"@id":"https:\/\/purelabchem.com\/product\/6-apb\/#breadcrumb"},"inLanguage":"pl-PL","potentialAction":[{"@type":"ReadAction","target":["https:\/\/purelabchem.com\/product\/6-apb\/"]}]},{"@type":"ImageObject","inLanguage":"pl-PL","@id":"https:\/\/purelabchem.com\/product\/6-apb\/#primaryimage","url":"https:\/\/purelabchem.com\/wp-content\/uploads\/2023\/07\/photo_2023-07-29_08-02-32.jpg","contentUrl":"https:\/\/purelabchem.com\/wp-content\/uploads\/2023\/07\/photo_2023-07-29_08-02-32.jpg","width":600,"height":600,"caption":"6-APB"},{"@type":"BreadcrumbList","@id":"https:\/\/purelabchem.com\/product\/6-apb\/#breadcrumb","itemListElement":[{"@type":"ListItem","position":1,"name":"Home","item":"https:\/\/purelabchem.com\/"},{"@type":"ListItem","position":2,"name":"6-APB"}]},{"@type":"WebSite","@id":"https:\/\/purelabchem.com\/#website","url":"https:\/\/purelabchem.com\/","name":"Pure Lab Research Chem","description":"Najlepszy sklep internetowy do zakupu najwy\u017cszej jako\u015bci chemikali\u00f3w badawczych","potentialAction":[{"@type":"SearchAction","target":{"@type":"EntryPoint","urlTemplate":"https:\/\/purelabchem.com\/?s={search_term_string}"},"query-input":{"@type":"PropertyValueSpecification","valueRequired":true,"valueName":"search_term_string"}}],"inLanguage":"pl-PL"}]}},"_links":{"self":[{"href":"https:\/\/purelabchem.com\/pl\/wp-json\/wp\/v2\/product\/41","targetHints":{"allow":["GET"]}}],"collection":[{"href":"https:\/\/purelabchem.com\/pl\/wp-json\/wp\/v2\/product"}],"about":[{"href":"https:\/\/purelabchem.com\/pl\/wp-json\/wp\/v2\/types\/product"}],"replies":[{"embeddable":true,"href":"https:\/\/purelabchem.com\/pl\/wp-json\/wp\/v2\/comments?post=41"}],"wp:featuredmedia":[{"embeddable":true,"href":"https:\/\/purelabchem.com\/pl\/wp-json\/wp\/v2\/media\/42"}],"wp:attachment":[{"href":"https:\/\/purelabchem.com\/pl\/wp-json\/wp\/v2\/media?parent=41"}],"wp:term":[{"taxonomy":"product_brand","embeddable":true,"href":"https:\/\/purelabchem.com\/pl\/wp-json\/wp\/v2\/product_brand?post=41"},{"taxonomy":"product_cat","embeddable":true,"href":"https:\/\/purelabchem.com\/pl\/wp-json\/wp\/v2\/product_cat?post=41"},{"taxonomy":"product_tag","embeddable":true,"href":"https:\/\/purelabchem.com\/pl\/wp-json\/wp\/v2\/product_tag?post=41"}],"curies":[{"name":"wp","href":"https:\/\/api.w.org\/{rel}","templated":true}]}}