{"id":363,"date":"2023-07-29T15:16:39","date_gmt":"2023-07-29T15:16:39","guid":{"rendered":"https:\/\/purelabchem.com\/?post_type=product&#038;p=363"},"modified":"2023-10-05T02:20:14","modified_gmt":"2023-10-05T02:20:14","slug":"albino-mushrooms","status":"publish","type":"product","link":"https:\/\/purelabchem.com\/pl\/product\/albino-mushrooms\/","title":{"rendered":"Grzyby albinosy"},"content":{"rendered":"<h1>Order Albino mushrooms online<\/h1>","protected":false},"excerpt":{"rendered":"<p>Order Albino mushrooms online<\/p>","protected":false},"featured_media":364,"comment_status":"open","ping_status":"closed","template":"","meta":{"_joinchat":[]},"product_brand":[],"product_cat":[65],"product_tag":[],"class_list":{"0":"post-363","1":"product","2":"type-product","3":"status-publish","4":"has-post-thumbnail","6":"product_cat-psychedelics","8":"first","9":"instock","10":"shipping-taxable","11":"purchasable","12":"product-type-variable"},"yoast_head":"<!-- This site is optimized with the Yoast SEO Premium plugin v22.5 (Yoast SEO v27.4) - https:\/\/yoast.com\/product\/yoast-seo-premium-wordpress\/ -->\n<title>Albino mushrooms - Pure Lab Research Chem<\/title>\n<meta name=\"description\" content=\"Order Albino mushrooms online Best Online Store To Buy Top Quality Research Chemicals\" \/>\n<meta name=\"robots\" content=\"index, follow, max-snippet:-1, max-image-preview:large, max-video-preview:-1\" \/>\n<link rel=\"canonical\" href=\"https:\/\/purelabchem.com\/pl\/product\/albino-mushrooms\/\" \/>\n<meta property=\"og:locale\" content=\"pl_PL\" \/>\n<meta property=\"og:type\" content=\"article\" \/>\n<meta property=\"og:title\" content=\"Albino mushrooms\" \/>\n<meta property=\"og:description\" content=\"Order Albino mushrooms online Best Online Store To Buy Top Quality Research Chemicals\" \/>\n<meta property=\"og:url\" content=\"https:\/\/purelabchem.com\/pl\/product\/albino-mushrooms\/\" \/>\n<meta property=\"og:site_name\" content=\"Pure Lab Research Chem\" \/>\n<meta property=\"article:modified_time\" content=\"2023-10-05T02:20:14+00:00\" \/>\n<meta property=\"og:image\" content=\"https:\/\/purelabchem.com\/wp-content\/uploads\/2023\/07\/photo_2023-07-29_16-15-41.jpg\" \/>\n\t<meta property=\"og:image:width\" content=\"800\" \/>\n\t<meta property=\"og:image:height\" content=\"800\" \/>\n\t<meta property=\"og:image:type\" content=\"image\/jpeg\" \/>\n<meta name=\"twitter:card\" content=\"summary_large_image\" \/>\n<script type=\"application\/ld+json\" class=\"yoast-schema-graph\">{\"@context\":\"https:\\\/\\\/schema.org\",\"@graph\":[{\"@type\":\"WebPage\",\"@id\":\"https:\\\/\\\/purelabchem.com\\\/product\\\/albino-mushrooms\\\/\",\"url\":\"https:\\\/\\\/purelabchem.com\\\/product\\\/albino-mushrooms\\\/\",\"name\":\"Albino mushrooms - Pure Lab Research Chem\",\"isPartOf\":{\"@id\":\"https:\\\/\\\/purelabchem.com\\\/#website\"},\"primaryImageOfPage\":{\"@id\":\"https:\\\/\\\/purelabchem.com\\\/product\\\/albino-mushrooms\\\/#primaryimage\"},\"image\":{\"@id\":\"https:\\\/\\\/purelabchem.com\\\/product\\\/albino-mushrooms\\\/#primaryimage\"},\"thumbnailUrl\":\"https:\\\/\\\/purelabchem.com\\\/wp-content\\\/uploads\\\/2023\\\/07\\\/photo_2023-07-29_16-15-41.jpg\",\"datePublished\":\"2023-07-29T15:16:39+00:00\",\"dateModified\":\"2023-10-05T02:20:14+00:00\",\"description\":\"Order Albino mushrooms online Best Online Store To Buy Top Quality Research Chemicals\",\"breadcrumb\":{\"@id\":\"https:\\\/\\\/purelabchem.com\\\/product\\\/albino-mushrooms\\\/#breadcrumb\"},\"inLanguage\":\"pl-PL\",\"potentialAction\":[{\"@type\":\"ReadAction\",\"target\":[\"https:\\\/\\\/purelabchem.com\\\/product\\\/albino-mushrooms\\\/\"]}]},{\"@type\":\"ImageObject\",\"inLanguage\":\"pl-PL\",\"@id\":\"https:\\\/\\\/purelabchem.com\\\/product\\\/albino-mushrooms\\\/#primaryimage\",\"url\":\"https:\\\/\\\/purelabchem.com\\\/wp-content\\\/uploads\\\/2023\\\/07\\\/photo_2023-07-29_16-15-41.jpg\",\"contentUrl\":\"https:\\\/\\\/purelabchem.com\\\/wp-content\\\/uploads\\\/2023\\\/07\\\/photo_2023-07-29_16-15-41.jpg\",\"width\":800,\"height\":800,\"caption\":\"Albino mushrooms\"},{\"@type\":\"BreadcrumbList\",\"@id\":\"https:\\\/\\\/purelabchem.com\\\/product\\\/albino-mushrooms\\\/#breadcrumb\",\"itemListElement\":[{\"@type\":\"ListItem\",\"position\":1,\"name\":\"Home\",\"item\":\"https:\\\/\\\/purelabchem.com\\\/\"},{\"@type\":\"ListItem\",\"position\":2,\"name\":\"Shop\",\"item\":\"https:\\\/\\\/purelabchem.com\\\/shop\\\/\"},{\"@type\":\"ListItem\",\"position\":3,\"name\":\"Albino mushrooms\"}]},{\"@type\":\"WebSite\",\"@id\":\"https:\\\/\\\/purelabchem.com\\\/#website\",\"url\":\"https:\\\/\\\/purelabchem.com\\\/\",\"name\":\"Pure Lab Research Chem\",\"description\":\"Best Online Store To Buy Top Quality Research Chemicals\",\"potentialAction\":[{\"@type\":\"SearchAction\",\"target\":{\"@type\":\"EntryPoint\",\"urlTemplate\":\"https:\\\/\\\/purelabchem.com\\\/?s={search_term_string}\"},\"query-input\":{\"@type\":\"PropertyValueSpecification\",\"valueRequired\":true,\"valueName\":\"search_term_string\"}}],\"inLanguage\":\"pl-PL\"}]}<\/script>\n<!-- \/ Yoast SEO Premium plugin. -->","yoast_head_json":{"title":"Albino mushrooms - Pure Lab Research Chem","description":"Order Albino mushrooms online Best Online Store To Buy Top Quality Research Chemicals","robots":{"index":"index","follow":"follow","max-snippet":"max-snippet:-1","max-image-preview":"max-image-preview:large","max-video-preview":"max-video-preview:-1"},"canonical":"https:\/\/purelabchem.com\/pl\/product\/albino-mushrooms\/","og_locale":"pl_PL","og_type":"article","og_title":"Albino mushrooms","og_description":"Order Albino mushrooms online Best Online Store To Buy Top Quality Research Chemicals","og_url":"https:\/\/purelabchem.com\/pl\/product\/albino-mushrooms\/","og_site_name":"Pure Lab Research Chem","article_modified_time":"2023-10-05T02:20:14+00:00","og_image":[{"width":800,"height":800,"url":"https:\/\/purelabchem.com\/wp-content\/uploads\/2023\/07\/photo_2023-07-29_16-15-41.jpg","type":"image\/jpeg"}],"twitter_card":"summary_large_image","schema":{"@context":"https:\/\/schema.org","@graph":[{"@type":"WebPage","@id":"https:\/\/purelabchem.com\/product\/albino-mushrooms\/","url":"https:\/\/purelabchem.com\/product\/albino-mushrooms\/","name":"Albino mushrooms - Pure Lab Research Chem","isPartOf":{"@id":"https:\/\/purelabchem.com\/#website"},"primaryImageOfPage":{"@id":"https:\/\/purelabchem.com\/product\/albino-mushrooms\/#primaryimage"},"image":{"@id":"https:\/\/purelabchem.com\/product\/albino-mushrooms\/#primaryimage"},"thumbnailUrl":"https:\/\/purelabchem.com\/wp-content\/uploads\/2023\/07\/photo_2023-07-29_16-15-41.jpg","datePublished":"2023-07-29T15:16:39+00:00","dateModified":"2023-10-05T02:20:14+00:00","description":"Order Albino mushrooms online Best Online Store To Buy Top Quality Research Chemicals","breadcrumb":{"@id":"https:\/\/purelabchem.com\/product\/albino-mushrooms\/#breadcrumb"},"inLanguage":"pl-PL","potentialAction":[{"@type":"ReadAction","target":["https:\/\/purelabchem.com\/product\/albino-mushrooms\/"]}]},{"@type":"ImageObject","inLanguage":"pl-PL","@id":"https:\/\/purelabchem.com\/product\/albino-mushrooms\/#primaryimage","url":"https:\/\/purelabchem.com\/wp-content\/uploads\/2023\/07\/photo_2023-07-29_16-15-41.jpg","contentUrl":"https:\/\/purelabchem.com\/wp-content\/uploads\/2023\/07\/photo_2023-07-29_16-15-41.jpg","width":800,"height":800,"caption":"Albino mushrooms"},{"@type":"BreadcrumbList","@id":"https:\/\/purelabchem.com\/product\/albino-mushrooms\/#breadcrumb","itemListElement":[{"@type":"ListItem","position":1,"name":"Home","item":"https:\/\/purelabchem.com\/"},{"@type":"ListItem","position":2,"name":"Shop","item":"https:\/\/purelabchem.com\/shop\/"},{"@type":"ListItem","position":3,"name":"Albino mushrooms"}]},{"@type":"WebSite","@id":"https:\/\/purelabchem.com\/#website","url":"https:\/\/purelabchem.com\/","name":"Pure Lab Research Chem","description":"Najlepszy sklep internetowy do zakupu najwy\u017cszej jako\u015bci chemikali\u00f3w badawczych","potentialAction":[{"@type":"SearchAction","target":{"@type":"EntryPoint","urlTemplate":"https:\/\/purelabchem.com\/?s={search_term_string}"},"query-input":{"@type":"PropertyValueSpecification","valueRequired":true,"valueName":"search_term_string"}}],"inLanguage":"pl-PL"}]}},"_links":{"self":[{"href":"https:\/\/purelabchem.com\/pl\/wp-json\/wp\/v2\/product\/363","targetHints":{"allow":["GET"]}}],"collection":[{"href":"https:\/\/purelabchem.com\/pl\/wp-json\/wp\/v2\/product"}],"about":[{"href":"https:\/\/purelabchem.com\/pl\/wp-json\/wp\/v2\/types\/product"}],"replies":[{"embeddable":true,"href":"https:\/\/purelabchem.com\/pl\/wp-json\/wp\/v2\/comments?post=363"}],"wp:featuredmedia":[{"embeddable":true,"href":"https:\/\/purelabchem.com\/pl\/wp-json\/wp\/v2\/media\/364"}],"wp:attachment":[{"href":"https:\/\/purelabchem.com\/pl\/wp-json\/wp\/v2\/media?parent=363"}],"wp:term":[{"taxonomy":"product_brand","embeddable":true,"href":"https:\/\/purelabchem.com\/pl\/wp-json\/wp\/v2\/product_brand?post=363"},{"taxonomy":"product_cat","embeddable":true,"href":"https:\/\/purelabchem.com\/pl\/wp-json\/wp\/v2\/product_cat?post=363"},{"taxonomy":"product_tag","embeddable":true,"href":"https:\/\/purelabchem.com\/pl\/wp-json\/wp\/v2\/product_tag?post=363"}],"curies":[{"name":"wp","href":"https:\/\/api.w.org\/{rel}","templated":true}]}}