{"id":15,"date":"2023-07-29T06:44:21","date_gmt":"2023-07-29T06:44:21","guid":{"rendered":"https:\/\/purelabchem.com\/?post_type=product&#038;p=15"},"modified":"2024-12-24T13:29:01","modified_gmt":"2024-12-24T13:29:01","slug":"2-fluoroamphetamine","status":"publish","type":"product","link":"https:\/\/purelabchem.com\/pl\/product\/2-fluoroamphetamine\/","title":{"rendered":"2-Fluoroamfetamina"},"content":{"rendered":"<h1><strong>Order 2-Fluoroamphetamine Online<\/strong><\/h1>","protected":false},"excerpt":{"rendered":"<p>Order 2-Fluoroamphetamine Online<\/p>","protected":false},"featured_media":13,"comment_status":"open","ping_status":"closed","template":"","meta":[],"product_brand":[],"product_cat":[64],"product_tag":[],"class_list":{"0":"post-15","1":"product","2":"type-product","3":"status-publish","4":"has-post-thumbnail","6":"product_cat-research-chemicals","8":"first","9":"instock","10":"shipping-taxable","11":"purchasable","12":"product-type-variable"},"yoast_head":"<!-- This site is optimized with the Yoast SEO Premium plugin v22.5 (Yoast SEO v25.6) - https:\/\/yoast.com\/wordpress\/plugins\/seo\/ -->\n<title>2-Fluoroamphetamine - Pure Lab Research Chem<\/title>\n<meta name=\"description\" content=\"Order 2-Fluoroamphetamine Online Best Online Store To Buy Top Quality Research Chemicals\" \/>\n<meta name=\"robots\" content=\"index, follow, max-snippet:-1, max-image-preview:large, max-video-preview:-1\" \/>\n<link rel=\"canonical\" href=\"https:\/\/purelabchem.com\/pl\/product\/2-fluoroamphetamine\/\" \/>\n<meta property=\"og:locale\" content=\"pl_PL\" \/>\n<meta property=\"og:type\" content=\"article\" \/>\n<meta property=\"og:title\" content=\"2-Fluoroamphetamine\" \/>\n<meta property=\"og:description\" content=\"Order 2-Fluoroamphetamine Online Best Online Store To Buy Top Quality Research Chemicals\" \/>\n<meta property=\"og:url\" content=\"https:\/\/purelabchem.com\/pl\/product\/2-fluoroamphetamine\/\" \/>\n<meta property=\"og:site_name\" content=\"Pure Lab Research Chem\" \/>\n<meta property=\"article:modified_time\" content=\"2024-12-24T13:29:01+00:00\" \/>\n<meta property=\"og:image\" content=\"https:\/\/purelabchem.com\/wp-content\/uploads\/2023\/07\/photo_2023-07-29_07-39-54.jpg\" \/>\n\t<meta property=\"og:image:width\" content=\"194\" \/>\n\t<meta property=\"og:image:height\" content=\"259\" \/>\n\t<meta property=\"og:image:type\" content=\"image\/jpeg\" \/>\n<meta name=\"twitter:card\" content=\"summary_large_image\" \/>\n<script type=\"application\/ld+json\" class=\"yoast-schema-graph\">{\"@context\":\"https:\/\/schema.org\",\"@graph\":[{\"@type\":\"WebPage\",\"@id\":\"https:\/\/purelabchem.com\/product\/2-fluoroamphetamine\/\",\"url\":\"https:\/\/purelabchem.com\/product\/2-fluoroamphetamine\/\",\"name\":\"2-Fluoroamphetamine - Pure Lab Research Chem\",\"isPartOf\":{\"@id\":\"https:\/\/purelabchem.com\/#website\"},\"primaryImageOfPage\":{\"@id\":\"https:\/\/purelabchem.com\/product\/2-fluoroamphetamine\/#primaryimage\"},\"image\":{\"@id\":\"https:\/\/purelabchem.com\/product\/2-fluoroamphetamine\/#primaryimage\"},\"thumbnailUrl\":\"https:\/\/purelabchem.com\/wp-content\/uploads\/2023\/07\/photo_2023-07-29_07-39-54.jpg\",\"datePublished\":\"2023-07-29T06:44:21+00:00\",\"dateModified\":\"2024-12-24T13:29:01+00:00\",\"description\":\"Order 2-Fluoroamphetamine Online Best Online Store To Buy Top Quality Research Chemicals\",\"breadcrumb\":{\"@id\":\"https:\/\/purelabchem.com\/product\/2-fluoroamphetamine\/#breadcrumb\"},\"inLanguage\":\"pl-PL\",\"potentialAction\":[{\"@type\":\"ReadAction\",\"target\":[\"https:\/\/purelabchem.com\/product\/2-fluoroamphetamine\/\"]}]},{\"@type\":\"ImageObject\",\"inLanguage\":\"pl-PL\",\"@id\":\"https:\/\/purelabchem.com\/product\/2-fluoroamphetamine\/#primaryimage\",\"url\":\"https:\/\/purelabchem.com\/wp-content\/uploads\/2023\/07\/photo_2023-07-29_07-39-54.jpg\",\"contentUrl\":\"https:\/\/purelabchem.com\/wp-content\/uploads\/2023\/07\/photo_2023-07-29_07-39-54.jpg\",\"width\":194,\"height\":259,\"caption\":\"2-Fluoroamphetamine\"},{\"@type\":\"BreadcrumbList\",\"@id\":\"https:\/\/purelabchem.com\/product\/2-fluoroamphetamine\/#breadcrumb\",\"itemListElement\":[{\"@type\":\"ListItem\",\"position\":1,\"name\":\"Home\",\"item\":\"https:\/\/purelabchem.com\/\"},{\"@type\":\"ListItem\",\"position\":2,\"name\":\"2-Fluoroamphetamine\"}]},{\"@type\":\"WebSite\",\"@id\":\"https:\/\/purelabchem.com\/#website\",\"url\":\"https:\/\/purelabchem.com\/\",\"name\":\"Pure Lab Research Chem\",\"description\":\"Best Online Store To Buy Top Quality Research Chemicals\",\"potentialAction\":[{\"@type\":\"SearchAction\",\"target\":{\"@type\":\"EntryPoint\",\"urlTemplate\":\"https:\/\/purelabchem.com\/?s={search_term_string}\"},\"query-input\":{\"@type\":\"PropertyValueSpecification\",\"valueRequired\":true,\"valueName\":\"search_term_string\"}}],\"inLanguage\":\"pl-PL\"}]}<\/script>\n<!-- \/ Yoast SEO Premium plugin. -->","yoast_head_json":{"title":"2-Fluoroamphetamine - Pure Lab Research Chem","description":"Order 2-Fluoroamphetamine Online Best Online Store To Buy Top Quality Research Chemicals","robots":{"index":"index","follow":"follow","max-snippet":"max-snippet:-1","max-image-preview":"max-image-preview:large","max-video-preview":"max-video-preview:-1"},"canonical":"https:\/\/purelabchem.com\/pl\/product\/2-fluoroamphetamine\/","og_locale":"pl_PL","og_type":"article","og_title":"2-Fluoroamphetamine","og_description":"Order 2-Fluoroamphetamine Online Best Online Store To Buy Top Quality Research Chemicals","og_url":"https:\/\/purelabchem.com\/pl\/product\/2-fluoroamphetamine\/","og_site_name":"Pure Lab Research Chem","article_modified_time":"2024-12-24T13:29:01+00:00","og_image":[{"width":194,"height":259,"url":"https:\/\/purelabchem.com\/wp-content\/uploads\/2023\/07\/photo_2023-07-29_07-39-54.jpg","type":"image\/jpeg"}],"twitter_card":"summary_large_image","schema":{"@context":"https:\/\/schema.org","@graph":[{"@type":"WebPage","@id":"https:\/\/purelabchem.com\/product\/2-fluoroamphetamine\/","url":"https:\/\/purelabchem.com\/product\/2-fluoroamphetamine\/","name":"2-Fluoroamphetamine - Pure Lab Research Chem","isPartOf":{"@id":"https:\/\/purelabchem.com\/#website"},"primaryImageOfPage":{"@id":"https:\/\/purelabchem.com\/product\/2-fluoroamphetamine\/#primaryimage"},"image":{"@id":"https:\/\/purelabchem.com\/product\/2-fluoroamphetamine\/#primaryimage"},"thumbnailUrl":"https:\/\/purelabchem.com\/wp-content\/uploads\/2023\/07\/photo_2023-07-29_07-39-54.jpg","datePublished":"2023-07-29T06:44:21+00:00","dateModified":"2024-12-24T13:29:01+00:00","description":"Order 2-Fluoroamphetamine Online Best Online Store To Buy Top Quality Research Chemicals","breadcrumb":{"@id":"https:\/\/purelabchem.com\/product\/2-fluoroamphetamine\/#breadcrumb"},"inLanguage":"pl-PL","potentialAction":[{"@type":"ReadAction","target":["https:\/\/purelabchem.com\/product\/2-fluoroamphetamine\/"]}]},{"@type":"ImageObject","inLanguage":"pl-PL","@id":"https:\/\/purelabchem.com\/product\/2-fluoroamphetamine\/#primaryimage","url":"https:\/\/purelabchem.com\/wp-content\/uploads\/2023\/07\/photo_2023-07-29_07-39-54.jpg","contentUrl":"https:\/\/purelabchem.com\/wp-content\/uploads\/2023\/07\/photo_2023-07-29_07-39-54.jpg","width":194,"height":259,"caption":"2-Fluoroamphetamine"},{"@type":"BreadcrumbList","@id":"https:\/\/purelabchem.com\/product\/2-fluoroamphetamine\/#breadcrumb","itemListElement":[{"@type":"ListItem","position":1,"name":"Home","item":"https:\/\/purelabchem.com\/"},{"@type":"ListItem","position":2,"name":"2-Fluoroamphetamine"}]},{"@type":"WebSite","@id":"https:\/\/purelabchem.com\/#website","url":"https:\/\/purelabchem.com\/","name":"Pure Lab Research Chem","description":"Najlepszy sklep internetowy do zakupu najwy\u017cszej jako\u015bci chemikali\u00f3w badawczych","potentialAction":[{"@type":"SearchAction","target":{"@type":"EntryPoint","urlTemplate":"https:\/\/purelabchem.com\/?s={search_term_string}"},"query-input":{"@type":"PropertyValueSpecification","valueRequired":true,"valueName":"search_term_string"}}],"inLanguage":"pl-PL"}]}},"_links":{"self":[{"href":"https:\/\/purelabchem.com\/pl\/wp-json\/wp\/v2\/product\/15","targetHints":{"allow":["GET"]}}],"collection":[{"href":"https:\/\/purelabchem.com\/pl\/wp-json\/wp\/v2\/product"}],"about":[{"href":"https:\/\/purelabchem.com\/pl\/wp-json\/wp\/v2\/types\/product"}],"replies":[{"embeddable":true,"href":"https:\/\/purelabchem.com\/pl\/wp-json\/wp\/v2\/comments?post=15"}],"wp:featuredmedia":[{"embeddable":true,"href":"https:\/\/purelabchem.com\/pl\/wp-json\/wp\/v2\/media\/13"}],"wp:attachment":[{"href":"https:\/\/purelabchem.com\/pl\/wp-json\/wp\/v2\/media?parent=15"}],"wp:term":[{"taxonomy":"product_brand","embeddable":true,"href":"https:\/\/purelabchem.com\/pl\/wp-json\/wp\/v2\/product_brand?post=15"},{"taxonomy":"product_cat","embeddable":true,"href":"https:\/\/purelabchem.com\/pl\/wp-json\/wp\/v2\/product_cat?post=15"},{"taxonomy":"product_tag","embeddable":true,"href":"https:\/\/purelabchem.com\/pl\/wp-json\/wp\/v2\/product_tag?post=15"}],"curies":[{"name":"wp","href":"https:\/\/api.w.org\/{rel}","templated":true}]}}