{"id":839,"date":"2023-08-04T12:09:19","date_gmt":"2023-08-04T12:09:19","guid":{"rendered":"https:\/\/purelabchem.com\/?page_id=839"},"modified":"2023-08-05T07:10:06","modified_gmt":"2023-08-05T07:10:06","slug":"zasady-i-warunki","status":"publish","type":"page","link":"https:\/\/purelabchem.com\/pl\/zasady-i-warunki\/","title":{"rendered":"Zasady i warunki"},"content":{"rendered":"<p>Zasady i warunki<br>Je\u015bli nie jeste\u015b 100% zadowolony z zakupu, mo\u017cesz zwr\u00f3ci\u0107 zam\u00f3wienie w celu uzyskania pe\u0142nego zwrotu pieni\u0119dzy lub wymieni\u0107 je na co\u015b innego. Zakup mo\u017cna zwr\u00f3ci\u0107 lub wymieni\u0107 w ci\u0105gu 7 dni od daty zakupu.<\/p>\n\n\n\n<pre class=\"wp-block-code\"><code>Paczka musi zosta\u0107 zwr\u00f3cona w ci\u0105gu 7 dni\nZwracane lub wymieniane produkty musz\u0105 by\u0107 w stanie, w jakim zosta\u0142y otrzymane, w oryginalnym pude\u0142ku i\/lub opakowaniu.\nZwrot zostanie dokonany w ca\u0142o\u015bci przy u\u017cyciu tej samej metody, kt\u00f3rej u\u017cyto do dokonania p\u0142atno\u015bci.\nZwrot musi zosta\u0107 podpisany i dokonany w ci\u0105gu 5 dni roboczych.<\/code><\/pre>\n\n\n\n<p>Nale\u017cy pami\u0119ta\u0107, \u017ce w wi\u0119kszo\u015bci przypadk\u00f3w b\u0119dzie to minus op\u0142aty za wysy\u0142k\u0119 i przelew \u015brodk\u00f3w, chocia\u017c je\u015bli by\u0142 to ra\u017c\u0105cy b\u0142\u0105d z naszej strony, odbierzemy wszystko. Podsumowuj\u0105c, chcemy, aby\u015b by\u0142 szcz\u0119\u015bliwy!<\/p>\n\n\n\n<p>Jeste\u015bmy autentyczni i gwarantujemy 100% na wszystkie z\u0142o\u017cone zam\u00f3wienia. Zapewniamy r\u00f3wnie\u017c \u015bledzenie # na paczkach podczas ich wysy\u0142ania, a tak\u017ce \u015bledzenie ostatnich zam\u00f3wie\u0144 w celu weryfikacji wa\u017cno\u015bci i pewno\u015bci.<br>Zmiany w niniejszej Umowie<\/p>\n\n\n\n<p>Zastrzegamy sobie prawo, wed\u0142ug w\u0142asnego uznania, do zmiany lub zast\u0105pienia niniejszych Warunk\u00f3w poprzez opublikowanie zaktualizowanych warunk\u00f3w w Witrynie. Dalsze korzystanie z Witryny po wprowadzeniu takich zmian oznacza akceptacj\u0119 nowych Warunk\u00f3w.<\/p>","protected":false},"excerpt":{"rendered":"<p>Terms and ConditionsIf you are not 100% satisfied with your purchase, you can either return your order for a full refund or exchange it for something else. You can return or exchange your purchase for up to 7 days from the purchase date. Note that, In most cases this will be minus shipping and fund [&hellip;]<\/p>","protected":false},"author":1,"featured_media":0,"parent":0,"menu_order":0,"comment_status":"closed","ping_status":"closed","template":"","meta":{"_joinchat":[],"footnotes":""},"class_list":["post-839","page","type-page","status-publish","hentry"],"yoast_head":"<!-- This site is optimized with the Yoast SEO Premium plugin v22.5 (Yoast SEO v25.6) - https:\/\/yoast.com\/wordpress\/plugins\/seo\/ -->\n<title>Terms and Conditions - Pure Lab Research Chem<\/title>\n<meta name=\"robots\" content=\"index, follow, max-snippet:-1, max-image-preview:large, max-video-preview:-1\" \/>\n<link rel=\"canonical\" href=\"https:\/\/purelabchem.com\/pl\/zasady-i-warunki\/\" \/>\n<meta property=\"og:locale\" content=\"pl_PL\" \/>\n<meta property=\"og:type\" content=\"article\" \/>\n<meta property=\"og:title\" content=\"Terms and Conditions\" \/>\n<meta property=\"og:description\" content=\"Terms and ConditionsIf you are not 100% satisfied with your purchase, you can either return your order for a full refund or exchange it for something else. You can return or exchange your purchase for up to 7 days from the purchase date. Note that, In most cases this will be minus shipping and fund [&hellip;]\" \/>\n<meta property=\"og:url\" content=\"https:\/\/purelabchem.com\/pl\/zasady-i-warunki\/\" \/>\n<meta property=\"og:site_name\" content=\"Pure Lab Research Chem\" \/>\n<meta property=\"article:modified_time\" content=\"2023-08-05T07:10:06+00:00\" \/>\n<meta name=\"twitter:card\" content=\"summary_large_image\" \/>\n<meta name=\"twitter:label1\" content=\"Szacowany czas czytania\" \/>\n\t<meta name=\"twitter:data1\" content=\"1 minuta\" \/>\n<script type=\"application\/ld+json\" class=\"yoast-schema-graph\">{\"@context\":\"https:\/\/schema.org\",\"@graph\":[{\"@type\":\"WebPage\",\"@id\":\"https:\/\/purelabchem.com\/terms-and-conditions\/\",\"url\":\"https:\/\/purelabchem.com\/terms-and-conditions\/\",\"name\":\"Terms and Conditions - Pure Lab Research Chem\",\"isPartOf\":{\"@id\":\"https:\/\/purelabchem.com\/#website\"},\"datePublished\":\"2023-08-04T12:09:19+00:00\",\"dateModified\":\"2023-08-05T07:10:06+00:00\",\"breadcrumb\":{\"@id\":\"https:\/\/purelabchem.com\/terms-and-conditions\/#breadcrumb\"},\"inLanguage\":\"pl-PL\",\"potentialAction\":[{\"@type\":\"ReadAction\",\"target\":[\"https:\/\/purelabchem.com\/terms-and-conditions\/\"]}]},{\"@type\":\"BreadcrumbList\",\"@id\":\"https:\/\/purelabchem.com\/terms-and-conditions\/#breadcrumb\",\"itemListElement\":[{\"@type\":\"ListItem\",\"position\":1,\"name\":\"Home\",\"item\":\"https:\/\/purelabchem.com\/\"},{\"@type\":\"ListItem\",\"position\":2,\"name\":\"Terms and Conditions\"}]},{\"@type\":\"WebSite\",\"@id\":\"https:\/\/purelabchem.com\/#website\",\"url\":\"https:\/\/purelabchem.com\/\",\"name\":\"Pure Lab Research Chem\",\"description\":\"Best Online Store To Buy Top Quality Research Chemicals\",\"potentialAction\":[{\"@type\":\"SearchAction\",\"target\":{\"@type\":\"EntryPoint\",\"urlTemplate\":\"https:\/\/purelabchem.com\/?s={search_term_string}\"},\"query-input\":{\"@type\":\"PropertyValueSpecification\",\"valueRequired\":true,\"valueName\":\"search_term_string\"}}],\"inLanguage\":\"pl-PL\"}]}<\/script>\n<!-- \/ Yoast SEO Premium plugin. -->","yoast_head_json":{"title":"Regulamin - Pure Lab Research Chem","robots":{"index":"index","follow":"follow","max-snippet":"max-snippet:-1","max-image-preview":"max-image-preview:large","max-video-preview":"max-video-preview:-1"},"canonical":"https:\/\/purelabchem.com\/pl\/zasady-i-warunki\/","og_locale":"pl_PL","og_type":"article","og_title":"Terms and Conditions","og_description":"Terms and ConditionsIf you are not 100% satisfied with your purchase, you can either return your order for a full refund or exchange it for something else. You can return or exchange your purchase for up to 7 days from the purchase date. Note that, In most cases this will be minus shipping and fund [&hellip;]","og_url":"https:\/\/purelabchem.com\/pl\/zasady-i-warunki\/","og_site_name":"Pure Lab Research Chem","article_modified_time":"2023-08-05T07:10:06+00:00","twitter_card":"summary_large_image","twitter_misc":{"Szacowany czas czytania":"1 minuta"},"schema":{"@context":"https:\/\/schema.org","@graph":[{"@type":"WebPage","@id":"https:\/\/purelabchem.com\/terms-and-conditions\/","url":"https:\/\/purelabchem.com\/terms-and-conditions\/","name":"Regulamin - Pure Lab Research Chem","isPartOf":{"@id":"https:\/\/purelabchem.com\/#website"},"datePublished":"2023-08-04T12:09:19+00:00","dateModified":"2023-08-05T07:10:06+00:00","breadcrumb":{"@id":"https:\/\/purelabchem.com\/terms-and-conditions\/#breadcrumb"},"inLanguage":"pl-PL","potentialAction":[{"@type":"ReadAction","target":["https:\/\/purelabchem.com\/terms-and-conditions\/"]}]},{"@type":"BreadcrumbList","@id":"https:\/\/purelabchem.com\/terms-and-conditions\/#breadcrumb","itemListElement":[{"@type":"ListItem","position":1,"name":"Home","item":"https:\/\/purelabchem.com\/"},{"@type":"ListItem","position":2,"name":"Terms and Conditions"}]},{"@type":"WebSite","@id":"https:\/\/purelabchem.com\/#website","url":"https:\/\/purelabchem.com\/","name":"Pure Lab Research Chem","description":"Najlepszy sklep internetowy do zakupu najwy\u017cszej jako\u015bci chemikali\u00f3w badawczych","potentialAction":[{"@type":"SearchAction","target":{"@type":"EntryPoint","urlTemplate":"https:\/\/purelabchem.com\/?s={search_term_string}"},"query-input":{"@type":"PropertyValueSpecification","valueRequired":true,"valueName":"search_term_string"}}],"inLanguage":"pl-PL"}]}},"_links":{"self":[{"href":"https:\/\/purelabchem.com\/pl\/wp-json\/wp\/v2\/pages\/839","targetHints":{"allow":["GET"]}}],"collection":[{"href":"https:\/\/purelabchem.com\/pl\/wp-json\/wp\/v2\/pages"}],"about":[{"href":"https:\/\/purelabchem.com\/pl\/wp-json\/wp\/v2\/types\/page"}],"author":[{"embeddable":true,"href":"https:\/\/purelabchem.com\/pl\/wp-json\/wp\/v2\/users\/1"}],"replies":[{"embeddable":true,"href":"https:\/\/purelabchem.com\/pl\/wp-json\/wp\/v2\/comments?post=839"}],"version-history":[{"count":0,"href":"https:\/\/purelabchem.com\/pl\/wp-json\/wp\/v2\/pages\/839\/revisions"}],"wp:attachment":[{"href":"https:\/\/purelabchem.com\/pl\/wp-json\/wp\/v2\/media?parent=839"}],"curies":[{"name":"wp","href":"https:\/\/api.w.org\/{rel}","templated":true}]}}