{"id":87,"date":"2023-07-29T07:47:42","date_gmt":"2023-07-29T07:47:42","guid":{"rendered":"https:\/\/purelabchem.com\/?post_type=product&#038;p=87"},"modified":"2023-10-05T02:47:38","modified_gmt":"2023-10-05T02:47:38","slug":"mdpv","status":"publish","type":"product","link":"https:\/\/purelabchem.com\/hu\/product\/mdpv\/","title":{"rendered":"MDPV"},"content":{"rendered":"<h1><strong>MDPV For Sale<\/strong><\/h1>\n<p>MDPV is a stimulant of the cathinone class that acts as a norepinephrine-dopamine reuptake inhibitor (NDRI). It was first developed in the 1960s by a team at Boehringer Ingelheim. It&#8217;s activity as the dopamine transporter is six times stronger than at the norepinephrine transporter and it is virtually inactive at the serotonin transporter. MDPV remained an obscure stimulant until around 2004 when it was reportedly sold as a designer drug. Until banned in 2011, products containing MDPV and labelled as bath salts were sold as recreational drugs at gas stations and convenience stores in the US, similar to the marketing for spice and K2 as incense.<\/p>\n<p>The hydrochloride salt exists as a very fine crystalline powder. It is hygroscopic and thus tends to form clumps, resembling powdered sugar. It&#8217;s color can range from pure white to a yellowish-tan and has a slight odour that strengthens as it colors.<\/p>\n<p>Impurities are likely to consist of either pyrrolidine or alpha dibrominated alkylphenones respectively from either excess pyrrolidine or incomplete animation during synthesis. These impurities likely account for it&#8217;s discoloration and fishy (pyrrolidine) or bromine-like odour which worsens upon exposure to air, moisture or bases.<\/p>","protected":false},"excerpt":{"rendered":"<p>MDPV For Sale MDPV is a stimulant of the cathinone class that acts as a norepinephrine-dopamine reuptake inhibitor (NDRI). It was first developed in the 1960s by a team at Boehringer Ingelheim. It&#8217;s activity as the dopamine transporter is six times stronger than at the norepinephrine transporter and it is virtually inactive at the serotonin [&hellip;]<\/p>","protected":false},"featured_media":88,"comment_status":"open","ping_status":"closed","template":"","meta":[],"product_brand":[],"product_cat":[64],"product_tag":[],"class_list":{"0":"post-87","1":"product","2":"type-product","3":"status-publish","4":"has-post-thumbnail","6":"product_cat-research-chemicals","8":"first","9":"instock","10":"shipping-taxable","11":"purchasable","12":"product-type-variable"},"yoast_head":"<!-- This site is optimized with the Yoast SEO Premium plugin v22.5 (Yoast SEO v25.6) - https:\/\/yoast.com\/wordpress\/plugins\/seo\/ -->\n<title>MDPV - Pure Lab Research Chem<\/title>\n<meta name=\"description\" content=\"MDPV For Sale MDPV is a stimulant of the cathinone class that acts as a norepinephrine-dopamine reuptake inhibitor (NDRI). It was first developed in the Best Online Store To Buy Top Quality Research Chemicals\" \/>\n<meta name=\"robots\" content=\"index, follow, max-snippet:-1, max-image-preview:large, max-video-preview:-1\" \/>\n<link rel=\"canonical\" href=\"https:\/\/purelabchem.com\/hu\/product\/mdpv\/\" \/>\n<meta property=\"og:locale\" content=\"hu_HU\" \/>\n<meta property=\"og:type\" content=\"article\" \/>\n<meta property=\"og:title\" content=\"MDPV\" \/>\n<meta property=\"og:description\" content=\"MDPV For Sale MDPV is a stimulant of the cathinone class that acts as a norepinephrine-dopamine reuptake inhibitor (NDRI). It was first developed in the Best Online Store To Buy Top Quality Research Chemicals\" \/>\n<meta property=\"og:url\" content=\"https:\/\/purelabchem.com\/hu\/product\/mdpv\/\" \/>\n<meta property=\"og:site_name\" content=\"Pure Lab Research Chem\" \/>\n<meta property=\"article:modified_time\" content=\"2023-10-05T02:47:38+00:00\" \/>\n<meta property=\"og:image\" content=\"https:\/\/purelabchem.com\/wp-content\/uploads\/2023\/07\/photo_2023-07-29_08-46-34.jpg\" \/>\n\t<meta property=\"og:image:width\" content=\"259\" \/>\n\t<meta property=\"og:image:height\" content=\"195\" \/>\n\t<meta property=\"og:image:type\" content=\"image\/jpeg\" \/>\n<meta name=\"twitter:card\" content=\"summary_large_image\" \/>\n<meta name=\"twitter:label1\" content=\"Becs\u00fclt olvas\u00e1si id\u0151\" \/>\n\t<meta name=\"twitter:data1\" content=\"1 perc\" \/>\n<script type=\"application\/ld+json\" class=\"yoast-schema-graph\">{\"@context\":\"https:\/\/schema.org\",\"@graph\":[{\"@type\":\"WebPage\",\"@id\":\"https:\/\/purelabchem.com\/product\/mdpv\/\",\"url\":\"https:\/\/purelabchem.com\/product\/mdpv\/\",\"name\":\"MDPV - Pure Lab Research Chem\",\"isPartOf\":{\"@id\":\"https:\/\/purelabchem.com\/#website\"},\"primaryImageOfPage\":{\"@id\":\"https:\/\/purelabchem.com\/product\/mdpv\/#primaryimage\"},\"image\":{\"@id\":\"https:\/\/purelabchem.com\/product\/mdpv\/#primaryimage\"},\"thumbnailUrl\":\"https:\/\/purelabchem.com\/wp-content\/uploads\/2023\/07\/photo_2023-07-29_08-46-34.jpg\",\"datePublished\":\"2023-07-29T07:47:42+00:00\",\"dateModified\":\"2023-10-05T02:47:38+00:00\",\"description\":\"MDPV For Sale MDPV is a stimulant of the cathinone class that acts as a norepinephrine-dopamine reuptake inhibitor (NDRI). It was first developed in the Best Online Store To Buy Top Quality Research Chemicals\",\"breadcrumb\":{\"@id\":\"https:\/\/purelabchem.com\/product\/mdpv\/#breadcrumb\"},\"inLanguage\":\"hu\",\"potentialAction\":[{\"@type\":\"ReadAction\",\"target\":[\"https:\/\/purelabchem.com\/product\/mdpv\/\"]}]},{\"@type\":\"ImageObject\",\"inLanguage\":\"hu\",\"@id\":\"https:\/\/purelabchem.com\/product\/mdpv\/#primaryimage\",\"url\":\"https:\/\/purelabchem.com\/wp-content\/uploads\/2023\/07\/photo_2023-07-29_08-46-34.jpg\",\"contentUrl\":\"https:\/\/purelabchem.com\/wp-content\/uploads\/2023\/07\/photo_2023-07-29_08-46-34.jpg\",\"width\":259,\"height\":195,\"caption\":\"MDPV\"},{\"@type\":\"BreadcrumbList\",\"@id\":\"https:\/\/purelabchem.com\/product\/mdpv\/#breadcrumb\",\"itemListElement\":[{\"@type\":\"ListItem\",\"position\":1,\"name\":\"Home\",\"item\":\"https:\/\/purelabchem.com\/\"},{\"@type\":\"ListItem\",\"position\":2,\"name\":\"MDPV\"}]},{\"@type\":\"WebSite\",\"@id\":\"https:\/\/purelabchem.com\/#website\",\"url\":\"https:\/\/purelabchem.com\/\",\"name\":\"Pure Lab Research Chem\",\"description\":\"Best Online Store To Buy Top Quality Research Chemicals\",\"potentialAction\":[{\"@type\":\"SearchAction\",\"target\":{\"@type\":\"EntryPoint\",\"urlTemplate\":\"https:\/\/purelabchem.com\/?s={search_term_string}\"},\"query-input\":{\"@type\":\"PropertyValueSpecification\",\"valueRequired\":true,\"valueName\":\"search_term_string\"}}],\"inLanguage\":\"hu\"}]}<\/script>\n<!-- \/ Yoast SEO Premium plugin. -->","yoast_head_json":{"title":"MDPV - Pure Lab Research Chem","description":"MDPV For Sale MDPV is a stimulant of the cathinone class that acts as a norepinephrine-dopamine reuptake inhibitor (NDRI). It was first developed in the Best Online Store To Buy Top Quality Research Chemicals","robots":{"index":"index","follow":"follow","max-snippet":"max-snippet:-1","max-image-preview":"max-image-preview:large","max-video-preview":"max-video-preview:-1"},"canonical":"https:\/\/purelabchem.com\/hu\/product\/mdpv\/","og_locale":"hu_HU","og_type":"article","og_title":"MDPV","og_description":"MDPV For Sale MDPV is a stimulant of the cathinone class that acts as a norepinephrine-dopamine reuptake inhibitor (NDRI). It was first developed in the Best Online Store To Buy Top Quality Research Chemicals","og_url":"https:\/\/purelabchem.com\/hu\/product\/mdpv\/","og_site_name":"Pure Lab Research Chem","article_modified_time":"2023-10-05T02:47:38+00:00","og_image":[{"width":259,"height":195,"url":"https:\/\/purelabchem.com\/wp-content\/uploads\/2023\/07\/photo_2023-07-29_08-46-34.jpg","type":"image\/jpeg"}],"twitter_card":"summary_large_image","twitter_misc":{"Becs\u00fclt olvas\u00e1si id\u0151":"1 perc"},"schema":{"@context":"https:\/\/schema.org","@graph":[{"@type":"WebPage","@id":"https:\/\/purelabchem.com\/product\/mdpv\/","url":"https:\/\/purelabchem.com\/product\/mdpv\/","name":"MDPV - Pure Lab Research Chem","isPartOf":{"@id":"https:\/\/purelabchem.com\/#website"},"primaryImageOfPage":{"@id":"https:\/\/purelabchem.com\/product\/mdpv\/#primaryimage"},"image":{"@id":"https:\/\/purelabchem.com\/product\/mdpv\/#primaryimage"},"thumbnailUrl":"https:\/\/purelabchem.com\/wp-content\/uploads\/2023\/07\/photo_2023-07-29_08-46-34.jpg","datePublished":"2023-07-29T07:47:42+00:00","dateModified":"2023-10-05T02:47:38+00:00","description":"MDPV For Sale MDPV is a stimulant of the cathinone class that acts as a norepinephrine-dopamine reuptake inhibitor (NDRI). It was first developed in the Best Online Store To Buy Top Quality Research Chemicals","breadcrumb":{"@id":"https:\/\/purelabchem.com\/product\/mdpv\/#breadcrumb"},"inLanguage":"hu","potentialAction":[{"@type":"ReadAction","target":["https:\/\/purelabchem.com\/product\/mdpv\/"]}]},{"@type":"ImageObject","inLanguage":"hu","@id":"https:\/\/purelabchem.com\/product\/mdpv\/#primaryimage","url":"https:\/\/purelabchem.com\/wp-content\/uploads\/2023\/07\/photo_2023-07-29_08-46-34.jpg","contentUrl":"https:\/\/purelabchem.com\/wp-content\/uploads\/2023\/07\/photo_2023-07-29_08-46-34.jpg","width":259,"height":195,"caption":"MDPV"},{"@type":"BreadcrumbList","@id":"https:\/\/purelabchem.com\/product\/mdpv\/#breadcrumb","itemListElement":[{"@type":"ListItem","position":1,"name":"Home","item":"https:\/\/purelabchem.com\/"},{"@type":"ListItem","position":2,"name":"MDPV"}]},{"@type":"WebSite","@id":"https:\/\/purelabchem.com\/#website","url":"https:\/\/purelabchem.com\/","name":"Pure Lab Research Chem","description":"Legjobb Online Store v\u00e1s\u00e1rolni Top Quality Research Chemicals","potentialAction":[{"@type":"SearchAction","target":{"@type":"EntryPoint","urlTemplate":"https:\/\/purelabchem.com\/?s={search_term_string}"},"query-input":{"@type":"PropertyValueSpecification","valueRequired":true,"valueName":"search_term_string"}}],"inLanguage":"hu"}]}},"_links":{"self":[{"href":"https:\/\/purelabchem.com\/hu\/wp-json\/wp\/v2\/product\/87","targetHints":{"allow":["GET"]}}],"collection":[{"href":"https:\/\/purelabchem.com\/hu\/wp-json\/wp\/v2\/product"}],"about":[{"href":"https:\/\/purelabchem.com\/hu\/wp-json\/wp\/v2\/types\/product"}],"replies":[{"embeddable":true,"href":"https:\/\/purelabchem.com\/hu\/wp-json\/wp\/v2\/comments?post=87"}],"wp:featuredmedia":[{"embeddable":true,"href":"https:\/\/purelabchem.com\/hu\/wp-json\/wp\/v2\/media\/88"}],"wp:attachment":[{"href":"https:\/\/purelabchem.com\/hu\/wp-json\/wp\/v2\/media?parent=87"}],"wp:term":[{"taxonomy":"product_brand","embeddable":true,"href":"https:\/\/purelabchem.com\/hu\/wp-json\/wp\/v2\/product_brand?post=87"},{"taxonomy":"product_cat","embeddable":true,"href":"https:\/\/purelabchem.com\/hu\/wp-json\/wp\/v2\/product_cat?post=87"},{"taxonomy":"product_tag","embeddable":true,"href":"https:\/\/purelabchem.com\/hu\/wp-json\/wp\/v2\/product_tag?post=87"}],"curies":[{"name":"wp","href":"https:\/\/api.w.org\/{rel}","templated":true}]}}