{"id":53,"date":"2023-07-29T07:07:40","date_gmt":"2023-07-29T07:07:40","guid":{"rendered":"https:\/\/purelabchem.com\/?post_type=product&#038;p=53"},"modified":"2023-10-17T23:38:31","modified_gmt":"2023-10-17T23:38:31","slug":"am-1248","status":"publish","type":"product","link":"https:\/\/purelabchem.com\/hu\/product\/am-1248\/","title":{"rendered":"AM-1248"},"content":{"rendered":"<h1><strong>Order AM-1248 Online Cheap<\/strong><\/h1>\n<p>We have AM-1248 for sale and it is one of our best sellers. You can order AM-1248 online and have it delivered free anywhere in the USA<br \/>\nAM-1248\u00a0is a drug that acts as a moderately potent\u00a0agonist (https:\/\/en.wikipedia.org\/wiki\/Agonist)\u00a0for both the\u00a0cannabinoid receptors (https:\/\/en.wikipedia.org\/wiki\/Cannabinoid_receptor)\u00a0CB1 (https:\/\/en.wikipedia.org\/wiki\/Cannabinoid_receptor_1)\u00a0and\u00a0CB2 (https:\/\/en.wikipedia.org\/wiki\/Cannabinoid_receptor_2), but with some dispute between sources over its exact potency and selectivity. Replacing the 3-(1-naphthoyl) group found in many indole derived cannabinoid ligands, with an\u00a0adamant (https:\/\/en.wikipedia.org\/wiki\/Adamantane)oyl (https:\/\/en.wikipedia.org\/wiki\/Ketone)\u00a0group, generally confers significant CB2\u00a0selectivity,\u00a0but reasonable CB1\u00a0affinity and selectivity is retained when an N-methylpiperidin-2-ylmethyl substitution is used at the indole 1-position.<\/p>","protected":false},"excerpt":{"rendered":"<p>Order AM-1248 Online Cheap We have AM-1248 for sale and it is one of our best sellers. You can order AM-1248 online and have it delivered free anywhere in the USA AM-1248\u00a0is a drug that acts as a moderately potent\u00a0agonist (https:\/\/en.wikipedia.org\/wiki\/Agonist)\u00a0for both the\u00a0cannabinoid receptors (https:\/\/en.wikipedia.org\/wiki\/Cannabinoid_receptor)\u00a0CB1 (https:\/\/en.wikipedia.org\/wiki\/Cannabinoid_receptor_1)\u00a0and\u00a0CB2 (https:\/\/en.wikipedia.org\/wiki\/Cannabinoid_receptor_2), but with some dispute between sources over its [&hellip;]<\/p>","protected":false},"featured_media":54,"comment_status":"open","ping_status":"closed","template":"","meta":[],"product_brand":[],"product_cat":[64],"product_tag":[],"class_list":{"0":"post-53","1":"product","2":"type-product","3":"status-publish","4":"has-post-thumbnail","6":"product_cat-research-chemicals","8":"first","9":"instock","10":"shipping-taxable","11":"purchasable","12":"product-type-variable"},"yoast_head":"<!-- This site is optimized with the Yoast SEO Premium plugin v22.5 (Yoast SEO v25.6) - https:\/\/yoast.com\/wordpress\/plugins\/seo\/ -->\n<title>AM-1248 - Pure Lab Research Chem<\/title>\n<meta name=\"description\" content=\"Order AM-1248 Online Cheap We have AM-1248 for sale and it is one of our best sellers. You can order AM-1248 online and have it delivered free anywhere in Best Online Store To Buy Top Quality Research Chemicals\" \/>\n<meta name=\"robots\" content=\"index, follow, max-snippet:-1, max-image-preview:large, max-video-preview:-1\" \/>\n<link rel=\"canonical\" href=\"https:\/\/purelabchem.com\/hu\/product\/am-1248\/\" \/>\n<meta property=\"og:locale\" content=\"hu_HU\" \/>\n<meta property=\"og:type\" content=\"article\" \/>\n<meta property=\"og:title\" content=\"AM-1248\" \/>\n<meta property=\"og:description\" content=\"Order AM-1248 Online Cheap We have AM-1248 for sale and it is one of our best sellers. You can order AM-1248 online and have it delivered free anywhere in Best Online Store To Buy Top Quality Research Chemicals\" \/>\n<meta property=\"og:url\" content=\"https:\/\/purelabchem.com\/hu\/product\/am-1248\/\" \/>\n<meta property=\"og:site_name\" content=\"Pure Lab Research Chem\" \/>\n<meta property=\"article:modified_time\" content=\"2023-10-17T23:38:31+00:00\" \/>\n<meta property=\"og:image\" content=\"https:\/\/purelabchem.com\/wp-content\/uploads\/2023\/07\/photo_2023-07-29_08-07-14.jpg\" \/>\n\t<meta property=\"og:image:width\" content=\"394\" \/>\n\t<meta property=\"og:image:height\" content=\"700\" \/>\n\t<meta property=\"og:image:type\" content=\"image\/jpeg\" \/>\n<meta name=\"twitter:card\" content=\"summary_large_image\" \/>\n<meta name=\"twitter:label1\" content=\"Becs\u00fclt olvas\u00e1si id\u0151\" \/>\n\t<meta name=\"twitter:data1\" content=\"1 perc\" \/>\n<script type=\"application\/ld+json\" class=\"yoast-schema-graph\">{\"@context\":\"https:\/\/schema.org\",\"@graph\":[{\"@type\":\"WebPage\",\"@id\":\"https:\/\/purelabchem.com\/product\/am-1248\/\",\"url\":\"https:\/\/purelabchem.com\/product\/am-1248\/\",\"name\":\"AM-1248 - Pure Lab Research Chem\",\"isPartOf\":{\"@id\":\"https:\/\/purelabchem.com\/#website\"},\"primaryImageOfPage\":{\"@id\":\"https:\/\/purelabchem.com\/product\/am-1248\/#primaryimage\"},\"image\":{\"@id\":\"https:\/\/purelabchem.com\/product\/am-1248\/#primaryimage\"},\"thumbnailUrl\":\"https:\/\/purelabchem.com\/wp-content\/uploads\/2023\/07\/photo_2023-07-29_08-07-14.jpg\",\"datePublished\":\"2023-07-29T07:07:40+00:00\",\"dateModified\":\"2023-10-17T23:38:31+00:00\",\"description\":\"Order AM-1248 Online Cheap We have AM-1248 for sale and it is one of our best sellers. You can order AM-1248 online and have it delivered free anywhere in Best Online Store To Buy Top Quality Research Chemicals\",\"breadcrumb\":{\"@id\":\"https:\/\/purelabchem.com\/product\/am-1248\/#breadcrumb\"},\"inLanguage\":\"hu\",\"potentialAction\":[{\"@type\":\"ReadAction\",\"target\":[\"https:\/\/purelabchem.com\/product\/am-1248\/\"]}]},{\"@type\":\"ImageObject\",\"inLanguage\":\"hu\",\"@id\":\"https:\/\/purelabchem.com\/product\/am-1248\/#primaryimage\",\"url\":\"https:\/\/purelabchem.com\/wp-content\/uploads\/2023\/07\/photo_2023-07-29_08-07-14.jpg\",\"contentUrl\":\"https:\/\/purelabchem.com\/wp-content\/uploads\/2023\/07\/photo_2023-07-29_08-07-14.jpg\",\"width\":394,\"height\":700,\"caption\":\"AM-1248\"},{\"@type\":\"BreadcrumbList\",\"@id\":\"https:\/\/purelabchem.com\/product\/am-1248\/#breadcrumb\",\"itemListElement\":[{\"@type\":\"ListItem\",\"position\":1,\"name\":\"Home\",\"item\":\"https:\/\/purelabchem.com\/\"},{\"@type\":\"ListItem\",\"position\":2,\"name\":\"AM-1248\"}]},{\"@type\":\"WebSite\",\"@id\":\"https:\/\/purelabchem.com\/#website\",\"url\":\"https:\/\/purelabchem.com\/\",\"name\":\"Pure Lab Research Chem\",\"description\":\"Best Online Store To Buy Top Quality Research Chemicals\",\"potentialAction\":[{\"@type\":\"SearchAction\",\"target\":{\"@type\":\"EntryPoint\",\"urlTemplate\":\"https:\/\/purelabchem.com\/?s={search_term_string}\"},\"query-input\":{\"@type\":\"PropertyValueSpecification\",\"valueRequired\":true,\"valueName\":\"search_term_string\"}}],\"inLanguage\":\"hu\"}]}<\/script>\n<!-- \/ Yoast SEO Premium plugin. -->","yoast_head_json":{"title":"AM-1248 - Pure Lab Research Chem","description":"Order AM-1248 Online Cheap We have AM-1248 for sale and it is one of our best sellers. You can order AM-1248 online and have it delivered free anywhere in Best Online Store To Buy Top Quality Research Chemicals","robots":{"index":"index","follow":"follow","max-snippet":"max-snippet:-1","max-image-preview":"max-image-preview:large","max-video-preview":"max-video-preview:-1"},"canonical":"https:\/\/purelabchem.com\/hu\/product\/am-1248\/","og_locale":"hu_HU","og_type":"article","og_title":"AM-1248","og_description":"Order AM-1248 Online Cheap We have AM-1248 for sale and it is one of our best sellers. You can order AM-1248 online and have it delivered free anywhere in Best Online Store To Buy Top Quality Research Chemicals","og_url":"https:\/\/purelabchem.com\/hu\/product\/am-1248\/","og_site_name":"Pure Lab Research Chem","article_modified_time":"2023-10-17T23:38:31+00:00","og_image":[{"width":394,"height":700,"url":"https:\/\/purelabchem.com\/wp-content\/uploads\/2023\/07\/photo_2023-07-29_08-07-14.jpg","type":"image\/jpeg"}],"twitter_card":"summary_large_image","twitter_misc":{"Becs\u00fclt olvas\u00e1si id\u0151":"1 perc"},"schema":{"@context":"https:\/\/schema.org","@graph":[{"@type":"WebPage","@id":"https:\/\/purelabchem.com\/product\/am-1248\/","url":"https:\/\/purelabchem.com\/product\/am-1248\/","name":"AM-1248 - Pure Lab Research Chem","isPartOf":{"@id":"https:\/\/purelabchem.com\/#website"},"primaryImageOfPage":{"@id":"https:\/\/purelabchem.com\/product\/am-1248\/#primaryimage"},"image":{"@id":"https:\/\/purelabchem.com\/product\/am-1248\/#primaryimage"},"thumbnailUrl":"https:\/\/purelabchem.com\/wp-content\/uploads\/2023\/07\/photo_2023-07-29_08-07-14.jpg","datePublished":"2023-07-29T07:07:40+00:00","dateModified":"2023-10-17T23:38:31+00:00","description":"Order AM-1248 Online Cheap We have AM-1248 for sale and it is one of our best sellers. You can order AM-1248 online and have it delivered free anywhere in Best Online Store To Buy Top Quality Research Chemicals","breadcrumb":{"@id":"https:\/\/purelabchem.com\/product\/am-1248\/#breadcrumb"},"inLanguage":"hu","potentialAction":[{"@type":"ReadAction","target":["https:\/\/purelabchem.com\/product\/am-1248\/"]}]},{"@type":"ImageObject","inLanguage":"hu","@id":"https:\/\/purelabchem.com\/product\/am-1248\/#primaryimage","url":"https:\/\/purelabchem.com\/wp-content\/uploads\/2023\/07\/photo_2023-07-29_08-07-14.jpg","contentUrl":"https:\/\/purelabchem.com\/wp-content\/uploads\/2023\/07\/photo_2023-07-29_08-07-14.jpg","width":394,"height":700,"caption":"AM-1248"},{"@type":"BreadcrumbList","@id":"https:\/\/purelabchem.com\/product\/am-1248\/#breadcrumb","itemListElement":[{"@type":"ListItem","position":1,"name":"Home","item":"https:\/\/purelabchem.com\/"},{"@type":"ListItem","position":2,"name":"AM-1248"}]},{"@type":"WebSite","@id":"https:\/\/purelabchem.com\/#website","url":"https:\/\/purelabchem.com\/","name":"Pure Lab Research Chem","description":"Legjobb Online Store v\u00e1s\u00e1rolni Top Quality Research Chemicals","potentialAction":[{"@type":"SearchAction","target":{"@type":"EntryPoint","urlTemplate":"https:\/\/purelabchem.com\/?s={search_term_string}"},"query-input":{"@type":"PropertyValueSpecification","valueRequired":true,"valueName":"search_term_string"}}],"inLanguage":"hu"}]}},"_links":{"self":[{"href":"https:\/\/purelabchem.com\/hu\/wp-json\/wp\/v2\/product\/53","targetHints":{"allow":["GET"]}}],"collection":[{"href":"https:\/\/purelabchem.com\/hu\/wp-json\/wp\/v2\/product"}],"about":[{"href":"https:\/\/purelabchem.com\/hu\/wp-json\/wp\/v2\/types\/product"}],"replies":[{"embeddable":true,"href":"https:\/\/purelabchem.com\/hu\/wp-json\/wp\/v2\/comments?post=53"}],"wp:featuredmedia":[{"embeddable":true,"href":"https:\/\/purelabchem.com\/hu\/wp-json\/wp\/v2\/media\/54"}],"wp:attachment":[{"href":"https:\/\/purelabchem.com\/hu\/wp-json\/wp\/v2\/media?parent=53"}],"wp:term":[{"taxonomy":"product_brand","embeddable":true,"href":"https:\/\/purelabchem.com\/hu\/wp-json\/wp\/v2\/product_brand?post=53"},{"taxonomy":"product_cat","embeddable":true,"href":"https:\/\/purelabchem.com\/hu\/wp-json\/wp\/v2\/product_cat?post=53"},{"taxonomy":"product_tag","embeddable":true,"href":"https:\/\/purelabchem.com\/hu\/wp-json\/wp\/v2\/product_tag?post=53"}],"curies":[{"name":"wp","href":"https:\/\/api.w.org\/{rel}","templated":true}]}}