{"id":45,"date":"2023-07-29T07:04:17","date_gmt":"2023-07-29T07:04:17","guid":{"rendered":"https:\/\/purelabchem.com\/?post_type=product&#038;p=45"},"modified":"2023-10-17T23:49:38","modified_gmt":"2023-10-17T23:49:38","slug":"ab-fubinaca","status":"publish","type":"product","link":"https:\/\/purelabchem.com\/hu\/product\/ab-fubinaca\/","title":{"rendered":"AB-FUBINACA"},"content":{"rendered":"<h1><strong>Buy AB-FUBINACA Research Chemical Online<\/strong><\/h1>\n<p>Buy AB-FUBINACA 2-fluorobenzyl isomer\u00a0is a designer drug identified in synthetic cannabis blends in Japan in 2013. In 2018, it was the third-most common synthetic cannabinoid identified in drugs seized by the Drug Enforcement Agency.<br \/>\nThe (S)-enantiomer of AB-FUBINACA 2-fluorobenzyl isomer is described in a 2009 Pfizer patent and has been reported to be a potent agonist of the CB1 receptor and the CB2 receptor with EC50 values of 1.2 nM and 3.5 nM, respectively. AMB-Fubinaca Powder features a carboxamide group at the 3-indazole position, like SDB-001 and STS-135. MDMB-FUBINACA Powder appears to be the product of rational drug design, since it differs from AMB-Fubinaca only by the replacement of the isopropyl group with a tert-butyl group.<br \/>\nAn analogue of MDMB-FUBINACA Powder, ADSB-FUB-187, containing a more functionalized carboxamide substituent was recently reported.<br \/>\nTechnical Information<br \/>\nFormal Name: N-[1-(aminocarbonyl)-2,2-dimethylpropyl]-1-[(4-fluorophenyl)methyl]-1H-indazole-3-carboxamide<br \/>\nCAS Number: 1445583-51-6<br \/>\nMolecular Formula: C21H23FN4O2<br \/>\nFormula Weight: 382.4<br \/>\nPurity: ?98%<br \/>\nFormulation: A neat solid<br \/>\nSMILES: O=C(NC(C(N)=O)C(C)(C)C)C1=NN(CC2=CC=C(F)C=C2)C3=C1C=CC=C3<br \/>\nInChi CodeInChI=1S\/C21H23FN4O2\/c1-21(2,3)18(19(23)27)24-20(28)17-15-6-4-5-7-16(15)26(25-17)12-13-8-10-14(22)11-9-13\/h4-11,18H,12H2,1-3H3,(H2,23,27)(H,24,28)<br \/>\nInChi Key: ZSSGCSINPVBLQD-UHFFFAOYSA-N<br \/>\nDEA Schedule: I<br \/>\nShipping &amp; Storage Information<br \/>\nStorage: -20\u00b0C<br \/>\nShipping: Room Temperature in continental US; may\u00a0vary (https:\/\/firebudsvapestore.com\/)\u00a0elsewhere<br \/>\nStability: ? 3 years<br \/>\nLegality<br \/>\nIn the United States, AMB-Fubinaca is\u00a0a (https:\/\/www.denverdrugstore.com\/)\u00a0Schedule I controlled substance.<br \/>\nMetabolism<br \/>\nTwenty-three AMB-Fubinaca major metabolites were identified in several incubations with cryopreserved human hepatocytes. Major metabolic pathways were alkyl and indazole hydroxylation, terminal amide hydrolysis, subsequent glucuronide conjugations, and dehydrogenation<br \/>\nSide effects<br \/>\nOne death through coronary arterial thrombosis has been linked to\u00a0AB-FUBINACA 2-fluorobenzyl isomer\u00a0 (<a href=\"https:\/\/purelabchem.com\/hu\/product\/ab-fubinaca\/\">https:\/\/premiumresearchchemicals.com\/product\/buy-5f-adb-powder\/<\/a>)\u00a0intoxication.<br \/>\nAt least an additional 8\u00a0deaths (https:\/\/www.arnoldammo.com\/)\u00a0in Hungary in 2015 are linked to the usage of this material, all deaths were youngsters below 21.<\/p>","protected":false},"excerpt":{"rendered":"<p>Buy AB-FUBINACA Research Chemical Online Buy AB-FUBINACA 2-fluorobenzyl isomer\u00a0is a designer drug identified in synthetic cannabis blends in Japan in 2013. In 2018, it was the third-most common synthetic cannabinoid identified in drugs seized by the Drug Enforcement Agency. The (S)-enantiomer of AB-FUBINACA 2-fluorobenzyl isomer is described in a 2009 Pfizer patent and has been [&hellip;]<\/p>","protected":false},"featured_media":46,"comment_status":"open","ping_status":"closed","template":"","meta":[],"product_brand":[],"product_cat":[64],"product_tag":[],"class_list":{"0":"post-45","1":"product","2":"type-product","3":"status-publish","4":"has-post-thumbnail","6":"product_cat-research-chemicals","8":"first","9":"instock","10":"shipping-taxable","11":"purchasable","12":"product-type-variable"},"yoast_head":"<!-- This site is optimized with the Yoast SEO Premium plugin v22.5 (Yoast SEO v25.6) - https:\/\/yoast.com\/wordpress\/plugins\/seo\/ -->\n<title>AB-FUBINACA - Pure Lab Research Chem<\/title>\n<meta name=\"description\" content=\"Buy AB-FUBINACA Research Chemical Online Buy AB-FUBINACA 2-fluorobenzyl isomer\u00a0is a designer drug identified in synthetic cannabis blends in Japan in Best Online Store To Buy Top Quality Research Chemicals\" \/>\n<meta name=\"robots\" content=\"index, follow, max-snippet:-1, max-image-preview:large, max-video-preview:-1\" \/>\n<link rel=\"canonical\" href=\"https:\/\/purelabchem.com\/hu\/product\/ab-fubinaca\/\" \/>\n<meta property=\"og:locale\" content=\"hu_HU\" \/>\n<meta property=\"og:type\" content=\"article\" \/>\n<meta property=\"og:title\" content=\"AB-FUBINACA\" \/>\n<meta property=\"og:description\" content=\"Buy AB-FUBINACA Research Chemical Online Buy AB-FUBINACA 2-fluorobenzyl isomer\u00a0is a designer drug identified in synthetic cannabis blends in Japan in Best Online Store To Buy Top Quality Research Chemicals\" \/>\n<meta property=\"og:url\" content=\"https:\/\/purelabchem.com\/hu\/product\/ab-fubinaca\/\" \/>\n<meta property=\"og:site_name\" content=\"Pure Lab Research Chem\" \/>\n<meta property=\"article:modified_time\" content=\"2023-10-17T23:49:38+00:00\" \/>\n<meta property=\"og:image\" content=\"https:\/\/purelabchem.com\/wp-content\/uploads\/2023\/07\/photo_2023-07-29_08-03-45.jpg\" \/>\n\t<meta property=\"og:image:width\" content=\"300\" \/>\n\t<meta property=\"og:image:height\" content=\"300\" \/>\n\t<meta property=\"og:image:type\" content=\"image\/jpeg\" \/>\n<meta name=\"twitter:card\" content=\"summary_large_image\" \/>\n<meta name=\"twitter:label1\" content=\"Becs\u00fclt olvas\u00e1si id\u0151\" \/>\n\t<meta name=\"twitter:data1\" content=\"2 perc\" \/>\n<script type=\"application\/ld+json\" class=\"yoast-schema-graph\">{\"@context\":\"https:\/\/schema.org\",\"@graph\":[{\"@type\":\"WebPage\",\"@id\":\"https:\/\/purelabchem.com\/product\/ab-fubinaca\/\",\"url\":\"https:\/\/purelabchem.com\/product\/ab-fubinaca\/\",\"name\":\"AB-FUBINACA - Pure Lab Research Chem\",\"isPartOf\":{\"@id\":\"https:\/\/purelabchem.com\/#website\"},\"primaryImageOfPage\":{\"@id\":\"https:\/\/purelabchem.com\/product\/ab-fubinaca\/#primaryimage\"},\"image\":{\"@id\":\"https:\/\/purelabchem.com\/product\/ab-fubinaca\/#primaryimage\"},\"thumbnailUrl\":\"https:\/\/purelabchem.com\/wp-content\/uploads\/2023\/07\/photo_2023-07-29_08-03-45.jpg\",\"datePublished\":\"2023-07-29T07:04:17+00:00\",\"dateModified\":\"2023-10-17T23:49:38+00:00\",\"description\":\"Buy AB-FUBINACA Research Chemical Online Buy AB-FUBINACA 2-fluorobenzyl isomer\u00a0is a designer drug identified in synthetic cannabis blends in Japan in Best Online Store To Buy Top Quality Research Chemicals\",\"breadcrumb\":{\"@id\":\"https:\/\/purelabchem.com\/product\/ab-fubinaca\/#breadcrumb\"},\"inLanguage\":\"hu\",\"potentialAction\":[{\"@type\":\"ReadAction\",\"target\":[\"https:\/\/purelabchem.com\/product\/ab-fubinaca\/\"]}]},{\"@type\":\"ImageObject\",\"inLanguage\":\"hu\",\"@id\":\"https:\/\/purelabchem.com\/product\/ab-fubinaca\/#primaryimage\",\"url\":\"https:\/\/purelabchem.com\/wp-content\/uploads\/2023\/07\/photo_2023-07-29_08-03-45.jpg\",\"contentUrl\":\"https:\/\/purelabchem.com\/wp-content\/uploads\/2023\/07\/photo_2023-07-29_08-03-45.jpg\",\"width\":300,\"height\":300,\"caption\":\"AB-FUBINACA\"},{\"@type\":\"BreadcrumbList\",\"@id\":\"https:\/\/purelabchem.com\/product\/ab-fubinaca\/#breadcrumb\",\"itemListElement\":[{\"@type\":\"ListItem\",\"position\":1,\"name\":\"Home\",\"item\":\"https:\/\/purelabchem.com\/\"},{\"@type\":\"ListItem\",\"position\":2,\"name\":\"AB-FUBINACA\"}]},{\"@type\":\"WebSite\",\"@id\":\"https:\/\/purelabchem.com\/#website\",\"url\":\"https:\/\/purelabchem.com\/\",\"name\":\"Pure Lab Research Chem\",\"description\":\"Best Online Store To Buy Top Quality Research Chemicals\",\"potentialAction\":[{\"@type\":\"SearchAction\",\"target\":{\"@type\":\"EntryPoint\",\"urlTemplate\":\"https:\/\/purelabchem.com\/?s={search_term_string}\"},\"query-input\":{\"@type\":\"PropertyValueSpecification\",\"valueRequired\":true,\"valueName\":\"search_term_string\"}}],\"inLanguage\":\"hu\"}]}<\/script>\n<!-- \/ Yoast SEO Premium plugin. -->","yoast_head_json":{"title":"AB-FUBINACA - Pure Lab Research Chem","description":"Buy AB-FUBINACA Research Chemical Online Buy AB-FUBINACA 2-fluorobenzyl isomer\u00a0is a designer drug identified in synthetic cannabis blends in Japan in Best Online Store To Buy Top Quality Research Chemicals","robots":{"index":"index","follow":"follow","max-snippet":"max-snippet:-1","max-image-preview":"max-image-preview:large","max-video-preview":"max-video-preview:-1"},"canonical":"https:\/\/purelabchem.com\/hu\/product\/ab-fubinaca\/","og_locale":"hu_HU","og_type":"article","og_title":"AB-FUBINACA","og_description":"Buy AB-FUBINACA Research Chemical Online Buy AB-FUBINACA 2-fluorobenzyl isomer\u00a0is a designer drug identified in synthetic cannabis blends in Japan in Best Online Store To Buy Top Quality Research Chemicals","og_url":"https:\/\/purelabchem.com\/hu\/product\/ab-fubinaca\/","og_site_name":"Pure Lab Research Chem","article_modified_time":"2023-10-17T23:49:38+00:00","og_image":[{"width":300,"height":300,"url":"https:\/\/purelabchem.com\/wp-content\/uploads\/2023\/07\/photo_2023-07-29_08-03-45.jpg","type":"image\/jpeg"}],"twitter_card":"summary_large_image","twitter_misc":{"Becs\u00fclt olvas\u00e1si id\u0151":"2 perc"},"schema":{"@context":"https:\/\/schema.org","@graph":[{"@type":"WebPage","@id":"https:\/\/purelabchem.com\/product\/ab-fubinaca\/","url":"https:\/\/purelabchem.com\/product\/ab-fubinaca\/","name":"AB-FUBINACA - Pure Lab Research Chem","isPartOf":{"@id":"https:\/\/purelabchem.com\/#website"},"primaryImageOfPage":{"@id":"https:\/\/purelabchem.com\/product\/ab-fubinaca\/#primaryimage"},"image":{"@id":"https:\/\/purelabchem.com\/product\/ab-fubinaca\/#primaryimage"},"thumbnailUrl":"https:\/\/purelabchem.com\/wp-content\/uploads\/2023\/07\/photo_2023-07-29_08-03-45.jpg","datePublished":"2023-07-29T07:04:17+00:00","dateModified":"2023-10-17T23:49:38+00:00","description":"Buy AB-FUBINACA Research Chemical Online Buy AB-FUBINACA 2-fluorobenzyl isomer\u00a0is a designer drug identified in synthetic cannabis blends in Japan in Best Online Store To Buy Top Quality Research Chemicals","breadcrumb":{"@id":"https:\/\/purelabchem.com\/product\/ab-fubinaca\/#breadcrumb"},"inLanguage":"hu","potentialAction":[{"@type":"ReadAction","target":["https:\/\/purelabchem.com\/product\/ab-fubinaca\/"]}]},{"@type":"ImageObject","inLanguage":"hu","@id":"https:\/\/purelabchem.com\/product\/ab-fubinaca\/#primaryimage","url":"https:\/\/purelabchem.com\/wp-content\/uploads\/2023\/07\/photo_2023-07-29_08-03-45.jpg","contentUrl":"https:\/\/purelabchem.com\/wp-content\/uploads\/2023\/07\/photo_2023-07-29_08-03-45.jpg","width":300,"height":300,"caption":"AB-FUBINACA"},{"@type":"BreadcrumbList","@id":"https:\/\/purelabchem.com\/product\/ab-fubinaca\/#breadcrumb","itemListElement":[{"@type":"ListItem","position":1,"name":"Home","item":"https:\/\/purelabchem.com\/"},{"@type":"ListItem","position":2,"name":"AB-FUBINACA"}]},{"@type":"WebSite","@id":"https:\/\/purelabchem.com\/#website","url":"https:\/\/purelabchem.com\/","name":"Pure Lab Research Chem","description":"Legjobb Online Store v\u00e1s\u00e1rolni Top Quality Research Chemicals","potentialAction":[{"@type":"SearchAction","target":{"@type":"EntryPoint","urlTemplate":"https:\/\/purelabchem.com\/?s={search_term_string}"},"query-input":{"@type":"PropertyValueSpecification","valueRequired":true,"valueName":"search_term_string"}}],"inLanguage":"hu"}]}},"_links":{"self":[{"href":"https:\/\/purelabchem.com\/hu\/wp-json\/wp\/v2\/product\/45","targetHints":{"allow":["GET"]}}],"collection":[{"href":"https:\/\/purelabchem.com\/hu\/wp-json\/wp\/v2\/product"}],"about":[{"href":"https:\/\/purelabchem.com\/hu\/wp-json\/wp\/v2\/types\/product"}],"replies":[{"embeddable":true,"href":"https:\/\/purelabchem.com\/hu\/wp-json\/wp\/v2\/comments?post=45"}],"wp:featuredmedia":[{"embeddable":true,"href":"https:\/\/purelabchem.com\/hu\/wp-json\/wp\/v2\/media\/46"}],"wp:attachment":[{"href":"https:\/\/purelabchem.com\/hu\/wp-json\/wp\/v2\/media?parent=45"}],"wp:term":[{"taxonomy":"product_brand","embeddable":true,"href":"https:\/\/purelabchem.com\/hu\/wp-json\/wp\/v2\/product_brand?post=45"},{"taxonomy":"product_cat","embeddable":true,"href":"https:\/\/purelabchem.com\/hu\/wp-json\/wp\/v2\/product_cat?post=45"},{"taxonomy":"product_tag","embeddable":true,"href":"https:\/\/purelabchem.com\/hu\/wp-json\/wp\/v2\/product_tag?post=45"}],"curies":[{"name":"wp","href":"https:\/\/api.w.org\/{rel}","templated":true}]}}