{"id":43,"date":"2023-07-29T07:03:34","date_gmt":"2023-07-29T07:03:34","guid":{"rendered":"https:\/\/purelabchem.com\/?post_type=product&#038;p=43"},"modified":"2024-02-22T15:28:30","modified_gmt":"2024-02-22T15:28:30","slug":"a-pvp","status":"publish","type":"product","link":"https:\/\/purelabchem.com\/hu\/product\/a-pvp\/","title":{"rendered":"a-PVP"},"content":{"rendered":"<h1><strong>a-PVP For Sale Online Near Me<\/strong><\/h1>\n<p>Boost dopamine levels instantly with pure A-PVP crystals for sale<br \/>\nAlpha-PVP crystal is a recreational drug that comes in a crystal form, which can be swallowed or injected. It is an analog of MDPV, which acts as a powerful central nervous system stimulant. By raising the key levels of brain chemical dopamine, it helps in boosting energy, attention, and alertness. You can order pure A-PVP crystals to treat certain mental health conditions, such as ADHD. Overdosing may rewire your brain chemistry; therefore, it is strictly advisable to take therapeutic doses. Your doctor may recommend starting with a small amount and increasing the dose gradually. Watch out for adverse side effects!<br \/>\nWhy trust our pharmacy to\u00a0buy pure A-PVP crystals online (https:\/\/premiumresearchchemicals.com\/product\/buy-pvp-crystal\/)<br \/>\nNothing is more important than quality when it comes to procuring medical supplies online. At USpharma Shop, we pay special attention to the purity of the products we provide. There\u2019s no scope for compromise in our work, and we put our best efforts to ensure your safety. Order pure A-PVP crystals at the click of a button, and we will ship your package discreetly. Please make use of our encrypted platform with secure payment methods on offer. You can\u00a0reach out\u00a0to us if you need any assistance<\/p>","protected":false},"excerpt":{"rendered":"<p>a-PVP For Sale Online Near Me Boost dopamine levels instantly with pure A-PVP crystals for sale Alpha-PVP crystal is a recreational drug that comes in a crystal form, which can be swallowed or injected. It is an analog of MDPV, which acts as a powerful central nervous system stimulant. By raising the key levels of [&hellip;]<\/p>","protected":false},"featured_media":44,"comment_status":"open","ping_status":"closed","template":"","meta":[],"product_brand":[],"product_cat":[64],"product_tag":[],"class_list":{"0":"post-43","1":"product","2":"type-product","3":"status-publish","4":"has-post-thumbnail","6":"product_cat-research-chemicals","8":"first","9":"instock","10":"shipping-taxable","11":"purchasable","12":"product-type-variable"},"yoast_head":"<!-- This site is optimized with the Yoast SEO Premium plugin v22.5 (Yoast SEO v25.6) - https:\/\/yoast.com\/wordpress\/plugins\/seo\/ -->\n<title>a-PVP - Pure Lab Research Chem<\/title>\n<meta name=\"description\" content=\"a-PVP For Sale Online Near Me Boost dopamine levels instantly with pure A-PVP crystals for sale Alpha-PVP crystal is a recreational drug that comes in a Best Online Store To Buy Top Quality Research Chemicals\" \/>\n<meta name=\"robots\" content=\"index, follow, max-snippet:-1, max-image-preview:large, max-video-preview:-1\" \/>\n<link rel=\"canonical\" href=\"https:\/\/purelabchem.com\/hu\/product\/a-pvp\/\" \/>\n<meta property=\"og:locale\" content=\"hu_HU\" \/>\n<meta property=\"og:type\" content=\"article\" \/>\n<meta property=\"og:title\" content=\"a-PVP\" \/>\n<meta property=\"og:description\" content=\"a-PVP For Sale Online Near Me Boost dopamine levels instantly with pure A-PVP crystals for sale Alpha-PVP crystal is a recreational drug that comes in a Best Online Store To Buy Top Quality Research Chemicals\" \/>\n<meta property=\"og:url\" content=\"https:\/\/purelabchem.com\/hu\/product\/a-pvp\/\" \/>\n<meta property=\"og:site_name\" content=\"Pure Lab Research Chem\" \/>\n<meta property=\"article:modified_time\" content=\"2024-02-22T15:28:30+00:00\" \/>\n<meta property=\"og:image\" content=\"https:\/\/purelabchem.com\/wp-content\/uploads\/2023\/07\/photo_2023-07-29_08-03-10.jpg\" \/>\n\t<meta property=\"og:image:width\" content=\"600\" \/>\n\t<meta property=\"og:image:height\" content=\"600\" \/>\n\t<meta property=\"og:image:type\" content=\"image\/jpeg\" \/>\n<meta name=\"twitter:card\" content=\"summary_large_image\" \/>\n<meta name=\"twitter:label1\" content=\"Becs\u00fclt olvas\u00e1si id\u0151\" \/>\n\t<meta name=\"twitter:data1\" content=\"1 perc\" \/>\n<script type=\"application\/ld+json\" class=\"yoast-schema-graph\">{\"@context\":\"https:\/\/schema.org\",\"@graph\":[{\"@type\":\"WebPage\",\"@id\":\"https:\/\/purelabchem.com\/product\/a-pvp\/\",\"url\":\"https:\/\/purelabchem.com\/product\/a-pvp\/\",\"name\":\"a-PVP - Pure Lab Research Chem\",\"isPartOf\":{\"@id\":\"https:\/\/purelabchem.com\/#website\"},\"primaryImageOfPage\":{\"@id\":\"https:\/\/purelabchem.com\/product\/a-pvp\/#primaryimage\"},\"image\":{\"@id\":\"https:\/\/purelabchem.com\/product\/a-pvp\/#primaryimage\"},\"thumbnailUrl\":\"https:\/\/purelabchem.com\/wp-content\/uploads\/2023\/07\/photo_2023-07-29_08-03-10.jpg\",\"datePublished\":\"2023-07-29T07:03:34+00:00\",\"dateModified\":\"2024-02-22T15:28:30+00:00\",\"description\":\"a-PVP For Sale Online Near Me Boost dopamine levels instantly with pure A-PVP crystals for sale Alpha-PVP crystal is a recreational drug that comes in a Best Online Store To Buy Top Quality Research Chemicals\",\"breadcrumb\":{\"@id\":\"https:\/\/purelabchem.com\/product\/a-pvp\/#breadcrumb\"},\"inLanguage\":\"hu\",\"potentialAction\":[{\"@type\":\"ReadAction\",\"target\":[\"https:\/\/purelabchem.com\/product\/a-pvp\/\"]}]},{\"@type\":\"ImageObject\",\"inLanguage\":\"hu\",\"@id\":\"https:\/\/purelabchem.com\/product\/a-pvp\/#primaryimage\",\"url\":\"https:\/\/purelabchem.com\/wp-content\/uploads\/2023\/07\/photo_2023-07-29_08-03-10.jpg\",\"contentUrl\":\"https:\/\/purelabchem.com\/wp-content\/uploads\/2023\/07\/photo_2023-07-29_08-03-10.jpg\",\"width\":600,\"height\":600,\"caption\":\"a-PVP\"},{\"@type\":\"BreadcrumbList\",\"@id\":\"https:\/\/purelabchem.com\/product\/a-pvp\/#breadcrumb\",\"itemListElement\":[{\"@type\":\"ListItem\",\"position\":1,\"name\":\"Home\",\"item\":\"https:\/\/purelabchem.com\/\"},{\"@type\":\"ListItem\",\"position\":2,\"name\":\"a-PVP\"}]},{\"@type\":\"WebSite\",\"@id\":\"https:\/\/purelabchem.com\/#website\",\"url\":\"https:\/\/purelabchem.com\/\",\"name\":\"Pure Lab Research Chem\",\"description\":\"Best Online Store To Buy Top Quality Research Chemicals\",\"potentialAction\":[{\"@type\":\"SearchAction\",\"target\":{\"@type\":\"EntryPoint\",\"urlTemplate\":\"https:\/\/purelabchem.com\/?s={search_term_string}\"},\"query-input\":{\"@type\":\"PropertyValueSpecification\",\"valueRequired\":true,\"valueName\":\"search_term_string\"}}],\"inLanguage\":\"hu\"}]}<\/script>\n<!-- \/ Yoast SEO Premium plugin. -->","yoast_head_json":{"title":"a-PVP - Pure Lab Research Chem","description":"a-PVP For Sale Online Near Me Boost dopamine levels instantly with pure A-PVP crystals for sale Alpha-PVP crystal is a recreational drug that comes in a Best Online Store To Buy Top Quality Research Chemicals","robots":{"index":"index","follow":"follow","max-snippet":"max-snippet:-1","max-image-preview":"max-image-preview:large","max-video-preview":"max-video-preview:-1"},"canonical":"https:\/\/purelabchem.com\/hu\/product\/a-pvp\/","og_locale":"hu_HU","og_type":"article","og_title":"a-PVP","og_description":"a-PVP For Sale Online Near Me Boost dopamine levels instantly with pure A-PVP crystals for sale Alpha-PVP crystal is a recreational drug that comes in a Best Online Store To Buy Top Quality Research Chemicals","og_url":"https:\/\/purelabchem.com\/hu\/product\/a-pvp\/","og_site_name":"Pure Lab Research Chem","article_modified_time":"2024-02-22T15:28:30+00:00","og_image":[{"width":600,"height":600,"url":"https:\/\/purelabchem.com\/wp-content\/uploads\/2023\/07\/photo_2023-07-29_08-03-10.jpg","type":"image\/jpeg"}],"twitter_card":"summary_large_image","twitter_misc":{"Becs\u00fclt olvas\u00e1si id\u0151":"1 perc"},"schema":{"@context":"https:\/\/schema.org","@graph":[{"@type":"WebPage","@id":"https:\/\/purelabchem.com\/product\/a-pvp\/","url":"https:\/\/purelabchem.com\/product\/a-pvp\/","name":"a-PVP - Pure Lab Research Chem","isPartOf":{"@id":"https:\/\/purelabchem.com\/#website"},"primaryImageOfPage":{"@id":"https:\/\/purelabchem.com\/product\/a-pvp\/#primaryimage"},"image":{"@id":"https:\/\/purelabchem.com\/product\/a-pvp\/#primaryimage"},"thumbnailUrl":"https:\/\/purelabchem.com\/wp-content\/uploads\/2023\/07\/photo_2023-07-29_08-03-10.jpg","datePublished":"2023-07-29T07:03:34+00:00","dateModified":"2024-02-22T15:28:30+00:00","description":"a-PVP For Sale Online Near Me Boost dopamine levels instantly with pure A-PVP crystals for sale Alpha-PVP crystal is a recreational drug that comes in a Best Online Store To Buy Top Quality Research Chemicals","breadcrumb":{"@id":"https:\/\/purelabchem.com\/product\/a-pvp\/#breadcrumb"},"inLanguage":"hu","potentialAction":[{"@type":"ReadAction","target":["https:\/\/purelabchem.com\/product\/a-pvp\/"]}]},{"@type":"ImageObject","inLanguage":"hu","@id":"https:\/\/purelabchem.com\/product\/a-pvp\/#primaryimage","url":"https:\/\/purelabchem.com\/wp-content\/uploads\/2023\/07\/photo_2023-07-29_08-03-10.jpg","contentUrl":"https:\/\/purelabchem.com\/wp-content\/uploads\/2023\/07\/photo_2023-07-29_08-03-10.jpg","width":600,"height":600,"caption":"a-PVP"},{"@type":"BreadcrumbList","@id":"https:\/\/purelabchem.com\/product\/a-pvp\/#breadcrumb","itemListElement":[{"@type":"ListItem","position":1,"name":"Home","item":"https:\/\/purelabchem.com\/"},{"@type":"ListItem","position":2,"name":"a-PVP"}]},{"@type":"WebSite","@id":"https:\/\/purelabchem.com\/#website","url":"https:\/\/purelabchem.com\/","name":"Pure Lab Research Chem","description":"Legjobb Online Store v\u00e1s\u00e1rolni Top Quality Research Chemicals","potentialAction":[{"@type":"SearchAction","target":{"@type":"EntryPoint","urlTemplate":"https:\/\/purelabchem.com\/?s={search_term_string}"},"query-input":{"@type":"PropertyValueSpecification","valueRequired":true,"valueName":"search_term_string"}}],"inLanguage":"hu"}]}},"_links":{"self":[{"href":"https:\/\/purelabchem.com\/hu\/wp-json\/wp\/v2\/product\/43","targetHints":{"allow":["GET"]}}],"collection":[{"href":"https:\/\/purelabchem.com\/hu\/wp-json\/wp\/v2\/product"}],"about":[{"href":"https:\/\/purelabchem.com\/hu\/wp-json\/wp\/v2\/types\/product"}],"replies":[{"embeddable":true,"href":"https:\/\/purelabchem.com\/hu\/wp-json\/wp\/v2\/comments?post=43"}],"wp:featuredmedia":[{"embeddable":true,"href":"https:\/\/purelabchem.com\/hu\/wp-json\/wp\/v2\/media\/44"}],"wp:attachment":[{"href":"https:\/\/purelabchem.com\/hu\/wp-json\/wp\/v2\/media?parent=43"}],"wp:term":[{"taxonomy":"product_brand","embeddable":true,"href":"https:\/\/purelabchem.com\/hu\/wp-json\/wp\/v2\/product_brand?post=43"},{"taxonomy":"product_cat","embeddable":true,"href":"https:\/\/purelabchem.com\/hu\/wp-json\/wp\/v2\/product_cat?post=43"},{"taxonomy":"product_tag","embeddable":true,"href":"https:\/\/purelabchem.com\/hu\/wp-json\/wp\/v2\/product_tag?post=43"}],"curies":[{"name":"wp","href":"https:\/\/api.w.org\/{rel}","templated":true}]}}