{"id":31,"date":"2023-07-29T06:59:55","date_gmt":"2023-07-29T06:59:55","guid":{"rendered":"https:\/\/purelabchem.com\/?post_type=product&#038;p=31"},"modified":"2023-10-18T00:03:43","modified_gmt":"2023-10-18T00:03:43","slug":"34-dmmc","status":"publish","type":"product","link":"https:\/\/purelabchem.com\/hu\/product\/34-dmmc\/","title":{"rendered":"3,4-DMMC"},"content":{"rendered":"<h1><strong>Buy 3,4-DMMC Powder Cheap Online<\/strong><\/h1>\n<p><a href=\"https:\/\/purelabchem.com\/hu\/product\/34-dmmc\/\">Buy 3,4-DMMC Powder<\/a>\u00a0 also called 3,4-Dimethylmethcathinone is a stimulant drug first reported in 2010 as a designer drug analogue of mephedrone, apparently produced in response to the banning of mephedrone, following its widespread abuse in many countries in Europe and around the world. 3,4-DMMC has been seized as a designer drug in Australia.<br \/>\n3,4-Dimethylmethcathinone (hydrochloride) is a potential designer drug with combined features of amphetamines, cathinones, and phenethylamines. It is structurally related to 4-methylmethcathinone (4-MMC), a psychoactive compound that has been identified in products sold as bath salts and plant food. The physiological and toxicological properties of this compound have not been elucidated. This product is intended for research and forensic applications.<br \/>\nWe supply high grade research chemicals. Our chemicals have a purity level of 99.5% and are all standardized for both research purposes and personal uses. We sell at very good and discount on bulk orders. Our research chemical products are very competitively priced because we benefit from direct access to a manufacturing facility.<br \/>\nWe have most of the top seller chemicals on the market if not all and we ship to the USA, South America, Australia and to European countries.<br \/>\nContact with emails for dialogue and details on any product available or not in our category Contact us for more detailed information.<br \/>\nDefinitive, divergent and trusted supplier of pure quality Peptides medications worldwide. Shipping and delivery is 100% safe and convenient.<br \/>\nLegal Status<br \/>\nAs of October 2015 3,4-DMMC is a controlled substance in China.<br \/>\n3,4-DMMC is banned in the Czech Republic.<br \/>\nChemical and physical data<br \/>\nFormula: C12H17NO<br \/>\nMolar mass: 191.269 g\/mol g\u00b7mol?1<\/p>","protected":false},"excerpt":{"rendered":"<p>Buy 3,4-DMMC Powder Cheap Online Buy 3,4-DMMC Powder\u00a0 also called 3,4-Dimethylmethcathinone is a stimulant drug first reported in 2010 as a designer drug analogue of mephedrone, apparently produced in response to the banning of mephedrone, following its widespread abuse in many countries in Europe and around the world. 3,4-DMMC has been seized as a designer [&hellip;]<\/p>\n","protected":false},"featured_media":32,"comment_status":"open","ping_status":"closed","template":"","meta":[],"product_brand":[],"product_cat":[64],"product_tag":[],"class_list":{"0":"post-31","1":"product","2":"type-product","3":"status-publish","4":"has-post-thumbnail","6":"product_cat-research-chemicals","8":"first","9":"instock","10":"shipping-taxable","11":"purchasable","12":"product-type-variable"},"yoast_head":"<!-- This site is optimized with the Yoast SEO Premium plugin v22.5 (Yoast SEO v27.4) - https:\/\/yoast.com\/product\/yoast-seo-premium-wordpress\/ -->\n<title>3,4-DMMC - Pure Lab Research Chem<\/title>\n<meta name=\"description\" content=\"Buy 3,4-DMMC Powder Cheap Online Buy 3,4-DMMC Powder\u00a0 also called 3,4-Dimethylmethcathinone is a stimulant drug first reported in 2010 as a designer drug Best Online Store To Buy Top Quality Research Chemicals\" \/>\n<meta name=\"robots\" content=\"index, follow, max-snippet:-1, max-image-preview:large, max-video-preview:-1\" \/>\n<link rel=\"canonical\" href=\"https:\/\/purelabchem.com\/hu\/product\/34-dmmc\/\" \/>\n<meta property=\"og:locale\" content=\"hu_HU\" \/>\n<meta property=\"og:type\" content=\"article\" \/>\n<meta property=\"og:title\" content=\"3,4-DMMC\" \/>\n<meta property=\"og:description\" content=\"Buy 3,4-DMMC Powder Cheap Online Buy 3,4-DMMC Powder\u00a0 also called 3,4-Dimethylmethcathinone is a stimulant drug first reported in 2010 as a designer drug Best Online Store To Buy Top Quality Research Chemicals\" \/>\n<meta property=\"og:url\" content=\"https:\/\/purelabchem.com\/hu\/product\/34-dmmc\/\" \/>\n<meta property=\"og:site_name\" content=\"Pure Lab Research Chem\" \/>\n<meta property=\"article:modified_time\" content=\"2023-10-18T00:03:43+00:00\" \/>\n<meta property=\"og:image\" content=\"https:\/\/purelabchem.com\/wp-content\/uploads\/2023\/07\/photo_2023-07-29_07-59-35.jpg\" \/>\n\t<meta property=\"og:image:width\" content=\"700\" \/>\n\t<meta property=\"og:image:height\" content=\"500\" \/>\n\t<meta property=\"og:image:type\" content=\"image\/jpeg\" \/>\n<meta name=\"twitter:card\" content=\"summary_large_image\" \/>\n<meta name=\"twitter:label1\" content=\"Becs\u00fclt olvas\u00e1si id\u0151\" \/>\n\t<meta name=\"twitter:data1\" content=\"1 perc\" \/>\n<script type=\"application\/ld+json\" class=\"yoast-schema-graph\">{\"@context\":\"https:\\\/\\\/schema.org\",\"@graph\":[{\"@type\":\"WebPage\",\"@id\":\"https:\\\/\\\/purelabchem.com\\\/product\\\/34-dmmc\\\/\",\"url\":\"https:\\\/\\\/purelabchem.com\\\/product\\\/34-dmmc\\\/\",\"name\":\"3,4-DMMC - Pure Lab Research Chem\",\"isPartOf\":{\"@id\":\"https:\\\/\\\/purelabchem.com\\\/#website\"},\"primaryImageOfPage\":{\"@id\":\"https:\\\/\\\/purelabchem.com\\\/product\\\/34-dmmc\\\/#primaryimage\"},\"image\":{\"@id\":\"https:\\\/\\\/purelabchem.com\\\/product\\\/34-dmmc\\\/#primaryimage\"},\"thumbnailUrl\":\"https:\\\/\\\/purelabchem.com\\\/wp-content\\\/uploads\\\/2023\\\/07\\\/photo_2023-07-29_07-59-35.jpg\",\"datePublished\":\"2023-07-29T06:59:55+00:00\",\"dateModified\":\"2023-10-18T00:03:43+00:00\",\"description\":\"Buy 3,4-DMMC Powder Cheap Online Buy 3,4-DMMC Powder\u00a0 also called 3,4-Dimethylmethcathinone is a stimulant drug first reported in 2010 as a designer drug Best Online Store To Buy Top Quality Research Chemicals\",\"breadcrumb\":{\"@id\":\"https:\\\/\\\/purelabchem.com\\\/product\\\/34-dmmc\\\/#breadcrumb\"},\"inLanguage\":\"hu\",\"potentialAction\":[{\"@type\":\"ReadAction\",\"target\":[\"https:\\\/\\\/purelabchem.com\\\/product\\\/34-dmmc\\\/\"]}]},{\"@type\":\"ImageObject\",\"inLanguage\":\"hu\",\"@id\":\"https:\\\/\\\/purelabchem.com\\\/product\\\/34-dmmc\\\/#primaryimage\",\"url\":\"https:\\\/\\\/purelabchem.com\\\/wp-content\\\/uploads\\\/2023\\\/07\\\/photo_2023-07-29_07-59-35.jpg\",\"contentUrl\":\"https:\\\/\\\/purelabchem.com\\\/wp-content\\\/uploads\\\/2023\\\/07\\\/photo_2023-07-29_07-59-35.jpg\",\"width\":700,\"height\":500,\"caption\":\"3,4-DMMC\"},{\"@type\":\"BreadcrumbList\",\"@id\":\"https:\\\/\\\/purelabchem.com\\\/product\\\/34-dmmc\\\/#breadcrumb\",\"itemListElement\":[{\"@type\":\"ListItem\",\"position\":1,\"name\":\"Home\",\"item\":\"https:\\\/\\\/purelabchem.com\\\/\"},{\"@type\":\"ListItem\",\"position\":2,\"name\":\"3,4-DMMC\"}]},{\"@type\":\"WebSite\",\"@id\":\"https:\\\/\\\/purelabchem.com\\\/#website\",\"url\":\"https:\\\/\\\/purelabchem.com\\\/\",\"name\":\"Pure Lab Research Chem\",\"description\":\"Best Online Store To Buy Top Quality Research Chemicals\",\"potentialAction\":[{\"@type\":\"SearchAction\",\"target\":{\"@type\":\"EntryPoint\",\"urlTemplate\":\"https:\\\/\\\/purelabchem.com\\\/?s={search_term_string}\"},\"query-input\":{\"@type\":\"PropertyValueSpecification\",\"valueRequired\":true,\"valueName\":\"search_term_string\"}}],\"inLanguage\":\"hu\"}]}<\/script>\n<!-- \/ Yoast SEO Premium plugin. -->","yoast_head_json":{"title":"3,4-DMMC - Pure Lab Research Chem","description":"Buy 3,4-DMMC Powder Cheap Online Buy 3,4-DMMC Powder\u00a0 also called 3,4-Dimethylmethcathinone is a stimulant drug first reported in 2010 as a designer drug Best Online Store To Buy Top Quality Research Chemicals","robots":{"index":"index","follow":"follow","max-snippet":"max-snippet:-1","max-image-preview":"max-image-preview:large","max-video-preview":"max-video-preview:-1"},"canonical":"https:\/\/purelabchem.com\/hu\/product\/34-dmmc\/","og_locale":"hu_HU","og_type":"article","og_title":"3,4-DMMC","og_description":"Buy 3,4-DMMC Powder Cheap Online Buy 3,4-DMMC Powder\u00a0 also called 3,4-Dimethylmethcathinone is a stimulant drug first reported in 2010 as a designer drug Best Online Store To Buy Top Quality Research Chemicals","og_url":"https:\/\/purelabchem.com\/hu\/product\/34-dmmc\/","og_site_name":"Pure Lab Research Chem","article_modified_time":"2023-10-18T00:03:43+00:00","og_image":[{"width":700,"height":500,"url":"https:\/\/purelabchem.com\/wp-content\/uploads\/2023\/07\/photo_2023-07-29_07-59-35.jpg","type":"image\/jpeg"}],"twitter_card":"summary_large_image","twitter_misc":{"Becs\u00fclt olvas\u00e1si id\u0151":"1 perc"},"schema":{"@context":"https:\/\/schema.org","@graph":[{"@type":"WebPage","@id":"https:\/\/purelabchem.com\/product\/34-dmmc\/","url":"https:\/\/purelabchem.com\/product\/34-dmmc\/","name":"3,4-DMMC - Pure Lab Research Chem","isPartOf":{"@id":"https:\/\/purelabchem.com\/#website"},"primaryImageOfPage":{"@id":"https:\/\/purelabchem.com\/product\/34-dmmc\/#primaryimage"},"image":{"@id":"https:\/\/purelabchem.com\/product\/34-dmmc\/#primaryimage"},"thumbnailUrl":"https:\/\/purelabchem.com\/wp-content\/uploads\/2023\/07\/photo_2023-07-29_07-59-35.jpg","datePublished":"2023-07-29T06:59:55+00:00","dateModified":"2023-10-18T00:03:43+00:00","description":"Buy 3,4-DMMC Powder Cheap Online Buy 3,4-DMMC Powder\u00a0 also called 3,4-Dimethylmethcathinone is a stimulant drug first reported in 2010 as a designer drug Best Online Store To Buy Top Quality Research Chemicals","breadcrumb":{"@id":"https:\/\/purelabchem.com\/product\/34-dmmc\/#breadcrumb"},"inLanguage":"hu","potentialAction":[{"@type":"ReadAction","target":["https:\/\/purelabchem.com\/product\/34-dmmc\/"]}]},{"@type":"ImageObject","inLanguage":"hu","@id":"https:\/\/purelabchem.com\/product\/34-dmmc\/#primaryimage","url":"https:\/\/purelabchem.com\/wp-content\/uploads\/2023\/07\/photo_2023-07-29_07-59-35.jpg","contentUrl":"https:\/\/purelabchem.com\/wp-content\/uploads\/2023\/07\/photo_2023-07-29_07-59-35.jpg","width":700,"height":500,"caption":"3,4-DMMC"},{"@type":"BreadcrumbList","@id":"https:\/\/purelabchem.com\/product\/34-dmmc\/#breadcrumb","itemListElement":[{"@type":"ListItem","position":1,"name":"Home","item":"https:\/\/purelabchem.com\/"},{"@type":"ListItem","position":2,"name":"3,4-DMMC"}]},{"@type":"WebSite","@id":"https:\/\/purelabchem.com\/#website","url":"https:\/\/purelabchem.com\/","name":"Pure Lab Research Chem","description":"Legjobb Online Store v\u00e1s\u00e1rolni Top Quality Research Chemicals","potentialAction":[{"@type":"SearchAction","target":{"@type":"EntryPoint","urlTemplate":"https:\/\/purelabchem.com\/?s={search_term_string}"},"query-input":{"@type":"PropertyValueSpecification","valueRequired":true,"valueName":"search_term_string"}}],"inLanguage":"hu"}]}},"_links":{"self":[{"href":"https:\/\/purelabchem.com\/hu\/wp-json\/wp\/v2\/product\/31","targetHints":{"allow":["GET"]}}],"collection":[{"href":"https:\/\/purelabchem.com\/hu\/wp-json\/wp\/v2\/product"}],"about":[{"href":"https:\/\/purelabchem.com\/hu\/wp-json\/wp\/v2\/types\/product"}],"replies":[{"embeddable":true,"href":"https:\/\/purelabchem.com\/hu\/wp-json\/wp\/v2\/comments?post=31"}],"wp:featuredmedia":[{"embeddable":true,"href":"https:\/\/purelabchem.com\/hu\/wp-json\/wp\/v2\/media\/32"}],"wp:attachment":[{"href":"https:\/\/purelabchem.com\/hu\/wp-json\/wp\/v2\/media?parent=31"}],"wp:term":[{"taxonomy":"product_brand","embeddable":true,"href":"https:\/\/purelabchem.com\/hu\/wp-json\/wp\/v2\/product_brand?post=31"},{"taxonomy":"product_cat","embeddable":true,"href":"https:\/\/purelabchem.com\/hu\/wp-json\/wp\/v2\/product_cat?post=31"},{"taxonomy":"product_tag","embeddable":true,"href":"https:\/\/purelabchem.com\/hu\/wp-json\/wp\/v2\/product_tag?post=31"}],"curies":[{"name":"wp","href":"https:\/\/api.w.org\/{rel}","templated":true}]}}