{"id":422,"date":"2023-07-29T15:55:03","date_gmt":"2023-07-29T15:55:03","guid":{"rendered":"https:\/\/purelabchem.com\/?post_type=product&#038;p=422"},"modified":"2023-09-25T01:02:57","modified_gmt":"2023-09-25T01:02:57","slug":"crack-cocaine","status":"publish","type":"product","link":"https:\/\/purelabchem.com\/es\/product\/crack-cocaine\/","title":{"rendered":"Coca\u00edna crack"},"content":{"rendered":"<h1><strong>Buy Crack Cocaine Online<\/strong><\/h1>\n<p>Crack Cocaine is a form of Cocaine that is also called the base free form. It provides high effects on the body of user and in this way he feels more relaxed. People fell in addiction with this form rapidly. That is why; it is also called the most addicted form of Cocaine.<br \/>\nPeople smoked it mostly but may also use through other ways. Crack Cocaine was first produced in the years 1984 and 1985 to use it as a recreational drug. But in recent past years, its usage spread very fast in every field of life due to its multiple features. online crack, where to buy crack, legal crack, crack online<br \/>\nBecause of its rapid popularity, it is also known as Crack epidemic.<br \/>\nIt is produced chemically by mixing different bases with other ingredients to increase its effect. It reaches to the human mind to perform the desired actions on it when it is smoked. This form of Cocaine provides the intense high to the human brain for a short interval of time.<br \/>\nThe way through which it can also be taken directly through nose that is called snorting. But it is not harmful to such extent. The user may fall in addiction when it is smoked. But in the latter case there is very low chance to become addicted to this highly potent drug.<br \/>\nCrack Cocaine is one of the purest forms in which Cocaine is found. It has 70-100% purity that may be harmful to human health when used for a long interval of time. This type of Cocaine is named as Crack because it produces the\u00a0 sound when heated to produce different products.<br \/>\nThe reason behind its popularity to such a huge extent is that it is available at a very low price. The regular Cocaine is also named as\u00a0\u201crich man\u2019s drug\u201d\u00a0because it is sold at very high prices. While Crack Cocaine, on the other hand, is easily accessible for anyone.<\/p>","protected":false},"excerpt":{"rendered":"<p>Buy Crack Cocaine Online Crack Cocaine is a form of Cocaine that is also called the base free form. It provides high effects on the body of user and in this way he feels more relaxed. People fell in addiction with this form rapidly. That is why; it is also called the most addicted form [&#8230;]\n","protected":false},"featured_media":428,"comment_status":"open","ping_status":"closed","template":"","meta":{"_joinchat":[]},"product_brand":[],"product_cat":[66],"product_tag":[],"class_list":{"0":"post-422","1":"product","2":"type-product","3":"status-publish","4":"has-post-thumbnail","6":"product_cat-cocaine","8":"first","9":"instock","10":"shipping-taxable","11":"purchasable","12":"product-type-variable"},"yoast_head":"<!-- This site is optimized with the Yoast SEO Premium plugin v22.5 (Yoast SEO v27.4) - https:\/\/yoast.com\/product\/yoast-seo-premium-wordpress\/ -->\n<title>Crack Cocaine - Pure Lab Research Chem<\/title>\n<meta name=\"description\" content=\"Buy Crack Cocaine Online Crack Cocaine is a form of Cocaine that is also called the base free form. It provides high effects on the body of user and in Best Online Store To Buy Top Quality Research Chemicals\" \/>\n<meta name=\"robots\" content=\"index, follow, max-snippet:-1, max-image-preview:large, max-video-preview:-1\" \/>\n<link rel=\"canonical\" href=\"https:\/\/purelabchem.com\/es\/product\/crack-cocaine\/\" \/>\n<meta property=\"og:locale\" content=\"es_ES\" \/>\n<meta property=\"og:type\" content=\"article\" \/>\n<meta property=\"og:title\" content=\"Crack Cocaine\" \/>\n<meta property=\"og:description\" content=\"Buy Crack Cocaine Online Crack Cocaine is a form of Cocaine that is also called the base free form. It provides high effects on the body of user and in Best Online Store To Buy Top Quality Research Chemicals\" \/>\n<meta property=\"og:url\" content=\"https:\/\/purelabchem.com\/es\/product\/crack-cocaine\/\" \/>\n<meta property=\"og:site_name\" content=\"Pure Lab Research Chem\" \/>\n<meta property=\"article:modified_time\" content=\"2023-09-25T01:02:57+00:00\" \/>\n<meta property=\"og:image\" content=\"https:\/\/purelabchem.com\/wp-content\/uploads\/2023\/07\/photo_2023-07-29_16-52-57.jpg\" \/>\n\t<meta property=\"og:image:width\" content=\"960\" \/>\n\t<meta property=\"og:image:height\" content=\"1279\" \/>\n\t<meta property=\"og:image:type\" content=\"image\/jpeg\" \/>\n<meta name=\"twitter:card\" content=\"summary_large_image\" \/>\n<meta name=\"twitter:label1\" content=\"Tiempo de lectura\" \/>\n\t<meta name=\"twitter:data1\" content=\"2 minutos\" \/>\n<script type=\"application\/ld+json\" class=\"yoast-schema-graph\">{\"@context\":\"https:\\\/\\\/schema.org\",\"@graph\":[{\"@type\":\"WebPage\",\"@id\":\"https:\\\/\\\/purelabchem.com\\\/product\\\/crack-cocaine\\\/\",\"url\":\"https:\\\/\\\/purelabchem.com\\\/product\\\/crack-cocaine\\\/\",\"name\":\"Crack Cocaine - Pure Lab Research Chem\",\"isPartOf\":{\"@id\":\"https:\\\/\\\/purelabchem.com\\\/#website\"},\"primaryImageOfPage\":{\"@id\":\"https:\\\/\\\/purelabchem.com\\\/product\\\/crack-cocaine\\\/#primaryimage\"},\"image\":{\"@id\":\"https:\\\/\\\/purelabchem.com\\\/product\\\/crack-cocaine\\\/#primaryimage\"},\"thumbnailUrl\":\"https:\\\/\\\/purelabchem.com\\\/wp-content\\\/uploads\\\/2023\\\/07\\\/photo_2023-07-29_16-52-57.jpg\",\"datePublished\":\"2023-07-29T15:55:03+00:00\",\"dateModified\":\"2023-09-25T01:02:57+00:00\",\"description\":\"Buy Crack Cocaine Online Crack Cocaine is a form of Cocaine that is also called the base free form. It provides high effects on the body of user and in Best Online Store To Buy Top Quality Research Chemicals\",\"breadcrumb\":{\"@id\":\"https:\\\/\\\/purelabchem.com\\\/product\\\/crack-cocaine\\\/#breadcrumb\"},\"inLanguage\":\"es\",\"potentialAction\":[{\"@type\":\"ReadAction\",\"target\":[\"https:\\\/\\\/purelabchem.com\\\/product\\\/crack-cocaine\\\/\"]}]},{\"@type\":\"ImageObject\",\"inLanguage\":\"es\",\"@id\":\"https:\\\/\\\/purelabchem.com\\\/product\\\/crack-cocaine\\\/#primaryimage\",\"url\":\"https:\\\/\\\/purelabchem.com\\\/wp-content\\\/uploads\\\/2023\\\/07\\\/photo_2023-07-29_16-52-57.jpg\",\"contentUrl\":\"https:\\\/\\\/purelabchem.com\\\/wp-content\\\/uploads\\\/2023\\\/07\\\/photo_2023-07-29_16-52-57.jpg\",\"width\":960,\"height\":1279,\"caption\":\"Crack Cocaine\"},{\"@type\":\"BreadcrumbList\",\"@id\":\"https:\\\/\\\/purelabchem.com\\\/product\\\/crack-cocaine\\\/#breadcrumb\",\"itemListElement\":[{\"@type\":\"ListItem\",\"position\":1,\"name\":\"Home\",\"item\":\"https:\\\/\\\/purelabchem.com\\\/\"},{\"@type\":\"ListItem\",\"position\":2,\"name\":\"Shop\",\"item\":\"https:\\\/\\\/purelabchem.com\\\/shop\\\/\"},{\"@type\":\"ListItem\",\"position\":3,\"name\":\"Crack Cocaine\"}]},{\"@type\":\"WebSite\",\"@id\":\"https:\\\/\\\/purelabchem.com\\\/#website\",\"url\":\"https:\\\/\\\/purelabchem.com\\\/\",\"name\":\"Pure Lab Research Chem\",\"description\":\"Best Online Store To Buy Top Quality Research Chemicals\",\"potentialAction\":[{\"@type\":\"SearchAction\",\"target\":{\"@type\":\"EntryPoint\",\"urlTemplate\":\"https:\\\/\\\/purelabchem.com\\\/?s={search_term_string}\"},\"query-input\":{\"@type\":\"PropertyValueSpecification\",\"valueRequired\":true,\"valueName\":\"search_term_string\"}}],\"inLanguage\":\"es\"}]}<\/script>\n<!-- \/ Yoast SEO Premium plugin. -->","yoast_head_json":{"title":"Crack Cocaine - Pure Lab Research Chem","description":"Buy Crack Cocaine Online Crack Cocaine is a form of Cocaine that is also called the base free form. It provides high effects on the body of user and in Best Online Store To Buy Top Quality Research Chemicals","robots":{"index":"index","follow":"follow","max-snippet":"max-snippet:-1","max-image-preview":"max-image-preview:large","max-video-preview":"max-video-preview:-1"},"canonical":"https:\/\/purelabchem.com\/es\/product\/crack-cocaine\/","og_locale":"es_ES","og_type":"article","og_title":"Crack Cocaine","og_description":"Buy Crack Cocaine Online Crack Cocaine is a form of Cocaine that is also called the base free form. It provides high effects on the body of user and in Best Online Store To Buy Top Quality Research Chemicals","og_url":"https:\/\/purelabchem.com\/es\/product\/crack-cocaine\/","og_site_name":"Pure Lab Research Chem","article_modified_time":"2023-09-25T01:02:57+00:00","og_image":[{"width":960,"height":1279,"url":"https:\/\/purelabchem.com\/wp-content\/uploads\/2023\/07\/photo_2023-07-29_16-52-57.jpg","type":"image\/jpeg"}],"twitter_card":"summary_large_image","twitter_misc":{"Tiempo de lectura":"2 minutos"},"schema":{"@context":"https:\/\/schema.org","@graph":[{"@type":"WebPage","@id":"https:\/\/purelabchem.com\/product\/crack-cocaine\/","url":"https:\/\/purelabchem.com\/product\/crack-cocaine\/","name":"Crack Cocaine - Pure Lab Research Chem","isPartOf":{"@id":"https:\/\/purelabchem.com\/#website"},"primaryImageOfPage":{"@id":"https:\/\/purelabchem.com\/product\/crack-cocaine\/#primaryimage"},"image":{"@id":"https:\/\/purelabchem.com\/product\/crack-cocaine\/#primaryimage"},"thumbnailUrl":"https:\/\/purelabchem.com\/wp-content\/uploads\/2023\/07\/photo_2023-07-29_16-52-57.jpg","datePublished":"2023-07-29T15:55:03+00:00","dateModified":"2023-09-25T01:02:57+00:00","description":"Buy Crack Cocaine Online Crack Cocaine is a form of Cocaine that is also called the base free form. It provides high effects on the body of user and in Best Online Store To Buy Top Quality Research Chemicals","breadcrumb":{"@id":"https:\/\/purelabchem.com\/product\/crack-cocaine\/#breadcrumb"},"inLanguage":"es","potentialAction":[{"@type":"ReadAction","target":["https:\/\/purelabchem.com\/product\/crack-cocaine\/"]}]},{"@type":"ImageObject","inLanguage":"es","@id":"https:\/\/purelabchem.com\/product\/crack-cocaine\/#primaryimage","url":"https:\/\/purelabchem.com\/wp-content\/uploads\/2023\/07\/photo_2023-07-29_16-52-57.jpg","contentUrl":"https:\/\/purelabchem.com\/wp-content\/uploads\/2023\/07\/photo_2023-07-29_16-52-57.jpg","width":960,"height":1279,"caption":"Crack Cocaine"},{"@type":"BreadcrumbList","@id":"https:\/\/purelabchem.com\/product\/crack-cocaine\/#breadcrumb","itemListElement":[{"@type":"ListItem","position":1,"name":"Home","item":"https:\/\/purelabchem.com\/"},{"@type":"ListItem","position":2,"name":"Shop","item":"https:\/\/purelabchem.com\/shop\/"},{"@type":"ListItem","position":3,"name":"Crack Cocaine"}]},{"@type":"WebSite","@id":"https:\/\/purelabchem.com\/#website","url":"https:\/\/purelabchem.com\/","name":"Pure Lab Research Chem","description":"La mejor tienda en l\u00ednea para comprar productos qu\u00edmicos de investigaci\u00f3n de primera calidad","potentialAction":[{"@type":"SearchAction","target":{"@type":"EntryPoint","urlTemplate":"https:\/\/purelabchem.com\/?s={search_term_string}"},"query-input":{"@type":"PropertyValueSpecification","valueRequired":true,"valueName":"search_term_string"}}],"inLanguage":"es"}]}},"_links":{"self":[{"href":"https:\/\/purelabchem.com\/es\/wp-json\/wp\/v2\/product\/422","targetHints":{"allow":["GET"]}}],"collection":[{"href":"https:\/\/purelabchem.com\/es\/wp-json\/wp\/v2\/product"}],"about":[{"href":"https:\/\/purelabchem.com\/es\/wp-json\/wp\/v2\/types\/product"}],"replies":[{"embeddable":true,"href":"https:\/\/purelabchem.com\/es\/wp-json\/wp\/v2\/comments?post=422"}],"wp:featuredmedia":[{"embeddable":true,"href":"https:\/\/purelabchem.com\/es\/wp-json\/wp\/v2\/media\/428"}],"wp:attachment":[{"href":"https:\/\/purelabchem.com\/es\/wp-json\/wp\/v2\/media?parent=422"}],"wp:term":[{"taxonomy":"product_brand","embeddable":true,"href":"https:\/\/purelabchem.com\/es\/wp-json\/wp\/v2\/product_brand?post=422"},{"taxonomy":"product_cat","embeddable":true,"href":"https:\/\/purelabchem.com\/es\/wp-json\/wp\/v2\/product_cat?post=422"},{"taxonomy":"product_tag","embeddable":true,"href":"https:\/\/purelabchem.com\/es\/wp-json\/wp\/v2\/product_tag?post=422"}],"curies":[{"name":"wp","href":"https:\/\/api.w.org\/{rel}","templated":true}]}}