{"id":401,"date":"2023-07-29T15:41:52","date_gmt":"2023-07-29T15:41:52","guid":{"rendered":"https:\/\/purelabchem.com\/?post_type=product&#038;p=401"},"modified":"2023-09-25T01:27:42","modified_gmt":"2023-09-25T01:27:42","slug":"metanfetamina-cristal","status":"publish","type":"product","link":"https:\/\/purelabchem.com\/es\/product\/metanfetamina-cristal\/","title":{"rendered":"Metanfetamina (Crystal Meth)"},"content":{"rendered":"<h1><strong>Comprar Crystal Meth Online<\/strong><\/h1>\n<p>La abreviatura de la metanfetamina cristalina es metanfetamina. No es m\u00e1s que un tipo de metanfetamina.<\/p>\n<p>La metanfetamina es una sustancia blanca y cristalina que se puede fumar, inyectar con una aguja o esnifar (inhalar por la nariz). Todos los consumidores experimentan una tremenda necesidad de seguir consumiendo la sustancia porque les proporciona una falsa sensaci\u00f3n de satisfacci\u00f3n y bienestar: un subid\u00f3n (fuerte sensaci\u00f3n) de confianza, hiperactividad y energ\u00eda. Algunos incluso la toman por v\u00eda oral. Otro efecto secundario es la disminuci\u00f3n del apetito. La semivida t\u00edpica de estos efectos secundarios es de seis a ocho horas, aunque pueden durar hasta veinticuatro horas.<\/p>\n<p>Aunque el subid\u00f3n inicial puede ser agradable, la metanfetamina empieza inmediatamente a arruinar la vida del consumidor.<\/p>\n<h3><strong>\u00bfQU\u00c9 ES LA METANFETAMINA?<\/strong><\/h3>\n<p>La metanfetamina es una droga de la misma clase que la coca\u00edna y otras potentes drogas callejeras. Tiene muchos apodos: meth, crank, chalk o speed son los m\u00e1s comunes. (V\u00e9ase la lista de nombres callejeros).<\/p>\n<p>Personas de todas las edades consumen metanfetamina cristalina, pero su uso m\u00e1s frecuente es como \"droga de club\", que se consume mientras se pasa un buen rato en fiestas rave o discotecas. Los nombres callejeros m\u00e1s populares all\u00ed son cristal o hielo.<\/p>\n<p>Es una mol\u00e9cula venenosa y peligrosa que, como todas las drogas, act\u00faa al principio como estimulante antes de destruir gradualmente el organismo. Como resultado, est\u00e1 vinculada a importantes problemas de salud como la p\u00e9rdida de memoria, la violencia, el comportamiento psic\u00f3tico y la posibilidad de da\u00f1os card\u00edacos y cerebrales.<\/p>\n<p>Altamente adictiva, la metanfetamina quema los recursos del organismo, creando una dependencia devastadora que s\u00f3lo puede aliviarse tomando m\u00e1s cantidad de la droga.<\/p>\n<p>El efecto de la metanfetamina cristalina es muy concentrado, y muchos consumidores afirman engancharse (volverse adictos) desde la primera vez que la consumen.<\/p>","protected":false},"excerpt":{"rendered":"<p>Buy Crystal Meth Online The abbreviation for crystal meth is methamphetamine. It is merely one type of methamphetamine. Methamphetamine is a white, crystalline substance that can be smoked, injected with a needle, or snorted (inhaled through the nose). All users experience a tremendous need to keep using the substance because it gives them a false [&hellip;]<\/p>","protected":false},"featured_media":402,"comment_status":"open","ping_status":"closed","template":"","meta":[],"product_brand":[],"product_cat":[65],"product_tag":[],"class_list":{"0":"post-401","1":"product","2":"type-product","3":"status-publish","4":"has-post-thumbnail","6":"product_cat-psychedelics","8":"first","9":"instock","10":"shipping-taxable","11":"purchasable","12":"product-type-variable"},"yoast_head":"<!-- This site is optimized with the Yoast SEO Premium plugin v22.5 (Yoast SEO v25.6) - https:\/\/yoast.com\/wordpress\/plugins\/seo\/ -->\n<title>Methamphetamine (Crystal Meth) - Pure Lab Research Chem<\/title>\n<meta name=\"description\" content=\"Buy Crystal Meth Online The abbreviation for crystal meth is methamphetamine. It is merely one type of methamphetamine. Methamphetamine is a white, Best Online Store To Buy Top Quality Research Chemicals\" \/>\n<meta name=\"robots\" content=\"index, follow, max-snippet:-1, max-image-preview:large, max-video-preview:-1\" \/>\n<link rel=\"canonical\" href=\"https:\/\/purelabchem.com\/es\/product\/metanfetamina-cristal\/\" \/>\n<meta property=\"og:locale\" content=\"es_ES\" \/>\n<meta property=\"og:type\" content=\"article\" \/>\n<meta property=\"og:title\" content=\"Methamphetamine (Crystal Meth)\" \/>\n<meta property=\"og:description\" content=\"Buy Crystal Meth Online The abbreviation for crystal meth is methamphetamine. It is merely one type of methamphetamine. Methamphetamine is a white, Best Online Store To Buy Top Quality Research Chemicals\" \/>\n<meta property=\"og:url\" content=\"https:\/\/purelabchem.com\/es\/product\/metanfetamina-cristal\/\" \/>\n<meta property=\"og:site_name\" content=\"Pure Lab Research Chem\" \/>\n<meta property=\"article:modified_time\" content=\"2023-09-25T01:27:42+00:00\" \/>\n<meta property=\"og:image\" content=\"https:\/\/purelabchem.com\/wp-content\/uploads\/2023\/07\/photo_2023-07-29_16-40-00.jpg\" \/>\n\t<meta property=\"og:image:width\" content=\"960\" \/>\n\t<meta property=\"og:image:height\" content=\"1280\" \/>\n\t<meta property=\"og:image:type\" content=\"image\/jpeg\" \/>\n<meta name=\"twitter:card\" content=\"summary_large_image\" \/>\n<meta name=\"twitter:label1\" content=\"Tiempo de lectura\" \/>\n\t<meta name=\"twitter:data1\" content=\"1 minuto\" \/>\n<script type=\"application\/ld+json\" class=\"yoast-schema-graph\">{\"@context\":\"https:\/\/schema.org\",\"@graph\":[{\"@type\":\"WebPage\",\"@id\":\"https:\/\/purelabchem.com\/product\/methamphetamine-crystal-meth\/\",\"url\":\"https:\/\/purelabchem.com\/product\/methamphetamine-crystal-meth\/\",\"name\":\"Methamphetamine (Crystal Meth) - Pure Lab Research Chem\",\"isPartOf\":{\"@id\":\"https:\/\/purelabchem.com\/#website\"},\"primaryImageOfPage\":{\"@id\":\"https:\/\/purelabchem.com\/product\/methamphetamine-crystal-meth\/#primaryimage\"},\"image\":{\"@id\":\"https:\/\/purelabchem.com\/product\/methamphetamine-crystal-meth\/#primaryimage\"},\"thumbnailUrl\":\"https:\/\/purelabchem.com\/wp-content\/uploads\/2023\/07\/photo_2023-07-29_16-40-00.jpg\",\"datePublished\":\"2023-07-29T15:41:52+00:00\",\"dateModified\":\"2023-09-25T01:27:42+00:00\",\"description\":\"Buy Crystal Meth Online The abbreviation for crystal meth is methamphetamine. It is merely one type of methamphetamine. Methamphetamine is a white, Best Online Store To Buy Top Quality Research Chemicals\",\"breadcrumb\":{\"@id\":\"https:\/\/purelabchem.com\/product\/methamphetamine-crystal-meth\/#breadcrumb\"},\"inLanguage\":\"es\",\"potentialAction\":[{\"@type\":\"ReadAction\",\"target\":[\"https:\/\/purelabchem.com\/product\/methamphetamine-crystal-meth\/\"]}]},{\"@type\":\"ImageObject\",\"inLanguage\":\"es\",\"@id\":\"https:\/\/purelabchem.com\/product\/methamphetamine-crystal-meth\/#primaryimage\",\"url\":\"https:\/\/purelabchem.com\/wp-content\/uploads\/2023\/07\/photo_2023-07-29_16-40-00.jpg\",\"contentUrl\":\"https:\/\/purelabchem.com\/wp-content\/uploads\/2023\/07\/photo_2023-07-29_16-40-00.jpg\",\"width\":960,\"height\":1280,\"caption\":\"Methamphetamine (Crystal Meth)\"},{\"@type\":\"BreadcrumbList\",\"@id\":\"https:\/\/purelabchem.com\/product\/methamphetamine-crystal-meth\/#breadcrumb\",\"itemListElement\":[{\"@type\":\"ListItem\",\"position\":1,\"name\":\"Home\",\"item\":\"https:\/\/purelabchem.com\/\"},{\"@type\":\"ListItem\",\"position\":2,\"name\":\"Methamphetamine (Crystal Meth)\"}]},{\"@type\":\"WebSite\",\"@id\":\"https:\/\/purelabchem.com\/#website\",\"url\":\"https:\/\/purelabchem.com\/\",\"name\":\"Pure Lab Research Chem\",\"description\":\"Best Online Store To Buy Top Quality Research Chemicals\",\"potentialAction\":[{\"@type\":\"SearchAction\",\"target\":{\"@type\":\"EntryPoint\",\"urlTemplate\":\"https:\/\/purelabchem.com\/?s={search_term_string}\"},\"query-input\":{\"@type\":\"PropertyValueSpecification\",\"valueRequired\":true,\"valueName\":\"search_term_string\"}}],\"inLanguage\":\"es\"}]}<\/script>\n<!-- \/ Yoast SEO Premium plugin. -->","yoast_head_json":{"title":"Metanfetamina (Crystal Meth) - Pure Lab Research Chem","description":"Comprar Metanfetamina de Cristal Online La abreviatura de metanfetamina de cristal es metanfetamina. No es m\u00e1s que un tipo de metanfetamina. La metanfetamina es una sustancia blanca, La mejor tienda en l\u00ednea para comprar productos qu\u00edmicos de investigaci\u00f3n de la mejor calidad","robots":{"index":"index","follow":"follow","max-snippet":"max-snippet:-1","max-image-preview":"max-image-preview:large","max-video-preview":"max-video-preview:-1"},"canonical":"https:\/\/purelabchem.com\/es\/product\/metanfetamina-cristal\/","og_locale":"es_ES","og_type":"article","og_title":"Methamphetamine (Crystal Meth)","og_description":"Buy Crystal Meth Online The abbreviation for crystal meth is methamphetamine. It is merely one type of methamphetamine. Methamphetamine is a white, Best Online Store To Buy Top Quality Research Chemicals","og_url":"https:\/\/purelabchem.com\/es\/product\/metanfetamina-cristal\/","og_site_name":"Pure Lab Research Chem","article_modified_time":"2023-09-25T01:27:42+00:00","og_image":[{"width":960,"height":1280,"url":"https:\/\/purelabchem.com\/wp-content\/uploads\/2023\/07\/photo_2023-07-29_16-40-00.jpg","type":"image\/jpeg"}],"twitter_card":"summary_large_image","twitter_misc":{"Tiempo de lectura":"1 minuto"},"schema":{"@context":"https:\/\/schema.org","@graph":[{"@type":"WebPage","@id":"https:\/\/purelabchem.com\/product\/methamphetamine-crystal-meth\/","url":"https:\/\/purelabchem.com\/product\/methamphetamine-crystal-meth\/","name":"Metanfetamina (Crystal Meth) - Pure Lab Research Chem","isPartOf":{"@id":"https:\/\/purelabchem.com\/#website"},"primaryImageOfPage":{"@id":"https:\/\/purelabchem.com\/product\/methamphetamine-crystal-meth\/#primaryimage"},"image":{"@id":"https:\/\/purelabchem.com\/product\/methamphetamine-crystal-meth\/#primaryimage"},"thumbnailUrl":"https:\/\/purelabchem.com\/wp-content\/uploads\/2023\/07\/photo_2023-07-29_16-40-00.jpg","datePublished":"2023-07-29T15:41:52+00:00","dateModified":"2023-09-25T01:27:42+00:00","description":"Comprar Metanfetamina de Cristal Online La abreviatura de metanfetamina de cristal es metanfetamina. No es m\u00e1s que un tipo de metanfetamina. La metanfetamina es una sustancia blanca, La mejor tienda en l\u00ednea para comprar productos qu\u00edmicos de investigaci\u00f3n de la mejor calidad","breadcrumb":{"@id":"https:\/\/purelabchem.com\/product\/methamphetamine-crystal-meth\/#breadcrumb"},"inLanguage":"es","potentialAction":[{"@type":"ReadAction","target":["https:\/\/purelabchem.com\/product\/methamphetamine-crystal-meth\/"]}]},{"@type":"ImageObject","inLanguage":"es","@id":"https:\/\/purelabchem.com\/product\/methamphetamine-crystal-meth\/#primaryimage","url":"https:\/\/purelabchem.com\/wp-content\/uploads\/2023\/07\/photo_2023-07-29_16-40-00.jpg","contentUrl":"https:\/\/purelabchem.com\/wp-content\/uploads\/2023\/07\/photo_2023-07-29_16-40-00.jpg","width":960,"height":1280,"caption":"Methamphetamine (Crystal Meth)"},{"@type":"BreadcrumbList","@id":"https:\/\/purelabchem.com\/product\/methamphetamine-crystal-meth\/#breadcrumb","itemListElement":[{"@type":"ListItem","position":1,"name":"Home","item":"https:\/\/purelabchem.com\/"},{"@type":"ListItem","position":2,"name":"Methamphetamine (Crystal Meth)"}]},{"@type":"WebSite","@id":"https:\/\/purelabchem.com\/#website","url":"https:\/\/purelabchem.com\/","name":"Pure Lab Research Chem","description":"La mejor tienda en l\u00ednea para comprar productos qu\u00edmicos de investigaci\u00f3n de primera calidad","potentialAction":[{"@type":"SearchAction","target":{"@type":"EntryPoint","urlTemplate":"https:\/\/purelabchem.com\/?s={search_term_string}"},"query-input":{"@type":"PropertyValueSpecification","valueRequired":true,"valueName":"search_term_string"}}],"inLanguage":"es"}]}},"_links":{"self":[{"href":"https:\/\/purelabchem.com\/es\/wp-json\/wp\/v2\/product\/401","targetHints":{"allow":["GET"]}}],"collection":[{"href":"https:\/\/purelabchem.com\/es\/wp-json\/wp\/v2\/product"}],"about":[{"href":"https:\/\/purelabchem.com\/es\/wp-json\/wp\/v2\/types\/product"}],"replies":[{"embeddable":true,"href":"https:\/\/purelabchem.com\/es\/wp-json\/wp\/v2\/comments?post=401"}],"wp:featuredmedia":[{"embeddable":true,"href":"https:\/\/purelabchem.com\/es\/wp-json\/wp\/v2\/media\/402"}],"wp:attachment":[{"href":"https:\/\/purelabchem.com\/es\/wp-json\/wp\/v2\/media?parent=401"}],"wp:term":[{"taxonomy":"product_brand","embeddable":true,"href":"https:\/\/purelabchem.com\/es\/wp-json\/wp\/v2\/product_brand?post=401"},{"taxonomy":"product_cat","embeddable":true,"href":"https:\/\/purelabchem.com\/es\/wp-json\/wp\/v2\/product_cat?post=401"},{"taxonomy":"product_tag","embeddable":true,"href":"https:\/\/purelabchem.com\/es\/wp-json\/wp\/v2\/product_tag?post=401"}],"curies":[{"name":"wp","href":"https:\/\/api.w.org\/{rel}","templated":true}]}}