{"id":35,"date":"2023-07-29T07:01:30","date_gmt":"2023-07-29T07:01:30","guid":{"rendered":"https:\/\/purelabchem.com\/?post_type=product&#038;p=35"},"modified":"2023-10-17T23:57:03","modified_gmt":"2023-10-17T23:57:03","slug":"4-meo-pcp","status":"publish","type":"product","link":"https:\/\/purelabchem.com\/es\/product\/4-meo-pcp\/","title":{"rendered":"4-MeO-PCP"},"content":{"rendered":"<h1><strong>Order 4-MeO-PCP Online Cheap | Premium Research Chemicals At Your Disposal!<\/strong><\/h1>","protected":false},"excerpt":{"rendered":"<p>Order 4-MeO-PCP Online Cheap | Premium Research Chemicals At Your Disposal!<\/p>","protected":false},"featured_media":36,"comment_status":"open","ping_status":"closed","template":"","meta":[],"product_brand":[],"product_cat":[64],"product_tag":[],"class_list":{"0":"post-35","1":"product","2":"type-product","3":"status-publish","4":"has-post-thumbnail","6":"product_cat-research-chemicals","8":"first","9":"instock","10":"shipping-taxable","11":"purchasable","12":"product-type-variable"},"yoast_head":"<!-- This site is optimized with the Yoast SEO Premium plugin v22.5 (Yoast SEO v25.6) - https:\/\/yoast.com\/wordpress\/plugins\/seo\/ -->\n<title>4-MeO-PCP - Pure Lab Research Chem<\/title>\n<meta name=\"description\" content=\"Order 4-MeO-PCP Online Cheap | Premium Research Chemicals At Your Disposal! Best Online Store To Buy Top Quality Research Chemicals\" \/>\n<meta name=\"robots\" content=\"index, follow, max-snippet:-1, max-image-preview:large, max-video-preview:-1\" \/>\n<link rel=\"canonical\" href=\"https:\/\/purelabchem.com\/es\/product\/4-meo-pcp\/\" \/>\n<meta property=\"og:locale\" content=\"es_ES\" \/>\n<meta property=\"og:type\" content=\"article\" \/>\n<meta property=\"og:title\" content=\"4-MeO-PCP\" \/>\n<meta property=\"og:description\" content=\"Order 4-MeO-PCP Online Cheap | Premium Research Chemicals At Your Disposal! Best Online Store To Buy Top Quality Research Chemicals\" \/>\n<meta property=\"og:url\" content=\"https:\/\/purelabchem.com\/es\/product\/4-meo-pcp\/\" \/>\n<meta property=\"og:site_name\" content=\"Pure Lab Research Chem\" \/>\n<meta property=\"article:modified_time\" content=\"2023-10-17T23:57:03+00:00\" \/>\n<meta property=\"og:image\" content=\"https:\/\/purelabchem.com\/wp-content\/uploads\/2023\/07\/photo_2023-07-29_08-01-07.jpg\" \/>\n\t<meta property=\"og:image:width\" content=\"1280\" \/>\n\t<meta property=\"og:image:height\" content=\"927\" \/>\n\t<meta property=\"og:image:type\" content=\"image\/jpeg\" \/>\n<meta name=\"twitter:card\" content=\"summary_large_image\" \/>\n<script type=\"application\/ld+json\" class=\"yoast-schema-graph\">{\"@context\":\"https:\/\/schema.org\",\"@graph\":[{\"@type\":\"WebPage\",\"@id\":\"https:\/\/purelabchem.com\/product\/4-meo-pcp\/\",\"url\":\"https:\/\/purelabchem.com\/product\/4-meo-pcp\/\",\"name\":\"4-MeO-PCP - Pure Lab Research Chem\",\"isPartOf\":{\"@id\":\"https:\/\/purelabchem.com\/#website\"},\"primaryImageOfPage\":{\"@id\":\"https:\/\/purelabchem.com\/product\/4-meo-pcp\/#primaryimage\"},\"image\":{\"@id\":\"https:\/\/purelabchem.com\/product\/4-meo-pcp\/#primaryimage\"},\"thumbnailUrl\":\"https:\/\/purelabchem.com\/wp-content\/uploads\/2023\/07\/photo_2023-07-29_08-01-07.jpg\",\"datePublished\":\"2023-07-29T07:01:30+00:00\",\"dateModified\":\"2023-10-17T23:57:03+00:00\",\"description\":\"Order 4-MeO-PCP Online Cheap | Premium Research Chemicals At Your Disposal! Best Online Store To Buy Top Quality Research Chemicals\",\"breadcrumb\":{\"@id\":\"https:\/\/purelabchem.com\/product\/4-meo-pcp\/#breadcrumb\"},\"inLanguage\":\"es\",\"potentialAction\":[{\"@type\":\"ReadAction\",\"target\":[\"https:\/\/purelabchem.com\/product\/4-meo-pcp\/\"]}]},{\"@type\":\"ImageObject\",\"inLanguage\":\"es\",\"@id\":\"https:\/\/purelabchem.com\/product\/4-meo-pcp\/#primaryimage\",\"url\":\"https:\/\/purelabchem.com\/wp-content\/uploads\/2023\/07\/photo_2023-07-29_08-01-07.jpg\",\"contentUrl\":\"https:\/\/purelabchem.com\/wp-content\/uploads\/2023\/07\/photo_2023-07-29_08-01-07.jpg\",\"width\":1280,\"height\":927,\"caption\":\"4-MeO-PCP\"},{\"@type\":\"BreadcrumbList\",\"@id\":\"https:\/\/purelabchem.com\/product\/4-meo-pcp\/#breadcrumb\",\"itemListElement\":[{\"@type\":\"ListItem\",\"position\":1,\"name\":\"Home\",\"item\":\"https:\/\/purelabchem.com\/\"},{\"@type\":\"ListItem\",\"position\":2,\"name\":\"4-MeO-PCP\"}]},{\"@type\":\"WebSite\",\"@id\":\"https:\/\/purelabchem.com\/#website\",\"url\":\"https:\/\/purelabchem.com\/\",\"name\":\"Pure Lab Research Chem\",\"description\":\"Best Online Store To Buy Top Quality Research Chemicals\",\"potentialAction\":[{\"@type\":\"SearchAction\",\"target\":{\"@type\":\"EntryPoint\",\"urlTemplate\":\"https:\/\/purelabchem.com\/?s={search_term_string}\"},\"query-input\":{\"@type\":\"PropertyValueSpecification\",\"valueRequired\":true,\"valueName\":\"search_term_string\"}}],\"inLanguage\":\"es\"}]}<\/script>\n<!-- \/ Yoast SEO Premium plugin. -->","yoast_head_json":{"title":"4-MeO-PCP - Pure Lab Research Chem","description":"Order 4-MeO-PCP Online Cheap | Premium Research Chemicals At Your Disposal! Best Online Store To Buy Top Quality Research Chemicals","robots":{"index":"index","follow":"follow","max-snippet":"max-snippet:-1","max-image-preview":"max-image-preview:large","max-video-preview":"max-video-preview:-1"},"canonical":"https:\/\/purelabchem.com\/es\/product\/4-meo-pcp\/","og_locale":"es_ES","og_type":"article","og_title":"4-MeO-PCP","og_description":"Order 4-MeO-PCP Online Cheap | Premium Research Chemicals At Your Disposal! Best Online Store To Buy Top Quality Research Chemicals","og_url":"https:\/\/purelabchem.com\/es\/product\/4-meo-pcp\/","og_site_name":"Pure Lab Research Chem","article_modified_time":"2023-10-17T23:57:03+00:00","og_image":[{"width":1280,"height":927,"url":"https:\/\/purelabchem.com\/wp-content\/uploads\/2023\/07\/photo_2023-07-29_08-01-07.jpg","type":"image\/jpeg"}],"twitter_card":"summary_large_image","schema":{"@context":"https:\/\/schema.org","@graph":[{"@type":"WebPage","@id":"https:\/\/purelabchem.com\/product\/4-meo-pcp\/","url":"https:\/\/purelabchem.com\/product\/4-meo-pcp\/","name":"4-MeO-PCP - Pure Lab Research Chem","isPartOf":{"@id":"https:\/\/purelabchem.com\/#website"},"primaryImageOfPage":{"@id":"https:\/\/purelabchem.com\/product\/4-meo-pcp\/#primaryimage"},"image":{"@id":"https:\/\/purelabchem.com\/product\/4-meo-pcp\/#primaryimage"},"thumbnailUrl":"https:\/\/purelabchem.com\/wp-content\/uploads\/2023\/07\/photo_2023-07-29_08-01-07.jpg","datePublished":"2023-07-29T07:01:30+00:00","dateModified":"2023-10-17T23:57:03+00:00","description":"Order 4-MeO-PCP Online Cheap | Premium Research Chemicals At Your Disposal! Best Online Store To Buy Top Quality Research Chemicals","breadcrumb":{"@id":"https:\/\/purelabchem.com\/product\/4-meo-pcp\/#breadcrumb"},"inLanguage":"es","potentialAction":[{"@type":"ReadAction","target":["https:\/\/purelabchem.com\/product\/4-meo-pcp\/"]}]},{"@type":"ImageObject","inLanguage":"es","@id":"https:\/\/purelabchem.com\/product\/4-meo-pcp\/#primaryimage","url":"https:\/\/purelabchem.com\/wp-content\/uploads\/2023\/07\/photo_2023-07-29_08-01-07.jpg","contentUrl":"https:\/\/purelabchem.com\/wp-content\/uploads\/2023\/07\/photo_2023-07-29_08-01-07.jpg","width":1280,"height":927,"caption":"4-MeO-PCP"},{"@type":"BreadcrumbList","@id":"https:\/\/purelabchem.com\/product\/4-meo-pcp\/#breadcrumb","itemListElement":[{"@type":"ListItem","position":1,"name":"Home","item":"https:\/\/purelabchem.com\/"},{"@type":"ListItem","position":2,"name":"4-MeO-PCP"}]},{"@type":"WebSite","@id":"https:\/\/purelabchem.com\/#website","url":"https:\/\/purelabchem.com\/","name":"Pure Lab Research Chem","description":"La mejor tienda en l\u00ednea para comprar productos qu\u00edmicos de investigaci\u00f3n de primera calidad","potentialAction":[{"@type":"SearchAction","target":{"@type":"EntryPoint","urlTemplate":"https:\/\/purelabchem.com\/?s={search_term_string}"},"query-input":{"@type":"PropertyValueSpecification","valueRequired":true,"valueName":"search_term_string"}}],"inLanguage":"es"}]}},"_links":{"self":[{"href":"https:\/\/purelabchem.com\/es\/wp-json\/wp\/v2\/product\/35","targetHints":{"allow":["GET"]}}],"collection":[{"href":"https:\/\/purelabchem.com\/es\/wp-json\/wp\/v2\/product"}],"about":[{"href":"https:\/\/purelabchem.com\/es\/wp-json\/wp\/v2\/types\/product"}],"replies":[{"embeddable":true,"href":"https:\/\/purelabchem.com\/es\/wp-json\/wp\/v2\/comments?post=35"}],"wp:featuredmedia":[{"embeddable":true,"href":"https:\/\/purelabchem.com\/es\/wp-json\/wp\/v2\/media\/36"}],"wp:attachment":[{"href":"https:\/\/purelabchem.com\/es\/wp-json\/wp\/v2\/media?parent=35"}],"wp:term":[{"taxonomy":"product_brand","embeddable":true,"href":"https:\/\/purelabchem.com\/es\/wp-json\/wp\/v2\/product_brand?post=35"},{"taxonomy":"product_cat","embeddable":true,"href":"https:\/\/purelabchem.com\/es\/wp-json\/wp\/v2\/product_cat?post=35"},{"taxonomy":"product_tag","embeddable":true,"href":"https:\/\/purelabchem.com\/es\/wp-json\/wp\/v2\/product_tag?post=35"}],"curies":[{"name":"wp","href":"https:\/\/api.w.org\/{rel}","templated":true}]}}