{"id":85,"date":"2023-07-29T07:46:18","date_gmt":"2023-07-29T07:46:18","guid":{"rendered":"https:\/\/purelabchem.com\/?post_type=product&#038;p=85"},"modified":"2023-10-05T02:50:12","modified_gmt":"2023-10-05T02:50:12","slug":"mam-2201","status":"publish","type":"product","link":"https:\/\/purelabchem.com\/de\/product\/mam-2201\/","title":{"rendered":"MAM-2201"},"content":{"rendered":"<h1><strong>Order MAM-2201 Online<\/strong><\/h1>\n<p>The research chemical called\u00a0MAM-2201\u00a0is a designer drug with pronounced\u00a0physiological\u00a0and\u00a0psychoactive\u00a0effects\u00a0and has the molecular formula C25H24FNO. The formula weight has the value 373.5\u00a0g\/mol.<br \/>\nThe toxicological and physiological properties of\u00a0\u00a0\u00a0MAM2201\u00a0are not known. Synthetic cannabinoids like\u00a0\u00a0MAM-2201\u00a0might display high affinity for peripheral CB1 and CB2 cannabinoid receptors.<\/p>\n<p>How to Buy MAM-2201 Online?<br \/>\nAre you looking for where to\u00a0buy mam2201 online? Psychichem store offers you the possibility to get mam2201 for sale online without hassles or awkwardness. We work endlessly to make sure you save money every time you order mam2201 online from our Research Chemicals Shop. At Chemicals Lab, our goal is to make our clients pay less and get more.<\/p>","protected":false},"excerpt":{"rendered":"<p>Order MAM-2201 Online The research chemical called\u00a0MAM-2201\u00a0is a designer drug with pronounced\u00a0physiological\u00a0and\u00a0psychoactive\u00a0effects\u00a0and has the molecular formula C25H24FNO. The formula weight has the value 373.5\u00a0g\/mol. The toxicological and physiological properties of\u00a0\u00a0\u00a0MAM2201\u00a0are not known. Synthetic cannabinoids like\u00a0\u00a0MAM-2201\u00a0might display high affinity for peripheral CB1 and CB2 cannabinoid receptors. How to Buy MAM-2201 Online? Are you looking for where [&hellip;]<\/p>","protected":false},"featured_media":86,"comment_status":"open","ping_status":"closed","template":"","meta":[],"product_brand":[],"product_cat":[64],"product_tag":[],"class_list":{"0":"post-85","1":"product","2":"type-product","3":"status-publish","4":"has-post-thumbnail","6":"product_cat-research-chemicals","8":"first","9":"instock","10":"shipping-taxable","11":"purchasable","12":"product-type-variable"},"yoast_head":"<!-- This site is optimized with the Yoast SEO Premium plugin v22.5 (Yoast SEO v25.6) - https:\/\/yoast.com\/wordpress\/plugins\/seo\/ -->\n<title>MAM-2201 - Pure Lab Research Chem<\/title>\n<meta name=\"description\" content=\"Order MAM-2201 Online The research chemical called\u00a0MAM-2201\u00a0is a designer drug with pronounced\u00a0physiological\u00a0and\u00a0psychoactive\u00a0effects\u00a0and has the Best Online Store To Buy Top Quality Research Chemicals\" \/>\n<meta name=\"robots\" content=\"index, follow, max-snippet:-1, max-image-preview:large, max-video-preview:-1\" \/>\n<link rel=\"canonical\" href=\"https:\/\/purelabchem.com\/de\/product\/mam-2201\/\" \/>\n<meta property=\"og:locale\" content=\"de_DE\" \/>\n<meta property=\"og:type\" content=\"article\" \/>\n<meta property=\"og:title\" content=\"MAM-2201\" \/>\n<meta property=\"og:description\" content=\"Order MAM-2201 Online The research chemical called\u00a0MAM-2201\u00a0is a designer drug with pronounced\u00a0physiological\u00a0and\u00a0psychoactive\u00a0effects\u00a0and has the Best Online Store To Buy Top Quality Research Chemicals\" \/>\n<meta property=\"og:url\" content=\"https:\/\/purelabchem.com\/de\/product\/mam-2201\/\" \/>\n<meta property=\"og:site_name\" content=\"Pure Lab Research Chem\" \/>\n<meta property=\"article:modified_time\" content=\"2023-10-05T02:50:12+00:00\" \/>\n<meta property=\"og:image\" content=\"https:\/\/purelabchem.com\/wp-content\/uploads\/2023\/07\/photo_2023-07-29_08-45-17.jpg\" \/>\n\t<meta property=\"og:image:width\" content=\"363\" \/>\n\t<meta property=\"og:image:height\" content=\"363\" \/>\n\t<meta property=\"og:image:type\" content=\"image\/jpeg\" \/>\n<meta name=\"twitter:card\" content=\"summary_large_image\" \/>\n<meta name=\"twitter:label1\" content=\"Gesch\u00e4tzte Lesezeit\" \/>\n\t<meta name=\"twitter:data1\" content=\"1\u00a0Minute\" \/>\n<script type=\"application\/ld+json\" class=\"yoast-schema-graph\">{\"@context\":\"https:\/\/schema.org\",\"@graph\":[{\"@type\":\"WebPage\",\"@id\":\"https:\/\/purelabchem.com\/product\/mam-2201\/\",\"url\":\"https:\/\/purelabchem.com\/product\/mam-2201\/\",\"name\":\"MAM-2201 - Pure Lab Research Chem\",\"isPartOf\":{\"@id\":\"https:\/\/purelabchem.com\/#website\"},\"primaryImageOfPage\":{\"@id\":\"https:\/\/purelabchem.com\/product\/mam-2201\/#primaryimage\"},\"image\":{\"@id\":\"https:\/\/purelabchem.com\/product\/mam-2201\/#primaryimage\"},\"thumbnailUrl\":\"https:\/\/purelabchem.com\/wp-content\/uploads\/2023\/07\/photo_2023-07-29_08-45-17.jpg\",\"datePublished\":\"2023-07-29T07:46:18+00:00\",\"dateModified\":\"2023-10-05T02:50:12+00:00\",\"description\":\"Order MAM-2201 Online The research chemical called\u00a0MAM-2201\u00a0is a designer drug with pronounced\u00a0physiological\u00a0and\u00a0psychoactive\u00a0effects\u00a0and has the Best Online Store To Buy Top Quality Research Chemicals\",\"breadcrumb\":{\"@id\":\"https:\/\/purelabchem.com\/product\/mam-2201\/#breadcrumb\"},\"inLanguage\":\"de\",\"potentialAction\":[{\"@type\":\"ReadAction\",\"target\":[\"https:\/\/purelabchem.com\/product\/mam-2201\/\"]}]},{\"@type\":\"ImageObject\",\"inLanguage\":\"de\",\"@id\":\"https:\/\/purelabchem.com\/product\/mam-2201\/#primaryimage\",\"url\":\"https:\/\/purelabchem.com\/wp-content\/uploads\/2023\/07\/photo_2023-07-29_08-45-17.jpg\",\"contentUrl\":\"https:\/\/purelabchem.com\/wp-content\/uploads\/2023\/07\/photo_2023-07-29_08-45-17.jpg\",\"width\":363,\"height\":363,\"caption\":\"MAM-2201\"},{\"@type\":\"BreadcrumbList\",\"@id\":\"https:\/\/purelabchem.com\/product\/mam-2201\/#breadcrumb\",\"itemListElement\":[{\"@type\":\"ListItem\",\"position\":1,\"name\":\"Home\",\"item\":\"https:\/\/purelabchem.com\/\"},{\"@type\":\"ListItem\",\"position\":2,\"name\":\"MAM-2201\"}]},{\"@type\":\"WebSite\",\"@id\":\"https:\/\/purelabchem.com\/#website\",\"url\":\"https:\/\/purelabchem.com\/\",\"name\":\"Pure Lab Research Chem\",\"description\":\"Best Online Store To Buy Top Quality Research Chemicals\",\"potentialAction\":[{\"@type\":\"SearchAction\",\"target\":{\"@type\":\"EntryPoint\",\"urlTemplate\":\"https:\/\/purelabchem.com\/?s={search_term_string}\"},\"query-input\":{\"@type\":\"PropertyValueSpecification\",\"valueRequired\":true,\"valueName\":\"search_term_string\"}}],\"inLanguage\":\"de\"}]}<\/script>\n<!-- \/ Yoast SEO Premium plugin. -->","yoast_head_json":{"title":"MAM-2201 - Pure Lab Research Chem","description":"Order MAM-2201 Online The research chemical called\u00a0MAM-2201\u00a0is a designer drug with pronounced\u00a0physiological\u00a0and\u00a0psychoactive\u00a0effects\u00a0and has the Best Online Store To Buy Top Quality Research Chemicals","robots":{"index":"index","follow":"follow","max-snippet":"max-snippet:-1","max-image-preview":"max-image-preview:large","max-video-preview":"max-video-preview:-1"},"canonical":"https:\/\/purelabchem.com\/de\/product\/mam-2201\/","og_locale":"de_DE","og_type":"article","og_title":"MAM-2201","og_description":"Order MAM-2201 Online The research chemical called\u00a0MAM-2201\u00a0is a designer drug with pronounced\u00a0physiological\u00a0and\u00a0psychoactive\u00a0effects\u00a0and has the Best Online Store To Buy Top Quality Research Chemicals","og_url":"https:\/\/purelabchem.com\/de\/product\/mam-2201\/","og_site_name":"Pure Lab Research Chem","article_modified_time":"2023-10-05T02:50:12+00:00","og_image":[{"width":363,"height":363,"url":"https:\/\/purelabchem.com\/wp-content\/uploads\/2023\/07\/photo_2023-07-29_08-45-17.jpg","type":"image\/jpeg"}],"twitter_card":"summary_large_image","twitter_misc":{"Gesch\u00e4tzte Lesezeit":"1\u00a0Minute"},"schema":{"@context":"https:\/\/schema.org","@graph":[{"@type":"WebPage","@id":"https:\/\/purelabchem.com\/product\/mam-2201\/","url":"https:\/\/purelabchem.com\/product\/mam-2201\/","name":"MAM-2201 - Pure Lab Research Chem","isPartOf":{"@id":"https:\/\/purelabchem.com\/#website"},"primaryImageOfPage":{"@id":"https:\/\/purelabchem.com\/product\/mam-2201\/#primaryimage"},"image":{"@id":"https:\/\/purelabchem.com\/product\/mam-2201\/#primaryimage"},"thumbnailUrl":"https:\/\/purelabchem.com\/wp-content\/uploads\/2023\/07\/photo_2023-07-29_08-45-17.jpg","datePublished":"2023-07-29T07:46:18+00:00","dateModified":"2023-10-05T02:50:12+00:00","description":"Order MAM-2201 Online The research chemical called\u00a0MAM-2201\u00a0is a designer drug with pronounced\u00a0physiological\u00a0and\u00a0psychoactive\u00a0effects\u00a0and has the Best Online Store To Buy Top Quality Research Chemicals","breadcrumb":{"@id":"https:\/\/purelabchem.com\/product\/mam-2201\/#breadcrumb"},"inLanguage":"de","potentialAction":[{"@type":"ReadAction","target":["https:\/\/purelabchem.com\/product\/mam-2201\/"]}]},{"@type":"ImageObject","inLanguage":"de","@id":"https:\/\/purelabchem.com\/product\/mam-2201\/#primaryimage","url":"https:\/\/purelabchem.com\/wp-content\/uploads\/2023\/07\/photo_2023-07-29_08-45-17.jpg","contentUrl":"https:\/\/purelabchem.com\/wp-content\/uploads\/2023\/07\/photo_2023-07-29_08-45-17.jpg","width":363,"height":363,"caption":"MAM-2201"},{"@type":"BreadcrumbList","@id":"https:\/\/purelabchem.com\/product\/mam-2201\/#breadcrumb","itemListElement":[{"@type":"ListItem","position":1,"name":"Home","item":"https:\/\/purelabchem.com\/"},{"@type":"ListItem","position":2,"name":"MAM-2201"}]},{"@type":"WebSite","@id":"https:\/\/purelabchem.com\/#website","url":"https:\/\/purelabchem.com\/","name":"Reines Labor Forschung Chem","description":"Bester Online-Shop f\u00fcr Forschungschemikalien von h\u00f6chster Qualit\u00e4t","potentialAction":[{"@type":"SearchAction","target":{"@type":"EntryPoint","urlTemplate":"https:\/\/purelabchem.com\/?s={search_term_string}"},"query-input":{"@type":"PropertyValueSpecification","valueRequired":true,"valueName":"search_term_string"}}],"inLanguage":"de"}]}},"_links":{"self":[{"href":"https:\/\/purelabchem.com\/de\/wp-json\/wp\/v2\/product\/85","targetHints":{"allow":["GET"]}}],"collection":[{"href":"https:\/\/purelabchem.com\/de\/wp-json\/wp\/v2\/product"}],"about":[{"href":"https:\/\/purelabchem.com\/de\/wp-json\/wp\/v2\/types\/product"}],"replies":[{"embeddable":true,"href":"https:\/\/purelabchem.com\/de\/wp-json\/wp\/v2\/comments?post=85"}],"wp:featuredmedia":[{"embeddable":true,"href":"https:\/\/purelabchem.com\/de\/wp-json\/wp\/v2\/media\/86"}],"wp:attachment":[{"href":"https:\/\/purelabchem.com\/de\/wp-json\/wp\/v2\/media?parent=85"}],"wp:term":[{"taxonomy":"product_brand","embeddable":true,"href":"https:\/\/purelabchem.com\/de\/wp-json\/wp\/v2\/product_brand?post=85"},{"taxonomy":"product_cat","embeddable":true,"href":"https:\/\/purelabchem.com\/de\/wp-json\/wp\/v2\/product_cat?post=85"},{"taxonomy":"product_tag","embeddable":true,"href":"https:\/\/purelabchem.com\/de\/wp-json\/wp\/v2\/product_tag?post=85"}],"curies":[{"name":"wp","href":"https:\/\/api.w.org\/{rel}","templated":true}]}}