{"id":406,"date":"2023-07-29T15:48:35","date_gmt":"2023-07-29T15:48:35","guid":{"rendered":"https:\/\/purelabchem.com\/?post_type=product&#038;p=406"},"modified":"2024-11-07T23:59:46","modified_gmt":"2024-11-07T23:59:46","slug":"peruvian-cocaine","status":"publish","type":"product","link":"https:\/\/purelabchem.com\/de\/product\/peruvian-cocaine\/","title":{"rendered":"Peruanisches Kokain"},"content":{"rendered":"","protected":false},"excerpt":{"rendered":"","protected":false},"featured_media":414,"comment_status":"open","ping_status":"closed","template":"","meta":[],"product_brand":[],"product_cat":[66],"product_tag":[],"class_list":{"0":"post-406","1":"product","2":"type-product","3":"status-publish","4":"has-post-thumbnail","6":"product_cat-cocaine","8":"first","9":"instock","10":"shipping-taxable","11":"purchasable","12":"product-type-variable"},"yoast_head":"<!-- This site is optimized with the Yoast SEO Premium plugin v22.5 (Yoast SEO v25.6) - https:\/\/yoast.com\/wordpress\/plugins\/seo\/ -->\n<title>Peruvian Cocaine - Pure Lab Research Chem<\/title>\n<meta name=\"description\" content=\"Best Online Store To Buy Top Quality Research Chemicals\" \/>\n<meta name=\"robots\" content=\"index, follow, max-snippet:-1, max-image-preview:large, max-video-preview:-1\" \/>\n<link rel=\"canonical\" href=\"https:\/\/purelabchem.com\/de\/product\/peruvian-cocaine\/\" \/>\n<meta property=\"og:locale\" content=\"de_DE\" \/>\n<meta property=\"og:type\" content=\"article\" \/>\n<meta property=\"og:title\" content=\"Peruvian Cocaine\" \/>\n<meta property=\"og:description\" content=\"Best Online Store To Buy Top Quality Research Chemicals\" \/>\n<meta property=\"og:url\" content=\"https:\/\/purelabchem.com\/de\/product\/peruvian-cocaine\/\" \/>\n<meta property=\"og:site_name\" content=\"Pure Lab Research Chem\" \/>\n<meta property=\"article:modified_time\" content=\"2024-11-07T23:59:46+00:00\" \/>\n<meta property=\"og:image\" content=\"https:\/\/purelabchem.com\/wp-content\/uploads\/2023\/07\/photo_2023-07-29_16-43-03-1.jpg\" \/>\n\t<meta property=\"og:image:width\" content=\"686\" \/>\n\t<meta property=\"og:image:height\" content=\"471\" \/>\n\t<meta property=\"og:image:type\" content=\"image\/jpeg\" \/>\n<meta name=\"twitter:card\" content=\"summary_large_image\" \/>\n<script type=\"application\/ld+json\" class=\"yoast-schema-graph\">{\"@context\":\"https:\/\/schema.org\",\"@graph\":[{\"@type\":\"WebPage\",\"@id\":\"https:\/\/purelabchem.com\/product\/peruvian-cocaine\/\",\"url\":\"https:\/\/purelabchem.com\/product\/peruvian-cocaine\/\",\"name\":\"Peruvian Cocaine - Pure Lab Research Chem\",\"isPartOf\":{\"@id\":\"https:\/\/purelabchem.com\/#website\"},\"primaryImageOfPage\":{\"@id\":\"https:\/\/purelabchem.com\/product\/peruvian-cocaine\/#primaryimage\"},\"image\":{\"@id\":\"https:\/\/purelabchem.com\/product\/peruvian-cocaine\/#primaryimage\"},\"thumbnailUrl\":\"https:\/\/purelabchem.com\/wp-content\/uploads\/2023\/07\/photo_2023-07-29_16-43-03-1.jpg\",\"datePublished\":\"2023-07-29T15:48:35+00:00\",\"dateModified\":\"2024-11-07T23:59:46+00:00\",\"description\":\"Best Online Store To Buy Top Quality Research Chemicals\",\"breadcrumb\":{\"@id\":\"https:\/\/purelabchem.com\/product\/peruvian-cocaine\/#breadcrumb\"},\"inLanguage\":\"de\",\"potentialAction\":[{\"@type\":\"ReadAction\",\"target\":[\"https:\/\/purelabchem.com\/product\/peruvian-cocaine\/\"]}]},{\"@type\":\"ImageObject\",\"inLanguage\":\"de\",\"@id\":\"https:\/\/purelabchem.com\/product\/peruvian-cocaine\/#primaryimage\",\"url\":\"https:\/\/purelabchem.com\/wp-content\/uploads\/2023\/07\/photo_2023-07-29_16-43-03-1.jpg\",\"contentUrl\":\"https:\/\/purelabchem.com\/wp-content\/uploads\/2023\/07\/photo_2023-07-29_16-43-03-1.jpg\",\"width\":686,\"height\":471,\"caption\":\"Peruvian Cocaine\"},{\"@type\":\"BreadcrumbList\",\"@id\":\"https:\/\/purelabchem.com\/product\/peruvian-cocaine\/#breadcrumb\",\"itemListElement\":[{\"@type\":\"ListItem\",\"position\":1,\"name\":\"Home\",\"item\":\"https:\/\/purelabchem.com\/\"},{\"@type\":\"ListItem\",\"position\":2,\"name\":\"Peruvian Cocaine\"}]},{\"@type\":\"WebSite\",\"@id\":\"https:\/\/purelabchem.com\/#website\",\"url\":\"https:\/\/purelabchem.com\/\",\"name\":\"Pure Lab Research Chem\",\"description\":\"Best Online Store To Buy Top Quality Research Chemicals\",\"potentialAction\":[{\"@type\":\"SearchAction\",\"target\":{\"@type\":\"EntryPoint\",\"urlTemplate\":\"https:\/\/purelabchem.com\/?s={search_term_string}\"},\"query-input\":{\"@type\":\"PropertyValueSpecification\",\"valueRequired\":true,\"valueName\":\"search_term_string\"}}],\"inLanguage\":\"de\"}]}<\/script>\n<!-- \/ Yoast SEO Premium plugin. -->","yoast_head_json":{"title":"Peruvian Cocaine - Pure Lab Research Chem","description":"Bester Online-Shop f\u00fcr Forschungschemikalien von h\u00f6chster Qualit\u00e4t","robots":{"index":"index","follow":"follow","max-snippet":"max-snippet:-1","max-image-preview":"max-image-preview:large","max-video-preview":"max-video-preview:-1"},"canonical":"https:\/\/purelabchem.com\/de\/product\/peruvian-cocaine\/","og_locale":"de_DE","og_type":"article","og_title":"Peruvian Cocaine","og_description":"Best Online Store To Buy Top Quality Research Chemicals","og_url":"https:\/\/purelabchem.com\/de\/product\/peruvian-cocaine\/","og_site_name":"Pure Lab Research Chem","article_modified_time":"2024-11-07T23:59:46+00:00","og_image":[{"width":686,"height":471,"url":"https:\/\/purelabchem.com\/wp-content\/uploads\/2023\/07\/photo_2023-07-29_16-43-03-1.jpg","type":"image\/jpeg"}],"twitter_card":"summary_large_image","schema":{"@context":"https:\/\/schema.org","@graph":[{"@type":"WebPage","@id":"https:\/\/purelabchem.com\/product\/peruvian-cocaine\/","url":"https:\/\/purelabchem.com\/product\/peruvian-cocaine\/","name":"Peruvian Cocaine - Pure Lab Research Chem","isPartOf":{"@id":"https:\/\/purelabchem.com\/#website"},"primaryImageOfPage":{"@id":"https:\/\/purelabchem.com\/product\/peruvian-cocaine\/#primaryimage"},"image":{"@id":"https:\/\/purelabchem.com\/product\/peruvian-cocaine\/#primaryimage"},"thumbnailUrl":"https:\/\/purelabchem.com\/wp-content\/uploads\/2023\/07\/photo_2023-07-29_16-43-03-1.jpg","datePublished":"2023-07-29T15:48:35+00:00","dateModified":"2024-11-07T23:59:46+00:00","description":"Bester Online-Shop f\u00fcr Forschungschemikalien von h\u00f6chster Qualit\u00e4t","breadcrumb":{"@id":"https:\/\/purelabchem.com\/product\/peruvian-cocaine\/#breadcrumb"},"inLanguage":"de","potentialAction":[{"@type":"ReadAction","target":["https:\/\/purelabchem.com\/product\/peruvian-cocaine\/"]}]},{"@type":"ImageObject","inLanguage":"de","@id":"https:\/\/purelabchem.com\/product\/peruvian-cocaine\/#primaryimage","url":"https:\/\/purelabchem.com\/wp-content\/uploads\/2023\/07\/photo_2023-07-29_16-43-03-1.jpg","contentUrl":"https:\/\/purelabchem.com\/wp-content\/uploads\/2023\/07\/photo_2023-07-29_16-43-03-1.jpg","width":686,"height":471,"caption":"Peruvian Cocaine"},{"@type":"BreadcrumbList","@id":"https:\/\/purelabchem.com\/product\/peruvian-cocaine\/#breadcrumb","itemListElement":[{"@type":"ListItem","position":1,"name":"Home","item":"https:\/\/purelabchem.com\/"},{"@type":"ListItem","position":2,"name":"Peruvian Cocaine"}]},{"@type":"WebSite","@id":"https:\/\/purelabchem.com\/#website","url":"https:\/\/purelabchem.com\/","name":"Reines Labor Forschung Chem","description":"Bester Online-Shop f\u00fcr Forschungschemikalien von h\u00f6chster Qualit\u00e4t","potentialAction":[{"@type":"SearchAction","target":{"@type":"EntryPoint","urlTemplate":"https:\/\/purelabchem.com\/?s={search_term_string}"},"query-input":{"@type":"PropertyValueSpecification","valueRequired":true,"valueName":"search_term_string"}}],"inLanguage":"de"}]}},"_links":{"self":[{"href":"https:\/\/purelabchem.com\/de\/wp-json\/wp\/v2\/product\/406","targetHints":{"allow":["GET"]}}],"collection":[{"href":"https:\/\/purelabchem.com\/de\/wp-json\/wp\/v2\/product"}],"about":[{"href":"https:\/\/purelabchem.com\/de\/wp-json\/wp\/v2\/types\/product"}],"replies":[{"embeddable":true,"href":"https:\/\/purelabchem.com\/de\/wp-json\/wp\/v2\/comments?post=406"}],"wp:featuredmedia":[{"embeddable":true,"href":"https:\/\/purelabchem.com\/de\/wp-json\/wp\/v2\/media\/414"}],"wp:attachment":[{"href":"https:\/\/purelabchem.com\/de\/wp-json\/wp\/v2\/media?parent=406"}],"wp:term":[{"taxonomy":"product_brand","embeddable":true,"href":"https:\/\/purelabchem.com\/de\/wp-json\/wp\/v2\/product_brand?post=406"},{"taxonomy":"product_cat","embeddable":true,"href":"https:\/\/purelabchem.com\/de\/wp-json\/wp\/v2\/product_cat?post=406"},{"taxonomy":"product_tag","embeddable":true,"href":"https:\/\/purelabchem.com\/de\/wp-json\/wp\/v2\/product_tag?post=406"}],"curies":[{"name":"wp","href":"https:\/\/api.w.org\/{rel}","templated":true}]}}