{"id":839,"date":"2023-08-04T12:09:19","date_gmt":"2023-08-04T12:09:19","guid":{"rendered":"https:\/\/purelabchem.com\/?page_id=839"},"modified":"2023-08-05T07:10:06","modified_gmt":"2023-08-05T07:10:06","slug":"bedingungen-und-konditionen","status":"publish","type":"page","link":"https:\/\/purelabchem.com\/de\/terms-and-conditions\/","title":{"rendered":"Bedingungen und Konditionen"},"content":{"rendered":"<p>Bedingungen und Konditionen<br>Wenn Sie mit Ihrem Kauf nicht 100% zufrieden sind, k\u00f6nnen Sie Ihre Bestellung entweder gegen volle R\u00fcckerstattung des Kaufpreises zur\u00fcckgeben oder gegen etwas anderes umtauschen. Sie k\u00f6nnen Ihren Kauf bis zu 7 Tage nach dem Kaufdatum zur\u00fcckgeben oder umtauschen.<\/p>\n\n\n\n<pre class=\"wp-block-code\"><code>Das Paket muss innerhalb von 7 Tagen zur\u00fcckgeschickt werden.\nZur\u00fcckgegebene oder umgetauschte Produkte m\u00fcssen sich in dem Zustand befinden, in dem Sie sie erhalten haben, und in der Originalschachtel und\/oder -verpackung.\nDie R\u00fcckerstattung erfolgt in vollem Umfang mit der gleichen Methode, die f\u00fcr die Zahlung verwendet wurde.\nR\u00fcckerstattungen m\u00fcssen innerhalb von 5 Arbeitstagen unterschrieben und vorgenommen werden.<\/code><\/pre>\n\n\n\n<p>Beachten Sie, dass in den meisten F\u00e4llen wird dies minus Versand und \u00dcberweisungsgeb\u00fchren sein, obwohl, wenn es ein eklatanter Fehler von uns war, werden wir alles abholen. Bottom line, wir wollen Sie gl\u00fccklich!<\/p>\n\n\n\n<p>Wir sind echt und 100% Garantie auf alle Auftr\u00e4ge, die Sie platzieren. Wir bieten auch Tracking #, auf Pakete, wie sie gesendet werden und auch Tracking auf neue Auftr\u00e4ge, um die G\u00fcltigkeit und Sicherheit zu \u00fcberpr\u00fcfen.<br>\u00c4nderungen an dieser Vereinbarung<\/p>\n\n\n\n<p>Wir behalten uns das Recht vor, diese Allgemeinen Gesch\u00e4ftsbedingungen nach eigenem Ermessen zu \u00e4ndern oder zu ersetzen, indem wir die aktualisierten Bedingungen auf der Website ver\u00f6ffentlichen. Ihre fortgesetzte Nutzung der Website nach einer solchen \u00c4nderung bedeutet, dass Sie die neuen Bedingungen akzeptieren.<\/p>","protected":false},"excerpt":{"rendered":"<p>Terms and ConditionsIf you are not 100% satisfied with your purchase, you can either return your order for a full refund or exchange it for something else. You can return or exchange your purchase for up to 7 days from the purchase date. Note that, In most cases this will be minus shipping and fund [&#8230;]\n","protected":false},"author":1,"featured_media":0,"parent":0,"menu_order":0,"comment_status":"closed","ping_status":"closed","template":"","meta":{"_joinchat":[],"footnotes":""},"class_list":["post-839","page","type-page","status-publish","hentry"],"yoast_head":"<!-- This site is optimized with the Yoast SEO Premium plugin v22.5 (Yoast SEO v27.4) - https:\/\/yoast.com\/product\/yoast-seo-premium-wordpress\/ -->\n<title>Terms and Conditions - Pure Lab Research Chem<\/title>\n<meta name=\"robots\" content=\"index, follow, max-snippet:-1, max-image-preview:large, max-video-preview:-1\" \/>\n<link rel=\"canonical\" href=\"https:\/\/purelabchem.com\/de\/bedingungen-und-konditionen\/\" \/>\n<meta property=\"og:locale\" content=\"de_DE\" \/>\n<meta property=\"og:type\" content=\"article\" \/>\n<meta property=\"og:title\" content=\"Terms and Conditions\" \/>\n<meta property=\"og:description\" content=\"Terms and ConditionsIf you are not 100% satisfied with your purchase, you can either return your order for a full refund or exchange it for something else. You can return or exchange your purchase for up to 7 days from the purchase date. Note that, In most cases this will be minus shipping and fund [...]\" \/>\n<meta property=\"og:url\" content=\"https:\/\/purelabchem.com\/de\/bedingungen-und-konditionen\/\" \/>\n<meta property=\"og:site_name\" content=\"Pure Lab Research Chem\" \/>\n<meta property=\"article:modified_time\" content=\"2023-08-05T07:10:06+00:00\" \/>\n<meta name=\"twitter:card\" content=\"summary_large_image\" \/>\n<meta name=\"twitter:label1\" content=\"Gesch\u00e4tzte Lesezeit\" \/>\n\t<meta name=\"twitter:data1\" content=\"1\u00a0Minute\" \/>\n<script type=\"application\/ld+json\" class=\"yoast-schema-graph\">{\"@context\":\"https:\\\/\\\/schema.org\",\"@graph\":[{\"@type\":\"WebPage\",\"@id\":\"https:\\\/\\\/purelabchem.com\\\/terms-and-conditions\\\/\",\"url\":\"https:\\\/\\\/purelabchem.com\\\/terms-and-conditions\\\/\",\"name\":\"Terms and Conditions - Pure Lab Research Chem\",\"isPartOf\":{\"@id\":\"https:\\\/\\\/purelabchem.com\\\/#website\"},\"datePublished\":\"2023-08-04T12:09:19+00:00\",\"dateModified\":\"2023-08-05T07:10:06+00:00\",\"breadcrumb\":{\"@id\":\"https:\\\/\\\/purelabchem.com\\\/terms-and-conditions\\\/#breadcrumb\"},\"inLanguage\":\"de\",\"potentialAction\":[{\"@type\":\"ReadAction\",\"target\":[\"https:\\\/\\\/purelabchem.com\\\/terms-and-conditions\\\/\"]}]},{\"@type\":\"BreadcrumbList\",\"@id\":\"https:\\\/\\\/purelabchem.com\\\/terms-and-conditions\\\/#breadcrumb\",\"itemListElement\":[{\"@type\":\"ListItem\",\"position\":1,\"name\":\"Home\",\"item\":\"https:\\\/\\\/purelabchem.com\\\/\"},{\"@type\":\"ListItem\",\"position\":2,\"name\":\"Terms and Conditions\"}]},{\"@type\":\"WebSite\",\"@id\":\"https:\\\/\\\/purelabchem.com\\\/#website\",\"url\":\"https:\\\/\\\/purelabchem.com\\\/\",\"name\":\"Pure Lab Research Chem\",\"description\":\"Best Online Store To Buy Top Quality Research Chemicals\",\"potentialAction\":[{\"@type\":\"SearchAction\",\"target\":{\"@type\":\"EntryPoint\",\"urlTemplate\":\"https:\\\/\\\/purelabchem.com\\\/?s={search_term_string}\"},\"query-input\":{\"@type\":\"PropertyValueSpecification\",\"valueRequired\":true,\"valueName\":\"search_term_string\"}}],\"inLanguage\":\"de\"}]}<\/script>\n<!-- \/ Yoast SEO Premium plugin. -->","yoast_head_json":{"title":"Bedingungen und Konditionen - Pure Lab Research Chem","robots":{"index":"index","follow":"follow","max-snippet":"max-snippet:-1","max-image-preview":"max-image-preview:large","max-video-preview":"max-video-preview:-1"},"canonical":"https:\/\/purelabchem.com\/de\/bedingungen-und-konditionen\/","og_locale":"de_DE","og_type":"article","og_title":"Terms and Conditions","og_description":"Terms and ConditionsIf you are not 100% satisfied with your purchase, you can either return your order for a full refund or exchange it for something else. You can return or exchange your purchase for up to 7 days from the purchase date. Note that, In most cases this will be minus shipping and fund [...]","og_url":"https:\/\/purelabchem.com\/de\/bedingungen-und-konditionen\/","og_site_name":"Pure Lab Research Chem","article_modified_time":"2023-08-05T07:10:06+00:00","twitter_card":"summary_large_image","twitter_misc":{"Gesch\u00e4tzte Lesezeit":"1\u00a0Minute"},"schema":{"@context":"https:\/\/schema.org","@graph":[{"@type":"WebPage","@id":"https:\/\/purelabchem.com\/terms-and-conditions\/","url":"https:\/\/purelabchem.com\/terms-and-conditions\/","name":"Bedingungen und Konditionen - Pure Lab Research Chem","isPartOf":{"@id":"https:\/\/purelabchem.com\/#website"},"datePublished":"2023-08-04T12:09:19+00:00","dateModified":"2023-08-05T07:10:06+00:00","breadcrumb":{"@id":"https:\/\/purelabchem.com\/terms-and-conditions\/#breadcrumb"},"inLanguage":"de","potentialAction":[{"@type":"ReadAction","target":["https:\/\/purelabchem.com\/terms-and-conditions\/"]}]},{"@type":"BreadcrumbList","@id":"https:\/\/purelabchem.com\/terms-and-conditions\/#breadcrumb","itemListElement":[{"@type":"ListItem","position":1,"name":"Home","item":"https:\/\/purelabchem.com\/"},{"@type":"ListItem","position":2,"name":"Terms and Conditions"}]},{"@type":"WebSite","@id":"https:\/\/purelabchem.com\/#website","url":"https:\/\/purelabchem.com\/","name":"Reines Labor Forschung Chem","description":"Bester Online-Shop f\u00fcr Forschungschemikalien von h\u00f6chster Qualit\u00e4t","potentialAction":[{"@type":"SearchAction","target":{"@type":"EntryPoint","urlTemplate":"https:\/\/purelabchem.com\/?s={search_term_string}"},"query-input":{"@type":"PropertyValueSpecification","valueRequired":true,"valueName":"search_term_string"}}],"inLanguage":"de"}]}},"_links":{"self":[{"href":"https:\/\/purelabchem.com\/de\/wp-json\/wp\/v2\/pages\/839","targetHints":{"allow":["GET"]}}],"collection":[{"href":"https:\/\/purelabchem.com\/de\/wp-json\/wp\/v2\/pages"}],"about":[{"href":"https:\/\/purelabchem.com\/de\/wp-json\/wp\/v2\/types\/page"}],"author":[{"embeddable":true,"href":"https:\/\/purelabchem.com\/de\/wp-json\/wp\/v2\/users\/1"}],"replies":[{"embeddable":true,"href":"https:\/\/purelabchem.com\/de\/wp-json\/wp\/v2\/comments?post=839"}],"version-history":[{"count":2,"href":"https:\/\/purelabchem.com\/de\/wp-json\/wp\/v2\/pages\/839\/revisions"}],"predecessor-version":[{"id":877,"href":"https:\/\/purelabchem.com\/de\/wp-json\/wp\/v2\/pages\/839\/revisions\/877"}],"wp:attachment":[{"href":"https:\/\/purelabchem.com\/de\/wp-json\/wp\/v2\/media?parent=839"}],"curies":[{"name":"wp","href":"https:\/\/api.w.org\/{rel}","templated":true}]}}