{"id":95,"date":"2023-07-29T07:52:19","date_gmt":"2023-07-29T07:52:19","guid":{"rendered":"https:\/\/purelabchem.com\/?post_type=product&#038;p=95"},"modified":"2023-10-05T02:42:07","modified_gmt":"2023-10-05T02:42:07","slug":"pentedrone","status":"publish","type":"product","link":"https:\/\/purelabchem.com\/cz\/product\/pentedrone\/","title":{"rendered":"Pentedrone"},"content":{"rendered":"<h1><strong>Pentedrone For Sale<\/strong><\/h1>\n<p>Pentedrone, \u03b1-methylamino-Valerophenone is being sold online at purelabchem.com and has a full IUPAC name of 2-(methylamino)-1-phenyl-1-pentanone, monohydrochloride which belongs to a class of research chemicals called central nervous system stimulants.\u2013<br \/>\nPentedrone, \u03b1-methylamino-Valerophenone is ready to be shipped within 24 hours.<\/p>\n<p>Pentedrone and all other designer Research Chemicals sold on this website are intended for research and forensic applications. The research chemical called Pentedrone belongs to phenethylamine and amphetamine chemical classes and has the molecular formula C12H17NO \u2022 HCl. The formula weight has the value 227.7g\/mol.<br \/>\nThe toxicological and physiological properties of Pentedrone are not known.<br \/>\n2-(methylamino)-1-phenyl-1-pentanone, monohydrochloride and all other designer research chemicals sold on this website are intended for research and forensic applications.<br \/>\nPlease store this cathinone derivate in a cool and dry place. Stability of the tryptamine compound Pentedrone can last up to 2 years under correct storage conditions<\/p>","protected":false},"excerpt":{"rendered":"<p>Pentedrone For Sale Pentedrone, \u03b1-methylamino-Valerophenone is being sold online at purelabchem.com and has a full IUPAC name of 2-(methylamino)-1-phenyl-1-pentanone, monohydrochloride which belongs to a class of research chemicals called central nervous system stimulants.\u2013 Pentedrone, \u03b1-methylamino-Valerophenone is ready to be shipped within 24 hours. Pentedrone and all other designer Research Chemicals sold on this website are [&hellip;]<\/p>","protected":false},"featured_media":96,"comment_status":"open","ping_status":"closed","template":"","meta":[],"product_brand":[],"product_cat":[64],"product_tag":[],"class_list":{"0":"post-95","1":"product","2":"type-product","3":"status-publish","4":"has-post-thumbnail","6":"product_cat-research-chemicals","8":"first","9":"instock","10":"shipping-taxable","11":"purchasable","12":"product-type-variable"},"yoast_head":"<!-- This site is optimized with the Yoast SEO Premium plugin v22.5 (Yoast SEO v25.6) - https:\/\/yoast.com\/wordpress\/plugins\/seo\/ -->\n<title>Pentedrone - Pure Lab Research Chem<\/title>\n<meta name=\"description\" content=\"Pentedrone For Sale Pentedrone, \u03b1-methylamino-Valerophenone is being sold online at purelabchem.com and has a full IUPAC name of Best Online Store To Buy Top Quality Research Chemicals\" \/>\n<meta name=\"robots\" content=\"index, follow, max-snippet:-1, max-image-preview:large, max-video-preview:-1\" \/>\n<link rel=\"canonical\" href=\"https:\/\/purelabchem.com\/cz\/product\/pentedrone\/\" \/>\n<meta property=\"og:locale\" content=\"cs_CZ\" \/>\n<meta property=\"og:type\" content=\"article\" \/>\n<meta property=\"og:title\" content=\"Pentedrone\" \/>\n<meta property=\"og:description\" content=\"Pentedrone For Sale Pentedrone, \u03b1-methylamino-Valerophenone is being sold online at purelabchem.com and has a full IUPAC name of Best Online Store To Buy Top Quality Research Chemicals\" \/>\n<meta property=\"og:url\" content=\"https:\/\/purelabchem.com\/cz\/product\/pentedrone\/\" \/>\n<meta property=\"og:site_name\" content=\"Pure Lab Research Chem\" \/>\n<meta property=\"article:modified_time\" content=\"2023-10-05T02:42:07+00:00\" \/>\n<meta property=\"og:image\" content=\"https:\/\/purelabchem.com\/wp-content\/uploads\/2023\/07\/photo_2023-07-29_08-50-28.jpg\" \/>\n\t<meta property=\"og:image:width\" content=\"600\" \/>\n\t<meta property=\"og:image:height\" content=\"600\" \/>\n\t<meta property=\"og:image:type\" content=\"image\/jpeg\" \/>\n<meta name=\"twitter:card\" content=\"summary_large_image\" \/>\n<meta name=\"twitter:label1\" content=\"Odhadovan\u00e1 doba \u010dten\u00ed\" \/>\n\t<meta name=\"twitter:data1\" content=\"1 minuta\" \/>\n<script type=\"application\/ld+json\" class=\"yoast-schema-graph\">{\"@context\":\"https:\/\/schema.org\",\"@graph\":[{\"@type\":\"WebPage\",\"@id\":\"https:\/\/purelabchem.com\/product\/pentedrone\/\",\"url\":\"https:\/\/purelabchem.com\/product\/pentedrone\/\",\"name\":\"Pentedrone - Pure Lab Research Chem\",\"isPartOf\":{\"@id\":\"https:\/\/purelabchem.com\/#website\"},\"primaryImageOfPage\":{\"@id\":\"https:\/\/purelabchem.com\/product\/pentedrone\/#primaryimage\"},\"image\":{\"@id\":\"https:\/\/purelabchem.com\/product\/pentedrone\/#primaryimage\"},\"thumbnailUrl\":\"https:\/\/purelabchem.com\/wp-content\/uploads\/2023\/07\/photo_2023-07-29_08-50-28.jpg\",\"datePublished\":\"2023-07-29T07:52:19+00:00\",\"dateModified\":\"2023-10-05T02:42:07+00:00\",\"description\":\"Pentedrone For Sale Pentedrone, \u03b1-methylamino-Valerophenone is being sold online at purelabchem.com and has a full IUPAC name of Best Online Store To Buy Top Quality Research Chemicals\",\"breadcrumb\":{\"@id\":\"https:\/\/purelabchem.com\/product\/pentedrone\/#breadcrumb\"},\"inLanguage\":\"cs\",\"potentialAction\":[{\"@type\":\"ReadAction\",\"target\":[\"https:\/\/purelabchem.com\/product\/pentedrone\/\"]}]},{\"@type\":\"ImageObject\",\"inLanguage\":\"cs\",\"@id\":\"https:\/\/purelabchem.com\/product\/pentedrone\/#primaryimage\",\"url\":\"https:\/\/purelabchem.com\/wp-content\/uploads\/2023\/07\/photo_2023-07-29_08-50-28.jpg\",\"contentUrl\":\"https:\/\/purelabchem.com\/wp-content\/uploads\/2023\/07\/photo_2023-07-29_08-50-28.jpg\",\"width\":600,\"height\":600,\"caption\":\"Pentedrone\"},{\"@type\":\"BreadcrumbList\",\"@id\":\"https:\/\/purelabchem.com\/product\/pentedrone\/#breadcrumb\",\"itemListElement\":[{\"@type\":\"ListItem\",\"position\":1,\"name\":\"Home\",\"item\":\"https:\/\/purelabchem.com\/\"},{\"@type\":\"ListItem\",\"position\":2,\"name\":\"Pentedrone\"}]},{\"@type\":\"WebSite\",\"@id\":\"https:\/\/purelabchem.com\/#website\",\"url\":\"https:\/\/purelabchem.com\/\",\"name\":\"Pure Lab Research Chem\",\"description\":\"Best Online Store To Buy Top Quality Research Chemicals\",\"potentialAction\":[{\"@type\":\"SearchAction\",\"target\":{\"@type\":\"EntryPoint\",\"urlTemplate\":\"https:\/\/purelabchem.com\/?s={search_term_string}\"},\"query-input\":{\"@type\":\"PropertyValueSpecification\",\"valueRequired\":true,\"valueName\":\"search_term_string\"}}],\"inLanguage\":\"cs\"}]}<\/script>\n<!-- \/ Yoast SEO Premium plugin. -->","yoast_head_json":{"title":"Pentedrone - Pure Lab Research Chem","description":"Pentedrone For Sale Pentedrone, \u03b1-methylamino-Valerophenone is being sold online at purelabchem.com and has a full IUPAC name of Best Online Store To Buy Top Quality Research Chemicals","robots":{"index":"index","follow":"follow","max-snippet":"max-snippet:-1","max-image-preview":"max-image-preview:large","max-video-preview":"max-video-preview:-1"},"canonical":"https:\/\/purelabchem.com\/cz\/product\/pentedrone\/","og_locale":"cs_CZ","og_type":"article","og_title":"Pentedrone","og_description":"Pentedrone For Sale Pentedrone, \u03b1-methylamino-Valerophenone is being sold online at purelabchem.com and has a full IUPAC name of Best Online Store To Buy Top Quality Research Chemicals","og_url":"https:\/\/purelabchem.com\/cz\/product\/pentedrone\/","og_site_name":"Pure Lab Research Chem","article_modified_time":"2023-10-05T02:42:07+00:00","og_image":[{"width":600,"height":600,"url":"https:\/\/purelabchem.com\/wp-content\/uploads\/2023\/07\/photo_2023-07-29_08-50-28.jpg","type":"image\/jpeg"}],"twitter_card":"summary_large_image","twitter_misc":{"Odhadovan\u00e1 doba \u010dten\u00ed":"1 minuta"},"schema":{"@context":"https:\/\/schema.org","@graph":[{"@type":"WebPage","@id":"https:\/\/purelabchem.com\/product\/pentedrone\/","url":"https:\/\/purelabchem.com\/product\/pentedrone\/","name":"Pentedrone - Pure Lab Research Chem","isPartOf":{"@id":"https:\/\/purelabchem.com\/#website"},"primaryImageOfPage":{"@id":"https:\/\/purelabchem.com\/product\/pentedrone\/#primaryimage"},"image":{"@id":"https:\/\/purelabchem.com\/product\/pentedrone\/#primaryimage"},"thumbnailUrl":"https:\/\/purelabchem.com\/wp-content\/uploads\/2023\/07\/photo_2023-07-29_08-50-28.jpg","datePublished":"2023-07-29T07:52:19+00:00","dateModified":"2023-10-05T02:42:07+00:00","description":"Pentedrone For Sale Pentedrone, \u03b1-methylamino-Valerophenone is being sold online at purelabchem.com and has a full IUPAC name of Best Online Store To Buy Top Quality Research Chemicals","breadcrumb":{"@id":"https:\/\/purelabchem.com\/product\/pentedrone\/#breadcrumb"},"inLanguage":"cs","potentialAction":[{"@type":"ReadAction","target":["https:\/\/purelabchem.com\/product\/pentedrone\/"]}]},{"@type":"ImageObject","inLanguage":"cs","@id":"https:\/\/purelabchem.com\/product\/pentedrone\/#primaryimage","url":"https:\/\/purelabchem.com\/wp-content\/uploads\/2023\/07\/photo_2023-07-29_08-50-28.jpg","contentUrl":"https:\/\/purelabchem.com\/wp-content\/uploads\/2023\/07\/photo_2023-07-29_08-50-28.jpg","width":600,"height":600,"caption":"Pentedrone"},{"@type":"BreadcrumbList","@id":"https:\/\/purelabchem.com\/product\/pentedrone\/#breadcrumb","itemListElement":[{"@type":"ListItem","position":1,"name":"Home","item":"https:\/\/purelabchem.com\/"},{"@type":"ListItem","position":2,"name":"Pentedrone"}]},{"@type":"WebSite","@id":"https:\/\/purelabchem.com\/#website","url":"https:\/\/purelabchem.com\/","name":"Pure Lab Research Chem","description":"Nejlep\u0161\u00ed online obchod pro n\u00e1kup vysoce kvalitn\u00edch v\u00fdzkumn\u00fdch chemik\u00e1li\u00ed","potentialAction":[{"@type":"SearchAction","target":{"@type":"EntryPoint","urlTemplate":"https:\/\/purelabchem.com\/?s={search_term_string}"},"query-input":{"@type":"PropertyValueSpecification","valueRequired":true,"valueName":"search_term_string"}}],"inLanguage":"cs"}]}},"_links":{"self":[{"href":"https:\/\/purelabchem.com\/cz\/wp-json\/wp\/v2\/product\/95","targetHints":{"allow":["GET"]}}],"collection":[{"href":"https:\/\/purelabchem.com\/cz\/wp-json\/wp\/v2\/product"}],"about":[{"href":"https:\/\/purelabchem.com\/cz\/wp-json\/wp\/v2\/types\/product"}],"replies":[{"embeddable":true,"href":"https:\/\/purelabchem.com\/cz\/wp-json\/wp\/v2\/comments?post=95"}],"wp:featuredmedia":[{"embeddable":true,"href":"https:\/\/purelabchem.com\/cz\/wp-json\/wp\/v2\/media\/96"}],"wp:attachment":[{"href":"https:\/\/purelabchem.com\/cz\/wp-json\/wp\/v2\/media?parent=95"}],"wp:term":[{"taxonomy":"product_brand","embeddable":true,"href":"https:\/\/purelabchem.com\/cz\/wp-json\/wp\/v2\/product_brand?post=95"},{"taxonomy":"product_cat","embeddable":true,"href":"https:\/\/purelabchem.com\/cz\/wp-json\/wp\/v2\/product_cat?post=95"},{"taxonomy":"product_tag","embeddable":true,"href":"https:\/\/purelabchem.com\/cz\/wp-json\/wp\/v2\/product_tag?post=95"}],"curies":[{"name":"wp","href":"https:\/\/api.w.org\/{rel}","templated":true}]}}