{"id":783,"date":"2023-08-02T07:41:11","date_gmt":"2023-08-02T07:41:11","guid":{"rendered":"https:\/\/purelabchem.com\/?post_type=product&#038;p=783"},"modified":"2025-08-03T09:54:14","modified_gmt":"2025-08-03T09:54:14","slug":"efedrinovy-prasek","status":"publish","type":"product","link":"https:\/\/purelabchem.com\/cz\/product\/efedrinovy-prasek\/","title":{"rendered":"Efedrinov\u00fd pr\u00e1\u0161ek"},"content":{"rendered":"<h1><strong>Koupit efedrinov\u00fd pr\u00e1\u0161ek online - prvot\u0159\u00eddn\u00ed kvalita, rychl\u00e1 doprava<\/strong><\/h1>\n<p><span class=\"wordai-block rewrite-block enable-highlight\" data-id=\"3\">Chcete si koupit efedrinov\u00fd pr\u00e1\u0161ek na internetu?<\/span>\u00a0<span class=\"wordai-block rewrite-block enable-highlight\" data-id=\"2\">Jste na spr\u00e1vn\u00e9m m\u00edst\u011b!<\/span>\u00a0<span class=\"wordai-block rewrite-block enable-highlight\" data-id=\"8\">Na\u0161e <strong>vysoce kvalitn\u00ed efedrinov\u00fd pr\u00e1\u0161ek<\/strong> je nyn\u00ed <strong>k zakoupen\u00ed<\/strong> prost\u0159ednictv\u00edm na\u0161ich bezpe\u010dn\u00fdch webov\u00fdch str\u00e1nek.<\/span>\u00a0<span class=\"wordai-block rewrite-block enable-highlight\" data-id=\"15\">S dobrou pov\u011bst\u00ed kvality Jsme hrd\u00ed na to, \u017ee nab\u00edz\u00edme v\u00fdrobky \u0161pi\u010dkov\u00e9 kvality, kter\u00e9 p\u0159ekra\u010duj\u00ed nejvy\u0161\u0161\u00ed standardy v oboru.<\/span><\/p>\n<h3><strong><span class=\"wordai-block rewrite-block enable-highlight\" data-id=\"1\">Pro\u010d si vybrat n\u00e1\u0161 efedrinov\u00fd pr\u00e1\u0161ek?<\/span><\/strong><\/h3>\n<ul>\n<li><span class=\"wordai-block rewrite-block enable-highlight\" data-id=\"18\"><strong>\u010cist\u00fd a siln\u00fd:<\/strong>\u00a0Nab\u00edz\u00edme efedrinov\u00fd pr\u00e1\u0161ek od d\u016fv\u011bryhodn\u00fdch dodavatel\u016f a proch\u00e1z\u00ed p\u0159\u00edsn\u00fdm testov\u00e1n\u00edm, aby se ov\u011b\u0159ila jeho \u010distota a \u00fa\u010dinnost, kter\u00e1 v\u00e1m poskytne v\u00fdsledky, kter\u00e9 jste v\u017edy cht\u011bli.<\/span><\/li>\n<li><span class=\"wordai-block rewrite-block enable-highlight\" data-id=\"5\"><strong>Rychl\u00e9 dod\u00e1n\u00ed:<\/strong>\u00a0Ch\u00e1peme, \u017ee je d\u016fle\u017eit\u00e9, abyste sv\u016fj n\u00e1kup obdr\u017eeli rychle.<\/span>\u00a0<span class=\"wordai-block rewrite-block enable-highlight\" data-id=\"12\">Nab\u00edz\u00edme rychl\u00e9 a bezpe\u010dn\u00e9 mo\u017enosti p\u0159epravy, abyste m\u011bli sv\u016fj efedrinov\u00fd pr\u00e1\u0161ek na prahu v kr\u00e1tk\u00e9m \u010dase.<\/span><\/li>\n<li><span class=\"wordai-block rewrite-block enable-highlight\" data-id=\"4\"><strong>Jednoduch\u00fd proces objedn\u00e1v\u00e1n\u00ed:<\/strong>\u00a0D\u00edky na\u0161\u00ed u\u017eivatelsky p\u0159\u00edv\u011btiv\u00e9 online platform\u011b je objedn\u00e1v\u00e1n\u00ed efedrinov\u00e9ho pr\u00e1\u0161ku snadn\u00fdm procesem.<\/span>\u00a0<span class=\"wordai-block rewrite-block enable-highlight\" data-id=\"9\">Sta\u010d\u00ed n\u011bkolik kliknut\u00ed a n\u00e1kup m\u016f\u017eete dokon\u010dit bezpe\u010dn\u011b a rychle.<\/span><\/li>\n<li><span class=\"wordai-block rewrite-block enable-highlight\" data-id=\"17\"><strong>Bezpe\u010dnostn\u00ed balen\u00ed:<\/strong>\u00a0Tento efedrinov\u00fd p\u0159\u00edpravek je diskr\u00e9tn\u011b a bezpe\u010dn\u011b zabalen, aby byl dod\u00e1n v naprost\u00e9m po\u0159\u00e1dku a zachoval si vysokou kvalitu.<\/span><\/li>\n<\/ul>\n<p><span class=\"wordai-block rewrite-block enable-highlight\" data-id=\"13\"><strong>V\u00fdhody efedrinov\u00e9ho pr\u00e1\u0161ku<\/strong>\u00a0Efedrinov\u00fd pr\u00e1\u0161ek je \u0161iroce uzn\u00e1v\u00e1n pro sv\u00e9 potenci\u00e1ln\u00ed v\u00fdhody, kter\u00e9 zahrnuj\u00ed:<\/span><\/p>\n<ul>\n<li><span class=\"wordai-block rewrite-block enable-highlight\" data-id=\"19\"><strong>Pomoc p\u0159i regulaci hmotnosti:<\/strong>\u00a0Efedrinov\u00fd pr\u00e1\u0161ek se b\u011b\u017en\u011b pou\u017e\u00edv\u00e1 jako sou\u010d\u00e1st dopl\u0148k\u016f pro hubnut\u00ed d\u00edky sv\u00e9 schopnosti zv\u00fd\u0161it energetick\u00e9 hladiny a metabolismus.<\/span><\/li>\n<li><span class=\"wordai-block rewrite-block enable-highlight\" data-id=\"14\"><strong>Zlep\u0161en\u00ed soust\u0159ed\u011bn\u00ed:<\/strong>\u00a0N\u011bkte\u0159\u00ed jedinci zjistili, \u017ee efedrinov\u00fd pr\u00e1\u0161ek zlep\u0161uje koncentraci a bd\u011blost. D\u00edky tomu je obl\u00edben\u00fd mezi lidmi, kte\u0159\u00ed cht\u011bj\u00ed zv\u00fd\u0161it sv\u00e9 kognitivn\u00ed schopnosti.<\/span><\/li>\n<li><span class=\"wordai-block rewrite-block enable-highlight\" data-id=\"11\"><strong>Podpora d\u00fdch\u00e1n\u00ed:<\/strong>\u00a0Pr\u00e1\u0161ek efedrinu obsahuje rozs\u00e1hlou historii pomoci p\u0159i udr\u017eov\u00e1n\u00ed d\u00fdchac\u00edch funkc\u00ed a podpo\u0159e otev\u0159en\u00fdch d\u00fdchac\u00edch cest.<\/span><\/li>\n<\/ul>\n<p><span class=\"wordai-block rewrite-block enable-highlight\" data-id=\"16\"><strong>N\u00e1vod k pou\u017eit\u00ed:<\/strong>\u00a0P\u0159ed pou\u017eit\u00edm efedrinov\u00e9ho pr\u00e1\u0161ku je d\u016fle\u017eit\u00e9 poradit se s l\u00e9ka\u0159em, abyste ur\u010dili spr\u00e1vn\u00e9 d\u00e1vkov\u00e1n\u00ed a zajistili, \u017ee je v souladu s va\u0161imi specifick\u00fdmi zdravotn\u00edmi po\u017eadavky.<\/span><\/p>\n<p><span class=\"wordai-block rewrite-block enable-highlight\" data-id=\"21\">Prozkoumejte transforma\u010dn\u00ed potenci\u00e1l efedrinov\u00e9ho pr\u00e1\u0161ku Je to mnohostrann\u00e1 a \u0161iroce uzn\u00e1van\u00e1 l\u00e1tka, kter\u00e1 si z\u00edskala sv\u00e9 m\u00edsto v oblasti wellness.<\/span>\u00a0<span class=\"wordai-block rewrite-block enable-highlight\" data-id=\"22\">Kdy\u017e si koup\u00edte efedrinov\u00fd pr\u00e1\u0161ek prost\u0159ednictv\u00edm n\u00e1s, nen\u00ed to jen ot\u00e1zka n\u00e1kupu produktu, ale cesta k va\u0161im fitness a zdravotn\u00edm c\u00edl\u016fm.<\/span><\/p>\n<h3><strong><span class=\"wordai-block rewrite-block enable-highlight\" data-id=\"1\">Uvoln\u011bte v\u00fdhody efedrinov\u00e9ho pr\u00e1\u0161ku:<\/span><\/strong><\/h3>\n<ul>\n<li><span class=\"wordai-block rewrite-block enable-highlight\" data-id=\"20\"><strong>Zrychlen\u00fd metabolismus:<\/strong>\u00a0Pr\u00e1\u0161ek efedrinu je zkoum\u00e1n pro svou schopnost zv\u00fd\u0161it metabolismus, pom\u00e1h\u00e1 p\u0159i odbour\u00e1v\u00e1n\u00ed tuk\u016f a podporuje efektivn\u00ed vyu\u017eit\u00ed energie.<\/span>\u00a0<span class=\"wordai-block rewrite-block enable-highlight\" data-id=\"2\">Tato metabolick\u00e1 vzpruha m\u016f\u017ee p\u0159isp\u011bt k dosa\u017een\u00ed va\u0161ich c\u00edl\u016f v oblasti hubnut\u00ed.<\/span><\/li>\n<li><span class=\"wordai-block rewrite-block enable-highlight\" data-id=\"19\"><strong>Zv\u00fd\u0161en\u00e1 hladina energie:<\/strong>\u00a0Poc\u00edt\u00edte p\u0159\u00edliv energie, kter\u00fd v\u00e1s povzbud\u00ed p\u0159i cvi\u010den\u00ed a udr\u017e\u00ed v\u00e1s ve form\u011b po cel\u00fd den.<\/span>\u00a0<span class=\"wordai-block rewrite-block enable-highlight\" data-id=\"3\">Stimula\u010dn\u00ed vlastnosti efedrinu v pr\u00e1\u0161ku v\u00e1m mohou poskytnout energii pro zvl\u00e1dnut\u00ed va\u0161\u00ed fitness rutiny.<\/span><\/li>\n<li><span class=\"wordai-block rewrite-block enable-highlight\" data-id=\"11\"><strong>lep\u0161\u00ed kognitivn\u00ed funkce:<\/strong>\u00a0U\u017eivatel\u00e9 hl\u00e1sili zv\u00fd\u0161enou koncentraci, du\u0161evn\u00ed jasnost a zv\u00fd\u0161enou bd\u011blost p\u0159i pou\u017e\u00edv\u00e1n\u00ed efedrinov\u00e9ho pr\u00e1\u0161ku.<\/span>\u00a0<span class=\"wordai-block rewrite-block enable-highlight\" data-id=\"12\">Kdy\u017e v\u00e1s \u010dek\u00e1 n\u00e1ro\u010dn\u00e1 pr\u00e1ce nebo intenzivn\u00ed cvi\u010den\u00ed, kognitivn\u00ed funkce by mohly m\u00edt v\u00fdznam.<\/span><\/li>\n<li><span class=\"wordai-block rewrite-block enable-highlight\" data-id=\"17\"><strong>D\u00fdchejte klidn\u011b:<\/strong>\u00a0Historick\u00e9 pou\u017eit\u00ed efedrinov\u00e9ho pr\u00e1\u0161ku v respira\u010dn\u00edch pom\u016fck\u00e1ch nazna\u010duje jeho schopnost pom\u00e1hat udr\u017eovat \u010dist\u00e9 d\u00fdchac\u00ed cesty.<\/span>\u00a0<span class=\"wordai-block rewrite-block enable-highlight\" data-id=\"10\">Pokud hled\u00e1te holistick\u00e9 metody pro zlep\u0161en\u00ed zdrav\u00ed d\u00fdchac\u00edch cest, m\u016f\u017ee b\u00fdt efedrinov\u00fd pr\u00e1\u0161ek \u0159e\u0161en\u00edm, kter\u00e9 jste hledali.<\/span><\/li>\n<\/ul>\n<p><span class=\"wordai-block rewrite-block enable-highlight\" data-id=\"5\"><strong>Jak integrovat efedrinov\u00fd pr\u00e1\u0161ek:<\/strong>\u00a0Chcete-li pln\u011b vyu\u017e\u00edt potenci\u00e1l efedrinov\u00e9ho pr\u00e1\u0161ku, dodr\u017eujte tyto pokyny:<\/span><\/p>\n<ol>\n<li><span class=\"wordai-block rewrite-block enable-highlight\" data-id=\"6\"><strong>Obra\u0165te se na odborn\u00edka:<\/strong>\u00a0P\u0159ed zah\u00e1jen\u00edm jak\u00e9hokoli nov\u00e9ho re\u017eimu u\u017e\u00edv\u00e1n\u00ed dopl\u0148k\u016f stravy byste m\u011bli vyhledat l\u00e9ka\u0159e.<\/span>\u00a0<span class=\"wordai-block rewrite-block enable-highlight\" data-id=\"9\">Posoud\u00ed v\u00e1\u0161 zdravotn\u00ed stav a nab\u00eddne v\u00e1m individu\u00e1ln\u00ed doporu\u010den\u00ed \u0161it\u00e1 na m\u00edru va\u0161im po\u017eadavk\u016fm.<\/span><\/li>\n<li><span class=\"wordai-block rewrite-block enable-highlight\" data-id=\"18\"><strong>Za\u010dn\u011bte na n\u00edzk\u00e9 \u00farovni a postupn\u011b ji zvy\u0161ujte:<\/strong>\u00a0Pokud v\u00e1m to doporu\u010d\u00ed l\u00e9ka\u0159, za\u010dn\u011bte s m\u00edrn\u00fdm d\u00e1vkov\u00e1n\u00edm a pak ho postupn\u011b zvy\u0161ujte.<\/span>\u00a0<span class=\"wordai-block rewrite-block enable-highlight\" data-id=\"8\">Schopnost sledovat reakce va\u0161eho t\u011bla je z\u00e1sadn\u00ed pro nalezen\u00ed spr\u00e1vn\u00e9ho d\u00e1vkov\u00e1n\u00ed.<\/span><\/li>\n<li><span class=\"wordai-block rewrite-block enable-highlight\" data-id=\"14\"><strong>Kombinujte se zdrav\u00fdm \u017eivotn\u00edm stylem Alternativy:<\/strong>\u00a0Efedrinov\u00fd pr\u00e1\u0161ek funguje nejl\u00e9pe, kdy\u017e je za\u010dlen\u011bn do holistick\u00e9 strategie pro zdrav\u00ed a wellness.<\/span>\u00a0<span class=\"wordai-block rewrite-block enable-highlight\" data-id=\"13\">Dbejte na vyv\u00e1\u017eenou stravu, pravidelnou fyzickou aktivitu a up\u0159ednost\u0148ujte klidn\u00fd sp\u00e1nek, abyste dos\u00e1hli optim\u00e1ln\u00edch v\u00fdsledk\u016f.<\/span><\/li>\n<\/ol>\n<p><span class=\"wordai-block rewrite-block enable-highlight\" data-id=\"16\"><strong>N\u00e1\u0161 z\u00e1vazek ke kvalit\u011b:<\/strong>\u00a0Kdy\u017e <strong>koupit efedrinov\u00fd pr\u00e1\u0161ek na na\u0161ich webov\u00fdch str\u00e1nk\u00e1ch<\/strong> kupujete zbo\u017e\u00ed, kter\u00e9 spl\u0148uje nejvy\u0161\u0161\u00ed standardy kvality.<\/span>\u00a0<span class=\"wordai-block rewrite-block enable-highlight\" data-id=\"23\">Na\u0161e oddanost kvalit\u011b se vztahuje na cel\u00fd proces, od z\u00edsk\u00e1v\u00e1n\u00ed zdroj\u016f a\u017e po balen\u00ed, a zaji\u0161\u0165uje, \u017ee dostanete produkt, kter\u00fd p\u0159ed\u010d\u00ed va\u0161e o\u010dek\u00e1v\u00e1n\u00ed.<\/span><\/p>\n<h4><strong>Kde koupit efedrinov\u00fd pr\u00e1\u0161ek online?<\/strong><\/h4>\n<p><span class=\"wordai-block rewrite-block enable-highlight\" data-id=\"7\"><strong>Nakupte je\u0161t\u011b dnes:<\/strong>\u00a0Vyu\u017eijte p\u0159\u00edle\u017eitost zlep\u0161it sv\u00e9 celkov\u00e9 zdrav\u00ed pomoc\u00ed pr\u00e1\u0161ku efedrinu.<\/span>\u00a0<span class=\"wordai-block rewrite-block enable-highlight\" data-id=\"15\">Nakupujte online prost\u0159ednictv\u00edm na\u0161eho <a href=\"https:\/\/purelabchem.com\/cz\/\">d\u016fv\u011bryhodn\u00e1 platforma<\/a>, a vydejte se na cestu ke zlep\u0161en\u00ed metabolismu, v\u011bt\u0161\u00edmu mno\u017estv\u00ed energie a tak\u00e9 k lep\u0161\u00edmu soust\u0159ed\u011bn\u00ed a celkov\u00e9 energii.<\/span>\u00a0<span class=\"wordai-block rewrite-block enable-highlight\" data-id=\"4\">Jsme tu pro v\u00e1s po celou dobu cesty.<\/span><\/p>\n<p><span class=\"wordai-block rewrite-block enable-highlight\" data-id=\"6\">Nenechte si uj\u00edt p\u0159\u00edle\u017eitost <a href=\"https:\/\/purelabchem.com\/cz\/product\/efedrinovy-prasek\/\">koupit efedrinov\u00fd pr\u00e1\u0161ek online<\/a> od d\u016fv\u011bryhodn\u00e9ho dodavatele.<\/span>\u00a0<span class=\"wordai-block rewrite-block enable-highlight\" data-id=\"10\">U\u017eijte si pohodl\u00ed na\u0161eho rychl\u00e9ho procesu objedn\u00e1v\u00e1n\u00ed a \u0161pi\u010dkovou kvalitu na\u0161eho \u0161pi\u010dkov\u00e9ho produktu.<\/span>\u00a0<span class=\"wordai-block rewrite-block enable-highlight\" data-id=\"7\">Nakupte si nyn\u00ed a vydejte se na cestu k dosa\u017een\u00ed sv\u00fdch wellness c\u00edl\u016f.<\/span><\/p>","protected":false},"excerpt":{"rendered":"<p>Buy Ephedrine Powder Online \u2013 Premium Quality, Fast Shipping Want to purchase Ephedrine Powder on the internet?\u00a0You&#8217;re in the right place!\u00a0Our top-quality Ephedrine Powder is now available to purchase via our safe website.\u00a0With a strong reputation for quality We take great pride in offering top-quality products that exceeds the very highest standards of industry. Why [&hellip;]<\/p>","protected":false},"featured_media":784,"comment_status":"open","ping_status":"closed","template":"","meta":[],"product_brand":[],"product_cat":[64],"product_tag":[129,217,174,187,181,169,199,133,205,191,195,183,197,211,193,177,207,175,203,185,189,215,179,172,201,209,135,213,132,134,130,131,218,173,170,206,184,198,212,208,176,204,186,190,180,171,202,214,188,182,200,192,196,194,178,216,210,136,138,137],"class_list":{"0":"post-783","1":"product","2":"type-product","3":"status-publish","4":"has-post-thumbnail","6":"product_cat-research-chemicals","7":"product_tag-buy-ephedrine-powder","8":"product_tag-buy-ephedrine-powder-in-breclav-czech","9":"product_tag-buy-ephedrine-powder-in-brno-czech","10":"product_tag-buy-ephedrine-powder-in-ceske-budejovice-czech","11":"product_tag-buy-ephedrine-powder-in-cesky-krumlov-czech","12":"product_tag-buy-ephedrine-powder-in-czech","13":"product_tag-buy-ephedrine-powder-in-decin-czech","14":"product_tag-buy-ephedrine-powder-in-europe","15":"product_tag-buy-ephedrine-powder-in-havirov-czech","16":"product_tag-buy-ephedrine-powder-in-hradec-kralove-czech","17":"product_tag-buy-ephedrine-powder-in-jihlava-czech","18":"product_tag-buy-ephedrine-powder-in-karlovy-vary-czech","19":"product_tag-buy-ephedrine-powder-in-kladno-czech","20":"product_tag-buy-ephedrine-powder-in-kolin-czech","21":"product_tag-buy-ephedrine-powder-in-kutna-hora-czech","22":"product_tag-buy-ephedrine-powder-in-liberec-czech","23":"product_tag-buy-ephedrine-powder-in-litomerice-czech","24":"product_tag-buy-ephedrine-powder-in-olomouc-czech","25":"product_tag-buy-ephedrine-powder-in-opava-czech","26":"product_tag-buy-ephedrine-powder-in-ostrava-czech","27":"product_tag-buy-ephedrine-powder-in-pardubice-czech","28":"product_tag-buy-ephedrine-powder-in-pisek-czech","29":"product_tag-buy-ephedrine-powder-in-plzen-czech","30":"product_tag-buy-ephedrine-powder-in-prague","31":"product_tag-buy-ephedrine-powder-in-tabor-czech","32":"product_tag-buy-ephedrine-powder-in-trebic-czech","33":"product_tag-buy-ephedrine-powder-in-uk","34":"product_tag-buy-ephedrine-powder-in-znojmo-czech","35":"product_tag-buy-ephedrine-powder-online","36":"product_tag-buy-ephedrine-powder-online-discretely","37":"product_tag-buy-ephedrine-within-the-us","38":"product_tag-buy-powder","39":"product_tag-koupit-efedrin-prasek-v-breclavi-cesko","40":"product_tag-koupit-efedrin-prasek-v-brne-czech","41":"product_tag-koupit-efedrin-prasek-v-cesku","42":"product_tag-koupit-efedrin-prasek-v-havirov-cesko","43":"product_tag-koupit-efedrin-prasek-v-karlovych-varech-cesko","44":"product_tag-koupit-efedrin-prasek-v-kladno-cesko","45":"product_tag-koupit-efedrin-prasek-v-koline-cesko","46":"product_tag-koupit-efedrin-prasek-v-litomerice-cesko","47":"product_tag-koupit-efedrin-prasek-v-olomouci-cesko","48":"product_tag-koupit-efedrin-prasek-v-opave-cesko","49":"product_tag-koupit-efedrin-prasek-v-ostrave-cesko","50":"product_tag-koupit-efedrin-prasek-v-pardubicich-cesko","51":"product_tag-koupit-efedrin-prasek-v-plzni-cesko","52":"product_tag-koupit-efedrin-prasek-v-praze","53":"product_tag-koupit-efedrin-prasek-v-tabore-cesko","54":"product_tag-koupit-efedrin-prasek-ve-znojme-cesko","55":"product_tag-koupit-efedrinovy-prasek-v-ceske-budejovice-cesky","56":"product_tag-koupit-efedrinovy-prasek-v-ceskem-krumlove","57":"product_tag-koupit-efedrinovy-prasek-v-decine-cesko","58":"product_tag-koupit-efedrinovy-prasek-v-hradci-kralove-cesko","59":"product_tag-koupit-efedrinovy-prasek-v-jihlave-cesko","60":"product_tag-koupit-efedrinovy-prasek-v-kutne-hore-cesko","61":"product_tag-koupit-efedrinovy-prasek-v-liberec-czech","62":"product_tag-koupit-efedrinovy-prasek-v-pisku-cesko","63":"product_tag-koupit-efedrinovy-prasek-v-trebici-cesko","64":"product_tag-order-ephedrine-powder","65":"product_tag-order-ephedrine-powder-in-europe","66":"product_tag-order-ephedrine-powderin-uk","68":"first","69":"instock","70":"featured","71":"shipping-taxable","72":"purchasable","73":"product-type-variable"},"yoast_head":"<!-- This site is optimized with the Yoast SEO Premium plugin v22.5 (Yoast SEO v25.6) - https:\/\/yoast.com\/wordpress\/plugins\/seo\/ -->\n<title>Buy Ephedrine Powder - Best place to buy Ephedrine powder online<\/title>\n<meta name=\"description\" content=\"Buy Ephedrine Powder Online cheap. We offer the most competitive prices online and high grade Ephedrine powder. Fast and discreet deliveries worldwide!\" \/>\n<meta name=\"robots\" content=\"index, follow, max-snippet:-1, max-image-preview:large, max-video-preview:-1\" \/>\n<link rel=\"canonical\" href=\"https:\/\/purelabchem.com\/cz\/product\/efedrinovy-prasek\/\" \/>\n<meta property=\"og:locale\" content=\"cs_CZ\" \/>\n<meta property=\"og:type\" content=\"article\" \/>\n<meta property=\"og:title\" content=\"Ephedrine Powder\" \/>\n<meta property=\"og:description\" content=\"Buy Ephedrine Powder Online cheap. We offer the most competitive prices online and high grade Ephedrine powder. Fast and discreet deliveries worldwide!\" \/>\n<meta property=\"og:url\" content=\"https:\/\/purelabchem.com\/cz\/product\/efedrinovy-prasek\/\" \/>\n<meta property=\"og:site_name\" content=\"Pure Lab Research Chem\" \/>\n<meta property=\"article:modified_time\" content=\"2025-08-03T09:54:14+00:00\" \/>\n<meta property=\"og:image\" content=\"https:\/\/purelabchem.com\/wp-content\/uploads\/2023\/08\/photo_2023-08-02_08-36-52.jpg\" \/>\n\t<meta property=\"og:image:width\" content=\"390\" \/>\n\t<meta property=\"og:image:height\" content=\"219\" \/>\n\t<meta property=\"og:image:type\" content=\"image\/jpeg\" \/>\n<meta name=\"twitter:card\" content=\"summary_large_image\" \/>\n<meta name=\"twitter:label1\" content=\"Odhadovan\u00e1 doba \u010dten\u00ed\" \/>\n\t<meta name=\"twitter:data1\" content=\"4 minuty\" \/>\n<script type=\"application\/ld+json\" class=\"yoast-schema-graph\">{\"@context\":\"https:\/\/schema.org\",\"@graph\":[{\"@type\":\"WebPage\",\"@id\":\"https:\/\/purelabchem.com\/product\/ephedrine-powder\/\",\"url\":\"https:\/\/purelabchem.com\/product\/ephedrine-powder\/\",\"name\":\"Buy Ephedrine Powder - Best place to buy Ephedrine powder online\",\"isPartOf\":{\"@id\":\"https:\/\/purelabchem.com\/#website\"},\"primaryImageOfPage\":{\"@id\":\"https:\/\/purelabchem.com\/product\/ephedrine-powder\/#primaryimage\"},\"image\":{\"@id\":\"https:\/\/purelabchem.com\/product\/ephedrine-powder\/#primaryimage\"},\"thumbnailUrl\":\"https:\/\/purelabchem.com\/wp-content\/uploads\/2023\/08\/photo_2023-08-02_08-36-52.jpg\",\"datePublished\":\"2023-08-02T07:41:11+00:00\",\"dateModified\":\"2025-08-03T09:54:14+00:00\",\"description\":\"Buy Ephedrine Powder Online cheap. We offer the most competitive prices online and high grade Ephedrine powder. Fast and discreet deliveries worldwide!\",\"breadcrumb\":{\"@id\":\"https:\/\/purelabchem.com\/product\/ephedrine-powder\/#breadcrumb\"},\"inLanguage\":\"cs\",\"potentialAction\":[{\"@type\":\"ReadAction\",\"target\":[\"https:\/\/purelabchem.com\/product\/ephedrine-powder\/\"]}]},{\"@type\":\"ImageObject\",\"inLanguage\":\"cs\",\"@id\":\"https:\/\/purelabchem.com\/product\/ephedrine-powder\/#primaryimage\",\"url\":\"https:\/\/purelabchem.com\/wp-content\/uploads\/2023\/08\/photo_2023-08-02_08-36-52.jpg\",\"contentUrl\":\"https:\/\/purelabchem.com\/wp-content\/uploads\/2023\/08\/photo_2023-08-02_08-36-52.jpg\",\"width\":390,\"height\":219,\"caption\":\"Ephedrine Powder\"},{\"@type\":\"BreadcrumbList\",\"@id\":\"https:\/\/purelabchem.com\/product\/ephedrine-powder\/#breadcrumb\",\"itemListElement\":[{\"@type\":\"ListItem\",\"position\":1,\"name\":\"Home\",\"item\":\"https:\/\/purelabchem.com\/\"},{\"@type\":\"ListItem\",\"position\":2,\"name\":\"Ephedrine Powder\"}]},{\"@type\":\"WebSite\",\"@id\":\"https:\/\/purelabchem.com\/#website\",\"url\":\"https:\/\/purelabchem.com\/\",\"name\":\"Pure Lab Research Chem\",\"description\":\"Best Online Store To Buy Top Quality Research Chemicals\",\"potentialAction\":[{\"@type\":\"SearchAction\",\"target\":{\"@type\":\"EntryPoint\",\"urlTemplate\":\"https:\/\/purelabchem.com\/?s={search_term_string}\"},\"query-input\":{\"@type\":\"PropertyValueSpecification\",\"valueRequired\":true,\"valueName\":\"search_term_string\"}}],\"inLanguage\":\"cs\"}]}<\/script>\n<!-- \/ Yoast SEO Premium plugin. -->","yoast_head_json":{"title":"Buy Ephedrine Powder - Best place to buy Ephedrine powder online","description":"Koupit efedrinov\u00fd pr\u00e1\u0161ek online levn\u011b. Nab\u00edz\u00edme nejkonkurenceschopn\u011bj\u0161\u00ed ceny online a vysoce kvalitn\u00ed efedrinov\u00fd pr\u00e1\u0161ek. Rychl\u00e9 a diskr\u00e9tn\u00ed dod\u00e1vky po cel\u00e9m sv\u011bt\u011b!","robots":{"index":"index","follow":"follow","max-snippet":"max-snippet:-1","max-image-preview":"max-image-preview:large","max-video-preview":"max-video-preview:-1"},"canonical":"https:\/\/purelabchem.com\/cz\/product\/efedrinovy-prasek\/","og_locale":"cs_CZ","og_type":"article","og_title":"Ephedrine Powder","og_description":"Buy Ephedrine Powder Online cheap. We offer the most competitive prices online and high grade Ephedrine powder. Fast and discreet deliveries worldwide!","og_url":"https:\/\/purelabchem.com\/cz\/product\/efedrinovy-prasek\/","og_site_name":"Pure Lab Research Chem","article_modified_time":"2025-08-03T09:54:14+00:00","og_image":[{"width":390,"height":219,"url":"https:\/\/purelabchem.com\/wp-content\/uploads\/2023\/08\/photo_2023-08-02_08-36-52.jpg","type":"image\/jpeg"}],"twitter_card":"summary_large_image","twitter_misc":{"Odhadovan\u00e1 doba \u010dten\u00ed":"4 minuty"},"schema":{"@context":"https:\/\/schema.org","@graph":[{"@type":"WebPage","@id":"https:\/\/purelabchem.com\/product\/ephedrine-powder\/","url":"https:\/\/purelabchem.com\/product\/ephedrine-powder\/","name":"Buy Ephedrine Powder - Best place to buy Ephedrine powder online","isPartOf":{"@id":"https:\/\/purelabchem.com\/#website"},"primaryImageOfPage":{"@id":"https:\/\/purelabchem.com\/product\/ephedrine-powder\/#primaryimage"},"image":{"@id":"https:\/\/purelabchem.com\/product\/ephedrine-powder\/#primaryimage"},"thumbnailUrl":"https:\/\/purelabchem.com\/wp-content\/uploads\/2023\/08\/photo_2023-08-02_08-36-52.jpg","datePublished":"2023-08-02T07:41:11+00:00","dateModified":"2025-08-03T09:54:14+00:00","description":"Koupit efedrinov\u00fd pr\u00e1\u0161ek online levn\u011b. Nab\u00edz\u00edme nejkonkurenceschopn\u011bj\u0161\u00ed ceny online a vysoce kvalitn\u00ed efedrinov\u00fd pr\u00e1\u0161ek. Rychl\u00e9 a diskr\u00e9tn\u00ed dod\u00e1vky po cel\u00e9m sv\u011bt\u011b!","breadcrumb":{"@id":"https:\/\/purelabchem.com\/product\/ephedrine-powder\/#breadcrumb"},"inLanguage":"cs","potentialAction":[{"@type":"ReadAction","target":["https:\/\/purelabchem.com\/product\/ephedrine-powder\/"]}]},{"@type":"ImageObject","inLanguage":"cs","@id":"https:\/\/purelabchem.com\/product\/ephedrine-powder\/#primaryimage","url":"https:\/\/purelabchem.com\/wp-content\/uploads\/2023\/08\/photo_2023-08-02_08-36-52.jpg","contentUrl":"https:\/\/purelabchem.com\/wp-content\/uploads\/2023\/08\/photo_2023-08-02_08-36-52.jpg","width":390,"height":219,"caption":"Ephedrine Powder"},{"@type":"BreadcrumbList","@id":"https:\/\/purelabchem.com\/product\/ephedrine-powder\/#breadcrumb","itemListElement":[{"@type":"ListItem","position":1,"name":"Home","item":"https:\/\/purelabchem.com\/"},{"@type":"ListItem","position":2,"name":"Ephedrine Powder"}]},{"@type":"WebSite","@id":"https:\/\/purelabchem.com\/#website","url":"https:\/\/purelabchem.com\/","name":"Pure Lab Research Chem","description":"Nejlep\u0161\u00ed online obchod pro n\u00e1kup vysoce kvalitn\u00edch v\u00fdzkumn\u00fdch chemik\u00e1li\u00ed","potentialAction":[{"@type":"SearchAction","target":{"@type":"EntryPoint","urlTemplate":"https:\/\/purelabchem.com\/?s={search_term_string}"},"query-input":{"@type":"PropertyValueSpecification","valueRequired":true,"valueName":"search_term_string"}}],"inLanguage":"cs"}]}},"_links":{"self":[{"href":"https:\/\/purelabchem.com\/cz\/wp-json\/wp\/v2\/product\/783","targetHints":{"allow":["GET"]}}],"collection":[{"href":"https:\/\/purelabchem.com\/cz\/wp-json\/wp\/v2\/product"}],"about":[{"href":"https:\/\/purelabchem.com\/cz\/wp-json\/wp\/v2\/types\/product"}],"replies":[{"embeddable":true,"href":"https:\/\/purelabchem.com\/cz\/wp-json\/wp\/v2\/comments?post=783"}],"wp:featuredmedia":[{"embeddable":true,"href":"https:\/\/purelabchem.com\/cz\/wp-json\/wp\/v2\/media\/784"}],"wp:attachment":[{"href":"https:\/\/purelabchem.com\/cz\/wp-json\/wp\/v2\/media?parent=783"}],"wp:term":[{"taxonomy":"product_brand","embeddable":true,"href":"https:\/\/purelabchem.com\/cz\/wp-json\/wp\/v2\/product_brand?post=783"},{"taxonomy":"product_cat","embeddable":true,"href":"https:\/\/purelabchem.com\/cz\/wp-json\/wp\/v2\/product_cat?post=783"},{"taxonomy":"product_tag","embeddable":true,"href":"https:\/\/purelabchem.com\/cz\/wp-json\/wp\/v2\/product_tag?post=783"}],"curies":[{"name":"wp","href":"https:\/\/api.w.org\/{rel}","templated":true}]}}