{"id":471,"date":"2023-07-29T16:29:55","date_gmt":"2023-07-29T16:29:55","guid":{"rendered":"https:\/\/purelabchem.com\/?post_type=product&#038;p=471"},"modified":"2025-07-27T19:14:10","modified_gmt":"2025-07-27T19:14:10","slug":"concentrated-ivory-wave-ultra","status":"publish","type":"product","link":"https:\/\/purelabchem.com\/cz\/product\/concentrated-ivory-wave-ultra\/","title":{"rendered":"Koncentrovan\u00e1 vlna slonoviny Ultra"},"content":{"rendered":"<h1><strong>Elevate Your Legal High with Concentrated Ivory Wave Ultra \u2013 Available Online Now!<\/strong><\/h1>\n<p>Ivory Wave Ultra is another fresh bath salt in our expanding assortment of legal highs. It&#8217;s a fresh, concentrated addition to our selection of bath salts. Fans of bath salt from all over the world have been writing rave reviews about it, and for good cause.<br \/>\nOne benefit is that it is a highly concentrated medication that people may easily use by just according to the straightforward instructions on the label. After that, they can add some to the bathwater and take a restorative, renewing bath. Many people have also remarked that it might aid in the removal of old skin cells and promote the development of new ones.<\/p>\n<p>It was created and developed by chemists in a licensed laboratory. Each pack contains only pure bath salts. The bath salts include no GMOs, extenders, fillers, or other additives.<\/p>\n<p>Express Highs has established itself as a reputable supplier of herbal highs, party pills, liquid herbal incense, and herbal incense, to name a few. In this market, we offer more than 200 goods.<\/p>\n<p>Even so, we can guarantee that every item in our store is of the highest calibre and is in a league of its own. Before placing bath salts up for sale, we follow a structured procedure. Each one is put to the test by our quality control team for standards, purity, and safety.<\/p>\n<p><a href=\"https:\/\/purelabchem.com\/cz\/product\/concentrated-ivory-wave-ultra\/\">Concentrated Ivory Wave Ultra for sale online<\/a> is a tried-and-true, highly concentrated product. It can only be taken in small doses to fulfil the requirement. It will last a long time in a pack. But after that, we advise that you keep the product&#8217;s remaining contents in their resealable original packing.<\/p>","protected":false},"excerpt":{"rendered":"<p>Elevate Your Legal High with Concentrated Ivory Wave Ultra \u2013 Available Online Now! Ivory Wave Ultra is another fresh bath salt in our expanding assortment of legal highs. It&#8217;s a fresh, concentrated addition to our selection of bath salts. Fans of bath salt from all over the world have been writing rave reviews about it, [&hellip;]<\/p>","protected":false},"featured_media":472,"comment_status":"open","ping_status":"closed","template":"","meta":[],"product_brand":[],"product_cat":[76],"product_tag":[584,570,553,562,554,571,583,552,569,587,555,557,565,551,561,573,585,576,578,560,582,580,588,591,549,568,550,563,574,581,608,597,603,599,609,596,602,598,594,604,611,606,592,600,589,595,605,610,607,590,601,593,548,572,566,567,564,556,559,579,558,586,577,575],"class_list":{"0":"post-471","1":"product","2":"type-product","3":"status-publish","4":"has-post-thumbnail","6":"product_cat-bath-salts","7":"product_tag-buy-concentrated-ivory-wave-ultra-ankansas","8":"product_tag-buy-concentrated-ivory-wave-ultra-austria","9":"product_tag-buy-concentrated-ivory-wave-ultra-belarus","10":"product_tag-buy-concentrated-ivory-wave-ultra-belguim","11":"product_tag-buy-concentrated-ivory-wave-ultra-berlin","12":"product_tag-buy-concentrated-ivory-wave-ultra-croatia","13":"product_tag-buy-concentrated-ivory-wave-ultra-cyprus","14":"product_tag-buy-concentrated-ivory-wave-ultra-czech","15":"product_tag-buy-concentrated-ivory-wave-ultra-denmark","16":"product_tag-buy-concentrated-ivory-wave-ultra-dublin","17":"product_tag-buy-concentrated-ivory-wave-ultra-estonia","18":"product_tag-buy-concentrated-ivory-wave-ultra-findland","19":"product_tag-buy-concentrated-ivory-wave-ultra-france","20":"product_tag-buy-concentrated-ivory-wave-ultra-germany","21":"product_tag-buy-concentrated-ivory-wave-ultra-greece","22":"product_tag-buy-concentrated-ivory-wave-ultra-hungary","23":"product_tag-buy-concentrated-ivory-wave-ultra-ireland","24":"product_tag-buy-concentrated-ivory-wave-ultra-latvia","25":"product_tag-buy-concentrated-ivory-wave-ultra-lithuania","26":"product_tag-buy-concentrated-ivory-wave-ultra-london","27":"product_tag-buy-concentrated-ivory-wave-ultra-malta","28":"product_tag-buy-concentrated-ivory-wave-ultra-moscow","29":"product_tag-buy-concentrated-ivory-wave-ultra-near-olomouc","30":"product_tag-buy-concentrated-ivory-wave-ultra-near-south-moravian-jihomoravsky","31":"product_tag-buy-concentrated-ivory-wave-ultra-near-zlin","32":"product_tag-buy-concentrated-ivory-wave-ultra-norway","33":"product_tag-buy-concentrated-ivory-wave-ultra-poland","34":"product_tag-buy-concentrated-ivory-wave-ultra-portugal","35":"product_tag-buy-concentrated-ivory-wave-ultra-romania","36":"product_tag-buy-concentrated-ivory-wave-ultra-russia","37":"product_tag-buy-concentrated-ivory-wave-ultra-salts-central-bohemian-stredocesky","38":"product_tag-buy-concentrated-ivory-wave-ultra-salts-hradec-kralove","39":"product_tag-buy-concentrated-ivory-wave-ultra-salts-karlovy-vary","40":"product_tag-buy-concentrated-ivory-wave-ultra-salts-liberec","41":"product_tag-buy-concentrated-ivory-wave-ultra-salts-near-central-bohemian-stredocesky","42":"product_tag-buy-concentrated-ivory-wave-ultra-salts-near-hradec-kralove","43":"product_tag-buy-concentrated-ivory-wave-ultra-salts-near-karlovy-vary","44":"product_tag-buy-concentrated-ivory-wave-ultra-salts-near-liberec","45":"product_tag-buy-concentrated-ivory-wave-ultra-salts-near-pardubice","46":"product_tag-buy-concentrated-ivory-wave-ultra-salts-near-plzen-plzensky","47":"product_tag-buy-concentrated-ivory-wave-ultra-salts-near-prague-praha","48":"product_tag-buy-concentrated-ivory-wave-ultra-salts-near-south-bohemian-jihocesky","49":"product_tag-buy-concentrated-ivory-wave-ultra-salts-near-svysocina","50":"product_tag-buy-concentrated-ivory-wave-ultra-salts-near-usti-nad-labem","51":"product_tag-buy-concentrated-ivory-wave-ultra-salts-olomouc","52":"product_tag-buy-concentrated-ivory-wave-ultra-salts-pardubice","53":"product_tag-buy-concentrated-ivory-wave-ultra-salts-plzen-plzensky","54":"product_tag-buy-concentrated-ivory-wave-ultra-salts-prague-praha","55":"product_tag-buy-concentrated-ivory-wave-ultra-salts-south-bohemian-jihocesky","56":"product_tag-buy-concentrated-ivory-wave-ultra-salts-south-moravian-jihomoravsky","57":"product_tag-buy-concentrated-ivory-wave-ultra-salts-usti-nad-labem","58":"product_tag-buy-concentrated-ivory-wave-ultra-salts-vysocina","59":"product_tag-buy-concentrated-ivory-wave-ultra-salts-zlin","60":"product_tag-buy-concentrated-ivory-wave-ultra-serbia","61":"product_tag-buy-concentrated-ivory-wave-ultra-slovakia","62":"product_tag-buy-concentrated-ivory-wave-ultra-slovenia","63":"product_tag-buy-concentrated-ivory-wave-ultra-spain","64":"product_tag-buy-concentrated-ivory-wave-ultra-sweden","65":"product_tag-buy-concentrated-ivory-wave-ultra-uk","66":"product_tag-buy-concentrated-ivory-wave-ultra-ukrain","67":"product_tag-buy-concentrated-ivory-wave-ultra-us","68":"product_tag-buy-concentrated-ivory-wave-ultra-wales","69":"product_tag-buy-concentrated-ivory-wave-ultra-warsaw","70":"product_tag-buy-concentrated-ivory-wave-ultralatvia","72":"first","73":"instock","74":"shipping-taxable","75":"purchasable","76":"product-type-simple"},"yoast_head":"<!-- This site is optimized with the Yoast SEO Premium plugin v22.5 (Yoast SEO v25.6) - https:\/\/yoast.com\/wordpress\/plugins\/seo\/ -->\n<title>Concentrated Ivory Wave Ultra - Pure Lab Research Chem<\/title>\n<meta name=\"description\" content=\"Elevate Your Legal High with Concentrated Ivory Wave Ultra \u2013 Available Online Now! Ivory Wave Ultra is another fresh bath salt in our expanding assortment Best Online Store To Buy Top Quality Research Chemicals\" \/>\n<meta name=\"robots\" content=\"index, follow, max-snippet:-1, max-image-preview:large, max-video-preview:-1\" \/>\n<link rel=\"canonical\" href=\"https:\/\/purelabchem.com\/cz\/product\/concentrated-ivory-wave-ultra\/\" \/>\n<meta property=\"og:locale\" content=\"cs_CZ\" \/>\n<meta property=\"og:type\" content=\"article\" \/>\n<meta property=\"og:title\" content=\"Concentrated Ivory Wave Ultra\" \/>\n<meta property=\"og:description\" content=\"Elevate Your Legal High with Concentrated Ivory Wave Ultra \u2013 Available Online Now! Ivory Wave Ultra is another fresh bath salt in our expanding assortment Best Online Store To Buy Top Quality Research Chemicals\" \/>\n<meta property=\"og:url\" content=\"https:\/\/purelabchem.com\/cz\/product\/concentrated-ivory-wave-ultra\/\" \/>\n<meta property=\"og:site_name\" content=\"Pure Lab Research Chem\" \/>\n<meta property=\"article:modified_time\" content=\"2025-07-27T19:14:10+00:00\" \/>\n<meta property=\"og:image\" content=\"https:\/\/purelabchem.com\/wp-content\/uploads\/2023\/07\/photo_2023-07-29_17-29-25.jpg\" \/>\n\t<meta property=\"og:image:width\" content=\"500\" \/>\n\t<meta property=\"og:image:height\" content=\"500\" \/>\n\t<meta property=\"og:image:type\" content=\"image\/jpeg\" \/>\n<meta name=\"twitter:card\" content=\"summary_large_image\" \/>\n<meta name=\"twitter:label1\" content=\"Odhadovan\u00e1 doba \u010dten\u00ed\" \/>\n\t<meta name=\"twitter:data1\" content=\"2 minuty\" \/>\n<script type=\"application\/ld+json\" class=\"yoast-schema-graph\">{\"@context\":\"https:\/\/schema.org\",\"@graph\":[{\"@type\":\"WebPage\",\"@id\":\"https:\/\/purelabchem.com\/product\/concentrated-ivory-wave-ultra\/\",\"url\":\"https:\/\/purelabchem.com\/product\/concentrated-ivory-wave-ultra\/\",\"name\":\"Concentrated Ivory Wave Ultra - Pure Lab Research Chem\",\"isPartOf\":{\"@id\":\"https:\/\/purelabchem.com\/#website\"},\"primaryImageOfPage\":{\"@id\":\"https:\/\/purelabchem.com\/product\/concentrated-ivory-wave-ultra\/#primaryimage\"},\"image\":{\"@id\":\"https:\/\/purelabchem.com\/product\/concentrated-ivory-wave-ultra\/#primaryimage\"},\"thumbnailUrl\":\"https:\/\/purelabchem.com\/wp-content\/uploads\/2023\/07\/photo_2023-07-29_17-29-25.jpg\",\"datePublished\":\"2023-07-29T16:29:55+00:00\",\"dateModified\":\"2025-07-27T19:14:10+00:00\",\"description\":\"Elevate Your Legal High with Concentrated Ivory Wave Ultra \u2013 Available Online Now! Ivory Wave Ultra is another fresh bath salt in our expanding assortment Best Online Store To Buy Top Quality Research Chemicals\",\"breadcrumb\":{\"@id\":\"https:\/\/purelabchem.com\/product\/concentrated-ivory-wave-ultra\/#breadcrumb\"},\"inLanguage\":\"cs\",\"potentialAction\":[{\"@type\":\"ReadAction\",\"target\":[\"https:\/\/purelabchem.com\/product\/concentrated-ivory-wave-ultra\/\"]}]},{\"@type\":\"ImageObject\",\"inLanguage\":\"cs\",\"@id\":\"https:\/\/purelabchem.com\/product\/concentrated-ivory-wave-ultra\/#primaryimage\",\"url\":\"https:\/\/purelabchem.com\/wp-content\/uploads\/2023\/07\/photo_2023-07-29_17-29-25.jpg\",\"contentUrl\":\"https:\/\/purelabchem.com\/wp-content\/uploads\/2023\/07\/photo_2023-07-29_17-29-25.jpg\",\"width\":500,\"height\":500,\"caption\":\"Concentrated Ivory Wave Ultra\"},{\"@type\":\"BreadcrumbList\",\"@id\":\"https:\/\/purelabchem.com\/product\/concentrated-ivory-wave-ultra\/#breadcrumb\",\"itemListElement\":[{\"@type\":\"ListItem\",\"position\":1,\"name\":\"Home\",\"item\":\"https:\/\/purelabchem.com\/\"},{\"@type\":\"ListItem\",\"position\":2,\"name\":\"Concentrated Ivory Wave Ultra\"}]},{\"@type\":\"WebSite\",\"@id\":\"https:\/\/purelabchem.com\/#website\",\"url\":\"https:\/\/purelabchem.com\/\",\"name\":\"Pure Lab Research Chem\",\"description\":\"Best Online Store To Buy Top Quality Research Chemicals\",\"potentialAction\":[{\"@type\":\"SearchAction\",\"target\":{\"@type\":\"EntryPoint\",\"urlTemplate\":\"https:\/\/purelabchem.com\/?s={search_term_string}\"},\"query-input\":{\"@type\":\"PropertyValueSpecification\",\"valueRequired\":true,\"valueName\":\"search_term_string\"}}],\"inLanguage\":\"cs\"}]}<\/script>\n<!-- \/ Yoast SEO Premium plugin. -->","yoast_head_json":{"title":"Concentrated Ivory Wave Ultra - Pure Lab Research Chem","description":"Elevate Your Legal High with Concentrated Ivory Wave Ultra \u2013 Available Online Now! Ivory Wave Ultra is another fresh bath salt in our expanding assortment Best Online Store To Buy Top Quality Research Chemicals","robots":{"index":"index","follow":"follow","max-snippet":"max-snippet:-1","max-image-preview":"max-image-preview:large","max-video-preview":"max-video-preview:-1"},"canonical":"https:\/\/purelabchem.com\/cz\/product\/concentrated-ivory-wave-ultra\/","og_locale":"cs_CZ","og_type":"article","og_title":"Concentrated Ivory Wave Ultra","og_description":"Elevate Your Legal High with Concentrated Ivory Wave Ultra \u2013 Available Online Now! Ivory Wave Ultra is another fresh bath salt in our expanding assortment Best Online Store To Buy Top Quality Research Chemicals","og_url":"https:\/\/purelabchem.com\/cz\/product\/concentrated-ivory-wave-ultra\/","og_site_name":"Pure Lab Research Chem","article_modified_time":"2025-07-27T19:14:10+00:00","og_image":[{"width":500,"height":500,"url":"https:\/\/purelabchem.com\/wp-content\/uploads\/2023\/07\/photo_2023-07-29_17-29-25.jpg","type":"image\/jpeg"}],"twitter_card":"summary_large_image","twitter_misc":{"Odhadovan\u00e1 doba \u010dten\u00ed":"2 minuty"},"schema":{"@context":"https:\/\/schema.org","@graph":[{"@type":"WebPage","@id":"https:\/\/purelabchem.com\/product\/concentrated-ivory-wave-ultra\/","url":"https:\/\/purelabchem.com\/product\/concentrated-ivory-wave-ultra\/","name":"Concentrated Ivory Wave Ultra - Pure Lab Research Chem","isPartOf":{"@id":"https:\/\/purelabchem.com\/#website"},"primaryImageOfPage":{"@id":"https:\/\/purelabchem.com\/product\/concentrated-ivory-wave-ultra\/#primaryimage"},"image":{"@id":"https:\/\/purelabchem.com\/product\/concentrated-ivory-wave-ultra\/#primaryimage"},"thumbnailUrl":"https:\/\/purelabchem.com\/wp-content\/uploads\/2023\/07\/photo_2023-07-29_17-29-25.jpg","datePublished":"2023-07-29T16:29:55+00:00","dateModified":"2025-07-27T19:14:10+00:00","description":"Elevate Your Legal High with Concentrated Ivory Wave Ultra \u2013 Available Online Now! Ivory Wave Ultra is another fresh bath salt in our expanding assortment Best Online Store To Buy Top Quality Research Chemicals","breadcrumb":{"@id":"https:\/\/purelabchem.com\/product\/concentrated-ivory-wave-ultra\/#breadcrumb"},"inLanguage":"cs","potentialAction":[{"@type":"ReadAction","target":["https:\/\/purelabchem.com\/product\/concentrated-ivory-wave-ultra\/"]}]},{"@type":"ImageObject","inLanguage":"cs","@id":"https:\/\/purelabchem.com\/product\/concentrated-ivory-wave-ultra\/#primaryimage","url":"https:\/\/purelabchem.com\/wp-content\/uploads\/2023\/07\/photo_2023-07-29_17-29-25.jpg","contentUrl":"https:\/\/purelabchem.com\/wp-content\/uploads\/2023\/07\/photo_2023-07-29_17-29-25.jpg","width":500,"height":500,"caption":"Concentrated Ivory Wave Ultra"},{"@type":"BreadcrumbList","@id":"https:\/\/purelabchem.com\/product\/concentrated-ivory-wave-ultra\/#breadcrumb","itemListElement":[{"@type":"ListItem","position":1,"name":"Home","item":"https:\/\/purelabchem.com\/"},{"@type":"ListItem","position":2,"name":"Concentrated Ivory Wave Ultra"}]},{"@type":"WebSite","@id":"https:\/\/purelabchem.com\/#website","url":"https:\/\/purelabchem.com\/","name":"Pure Lab Research Chem","description":"Nejlep\u0161\u00ed online obchod pro n\u00e1kup vysoce kvalitn\u00edch v\u00fdzkumn\u00fdch chemik\u00e1li\u00ed","potentialAction":[{"@type":"SearchAction","target":{"@type":"EntryPoint","urlTemplate":"https:\/\/purelabchem.com\/?s={search_term_string}"},"query-input":{"@type":"PropertyValueSpecification","valueRequired":true,"valueName":"search_term_string"}}],"inLanguage":"cs"}]}},"_links":{"self":[{"href":"https:\/\/purelabchem.com\/cz\/wp-json\/wp\/v2\/product\/471","targetHints":{"allow":["GET"]}}],"collection":[{"href":"https:\/\/purelabchem.com\/cz\/wp-json\/wp\/v2\/product"}],"about":[{"href":"https:\/\/purelabchem.com\/cz\/wp-json\/wp\/v2\/types\/product"}],"replies":[{"embeddable":true,"href":"https:\/\/purelabchem.com\/cz\/wp-json\/wp\/v2\/comments?post=471"}],"wp:featuredmedia":[{"embeddable":true,"href":"https:\/\/purelabchem.com\/cz\/wp-json\/wp\/v2\/media\/472"}],"wp:attachment":[{"href":"https:\/\/purelabchem.com\/cz\/wp-json\/wp\/v2\/media?parent=471"}],"wp:term":[{"taxonomy":"product_brand","embeddable":true,"href":"https:\/\/purelabchem.com\/cz\/wp-json\/wp\/v2\/product_brand?post=471"},{"taxonomy":"product_cat","embeddable":true,"href":"https:\/\/purelabchem.com\/cz\/wp-json\/wp\/v2\/product_cat?post=471"},{"taxonomy":"product_tag","embeddable":true,"href":"https:\/\/purelabchem.com\/cz\/wp-json\/wp\/v2\/product_tag?post=471"}],"curies":[{"name":"wp","href":"https:\/\/api.w.org\/{rel}","templated":true}]}}