{"id":398,"date":"2023-07-29T15:39:05","date_gmt":"2023-07-29T15:39:05","guid":{"rendered":"https:\/\/purelabchem.com\/?post_type=product&#038;p=398"},"modified":"2024-04-19T20:36:54","modified_gmt":"2024-04-19T20:36:54","slug":"ketamine-powder","status":"publish","type":"product","link":"https:\/\/purelabchem.com\/cz\/product\/ketamine-powder\/","title":{"rendered":"Ketaminov\u00fd pr\u00e1\u0161ek"},"content":{"rendered":"<h1><strong>Buy Ketamine Powder Online &#8211; Order Research Chem Online<\/strong><\/h1>\n<p>Patients with bipolar issues who have not responded to antidepressants have been sufficiently treated by Ketamine. In persons with significant depressive turmoil, it forms a snappy stimulant effect. Most importantly acting within two hours instead of a few weeks, compared to ordinary antidepressants. Its hydrochloride salt is sold as Ketanest, Ketaset, and Ketalar. Regardless, without agonist development and to sigma receptors in rats. Also, ketamine chips in with muscarinic receptors, plunging monoaminergic torment pathways and voltage-gated calcium.<\/p>","protected":false},"excerpt":{"rendered":"<p>Buy Ketamine Powder Online &#8211; Order Research Chem Online Patients with bipolar issues who have not responded to antidepressants have been sufficiently treated by Ketamine. In persons with significant depressive turmoil, it forms a snappy stimulant effect. Most importantly acting within two hours instead of a few weeks, compared to ordinary antidepressants. Its hydrochloride salt [&#8230;]\n","protected":false},"featured_media":399,"comment_status":"open","ping_status":"closed","template":"","meta":{"_joinchat":[]},"product_brand":[],"product_cat":[65],"product_tag":[],"class_list":{"0":"post-398","1":"product","2":"type-product","3":"status-publish","4":"has-post-thumbnail","6":"product_cat-psychedelics","8":"first","9":"instock","10":"featured","11":"shipping-taxable","12":"purchasable","13":"product-type-simple"},"yoast_head":"<!-- This site is optimized with the Yoast SEO Premium plugin v22.5 (Yoast SEO v27.4) - https:\/\/yoast.com\/product\/yoast-seo-premium-wordpress\/ -->\n<title>Ketamine powder - Pure Lab Research Chem<\/title>\n<meta name=\"description\" content=\"Buy Ketamine Powder Online - Order Research Chem Online Patients with bipolar issues who have not responded to antidepressants have been sufficiently Best Online Store To Buy Top Quality Research Chemicals\" \/>\n<meta name=\"robots\" content=\"index, follow, max-snippet:-1, max-image-preview:large, max-video-preview:-1\" \/>\n<link rel=\"canonical\" href=\"https:\/\/purelabchem.com\/cz\/product\/ketamine-powder\/\" \/>\n<meta property=\"og:locale\" content=\"cs_CZ\" \/>\n<meta property=\"og:type\" content=\"article\" \/>\n<meta property=\"og:title\" content=\"Ketamine powder\" \/>\n<meta property=\"og:description\" content=\"Buy Ketamine Powder Online - Order Research Chem Online Patients with bipolar issues who have not responded to antidepressants have been sufficiently Best Online Store To Buy Top Quality Research Chemicals\" \/>\n<meta property=\"og:url\" content=\"https:\/\/purelabchem.com\/cz\/product\/ketamine-powder\/\" \/>\n<meta property=\"og:site_name\" content=\"Pure Lab Research Chem\" \/>\n<meta property=\"article:modified_time\" content=\"2024-04-19T20:36:54+00:00\" \/>\n<meta property=\"og:image\" content=\"https:\/\/purelabchem.com\/wp-content\/uploads\/2023\/07\/photo_2023-07-29_16-38-05.jpg\" \/>\n\t<meta property=\"og:image:width\" content=\"960\" \/>\n\t<meta property=\"og:image:height\" content=\"1162\" \/>\n\t<meta property=\"og:image:type\" content=\"image\/jpeg\" \/>\n<meta name=\"twitter:card\" content=\"summary_large_image\" \/>\n<script type=\"application\/ld+json\" class=\"yoast-schema-graph\">{\"@context\":\"https:\\\/\\\/schema.org\",\"@graph\":[{\"@type\":\"WebPage\",\"@id\":\"https:\\\/\\\/purelabchem.com\\\/product\\\/ketamine-powder\\\/\",\"url\":\"https:\\\/\\\/purelabchem.com\\\/product\\\/ketamine-powder\\\/\",\"name\":\"Ketamine powder - Pure Lab Research Chem\",\"isPartOf\":{\"@id\":\"https:\\\/\\\/purelabchem.com\\\/#website\"},\"primaryImageOfPage\":{\"@id\":\"https:\\\/\\\/purelabchem.com\\\/product\\\/ketamine-powder\\\/#primaryimage\"},\"image\":{\"@id\":\"https:\\\/\\\/purelabchem.com\\\/product\\\/ketamine-powder\\\/#primaryimage\"},\"thumbnailUrl\":\"https:\\\/\\\/purelabchem.com\\\/wp-content\\\/uploads\\\/2023\\\/07\\\/photo_2023-07-29_16-38-05.jpg\",\"datePublished\":\"2023-07-29T15:39:05+00:00\",\"dateModified\":\"2024-04-19T20:36:54+00:00\",\"description\":\"Buy Ketamine Powder Online - Order Research Chem Online Patients with bipolar issues who have not responded to antidepressants have been sufficiently Best Online Store To Buy Top Quality Research Chemicals\",\"breadcrumb\":{\"@id\":\"https:\\\/\\\/purelabchem.com\\\/product\\\/ketamine-powder\\\/#breadcrumb\"},\"inLanguage\":\"cs\",\"potentialAction\":[{\"@type\":\"ReadAction\",\"target\":[\"https:\\\/\\\/purelabchem.com\\\/product\\\/ketamine-powder\\\/\"]}]},{\"@type\":\"ImageObject\",\"inLanguage\":\"cs\",\"@id\":\"https:\\\/\\\/purelabchem.com\\\/product\\\/ketamine-powder\\\/#primaryimage\",\"url\":\"https:\\\/\\\/purelabchem.com\\\/wp-content\\\/uploads\\\/2023\\\/07\\\/photo_2023-07-29_16-38-05.jpg\",\"contentUrl\":\"https:\\\/\\\/purelabchem.com\\\/wp-content\\\/uploads\\\/2023\\\/07\\\/photo_2023-07-29_16-38-05.jpg\",\"width\":960,\"height\":1162,\"caption\":\"Ketamine powder\"},{\"@type\":\"BreadcrumbList\",\"@id\":\"https:\\\/\\\/purelabchem.com\\\/product\\\/ketamine-powder\\\/#breadcrumb\",\"itemListElement\":[{\"@type\":\"ListItem\",\"position\":1,\"name\":\"Home\",\"item\":\"https:\\\/\\\/purelabchem.com\\\/\"},{\"@type\":\"ListItem\",\"position\":2,\"name\":\"Shop\",\"item\":\"https:\\\/\\\/purelabchem.com\\\/shop\\\/\"},{\"@type\":\"ListItem\",\"position\":3,\"name\":\"Ketamine powder\"}]},{\"@type\":\"WebSite\",\"@id\":\"https:\\\/\\\/purelabchem.com\\\/#website\",\"url\":\"https:\\\/\\\/purelabchem.com\\\/\",\"name\":\"Pure Lab Research Chem\",\"description\":\"Best Online Store To Buy Top Quality Research Chemicals\",\"potentialAction\":[{\"@type\":\"SearchAction\",\"target\":{\"@type\":\"EntryPoint\",\"urlTemplate\":\"https:\\\/\\\/purelabchem.com\\\/?s={search_term_string}\"},\"query-input\":{\"@type\":\"PropertyValueSpecification\",\"valueRequired\":true,\"valueName\":\"search_term_string\"}}],\"inLanguage\":\"cs\"}]}<\/script>\n<!-- \/ Yoast SEO Premium plugin. -->","yoast_head_json":{"title":"Ketamine powder - Pure Lab Research Chem","description":"Buy Ketamine Powder Online - Order Research Chem Online Patients with bipolar issues who have not responded to antidepressants have been sufficiently Best Online Store To Buy Top Quality Research Chemicals","robots":{"index":"index","follow":"follow","max-snippet":"max-snippet:-1","max-image-preview":"max-image-preview:large","max-video-preview":"max-video-preview:-1"},"canonical":"https:\/\/purelabchem.com\/cz\/product\/ketamine-powder\/","og_locale":"cs_CZ","og_type":"article","og_title":"Ketamine powder","og_description":"Buy Ketamine Powder Online - Order Research Chem Online Patients with bipolar issues who have not responded to antidepressants have been sufficiently Best Online Store To Buy Top Quality Research Chemicals","og_url":"https:\/\/purelabchem.com\/cz\/product\/ketamine-powder\/","og_site_name":"Pure Lab Research Chem","article_modified_time":"2024-04-19T20:36:54+00:00","og_image":[{"width":960,"height":1162,"url":"https:\/\/purelabchem.com\/wp-content\/uploads\/2023\/07\/photo_2023-07-29_16-38-05.jpg","type":"image\/jpeg"}],"twitter_card":"summary_large_image","schema":{"@context":"https:\/\/schema.org","@graph":[{"@type":"WebPage","@id":"https:\/\/purelabchem.com\/product\/ketamine-powder\/","url":"https:\/\/purelabchem.com\/product\/ketamine-powder\/","name":"Ketamine powder - Pure Lab Research Chem","isPartOf":{"@id":"https:\/\/purelabchem.com\/#website"},"primaryImageOfPage":{"@id":"https:\/\/purelabchem.com\/product\/ketamine-powder\/#primaryimage"},"image":{"@id":"https:\/\/purelabchem.com\/product\/ketamine-powder\/#primaryimage"},"thumbnailUrl":"https:\/\/purelabchem.com\/wp-content\/uploads\/2023\/07\/photo_2023-07-29_16-38-05.jpg","datePublished":"2023-07-29T15:39:05+00:00","dateModified":"2024-04-19T20:36:54+00:00","description":"Buy Ketamine Powder Online - Order Research Chem Online Patients with bipolar issues who have not responded to antidepressants have been sufficiently Best Online Store To Buy Top Quality Research Chemicals","breadcrumb":{"@id":"https:\/\/purelabchem.com\/product\/ketamine-powder\/#breadcrumb"},"inLanguage":"cs","potentialAction":[{"@type":"ReadAction","target":["https:\/\/purelabchem.com\/product\/ketamine-powder\/"]}]},{"@type":"ImageObject","inLanguage":"cs","@id":"https:\/\/purelabchem.com\/product\/ketamine-powder\/#primaryimage","url":"https:\/\/purelabchem.com\/wp-content\/uploads\/2023\/07\/photo_2023-07-29_16-38-05.jpg","contentUrl":"https:\/\/purelabchem.com\/wp-content\/uploads\/2023\/07\/photo_2023-07-29_16-38-05.jpg","width":960,"height":1162,"caption":"Ketamine powder"},{"@type":"BreadcrumbList","@id":"https:\/\/purelabchem.com\/product\/ketamine-powder\/#breadcrumb","itemListElement":[{"@type":"ListItem","position":1,"name":"Home","item":"https:\/\/purelabchem.com\/"},{"@type":"ListItem","position":2,"name":"Shop","item":"https:\/\/purelabchem.com\/shop\/"},{"@type":"ListItem","position":3,"name":"Ketamine powder"}]},{"@type":"WebSite","@id":"https:\/\/purelabchem.com\/#website","url":"https:\/\/purelabchem.com\/","name":"Pure Lab Research Chem","description":"Nejlep\u0161\u00ed online obchod pro n\u00e1kup vysoce kvalitn\u00edch v\u00fdzkumn\u00fdch chemik\u00e1li\u00ed","potentialAction":[{"@type":"SearchAction","target":{"@type":"EntryPoint","urlTemplate":"https:\/\/purelabchem.com\/?s={search_term_string}"},"query-input":{"@type":"PropertyValueSpecification","valueRequired":true,"valueName":"search_term_string"}}],"inLanguage":"cs"}]}},"_links":{"self":[{"href":"https:\/\/purelabchem.com\/cz\/wp-json\/wp\/v2\/product\/398","targetHints":{"allow":["GET"]}}],"collection":[{"href":"https:\/\/purelabchem.com\/cz\/wp-json\/wp\/v2\/product"}],"about":[{"href":"https:\/\/purelabchem.com\/cz\/wp-json\/wp\/v2\/types\/product"}],"replies":[{"embeddable":true,"href":"https:\/\/purelabchem.com\/cz\/wp-json\/wp\/v2\/comments?post=398"}],"wp:featuredmedia":[{"embeddable":true,"href":"https:\/\/purelabchem.com\/cz\/wp-json\/wp\/v2\/media\/399"}],"wp:attachment":[{"href":"https:\/\/purelabchem.com\/cz\/wp-json\/wp\/v2\/media?parent=398"}],"wp:term":[{"taxonomy":"product_brand","embeddable":true,"href":"https:\/\/purelabchem.com\/cz\/wp-json\/wp\/v2\/product_brand?post=398"},{"taxonomy":"product_cat","embeddable":true,"href":"https:\/\/purelabchem.com\/cz\/wp-json\/wp\/v2\/product_cat?post=398"},{"taxonomy":"product_tag","embeddable":true,"href":"https:\/\/purelabchem.com\/cz\/wp-json\/wp\/v2\/product_tag?post=398"}],"curies":[{"name":"wp","href":"https:\/\/api.w.org\/{rel}","templated":true}]}}