{"id":38,"date":"2023-07-29T07:02:14","date_gmt":"2023-07-29T07:02:14","guid":{"rendered":"https:\/\/purelabchem.com\/?post_type=product&#038;p=38"},"modified":"2023-10-17T23:55:07","modified_gmt":"2023-10-17T23:55:07","slug":"5fur-144","status":"publish","type":"product","link":"https:\/\/purelabchem.com\/cz\/product\/5fur-144\/","title":{"rendered":"5FUR-144"},"content":{"rendered":"<h1><strong>Shop Premium 5FUR-144 Online<\/strong><\/h1>\n<p>5-fluoro-UR-144) is a drug that acts as a potent agonist for the cannabinoid receptors CB1 and CB2 with EC50 values of 98 nM and 83 nM, respectively.<br \/>\nIt is a 3-(tetramethylcyclopropylmethanoyl)indole derivative related to compounds such as UR-144, A-796,260 and A-834,735, but it is not specifically listed in the patent or scientific literature alongside these other similar compounds, and appears to have not previously been made by Abbott Laboratories, despite falling within the claims of patent WO 2006\/069196. XLR-11 was found to produce rapid, short-lived hypothermic effects in rats at doses of 3 mg\/kg and 10 mg\/kg, suggesting that it is of comparable potency to APICA and STS-135.<br \/>\nDetection<br \/>\nA forensic standard for this compound is available, and a representative mass spectrum has been posted on Forendex.<br \/>\nSide effects<br \/>\nXLR-11 has been linked to hospitalizations due to its use.<br \/>\nRecreational use<br \/>\nXLR-11 was instead first identified by laboratories in 2012 as an ingredient in synthetic cannabis smoking blends, and appears to be a novel compound invented specifically for grey-market recreational use.<br \/>\nChemical and physical data<br \/>\nFormula:\u00a0C21H28FNO (https:\/\/en.wikipedia.org\/wiki\/List_of_designer_drugs)<br \/>\nMolar mass: 329.459 g\u00b7mol?1<\/p>","protected":false},"excerpt":{"rendered":"<p>Shop Premium 5FUR-144 Online 5-fluoro-UR-144) is a drug that acts as a potent agonist for the cannabinoid receptors CB1 and CB2 with EC50 values of 98 nM and 83 nM, respectively. It is a 3-(tetramethylcyclopropylmethanoyl)indole derivative related to compounds such as UR-144, A-796,260 and A-834,735, but it is not specifically listed in the patent or [&hellip;]<\/p>","protected":false},"featured_media":39,"comment_status":"open","ping_status":"closed","template":"","meta":[],"product_brand":[],"product_cat":[64],"product_tag":[],"class_list":{"0":"post-38","1":"product","2":"type-product","3":"status-publish","4":"has-post-thumbnail","6":"product_cat-research-chemicals","8":"first","9":"instock","10":"shipping-taxable","11":"purchasable","12":"product-type-variable"},"yoast_head":"<!-- This site is optimized with the Yoast SEO Premium plugin v22.5 (Yoast SEO v25.6) - https:\/\/yoast.com\/wordpress\/plugins\/seo\/ -->\n<title>5FUR-144 - Pure Lab Research Chem<\/title>\n<meta name=\"description\" content=\"Shop Premium 5FUR-144 Online 5-fluoro-UR-144) is a drug that acts as a potent agonist for the cannabinoid receptors CB1 and CB2 with EC50 values of 98 nM Best Online Store To Buy Top Quality Research Chemicals\" \/>\n<meta name=\"robots\" content=\"index, follow, max-snippet:-1, max-image-preview:large, max-video-preview:-1\" \/>\n<link rel=\"canonical\" href=\"https:\/\/purelabchem.com\/cz\/product\/5fur-144\/\" \/>\n<meta property=\"og:locale\" content=\"cs_CZ\" \/>\n<meta property=\"og:type\" content=\"article\" \/>\n<meta property=\"og:title\" content=\"5FUR-144\" \/>\n<meta property=\"og:description\" content=\"Shop Premium 5FUR-144 Online 5-fluoro-UR-144) is a drug that acts as a potent agonist for the cannabinoid receptors CB1 and CB2 with EC50 values of 98 nM Best Online Store To Buy Top Quality Research Chemicals\" \/>\n<meta property=\"og:url\" content=\"https:\/\/purelabchem.com\/cz\/product\/5fur-144\/\" \/>\n<meta property=\"og:site_name\" content=\"Pure Lab Research Chem\" \/>\n<meta property=\"article:modified_time\" content=\"2023-10-17T23:55:07+00:00\" \/>\n<meta property=\"og:image\" content=\"https:\/\/purelabchem.com\/wp-content\/uploads\/2023\/07\/photo_2023-07-29_08-01-54.jpg\" \/>\n\t<meta property=\"og:image:width\" content=\"600\" \/>\n\t<meta property=\"og:image:height\" content=\"600\" \/>\n\t<meta property=\"og:image:type\" content=\"image\/jpeg\" \/>\n<meta name=\"twitter:card\" content=\"summary_large_image\" \/>\n<meta name=\"twitter:label1\" content=\"Odhadovan\u00e1 doba \u010dten\u00ed\" \/>\n\t<meta name=\"twitter:data1\" content=\"1 minuta\" \/>\n<script type=\"application\/ld+json\" class=\"yoast-schema-graph\">{\"@context\":\"https:\/\/schema.org\",\"@graph\":[{\"@type\":\"WebPage\",\"@id\":\"https:\/\/purelabchem.com\/product\/5fur-144\/\",\"url\":\"https:\/\/purelabchem.com\/product\/5fur-144\/\",\"name\":\"5FUR-144 - Pure Lab Research Chem\",\"isPartOf\":{\"@id\":\"https:\/\/purelabchem.com\/#website\"},\"primaryImageOfPage\":{\"@id\":\"https:\/\/purelabchem.com\/product\/5fur-144\/#primaryimage\"},\"image\":{\"@id\":\"https:\/\/purelabchem.com\/product\/5fur-144\/#primaryimage\"},\"thumbnailUrl\":\"https:\/\/purelabchem.com\/wp-content\/uploads\/2023\/07\/photo_2023-07-29_08-01-54.jpg\",\"datePublished\":\"2023-07-29T07:02:14+00:00\",\"dateModified\":\"2023-10-17T23:55:07+00:00\",\"description\":\"Shop Premium 5FUR-144 Online 5-fluoro-UR-144) is a drug that acts as a potent agonist for the cannabinoid receptors CB1 and CB2 with EC50 values of 98 nM Best Online Store To Buy Top Quality Research Chemicals\",\"breadcrumb\":{\"@id\":\"https:\/\/purelabchem.com\/product\/5fur-144\/#breadcrumb\"},\"inLanguage\":\"cs\",\"potentialAction\":[{\"@type\":\"ReadAction\",\"target\":[\"https:\/\/purelabchem.com\/product\/5fur-144\/\"]}]},{\"@type\":\"ImageObject\",\"inLanguage\":\"cs\",\"@id\":\"https:\/\/purelabchem.com\/product\/5fur-144\/#primaryimage\",\"url\":\"https:\/\/purelabchem.com\/wp-content\/uploads\/2023\/07\/photo_2023-07-29_08-01-54.jpg\",\"contentUrl\":\"https:\/\/purelabchem.com\/wp-content\/uploads\/2023\/07\/photo_2023-07-29_08-01-54.jpg\",\"width\":600,\"height\":600,\"caption\":\"5FUR-144\"},{\"@type\":\"BreadcrumbList\",\"@id\":\"https:\/\/purelabchem.com\/product\/5fur-144\/#breadcrumb\",\"itemListElement\":[{\"@type\":\"ListItem\",\"position\":1,\"name\":\"Home\",\"item\":\"https:\/\/purelabchem.com\/\"},{\"@type\":\"ListItem\",\"position\":2,\"name\":\"5FUR-144\"}]},{\"@type\":\"WebSite\",\"@id\":\"https:\/\/purelabchem.com\/#website\",\"url\":\"https:\/\/purelabchem.com\/\",\"name\":\"Pure Lab Research Chem\",\"description\":\"Best Online Store To Buy Top Quality Research Chemicals\",\"potentialAction\":[{\"@type\":\"SearchAction\",\"target\":{\"@type\":\"EntryPoint\",\"urlTemplate\":\"https:\/\/purelabchem.com\/?s={search_term_string}\"},\"query-input\":{\"@type\":\"PropertyValueSpecification\",\"valueRequired\":true,\"valueName\":\"search_term_string\"}}],\"inLanguage\":\"cs\"}]}<\/script>\n<!-- \/ Yoast SEO Premium plugin. -->","yoast_head_json":{"title":"5FUR-144 - Pure Lab Research Chem","description":"Shop Premium 5FUR-144 Online 5-fluoro-UR-144) is a drug that acts as a potent agonist for the cannabinoid receptors CB1 and CB2 with EC50 values of 98 nM Best Online Store To Buy Top Quality Research Chemicals","robots":{"index":"index","follow":"follow","max-snippet":"max-snippet:-1","max-image-preview":"max-image-preview:large","max-video-preview":"max-video-preview:-1"},"canonical":"https:\/\/purelabchem.com\/cz\/product\/5fur-144\/","og_locale":"cs_CZ","og_type":"article","og_title":"5FUR-144","og_description":"Shop Premium 5FUR-144 Online 5-fluoro-UR-144) is a drug that acts as a potent agonist for the cannabinoid receptors CB1 and CB2 with EC50 values of 98 nM Best Online Store To Buy Top Quality Research Chemicals","og_url":"https:\/\/purelabchem.com\/cz\/product\/5fur-144\/","og_site_name":"Pure Lab Research Chem","article_modified_time":"2023-10-17T23:55:07+00:00","og_image":[{"width":600,"height":600,"url":"https:\/\/purelabchem.com\/wp-content\/uploads\/2023\/07\/photo_2023-07-29_08-01-54.jpg","type":"image\/jpeg"}],"twitter_card":"summary_large_image","twitter_misc":{"Odhadovan\u00e1 doba \u010dten\u00ed":"1 minuta"},"schema":{"@context":"https:\/\/schema.org","@graph":[{"@type":"WebPage","@id":"https:\/\/purelabchem.com\/product\/5fur-144\/","url":"https:\/\/purelabchem.com\/product\/5fur-144\/","name":"5FUR-144 - Pure Lab Research Chem","isPartOf":{"@id":"https:\/\/purelabchem.com\/#website"},"primaryImageOfPage":{"@id":"https:\/\/purelabchem.com\/product\/5fur-144\/#primaryimage"},"image":{"@id":"https:\/\/purelabchem.com\/product\/5fur-144\/#primaryimage"},"thumbnailUrl":"https:\/\/purelabchem.com\/wp-content\/uploads\/2023\/07\/photo_2023-07-29_08-01-54.jpg","datePublished":"2023-07-29T07:02:14+00:00","dateModified":"2023-10-17T23:55:07+00:00","description":"Shop Premium 5FUR-144 Online 5-fluoro-UR-144) is a drug that acts as a potent agonist for the cannabinoid receptors CB1 and CB2 with EC50 values of 98 nM Best Online Store To Buy Top Quality Research Chemicals","breadcrumb":{"@id":"https:\/\/purelabchem.com\/product\/5fur-144\/#breadcrumb"},"inLanguage":"cs","potentialAction":[{"@type":"ReadAction","target":["https:\/\/purelabchem.com\/product\/5fur-144\/"]}]},{"@type":"ImageObject","inLanguage":"cs","@id":"https:\/\/purelabchem.com\/product\/5fur-144\/#primaryimage","url":"https:\/\/purelabchem.com\/wp-content\/uploads\/2023\/07\/photo_2023-07-29_08-01-54.jpg","contentUrl":"https:\/\/purelabchem.com\/wp-content\/uploads\/2023\/07\/photo_2023-07-29_08-01-54.jpg","width":600,"height":600,"caption":"5FUR-144"},{"@type":"BreadcrumbList","@id":"https:\/\/purelabchem.com\/product\/5fur-144\/#breadcrumb","itemListElement":[{"@type":"ListItem","position":1,"name":"Home","item":"https:\/\/purelabchem.com\/"},{"@type":"ListItem","position":2,"name":"5FUR-144"}]},{"@type":"WebSite","@id":"https:\/\/purelabchem.com\/#website","url":"https:\/\/purelabchem.com\/","name":"Pure Lab Research Chem","description":"Nejlep\u0161\u00ed online obchod pro n\u00e1kup vysoce kvalitn\u00edch v\u00fdzkumn\u00fdch chemik\u00e1li\u00ed","potentialAction":[{"@type":"SearchAction","target":{"@type":"EntryPoint","urlTemplate":"https:\/\/purelabchem.com\/?s={search_term_string}"},"query-input":{"@type":"PropertyValueSpecification","valueRequired":true,"valueName":"search_term_string"}}],"inLanguage":"cs"}]}},"_links":{"self":[{"href":"https:\/\/purelabchem.com\/cz\/wp-json\/wp\/v2\/product\/38","targetHints":{"allow":["GET"]}}],"collection":[{"href":"https:\/\/purelabchem.com\/cz\/wp-json\/wp\/v2\/product"}],"about":[{"href":"https:\/\/purelabchem.com\/cz\/wp-json\/wp\/v2\/types\/product"}],"replies":[{"embeddable":true,"href":"https:\/\/purelabchem.com\/cz\/wp-json\/wp\/v2\/comments?post=38"}],"wp:featuredmedia":[{"embeddable":true,"href":"https:\/\/purelabchem.com\/cz\/wp-json\/wp\/v2\/media\/39"}],"wp:attachment":[{"href":"https:\/\/purelabchem.com\/cz\/wp-json\/wp\/v2\/media?parent=38"}],"wp:term":[{"taxonomy":"product_brand","embeddable":true,"href":"https:\/\/purelabchem.com\/cz\/wp-json\/wp\/v2\/product_brand?post=38"},{"taxonomy":"product_cat","embeddable":true,"href":"https:\/\/purelabchem.com\/cz\/wp-json\/wp\/v2\/product_cat?post=38"},{"taxonomy":"product_tag","embeddable":true,"href":"https:\/\/purelabchem.com\/cz\/wp-json\/wp\/v2\/product_tag?post=38"}],"curies":[{"name":"wp","href":"https:\/\/api.w.org\/{rel}","templated":true}]}}