{"id":27,"date":"2023-07-29T06:58:36","date_gmt":"2023-07-29T06:58:36","guid":{"rendered":"https:\/\/purelabchem.com\/?post_type=product&#038;p=27"},"modified":"2023-10-18T00:08:44","modified_gmt":"2023-10-18T00:08:44","slug":"2c-p","status":"publish","type":"product","link":"https:\/\/purelabchem.com\/cz\/product\/2c-p\/","title":{"rendered":"2C-P"},"content":{"rendered":"<h1><strong>2C-P Powder For Sale Online &#8211; Order Premium Research Chemicals!<\/strong><\/h1>\n<p>A series of 2,5-dimethoxy phenethylamines, collectively referred to as 2Cs, have psychoactive effects. The most effective 2C compounds are substituted at the 4 position of the aromatic ring; many are scheduled as illegal substances.\u00a02C-P is described formally as 2,5-dimethoxy-4-propylphenethylamine and is structurally analogous to the psychedelic drug 2C-B. The physiological and toxicological properties of this compound are not known. LC-MS\/MS screening methods for this designer drug have been developed. This product is intended for forensic and research purposes.<\/p>","protected":false},"excerpt":{"rendered":"<p>2C-P Powder For Sale Online &#8211; Order Premium Research Chemicals! A series of 2,5-dimethoxy phenethylamines, collectively referred to as 2Cs, have psychoactive effects. The most effective 2C compounds are substituted at the 4 position of the aromatic ring; many are scheduled as illegal substances.\u00a02C-P is described formally as 2,5-dimethoxy-4-propylphenethylamine and is structurally analogous to the [&#8230;]\n","protected":false},"featured_media":28,"comment_status":"open","ping_status":"closed","template":"","meta":{"_joinchat":[]},"product_brand":[],"product_cat":[64],"product_tag":[],"class_list":{"0":"post-27","1":"product","2":"type-product","3":"status-publish","4":"has-post-thumbnail","6":"product_cat-research-chemicals","8":"first","9":"instock","10":"shipping-taxable","11":"purchasable","12":"product-type-variable"},"yoast_head":"<!-- This site is optimized with the Yoast SEO Premium plugin v22.5 (Yoast SEO v27.4) - https:\/\/yoast.com\/product\/yoast-seo-premium-wordpress\/ -->\n<title>2C-P - Pure Lab Research Chem<\/title>\n<meta name=\"description\" content=\"2C-P Powder For Sale Online - Order Premium Research Chemicals! A series of 2,5-dimethoxy phenethylamines, collectively referred to as 2Cs, have Best Online Store To Buy Top Quality Research Chemicals\" \/>\n<meta name=\"robots\" content=\"index, follow, max-snippet:-1, max-image-preview:large, max-video-preview:-1\" \/>\n<link rel=\"canonical\" href=\"https:\/\/purelabchem.com\/cz\/product\/2c-p\/\" \/>\n<meta property=\"og:locale\" content=\"cs_CZ\" \/>\n<meta property=\"og:type\" content=\"article\" \/>\n<meta property=\"og:title\" content=\"2C-P\" \/>\n<meta property=\"og:description\" content=\"2C-P Powder For Sale Online - Order Premium Research Chemicals! A series of 2,5-dimethoxy phenethylamines, collectively referred to as 2Cs, have Best Online Store To Buy Top Quality Research Chemicals\" \/>\n<meta property=\"og:url\" content=\"https:\/\/purelabchem.com\/cz\/product\/2c-p\/\" \/>\n<meta property=\"og:site_name\" content=\"Pure Lab Research Chem\" \/>\n<meta property=\"article:modified_time\" content=\"2023-10-18T00:08:44+00:00\" \/>\n<meta property=\"og:image\" content=\"https:\/\/purelabchem.com\/wp-content\/uploads\/2023\/07\/photo_2023-07-29_07-58-06.jpg\" \/>\n\t<meta property=\"og:image:width\" content=\"480\" \/>\n\t<meta property=\"og:image:height\" content=\"320\" \/>\n\t<meta property=\"og:image:type\" content=\"image\/jpeg\" \/>\n<meta name=\"twitter:card\" content=\"summary_large_image\" \/>\n<script type=\"application\/ld+json\" class=\"yoast-schema-graph\">{\"@context\":\"https:\\\/\\\/schema.org\",\"@graph\":[{\"@type\":\"WebPage\",\"@id\":\"https:\\\/\\\/purelabchem.com\\\/product\\\/2c-p\\\/\",\"url\":\"https:\\\/\\\/purelabchem.com\\\/product\\\/2c-p\\\/\",\"name\":\"2C-P - Pure Lab Research Chem\",\"isPartOf\":{\"@id\":\"https:\\\/\\\/purelabchem.com\\\/#website\"},\"primaryImageOfPage\":{\"@id\":\"https:\\\/\\\/purelabchem.com\\\/product\\\/2c-p\\\/#primaryimage\"},\"image\":{\"@id\":\"https:\\\/\\\/purelabchem.com\\\/product\\\/2c-p\\\/#primaryimage\"},\"thumbnailUrl\":\"https:\\\/\\\/purelabchem.com\\\/wp-content\\\/uploads\\\/2023\\\/07\\\/photo_2023-07-29_07-58-06.jpg\",\"datePublished\":\"2023-07-29T06:58:36+00:00\",\"dateModified\":\"2023-10-18T00:08:44+00:00\",\"description\":\"2C-P Powder For Sale Online - Order Premium Research Chemicals! A series of 2,5-dimethoxy phenethylamines, collectively referred to as 2Cs, have Best Online Store To Buy Top Quality Research Chemicals\",\"breadcrumb\":{\"@id\":\"https:\\\/\\\/purelabchem.com\\\/product\\\/2c-p\\\/#breadcrumb\"},\"inLanguage\":\"cs\",\"potentialAction\":[{\"@type\":\"ReadAction\",\"target\":[\"https:\\\/\\\/purelabchem.com\\\/product\\\/2c-p\\\/\"]}]},{\"@type\":\"ImageObject\",\"inLanguage\":\"cs\",\"@id\":\"https:\\\/\\\/purelabchem.com\\\/product\\\/2c-p\\\/#primaryimage\",\"url\":\"https:\\\/\\\/purelabchem.com\\\/wp-content\\\/uploads\\\/2023\\\/07\\\/photo_2023-07-29_07-58-06.jpg\",\"contentUrl\":\"https:\\\/\\\/purelabchem.com\\\/wp-content\\\/uploads\\\/2023\\\/07\\\/photo_2023-07-29_07-58-06.jpg\",\"width\":480,\"height\":320,\"caption\":\"2C-P\"},{\"@type\":\"BreadcrumbList\",\"@id\":\"https:\\\/\\\/purelabchem.com\\\/product\\\/2c-p\\\/#breadcrumb\",\"itemListElement\":[{\"@type\":\"ListItem\",\"position\":1,\"name\":\"Home\",\"item\":\"https:\\\/\\\/purelabchem.com\\\/\"},{\"@type\":\"ListItem\",\"position\":2,\"name\":\"Shop\",\"item\":\"https:\\\/\\\/purelabchem.com\\\/shop\\\/\"},{\"@type\":\"ListItem\",\"position\":3,\"name\":\"2C-P\"}]},{\"@type\":\"WebSite\",\"@id\":\"https:\\\/\\\/purelabchem.com\\\/#website\",\"url\":\"https:\\\/\\\/purelabchem.com\\\/\",\"name\":\"Pure Lab Research Chem\",\"description\":\"Best Online Store To Buy Top Quality Research Chemicals\",\"potentialAction\":[{\"@type\":\"SearchAction\",\"target\":{\"@type\":\"EntryPoint\",\"urlTemplate\":\"https:\\\/\\\/purelabchem.com\\\/?s={search_term_string}\"},\"query-input\":{\"@type\":\"PropertyValueSpecification\",\"valueRequired\":true,\"valueName\":\"search_term_string\"}}],\"inLanguage\":\"cs\"}]}<\/script>\n<!-- \/ Yoast SEO Premium plugin. -->","yoast_head_json":{"title":"2C-P - Pure Lab Research Chem","description":"2C-P Powder For Sale Online - Order Premium Research Chemicals! A series of 2,5-dimethoxy phenethylamines, collectively referred to as 2Cs, have Best Online Store To Buy Top Quality Research Chemicals","robots":{"index":"index","follow":"follow","max-snippet":"max-snippet:-1","max-image-preview":"max-image-preview:large","max-video-preview":"max-video-preview:-1"},"canonical":"https:\/\/purelabchem.com\/cz\/product\/2c-p\/","og_locale":"cs_CZ","og_type":"article","og_title":"2C-P","og_description":"2C-P Powder For Sale Online - Order Premium Research Chemicals! A series of 2,5-dimethoxy phenethylamines, collectively referred to as 2Cs, have Best Online Store To Buy Top Quality Research Chemicals","og_url":"https:\/\/purelabchem.com\/cz\/product\/2c-p\/","og_site_name":"Pure Lab Research Chem","article_modified_time":"2023-10-18T00:08:44+00:00","og_image":[{"width":480,"height":320,"url":"https:\/\/purelabchem.com\/wp-content\/uploads\/2023\/07\/photo_2023-07-29_07-58-06.jpg","type":"image\/jpeg"}],"twitter_card":"summary_large_image","schema":{"@context":"https:\/\/schema.org","@graph":[{"@type":"WebPage","@id":"https:\/\/purelabchem.com\/product\/2c-p\/","url":"https:\/\/purelabchem.com\/product\/2c-p\/","name":"2C-P - Pure Lab Research Chem","isPartOf":{"@id":"https:\/\/purelabchem.com\/#website"},"primaryImageOfPage":{"@id":"https:\/\/purelabchem.com\/product\/2c-p\/#primaryimage"},"image":{"@id":"https:\/\/purelabchem.com\/product\/2c-p\/#primaryimage"},"thumbnailUrl":"https:\/\/purelabchem.com\/wp-content\/uploads\/2023\/07\/photo_2023-07-29_07-58-06.jpg","datePublished":"2023-07-29T06:58:36+00:00","dateModified":"2023-10-18T00:08:44+00:00","description":"2C-P Powder For Sale Online - Order Premium Research Chemicals! A series of 2,5-dimethoxy phenethylamines, collectively referred to as 2Cs, have Best Online Store To Buy Top Quality Research Chemicals","breadcrumb":{"@id":"https:\/\/purelabchem.com\/product\/2c-p\/#breadcrumb"},"inLanguage":"cs","potentialAction":[{"@type":"ReadAction","target":["https:\/\/purelabchem.com\/product\/2c-p\/"]}]},{"@type":"ImageObject","inLanguage":"cs","@id":"https:\/\/purelabchem.com\/product\/2c-p\/#primaryimage","url":"https:\/\/purelabchem.com\/wp-content\/uploads\/2023\/07\/photo_2023-07-29_07-58-06.jpg","contentUrl":"https:\/\/purelabchem.com\/wp-content\/uploads\/2023\/07\/photo_2023-07-29_07-58-06.jpg","width":480,"height":320,"caption":"2C-P"},{"@type":"BreadcrumbList","@id":"https:\/\/purelabchem.com\/product\/2c-p\/#breadcrumb","itemListElement":[{"@type":"ListItem","position":1,"name":"Home","item":"https:\/\/purelabchem.com\/"},{"@type":"ListItem","position":2,"name":"Shop","item":"https:\/\/purelabchem.com\/shop\/"},{"@type":"ListItem","position":3,"name":"2C-P"}]},{"@type":"WebSite","@id":"https:\/\/purelabchem.com\/#website","url":"https:\/\/purelabchem.com\/","name":"Pure Lab Research Chem","description":"Nejlep\u0161\u00ed online obchod pro n\u00e1kup vysoce kvalitn\u00edch v\u00fdzkumn\u00fdch chemik\u00e1li\u00ed","potentialAction":[{"@type":"SearchAction","target":{"@type":"EntryPoint","urlTemplate":"https:\/\/purelabchem.com\/?s={search_term_string}"},"query-input":{"@type":"PropertyValueSpecification","valueRequired":true,"valueName":"search_term_string"}}],"inLanguage":"cs"}]}},"_links":{"self":[{"href":"https:\/\/purelabchem.com\/cz\/wp-json\/wp\/v2\/product\/27","targetHints":{"allow":["GET"]}}],"collection":[{"href":"https:\/\/purelabchem.com\/cz\/wp-json\/wp\/v2\/product"}],"about":[{"href":"https:\/\/purelabchem.com\/cz\/wp-json\/wp\/v2\/types\/product"}],"replies":[{"embeddable":true,"href":"https:\/\/purelabchem.com\/cz\/wp-json\/wp\/v2\/comments?post=27"}],"wp:featuredmedia":[{"embeddable":true,"href":"https:\/\/purelabchem.com\/cz\/wp-json\/wp\/v2\/media\/28"}],"wp:attachment":[{"href":"https:\/\/purelabchem.com\/cz\/wp-json\/wp\/v2\/media?parent=27"}],"wp:term":[{"taxonomy":"product_brand","embeddable":true,"href":"https:\/\/purelabchem.com\/cz\/wp-json\/wp\/v2\/product_brand?post=27"},{"taxonomy":"product_cat","embeddable":true,"href":"https:\/\/purelabchem.com\/cz\/wp-json\/wp\/v2\/product_cat?post=27"},{"taxonomy":"product_tag","embeddable":true,"href":"https:\/\/purelabchem.com\/cz\/wp-json\/wp\/v2\/product_tag?post=27"}],"curies":[{"name":"wp","href":"https:\/\/api.w.org\/{rel}","templated":true}]}}