{"id":575,"date":"2013-08-06T20:13:19","date_gmt":"2013-08-06T20:13:19","guid":{"rendered":"http:\/\/localhost:8888\/test\/?page_id=17"},"modified":"2023-08-29T16:42:52","modified_gmt":"2023-08-29T16:42:52","slug":"home","status":"publish","type":"page","link":"https:\/\/purelabchem.com\/cz\/","title":{"rendered":"Home"},"content":{"rendered":"[ux_slider]\n\n[ux_banner height=&#8221;600px&#8221; height__sm=&#8221;100%&#8221; bg=&#8221;750&#8243; bg_size=&#8221;original&#8221; bg_overlay=&#8221;rgba(0,0,0,.5)&#8221; bg_pos=&#8221;58% 63%&#8221;]\n\n[text_box width=&#8221;100&#8243; width__sm=&#8221;100&#8243; animate=&#8221;flipInY&#8221; position_x=&#8221;50&#8243; position_y=&#8221;50&#8243;]\n\n<h3 class=\"alt-font\"><strong>V\u00edtejte v...<\/strong><\/h3>\n[divider margin=&#8221;3px&#8221;]\n\n<h2 class=\"h-large uppercase\"><span style=\"font-size: 160%;\"><strong>\u010cist\u00e1 laborato\u0159 <\/strong><\/span><\/h2>\n<h2 class=\"h-large uppercase\"><span style=\"font-size: 160%;\"><strong>v\u00fdzkumn\u00e9 chemik\u00e1lie<\/strong><\/span><\/h2>\n<h5 class=\"uppercase\">M\u00e1me skladem nej\u010dist\u0161\u00ed a nejvz\u00e1cn\u011bj\u0161\u00ed v\u00fdzkumn\u00e9 chemik\u00e1lie, kokain, koupelov\u00e9 soli a psychedelika.<\/h5>\n[divider]\n\n[button text=&#8221;PSYCHEDELICS&#8221; color=&#8221;white&#8221; style=&#8221;outline&#8221; link=&#8221;https:\/\/purelabchem.com\/product-category\/psychedelics\/&#8221;]\n\n[button text=&#8221;RESEARCH CHEMICALS&#8221; color=&#8221;white&#8221; style=&#8221;outline&#8221; link=&#8221;https:\/\/purelabchem.com\/product-category\/research-chemicals\/&#8221;]\n\n[button text=&#8221;COCAINE&#8221; color=&#8221;white&#8221; style=&#8221;outline&#8221; link=&#8221;https:\/\/purelabchem.com\/product-category\/cocaine\/&#8221;]\n\n\n[\/text_box]\n\n[\/ux_banner]\n\n[\/ux_slider]\n[row]\n\n[col span=&#8221;4&#8243; span__sm=&#8221;12&#8243;]\n\n[ux_banner height=&#8221;151px&#8221; bg_color=&#8221;rgb(0,0,0)&#8221; link=&#8221;blog&#8221;]\n\n[text_box position_x=&#8221;50&#8243; position_y=&#8221;50&#8243;]\n\n<h2><strong><span class=\"uppercase\">N\u00e1\u0161 OBCHOD<\/span><\/strong><\/h2>\n[divider]\n\n\n[\/text_box]\n\n[\/ux_banner]\n\n[\/col]\n[col span=&#8221;4&#8243; span__sm=&#8221;12&#8243;]\n\n[ux_banner height=&#8221;150px&#8221; bg_color=&#8221;rgb(0,0,0)&#8221; link=&#8221;http:\/\/localhost:8888\/test\/blog\/&#8221;]\n\n[text_box position_x=&#8221;50&#8243; position_y=&#8221;50&#8243;]\n\n<h2><span style=\"text-transform: uppercase;\"><b>KONTAKTUJTE N\u00c1S<\/b><\/span><\/h2>\n[divider]\n\n\n[\/text_box]\n\n[\/ux_banner]\n\n[\/col]\n[col span=&#8221;4&#8243; span__sm=&#8221;12&#8243;]\n\n[ux_banner height=&#8221;160px&#8221; bg_color=&#8221;rgb(0,0,0)&#8221; link=&#8221;about-us&#8221;]\n\n[text_box position_x=&#8221;50&#8243; position_y=&#8221;50&#8243;]\n\n<h2><strong><span class=\"uppercase\">O N\u00c1S<\/span><\/strong><\/h2>\n[divider]\n\n\n[\/text_box]\n\n[\/ux_banner]\n\n[\/col]\n\n[\/row]\n[title style=&#8221;center&#8221; text=&#8221;weekly featured products&#8221;]\n\n[ux_products columns=&#8221;5&#8243; equalize_box=&#8221;true&#8221; products=&#8221;5&#8243; show=&#8221;featured&#8221;]\n\n[title style=&#8221;center&#8221; text=&#8221;Best Selling Products&#8221; size=&#8221;undefined&#8221;]\n\n[ux_products type=&#8221;row&#8221; columns=&#8221;5&#8243; equalize_box=&#8221;true&#8221; products=&#8221;15&#8243; orderby=&#8221;sales&#8221;]\n\n[title style=&#8221;center&#8221; text=&#8221;Browse our categories&#8221;]\n\n[ux_product_categories number=&#8221;20&#8243;]\n\n[gap height=&#8221;40px&#8221;]\n\n[row col_style=&#8221;divided&#8221;]\n\n[col span=&#8221;4&#8243;]\n\n[featured_box img=&#8221;494&#8243; img_width=&#8221;46&#8243; pos=&#8221;center&#8221; title=&#8221;Free Shipping on all orders&#8221; margin=&#8221;0px 0px 0px 0px&#8221; icon_border=&#8221;2&#8243; icon_color=&#8221;rgb(182, 182, 182)&#8221;]\n\n<p>Expresn\u00ed doru\u010den\u00ed do 24 hodin $44<br>Dod\u00e1n\u00ed do 3 dn\u016f $30<br>V r\u00e1mci USA<br>Expresn\u00ed doru\u010den\u00ed do 2 dn\u016f Evropa $55<br>Dod\u00e1n\u00ed do 5 dn\u016f Evropa $35<\/p>\n\n[\/featured_box]\n\n[\/col]\n[col span=&#8221;4&#8243;]\n\n[featured_box img=&#8221;494&#8243; img_width=&#8221;46&#8243; pos=&#8221;center&#8221; title=&#8221;Amazing customer service&#8221; margin=&#8221;0px 0px 0px 0px&#8221; icon_border=&#8221;2&#8243; icon_color=&#8221;rgb(182, 182, 182)&#8221;]\n\n<p>Z\u00edskejte dopravu zdarma na v\u0161echny objedn\u00e1vky nad $450 a bezplatn\u00e9 vr\u00e1cen\u00ed do na\u0161eho centra pro vr\u00e1cen\u00ed zbo\u017e\u00ed ve Velk\u00e9 Brit\u00e1nii! Zbo\u017e\u00ed je odes\u00edl\u00e1no z USA.<\/p>\n\n[\/featured_box]\n\n[\/col]\n[col span=&#8221;4&#8243;]\n\n\n[\/col]\n\n[\/row]\n[gap]\n\n[title style=&#8221;center&#8221; text=&#8221;what our clients say about us&#8221;]\n\n[row v_align=&#8221;equal&#8221; padding=&#8221;30px 30px 30px 30px&#8221; depth=&#8221;2&#8243; depth_hover=&#8221;5&#8243;]\n\n[col span=&#8221;4&#8243; span__sm=&#8221;12&#8243;]\n\n[testimonial image=&#8221;9147&#8243; image_width=&#8221;121&#8243; pos=&#8221;center&#8221; name=&#8221;Mark Jance&#8221;]\n\n<p>Toto je ide\u00e1ln\u00ed internetov\u00fd obchod s v\u00fdzkumn\u00fdmi chemik\u00e1liemi. Z\u00e1kaznick\u00fd servis je \u0161pi\u010dkov\u00fd a bezprobl\u00e9mov\u00fd. 100% doporu\u010dujeme.<\/p>\n\n[\/testimonial]\n\n[\/col]\n[col span=&#8221;4&#8243; span__sm=&#8221;12&#8243;]\n\n[testimonial image=&#8221;9149&#8243; image_width=&#8221;121&#8243; pos=&#8221;center&#8221; name=&#8221;Larry Phil&#8221;]\n\n<div class=\"e-box h-p2 -stacked -radius-none\">\n<p class=\"t-body h-my1\">Tento obchod je \u00fa\u017easn\u00fd, se\u017eenete v n\u011bm doslova ka\u017edou chemik\u00e1lii! Tento obchod m\u011bn\u00ed pravidla hry na trhu s chemik\u00e1liemi. Tolik dobr\u00fdch zku\u0161enost\u00ed z tohoto, D\u00cdKY!<\/p>\n<\/div>\n\n[\/testimonial]\n\n[\/col]\n[col span=&#8221;4&#8243; span__sm=&#8221;12&#8243;]\n\n[testimonial image=&#8221;9150&#8243; image_width=&#8221;121&#8243; pos=&#8221;center&#8221; name=&#8221;Gerry Wild&#8221;]\n\n<p>Porod byl t\u00e9m\u011b\u0159 instatn\u00ed. Dostal jsem sv\u00e9 v\u00fdrobky v dobr\u00e9m stavu a ur\u010dit\u011b budu m\u00edt dal\u0161\u00ed v prav\u00fd \u010das.<\/p>\n\n[\/testimonial]\n\n[\/col]\n\n[\/row]\n[gap height=&#8221;40px&#8221;]","protected":false},"excerpt":{"rendered":"","protected":false},"author":1,"featured_media":494,"parent":0,"menu_order":1,"comment_status":"closed","ping_status":"closed","template":"page-blank.php","meta":{"_joinchat":[],"footnotes":""},"class_list":["post-575","page","type-page","status-publish","has-post-thumbnail","hentry"],"yoast_head":"<!-- This site is optimized with the Yoast SEO Premium plugin v22.5 (Yoast SEO v25.6) - https:\/\/yoast.com\/wordpress\/plugins\/seo\/ -->\n<title>Home - Pure Lab Research Chem<\/title>\n<meta name=\"robots\" content=\"index, follow, max-snippet:-1, max-image-preview:large, max-video-preview:-1\" \/>\n<link rel=\"canonical\" href=\"https:\/\/purelabchem.com\/cz\/\" \/>\n<meta property=\"og:locale\" content=\"cs_CZ\" \/>\n<meta property=\"og:type\" content=\"article\" \/>\n<meta property=\"og:title\" content=\"Home\" \/>\n<meta property=\"og:url\" content=\"https:\/\/purelabchem.com\/cz\/\" \/>\n<meta property=\"og:site_name\" content=\"Pure Lab Research Chem\" \/>\n<meta property=\"article:modified_time\" content=\"2023-08-29T16:42:52+00:00\" \/>\n<meta property=\"og:image\" content=\"https:\/\/purelabchem.com\/wp-content\/uploads\/2016\/08\/dummy-1.jpg\" \/>\n\t<meta property=\"og:image:width\" content=\"400\" \/>\n\t<meta property=\"og:image:height\" content=\"260\" \/>\n\t<meta property=\"og:image:type\" content=\"image\/jpeg\" \/>\n<meta name=\"twitter:card\" content=\"summary_large_image\" \/>\n<meta name=\"twitter:label1\" content=\"Odhadovan\u00e1 doba \u010dten\u00ed\" \/>\n\t<meta name=\"twitter:data1\" content=\"2 minuty\" \/>\n<script type=\"application\/ld+json\" class=\"yoast-schema-graph\">{\"@context\":\"https:\/\/schema.org\",\"@graph\":[{\"@type\":\"WebPage\",\"@id\":\"https:\/\/purelabchem.com\/\",\"url\":\"https:\/\/purelabchem.com\/\",\"name\":\"Home - Pure Lab Research Chem\",\"isPartOf\":{\"@id\":\"https:\/\/purelabchem.com\/#website\"},\"primaryImageOfPage\":{\"@id\":\"https:\/\/purelabchem.com\/#primaryimage\"},\"image\":{\"@id\":\"https:\/\/purelabchem.com\/#primaryimage\"},\"thumbnailUrl\":\"https:\/\/purelabchem.com\/wp-content\/uploads\/2016\/08\/dummy-1.jpg\",\"datePublished\":\"2013-08-06T20:13:19+00:00\",\"dateModified\":\"2023-08-29T16:42:52+00:00\",\"breadcrumb\":{\"@id\":\"https:\/\/purelabchem.com\/#breadcrumb\"},\"inLanguage\":\"cs\",\"potentialAction\":[{\"@type\":\"ReadAction\",\"target\":[\"https:\/\/purelabchem.com\/\"]}]},{\"@type\":\"ImageObject\",\"inLanguage\":\"cs\",\"@id\":\"https:\/\/purelabchem.com\/#primaryimage\",\"url\":\"https:\/\/purelabchem.com\/wp-content\/uploads\/2016\/08\/dummy-1.jpg\",\"contentUrl\":\"https:\/\/purelabchem.com\/wp-content\/uploads\/2016\/08\/dummy-1.jpg\",\"width\":400,\"height\":260},{\"@type\":\"BreadcrumbList\",\"@id\":\"https:\/\/purelabchem.com\/#breadcrumb\",\"itemListElement\":[{\"@type\":\"ListItem\",\"position\":1,\"name\":\"Home\",\"item\":\"https:\/\/purelabchem.com\/\"},{\"@type\":\"ListItem\",\"position\":2,\"name\":\"Home\"}]},{\"@type\":\"WebSite\",\"@id\":\"https:\/\/purelabchem.com\/#website\",\"url\":\"https:\/\/purelabchem.com\/\",\"name\":\"Pure Lab Research Chem\",\"description\":\"Best Online Store To Buy Top Quality Research Chemicals\",\"potentialAction\":[{\"@type\":\"SearchAction\",\"target\":{\"@type\":\"EntryPoint\",\"urlTemplate\":\"https:\/\/purelabchem.com\/?s={search_term_string}\"},\"query-input\":{\"@type\":\"PropertyValueSpecification\",\"valueRequired\":true,\"valueName\":\"search_term_string\"}}],\"inLanguage\":\"cs\"}]}<\/script>\n<!-- \/ Yoast SEO Premium plugin. -->","yoast_head_json":{"title":"Dom\u016f - Pure Lab Research Chem","robots":{"index":"index","follow":"follow","max-snippet":"max-snippet:-1","max-image-preview":"max-image-preview:large","max-video-preview":"max-video-preview:-1"},"canonical":"https:\/\/purelabchem.com\/cz\/","og_locale":"cs_CZ","og_type":"article","og_title":"Home","og_url":"https:\/\/purelabchem.com\/cz\/","og_site_name":"Pure Lab Research Chem","article_modified_time":"2023-08-29T16:42:52+00:00","og_image":[{"width":400,"height":260,"url":"https:\/\/purelabchem.com\/wp-content\/uploads\/2016\/08\/dummy-1.jpg","type":"image\/jpeg"}],"twitter_card":"summary_large_image","twitter_misc":{"Odhadovan\u00e1 doba \u010dten\u00ed":"2 minuty"},"schema":{"@context":"https:\/\/schema.org","@graph":[{"@type":"WebPage","@id":"https:\/\/purelabchem.com\/","url":"https:\/\/purelabchem.com\/","name":"Dom\u016f - Pure Lab Research Chem","isPartOf":{"@id":"https:\/\/purelabchem.com\/#website"},"primaryImageOfPage":{"@id":"https:\/\/purelabchem.com\/#primaryimage"},"image":{"@id":"https:\/\/purelabchem.com\/#primaryimage"},"thumbnailUrl":"https:\/\/purelabchem.com\/wp-content\/uploads\/2016\/08\/dummy-1.jpg","datePublished":"2013-08-06T20:13:19+00:00","dateModified":"2023-08-29T16:42:52+00:00","breadcrumb":{"@id":"https:\/\/purelabchem.com\/#breadcrumb"},"inLanguage":"cs","potentialAction":[{"@type":"ReadAction","target":["https:\/\/purelabchem.com\/"]}]},{"@type":"ImageObject","inLanguage":"cs","@id":"https:\/\/purelabchem.com\/#primaryimage","url":"https:\/\/purelabchem.com\/wp-content\/uploads\/2016\/08\/dummy-1.jpg","contentUrl":"https:\/\/purelabchem.com\/wp-content\/uploads\/2016\/08\/dummy-1.jpg","width":400,"height":260},{"@type":"BreadcrumbList","@id":"https:\/\/purelabchem.com\/#breadcrumb","itemListElement":[{"@type":"ListItem","position":1,"name":"Home","item":"https:\/\/purelabchem.com\/"},{"@type":"ListItem","position":2,"name":"Home"}]},{"@type":"WebSite","@id":"https:\/\/purelabchem.com\/#website","url":"https:\/\/purelabchem.com\/","name":"Pure Lab Research Chem","description":"Nejlep\u0161\u00ed online obchod pro n\u00e1kup vysoce kvalitn\u00edch v\u00fdzkumn\u00fdch chemik\u00e1li\u00ed","potentialAction":[{"@type":"SearchAction","target":{"@type":"EntryPoint","urlTemplate":"https:\/\/purelabchem.com\/?s={search_term_string}"},"query-input":{"@type":"PropertyValueSpecification","valueRequired":true,"valueName":"search_term_string"}}],"inLanguage":"cs"}]}},"_links":{"self":[{"href":"https:\/\/purelabchem.com\/cz\/wp-json\/wp\/v2\/pages\/575","targetHints":{"allow":["GET"]}}],"collection":[{"href":"https:\/\/purelabchem.com\/cz\/wp-json\/wp\/v2\/pages"}],"about":[{"href":"https:\/\/purelabchem.com\/cz\/wp-json\/wp\/v2\/types\/page"}],"author":[{"embeddable":true,"href":"https:\/\/purelabchem.com\/cz\/wp-json\/wp\/v2\/users\/1"}],"replies":[{"embeddable":true,"href":"https:\/\/purelabchem.com\/cz\/wp-json\/wp\/v2\/comments?post=575"}],"version-history":[{"count":0,"href":"https:\/\/purelabchem.com\/cz\/wp-json\/wp\/v2\/pages\/575\/revisions"}],"wp:featuredmedia":[{"embeddable":true,"href":"https:\/\/purelabchem.com\/cz\/wp-json\/wp\/v2\/media\/494"}],"wp:attachment":[{"href":"https:\/\/purelabchem.com\/cz\/wp-json\/wp\/v2\/media?parent=575"}],"curies":[{"name":"wp","href":"https:\/\/api.w.org\/{rel}","templated":true}]}}